{"id":11213,"date":"2023-06-28T12:16:36","date_gmt":"2023-06-28T12:16:36","guid":{"rendered":"https:\/\/dev.urbil.es\/producto\/ocioplan-zinema-bazkaria-edo-afariarekin"},"modified":"2026-04-01T11:41:46","modified_gmt":"2026-04-01T11:41:46","slug":"ocioplan","status":"publish","type":"product","link":"https:\/\/dev.urbil.es\/eu\/producto\/ocioplan","title":{"rendered":"OcioPlan: Zinema Bazkaria edo Afariarekin"},"content":{"rendered":"<p><strong>OCIOPLAN: ZINEMARAKO SARRERA + MENUA = 13\u20ac<\/strong><\/p>\n<p>Afaria edo zinema? Eta zergatik aukeratu?<\/p>\n<p>Deskontua duen zure aisialdi-plan osoaz goza ezazu.<\/p>\n<p><strong>OcioPlan-a zinemarako sarrera batez eta gure jatetxeetako bateko menu batez osatutako gure aisialdi-plana da.<\/strong><\/p>\n<p><strong>Zinemarako sarrera eta menua egun berdinean edo egun desberdinetan erabili ditzakezu.<\/strong><\/p>\n","protected":false},"excerpt":{"rendered":"<p>Plan hau ecommerce orri honetan eskuratzen baduzu, kode bat jasoko duzu, plana asteko edozein egunetan Urbileko irekiera-ordutegiaren barruan jasotzeko, merkataritza-guneko moda gunean dagoen Totem interaktiboan, edo Bezeroenganako Arreta Gunean honen ordutegiaren barruan (astelehenetik larunbatera 11:00etatik 14:30era eta 16:30etik 20:30era).<\/p>\n<p>Plana online eskaera egin eta hilabetera iraungiko da.<\/p>\n","protected":false},"featured_media":15744,"comment_status":"closed","ping_status":"closed","template":"","meta":{"_acf_changed":false},"product_brand":[],"product_cat":[125],"product_tag":[],"class_list":{"0":"post-11213","1":"product","2":"type-product","3":"status-publish","4":"has-post-thumbnail","6":"product_cat-planes-con-descuento-eu","8":"first","9":"instock","10":"virtual","11":"purchasable","12":"product-type-simple"},"acf":[],"yoast_head":"<!-- This site is optimized with the Yoast SEO plugin v27.5 - https:\/\/yoast.com\/product\/yoast-seo-wordpress\/ -->\n<title>OcioPlan: Zinema Bazkaria edo Afariarekin eskaintza | Urbil merkataritza-gunea<\/title>\n<meta name=\"description\" content=\"Gozatu gure aisialdi-planez zure lagunekin. OcioPlan-ekin, zinema bazkariarekin edo afariarekin, eskaintzarik onena, Urbil merkataritza-gunean Donostian.\" \/>\n<meta name=\"robots\" content=\"noindex, follow, max-snippet:-1, max-image-preview:large, max-video-preview:-1\" \/>\n<meta property=\"og:locale\" content=\"eu_ES\" \/>\n<meta property=\"og:type\" content=\"article\" \/>\n<meta property=\"og:title\" content=\"OcioPlan: Zinema Bazkaria edo Afariarekin eskaintza | Urbil merkataritza-gunea\" \/>\n<meta property=\"og:description\" content=\"Gozatu gure aisialdi-planez zure lagunekin. OcioPlan-ekin, zinema bazkariarekin edo afariarekin, eskaintzarik onena, Urbil merkataritza-gunean Donostian.\" \/>\n<meta property=\"og:url\" content=\"https:\/\/dev.urbil.es\/eu\/producto\/ocioplan\" \/>\n<meta property=\"og:site_name\" content=\"Centro Comercial en Donostia San Sebasti\u00e1n | Urbil\" \/>\n<meta property=\"article:modified_time\" content=\"2026-04-01T11:41:46+00:00\" \/>\n<meta property=\"og:image\" content=\"https:\/\/dev.urbil.es\/wp-content\/uploads\/2023\/06\/234x360_OCIOPLAN.png\" \/>\n\t<meta property=\"og:image:width\" content=\"234\" \/>\n\t<meta property=\"og:image:height\" content=\"360\" \/>\n\t<meta property=\"og:image:type\" content=\"image\/png\" \/>\n<meta name=\"twitter:card\" content=\"summary_large_image\" \/>\n<meta name=\"twitter:label1\" content=\"Est. reading time\" \/>\n\t<meta name=\"twitter:data1\" content=\"1 minute\" \/>\n<script type=\"application\/ld+json\" class=\"yoast-schema-graph\">{\"@context\":\"https:\\\/\\\/schema.org\",\"@graph\":[{\"@type\":\"WebPage\",\"@id\":\"https:\\\/\\\/dev.urbil.es\\\/eu\\\/producto\\\/ocioplan\",\"url\":\"https:\\\/\\\/dev.urbil.es\\\/eu\\\/producto\\\/ocioplan\",\"name\":\"OcioPlan: Zinema Bazkaria edo Afariarekin eskaintza | Urbil merkataritza-gunea\",\"isPartOf\":{\"@id\":\"https:\\\/\\\/dev.urbil.es\\\/es\\\/#website\"},\"primaryImageOfPage\":{\"@id\":\"https:\\\/\\\/dev.urbil.es\\\/eu\\\/producto\\\/ocioplan#primaryimage\"},\"image\":{\"@id\":\"https:\\\/\\\/dev.urbil.es\\\/eu\\\/producto\\\/ocioplan#primaryimage\"},\"thumbnailUrl\":\"https:\\\/\\\/dev.urbil.es\\\/wp-content\\\/uploads\\\/2023\\\/06\\\/234x360_OCIOPLAN.png\",\"datePublished\":\"2023-06-28T12:16:36+00:00\",\"dateModified\":\"2026-04-01T11:41:46+00:00\",\"description\":\"Gozatu gure aisialdi-planez zure lagunekin. OcioPlan-ekin, zinema bazkariarekin edo afariarekin, eskaintzarik onena, Urbil merkataritza-gunean Donostian.\",\"breadcrumb\":{\"@id\":\"https:\\\/\\\/dev.urbil.es\\\/eu\\\/producto\\\/ocioplan#breadcrumb\"},\"inLanguage\":\"eu-ES\",\"potentialAction\":[{\"@type\":\"ReadAction\",\"target\":[\"https:\\\/\\\/dev.urbil.es\\\/eu\\\/producto\\\/ocioplan\"]}]},{\"@type\":\"ImageObject\",\"inLanguage\":\"eu-ES\",\"@id\":\"https:\\\/\\\/dev.urbil.es\\\/eu\\\/producto\\\/ocioplan#primaryimage\",\"url\":\"https:\\\/\\\/dev.urbil.es\\\/wp-content\\\/uploads\\\/2023\\\/06\\\/234x360_OCIOPLAN.png\",\"contentUrl\":\"https:\\\/\\\/dev.urbil.es\\\/wp-content\\\/uploads\\\/2023\\\/06\\\/234x360_OCIOPLAN.png\",\"width\":234,\"height\":360},{\"@type\":\"BreadcrumbList\",\"@id\":\"https:\\\/\\\/dev.urbil.es\\\/eu\\\/producto\\\/ocioplan#breadcrumb\",\"itemListElement\":[{\"@type\":\"ListItem\",\"position\":1,\"name\":\"Portada\",\"item\":\"https:\\\/\\\/dev.urbil.es\\\/eu\"},{\"@type\":\"ListItem\",\"position\":2,\"name\":\"Productos\",\"item\":\"https:\\\/\\\/dev.urbil.es\\\/es\\\/tienda\"},{\"@type\":\"ListItem\",\"position\":3,\"name\":\"OcioPlan: Zinema Bazkaria edo Afariarekin\"}]},{\"@type\":\"WebSite\",\"@id\":\"https:\\\/\\\/dev.urbil.es\\\/es\\\/#website\",\"url\":\"https:\\\/\\\/dev.urbil.es\\\/es\\\/\",\"name\":\"Centro Comercial en Donostia San Sebasti\u00e1n | Urbil\",\"description\":\"M\u00e1s de 35.000m2 de superficie con una completa oferta comercial en San Sebasti\u00e1n: Hipemercado, Cines, Restaurantes, Ocio, Moda, Belleza, Servicios y Complementos.\",\"publisher\":{\"@id\":\"https:\\\/\\\/dev.urbil.es\\\/es\\\/#organization\"},\"potentialAction\":[{\"@type\":\"SearchAction\",\"target\":{\"@type\":\"EntryPoint\",\"urlTemplate\":\"https:\\\/\\\/dev.urbil.es\\\/es\\\/?s={search_term_string}\"},\"query-input\":{\"@type\":\"PropertyValueSpecification\",\"valueRequired\":true,\"valueName\":\"search_term_string\"}}],\"inLanguage\":\"eu-ES\"},{\"@type\":\"Organization\",\"@id\":\"https:\\\/\\\/dev.urbil.es\\\/es\\\/#organization\",\"name\":\"Centro Comercial en Donostia San Sebasti\u00e1n | Urbil\",\"url\":\"https:\\\/\\\/dev.urbil.es\\\/es\\\/\",\"logo\":{\"@type\":\"ImageObject\",\"inLanguage\":\"eu-ES\",\"@id\":\"https:\\\/\\\/dev.urbil.es\\\/es\\\/#\\\/schema\\\/logo\\\/image\\\/\",\"url\":\"https:\\\/\\\/dev.urbil.es\\\/wp-content\\\/uploads\\\/2023\\\/05\\\/logo_urb.png\",\"contentUrl\":\"https:\\\/\\\/dev.urbil.es\\\/wp-content\\\/uploads\\\/2023\\\/05\\\/logo_urb.png\",\"width\":842,\"height\":596,\"caption\":\"Centro Comercial en Donostia San Sebasti\u00e1n | Urbil\"},\"image\":{\"@id\":\"https:\\\/\\\/dev.urbil.es\\\/es\\\/#\\\/schema\\\/logo\\\/image\\\/\"}}]}<\/script>\n<!-- \/ Yoast SEO plugin. -->","yoast_head_json":{"title":"OcioPlan: Zinema Bazkaria edo Afariarekin eskaintza | Urbil merkataritza-gunea","description":"Gozatu gure aisialdi-planez zure lagunekin. OcioPlan-ekin, zinema bazkariarekin edo afariarekin, eskaintzarik onena, Urbil merkataritza-gunean Donostian.","robots":{"index":"noindex","follow":"follow","max-snippet":"max-snippet:-1","max-image-preview":"max-image-preview:large","max-video-preview":"max-video-preview:-1"},"og_locale":"eu_ES","og_type":"article","og_title":"OcioPlan: Zinema Bazkaria edo Afariarekin eskaintza | Urbil merkataritza-gunea","og_description":"Gozatu gure aisialdi-planez zure lagunekin. OcioPlan-ekin, zinema bazkariarekin edo afariarekin, eskaintzarik onena, Urbil merkataritza-gunean Donostian.","og_url":"https:\/\/dev.urbil.es\/eu\/producto\/ocioplan","og_site_name":"Centro Comercial en Donostia San Sebasti\u00e1n | Urbil","article_modified_time":"2026-04-01T11:41:46+00:00","og_image":[{"width":234,"height":360,"url":"https:\/\/dev.urbil.es\/wp-content\/uploads\/2023\/06\/234x360_OCIOPLAN.png","type":"image\/png"}],"twitter_card":"summary_large_image","twitter_misc":{"Est. reading time":"1 minute"},"schema":{"@context":"https:\/\/schema.org","@graph":[{"@type":"WebPage","@id":"https:\/\/dev.urbil.es\/eu\/producto\/ocioplan","url":"https:\/\/dev.urbil.es\/eu\/producto\/ocioplan","name":"OcioPlan: Zinema Bazkaria edo Afariarekin eskaintza | Urbil merkataritza-gunea","isPartOf":{"@id":"https:\/\/dev.urbil.es\/es\/#website"},"primaryImageOfPage":{"@id":"https:\/\/dev.urbil.es\/eu\/producto\/ocioplan#primaryimage"},"image":{"@id":"https:\/\/dev.urbil.es\/eu\/producto\/ocioplan#primaryimage"},"thumbnailUrl":"https:\/\/dev.urbil.es\/wp-content\/uploads\/2023\/06\/234x360_OCIOPLAN.png","datePublished":"2023-06-28T12:16:36+00:00","dateModified":"2026-04-01T11:41:46+00:00","description":"Gozatu gure aisialdi-planez zure lagunekin. OcioPlan-ekin, zinema bazkariarekin edo afariarekin, eskaintzarik onena, Urbil merkataritza-gunean Donostian.","breadcrumb":{"@id":"https:\/\/dev.urbil.es\/eu\/producto\/ocioplan#breadcrumb"},"inLanguage":"eu-ES","potentialAction":[{"@type":"ReadAction","target":["https:\/\/dev.urbil.es\/eu\/producto\/ocioplan"]}]},{"@type":"ImageObject","inLanguage":"eu-ES","@id":"https:\/\/dev.urbil.es\/eu\/producto\/ocioplan#primaryimage","url":"https:\/\/dev.urbil.es\/wp-content\/uploads\/2023\/06\/234x360_OCIOPLAN.png","contentUrl":"https:\/\/dev.urbil.es\/wp-content\/uploads\/2023\/06\/234x360_OCIOPLAN.png","width":234,"height":360},{"@type":"BreadcrumbList","@id":"https:\/\/dev.urbil.es\/eu\/producto\/ocioplan#breadcrumb","itemListElement":[{"@type":"ListItem","position":1,"name":"Portada","item":"https:\/\/dev.urbil.es\/eu"},{"@type":"ListItem","position":2,"name":"Productos","item":"https:\/\/dev.urbil.es\/es\/tienda"},{"@type":"ListItem","position":3,"name":"OcioPlan: Zinema Bazkaria edo Afariarekin"}]},{"@type":"WebSite","@id":"https:\/\/dev.urbil.es\/es\/#website","url":"https:\/\/dev.urbil.es\/es\/","name":"Centro Comercial en Donostia San Sebasti\u00e1n | Urbil","description":"M\u00e1s de 35.000m2 de superficie con una completa oferta comercial en San Sebasti\u00e1n: Hipemercado, Cines, Restaurantes, Ocio, Moda, Belleza, Servicios y Complementos.","publisher":{"@id":"https:\/\/dev.urbil.es\/es\/#organization"},"potentialAction":[{"@type":"SearchAction","target":{"@type":"EntryPoint","urlTemplate":"https:\/\/dev.urbil.es\/es\/?s={search_term_string}"},"query-input":{"@type":"PropertyValueSpecification","valueRequired":true,"valueName":"search_term_string"}}],"inLanguage":"eu-ES"},{"@type":"Organization","@id":"https:\/\/dev.urbil.es\/es\/#organization","name":"Centro Comercial en Donostia San Sebasti\u00e1n | Urbil","url":"https:\/\/dev.urbil.es\/es\/","logo":{"@type":"ImageObject","inLanguage":"eu-ES","@id":"https:\/\/dev.urbil.es\/es\/#\/schema\/logo\/image\/","url":"https:\/\/dev.urbil.es\/wp-content\/uploads\/2023\/05\/logo_urb.png","contentUrl":"https:\/\/dev.urbil.es\/wp-content\/uploads\/2023\/05\/logo_urb.png","width":842,"height":596,"caption":"Centro Comercial en Donostia San Sebasti\u00e1n | Urbil"},"image":{"@id":"https:\/\/dev.urbil.es\/es\/#\/schema\/logo\/image\/"}}]}},"_links":{"self":[{"href":"https:\/\/dev.urbil.es\/eu\/wp-json\/wp\/v2\/product\/11213","targetHints":{"allow":["GET"]}}],"collection":[{"href":"https:\/\/dev.urbil.es\/eu\/wp-json\/wp\/v2\/product"}],"about":[{"href":"https:\/\/dev.urbil.es\/eu\/wp-json\/wp\/v2\/types\/product"}],"replies":[{"embeddable":true,"href":"https:\/\/dev.urbil.es\/eu\/wp-json\/wp\/v2\/comments?post=11213"}],"wp:featuredmedia":[{"embeddable":true,"href":"https:\/\/dev.urbil.es\/eu\/wp-json\/wp\/v2\/media\/15744"}],"wp:attachment":[{"href":"https:\/\/dev.urbil.es\/eu\/wp-json\/wp\/v2\/media?parent=11213"}],"wp:term":[{"taxonomy":"product_brand","embeddable":true,"href":"https:\/\/dev.urbil.es\/eu\/wp-json\/wp\/v2\/product_brand?post=11213"},{"taxonomy":"product_cat","embeddable":true,"href":"https:\/\/dev.urbil.es\/eu\/wp-json\/wp\/v2\/product_cat?post=11213"},{"taxonomy":"product_tag","embeddable":true,"href":"https:\/\/dev.urbil.es\/eu\/wp-json\/wp\/v2\/product_tag?post=11213"}],"curies":[{"name":"wp","href":"https:\/\/api.w.org\/{rel}","templated":true}]}}