{"id":430,"date":"2021-07-20T09:48:38","date_gmt":"2021-07-20T09:48:38","guid":{"rendered":"https:\/\/dev.urbil.es\/ibilbideak-urbiletik-hasita\/"},"modified":"2025-09-23T12:24:05","modified_gmt":"2025-09-23T12:24:05","slug":"ibilbideak-urbiletik-hasita","status":"publish","type":"page","link":"https:\/\/dev.urbil.es\/eu\/ibilbideak-urbiletik-hasita","title":{"rendered":"Ibilaldiak Urbiletik"},"content":{"rendered":"\t\t<div data-elementor-type=\"wp-page\" data-elementor-id=\"430\" class=\"elementor elementor-430 elementor-427\">\n\t\t\t\t\t\t<section class=\"elementor-section elementor-top-section elementor-element elementor-element-a8d8e26 elementor-section-boxed elementor-section-height-default elementor-section-height-default wpr-particle-no wpr-jarallax-no wpr-parallax-no wpr-sticky-section-no wpr-equal-height-no\" data-id=\"a8d8e26\" data-element_type=\"section\" data-e-type=\"section\">\n\t\t\t\t\t\t<div class=\"elementor-container elementor-column-gap-default\">\n\t\t\t\t\t<div class=\"elementor-column elementor-col-100 elementor-top-column elementor-element elementor-element-eaa8c77\" data-id=\"eaa8c77\" data-element_type=\"column\" data-e-type=\"column\">\n\t\t\t<div class=\"elementor-widget-wrap elementor-element-populated\">\n\t\t\t\t\t\t<div class=\"elementor-element elementor-element-4182060 hfe-nav-menu__breakpoint-none hfe-nav-menu__align-left hfe-submenu-icon-arrow hfe-submenu-animation-none hfe-link-redirect-child elementor-widget elementor-widget-navigation-menu\" data-id=\"4182060\" data-element_type=\"widget\" data-e-type=\"widget\" data-settings=\"{&quot;padding_horizontal_menu_item&quot;:{&quot;unit&quot;:&quot;px&quot;,&quot;size&quot;:15,&quot;sizes&quot;:[]},&quot;padding_horizontal_menu_item_tablet&quot;:{&quot;unit&quot;:&quot;px&quot;,&quot;size&quot;:&quot;&quot;,&quot;sizes&quot;:[]},&quot;padding_horizontal_menu_item_mobile&quot;:{&quot;unit&quot;:&quot;px&quot;,&quot;size&quot;:&quot;&quot;,&quot;sizes&quot;:[]},&quot;padding_vertical_menu_item&quot;:{&quot;unit&quot;:&quot;px&quot;,&quot;size&quot;:15,&quot;sizes&quot;:[]},&quot;padding_vertical_menu_item_tablet&quot;:{&quot;unit&quot;:&quot;px&quot;,&quot;size&quot;:&quot;&quot;,&quot;sizes&quot;:[]},&quot;padding_vertical_menu_item_mobile&quot;:{&quot;unit&quot;:&quot;px&quot;,&quot;size&quot;:&quot;&quot;,&quot;sizes&quot;:[]},&quot;menu_space_between&quot;:{&quot;unit&quot;:&quot;px&quot;,&quot;size&quot;:&quot;&quot;,&quot;sizes&quot;:[]},&quot;menu_space_between_tablet&quot;:{&quot;unit&quot;:&quot;px&quot;,&quot;size&quot;:&quot;&quot;,&quot;sizes&quot;:[]},&quot;menu_space_between_mobile&quot;:{&quot;unit&quot;:&quot;px&quot;,&quot;size&quot;:&quot;&quot;,&quot;sizes&quot;:[]},&quot;menu_row_space&quot;:{&quot;unit&quot;:&quot;px&quot;,&quot;size&quot;:&quot;&quot;,&quot;sizes&quot;:[]},&quot;menu_row_space_tablet&quot;:{&quot;unit&quot;:&quot;px&quot;,&quot;size&quot;:&quot;&quot;,&quot;sizes&quot;:[]},&quot;menu_row_space_mobile&quot;:{&quot;unit&quot;:&quot;px&quot;,&quot;size&quot;:&quot;&quot;,&quot;sizes&quot;:[]},&quot;dropdown_border_radius&quot;:{&quot;unit&quot;:&quot;px&quot;,&quot;top&quot;:&quot;&quot;,&quot;right&quot;:&quot;&quot;,&quot;bottom&quot;:&quot;&quot;,&quot;left&quot;:&quot;&quot;,&quot;isLinked&quot;:true},&quot;dropdown_border_radius_tablet&quot;:{&quot;unit&quot;:&quot;px&quot;,&quot;top&quot;:&quot;&quot;,&quot;right&quot;:&quot;&quot;,&quot;bottom&quot;:&quot;&quot;,&quot;left&quot;:&quot;&quot;,&quot;isLinked&quot;:true},&quot;dropdown_border_radius_mobile&quot;:{&quot;unit&quot;:&quot;px&quot;,&quot;top&quot;:&quot;&quot;,&quot;right&quot;:&quot;&quot;,&quot;bottom&quot;:&quot;&quot;,&quot;left&quot;:&quot;&quot;,&quot;isLinked&quot;:true},&quot;width_dropdown_item&quot;:{&quot;unit&quot;:&quot;px&quot;,&quot;size&quot;:&quot;220&quot;,&quot;sizes&quot;:[]},&quot;width_dropdown_item_tablet&quot;:{&quot;unit&quot;:&quot;px&quot;,&quot;size&quot;:&quot;&quot;,&quot;sizes&quot;:[]},&quot;width_dropdown_item_mobile&quot;:{&quot;unit&quot;:&quot;px&quot;,&quot;size&quot;:&quot;&quot;,&quot;sizes&quot;:[]},&quot;padding_horizontal_dropdown_item&quot;:{&quot;unit&quot;:&quot;px&quot;,&quot;size&quot;:&quot;&quot;,&quot;sizes&quot;:[]},&quot;padding_horizontal_dropdown_item_tablet&quot;:{&quot;unit&quot;:&quot;px&quot;,&quot;size&quot;:&quot;&quot;,&quot;sizes&quot;:[]},&quot;padding_horizontal_dropdown_item_mobile&quot;:{&quot;unit&quot;:&quot;px&quot;,&quot;size&quot;:&quot;&quot;,&quot;sizes&quot;:[]},&quot;padding_vertical_dropdown_item&quot;:{&quot;unit&quot;:&quot;px&quot;,&quot;size&quot;:15,&quot;sizes&quot;:[]},&quot;padding_vertical_dropdown_item_tablet&quot;:{&quot;unit&quot;:&quot;px&quot;,&quot;size&quot;:&quot;&quot;,&quot;sizes&quot;:[]},&quot;padding_vertical_dropdown_item_mobile&quot;:{&quot;unit&quot;:&quot;px&quot;,&quot;size&quot;:&quot;&quot;,&quot;sizes&quot;:[]},&quot;distance_from_menu&quot;:{&quot;unit&quot;:&quot;px&quot;,&quot;size&quot;:&quot;&quot;,&quot;sizes&quot;:[]},&quot;distance_from_menu_tablet&quot;:{&quot;unit&quot;:&quot;px&quot;,&quot;size&quot;:&quot;&quot;,&quot;sizes&quot;:[]},&quot;distance_from_menu_mobile&quot;:{&quot;unit&quot;:&quot;px&quot;,&quot;size&quot;:&quot;&quot;,&quot;sizes&quot;:[]},&quot;toggle_size&quot;:{&quot;unit&quot;:&quot;px&quot;,&quot;size&quot;:&quot;&quot;,&quot;sizes&quot;:[]},&quot;toggle_size_tablet&quot;:{&quot;unit&quot;:&quot;px&quot;,&quot;size&quot;:&quot;&quot;,&quot;sizes&quot;:[]},&quot;toggle_size_mobile&quot;:{&quot;unit&quot;:&quot;px&quot;,&quot;size&quot;:&quot;&quot;,&quot;sizes&quot;:[]},&quot;toggle_border_width&quot;:{&quot;unit&quot;:&quot;px&quot;,&quot;size&quot;:&quot;&quot;,&quot;sizes&quot;:[]},&quot;toggle_border_width_tablet&quot;:{&quot;unit&quot;:&quot;px&quot;,&quot;size&quot;:&quot;&quot;,&quot;sizes&quot;:[]},&quot;toggle_border_width_mobile&quot;:{&quot;unit&quot;:&quot;px&quot;,&quot;size&quot;:&quot;&quot;,&quot;sizes&quot;:[]},&quot;toggle_border_radius&quot;:{&quot;unit&quot;:&quot;px&quot;,&quot;size&quot;:&quot;&quot;,&quot;sizes&quot;:[]},&quot;toggle_border_radius_tablet&quot;:{&quot;unit&quot;:&quot;px&quot;,&quot;size&quot;:&quot;&quot;,&quot;sizes&quot;:[]},&quot;toggle_border_radius_mobile&quot;:{&quot;unit&quot;:&quot;px&quot;,&quot;size&quot;:&quot;&quot;,&quot;sizes&quot;:[]}}\" data-widget_type=\"navigation-menu.default\">\n\t\t\t\t<div class=\"elementor-widget-container\">\n\t\t\t\t\t\t\t\t<div class=\"hfe-nav-menu hfe-layout-horizontal hfe-nav-menu-layout horizontal hfe-pointer__none\" data-layout=\"horizontal\">\n\t\t\t\t<div role=\"button\" class=\"hfe-nav-menu__toggle elementor-clickable\" tabindex=\"0\" aria-label=\"Menu Toggle\">\n\t\t\t\t\t<span class=\"screen-reader-text\">Menu<\/span>\n\t\t\t\t\t<div class=\"hfe-nav-menu-icon\">\n\t\t\t\t\t\t\t\t\t\t\t<\/div>\n\t\t\t\t<\/div>\n\t\t\t\t<nav class=\"hfe-nav-menu__layout-horizontal hfe-nav-menu__submenu-arrow\" data-toggle-icon=\"\" data-close-icon=\"\" data-full-width=\"\">\n\t\t\t\t\t<ul id=\"menu-1-4182060\" class=\"hfe-nav-menu\"><li id=\"menu-item-8615\" class=\"menu-item menu-item-type-post_type menu-item-object-page parent hfe-creative-menu\"><a href=\"https:\/\/dev.urbil.es\/es\/nosotros\" class = \"hfe-menu-item\">Aurkezpena<\/a><\/li>\n<li id=\"menu-item-8617\" class=\"menu-item menu-item-type-post_type menu-item-object-page parent hfe-creative-menu\"><a href=\"https:\/\/dev.urbil.es\/es\/como-llegar-centro-comercial-urbil\" class = \"hfe-menu-item\">Nola iritsi<\/a><\/li>\n<li id=\"menu-item-8616\" class=\"menu-item menu-item-type-post_type menu-item-object-page parent hfe-creative-menu\"><a href=\"https:\/\/dev.urbil.es\/es\/rutas-desde-urbil\" class = \"hfe-menu-item\">Ibilaldiak Urbiletik<\/a><\/li>\n<li id=\"menu-item-8618\" class=\"menu-item menu-item-type-post_type menu-item-object-page parent hfe-creative-menu\"><a href=\"https:\/\/dev.urbil.es\/es\/horarios-y-festivos-centro-comercial-urbil\" class = \"hfe-menu-item\">Ordutegiak<\/a><\/li>\n<li id=\"menu-item-8619\" class=\"menu-item menu-item-type-post_type menu-item-object-page parent hfe-creative-menu\"><a href=\"https:\/\/dev.urbil.es\/es\/tu-negocio-en-urbil\" class = \"hfe-menu-item\">Zure negozioa Urbilen<\/a><\/li>\n<\/ul> \n\t\t\t\t<\/nav>\n\t\t\t<\/div>\n\t\t\t\t\t\t\t<\/div>\n\t\t\t\t<\/div>\n\t\t\t\t<div class=\"elementor-element elementor-element-4fa38bc elementor-widget elementor-widget-heading\" data-id=\"4fa38bc\" data-element_type=\"widget\" data-e-type=\"widget\" data-widget_type=\"heading.default\">\n\t\t\t\t<div class=\"elementor-widget-container\">\n\t\t\t\t\t<h1 class=\"elementor-heading-title elementor-size-default\">Ibilaldiak Urbiletik<\/h1>\t\t\t\t<\/div>\n\t\t\t\t<\/div>\n\t\t\t\t<div class=\"elementor-element elementor-element-fd4715e elementor-widget elementor-widget-text-editor\" data-id=\"fd4715e\" data-element_type=\"widget\" data-e-type=\"widget\" data-widget_type=\"text-editor.default\">\n\t\t\t\t<div class=\"elementor-widget-container\">\n\t\t\t\t\t\t\t\t\t<header>\n<h1>\n<p style=\"font-family: Brown; font-size: 14px; font-weight: 400;\">Jarraian, naturaz gozatzeko&nbsp;<span style=\"font-weight: bolder;\">Urbiletik abiatuta egin ditzakezun 2 ibilbide<\/span>&nbsp;erakutsiko dizkizugu. Urbilen natura maite dugu eta horregatik 15 kilometroko bi ibilbide erakutsiko dizkizugu, Urbiletik abiatuta oinez egin ditzakezunak.<\/p>\n<p style=\"font-family: Brown; font-size: 14px; font-weight: 400;\">&nbsp;<\/p>\n<\/h1>\n<h2 style=\"font-size: 1.7rem; font-family: Brown;\"><u><span style=\"font-weight: bolder;\">URBIL-ORIO IBILBIDEA<\/span><\/u><\/h2>\n<h1>\n<p style=\"font-family: Brown; font-size: 14px; font-weight: 400;\"><span style=\"font-weight: bolder;\">Urbiletik Oriorako zeharkaldia, Kukuarri eta&nbsp;Aginagatik, 15 km.<\/span><\/p>\n<p style=\"font-family: Brown; font-size: 14px; font-weight: 400;\">Mendiaz gozatu hondartzara iristeko. 15 kilometroko ibilbidea, non atseden hartzeko lekuak eta askotariko paisaiak egongo dira.<\/p>\n<p style=\"font-family: Brown; font-size: 14px; font-weight: 400;\">Asfaltoaren eta pistaren arteko konbinazioa, ezin hobea edozein ibiltarirentzat.<\/p>\n<p style=\"font-family: Brown; font-size: 14px; font-weight: 400;\">Amaitzean, Oriotik Usurbilera itzuli daiteke bi udalerriak lotzen dituen trena hartuta.<\/p>\n<\/h1>\n<\/header>\n<div>\n<p><img decoding=\"async\" src=\"https:\/\/www.urbil.es\/sites\/default\/files\/inline-images\/TRAVESIA-01%20EUSK.png\" alt=\"Urbil-Orio ibilbidea\" data-entity-type=\"file\" data-entity-uuid=\"1aa7ce5a-a24a-4d30-ab53-7461f6a42116\"><\/p>\n<h2><u><strong>URBIL-ZIZURKIL IBILBIDEA<\/strong><\/u><\/h2>\n<p><span style=\"font-weight: bolder; color: rgb(33, 37, 41); font-family: Brown;\">Urbiletik Zizurkilerako zeharkaldia,&nbsp;Andatza mendian gora, 15 km.<\/span><\/p><p style=\"color: rgb(33, 37, 41); font-family: Brown;\">Andatzako gailurreko igoera naturaz gozatzeko ibilbide bat da. Zizurkilgo herrian bukatu dezakezu edo Usurbilera itzulerako bidea hartu.<\/p><p style=\"color: rgb(33, 37, 41); font-family: Brown;\">Tontorra, 562 metroko altueran dagoena, zabala eta laua da.<\/p><p><span style=\"color: rgb(33, 37, 41); font-family: Brown;\">Bitxikeria gisa, bidean San Estebaneko ermita dago. Esaten dutenez, buruko minetik libratzen ditu bertatik pasatzen direnak<\/span>.<\/p>\n<p><img decoding=\"async\" src=\"https:\/\/www.urbil.es\/sites\/default\/files\/inline-images\/TRAVESIA-02%20EUSK.png\" alt=\"Urbil-Zizurkil ibilbidea\" data-entity-type=\"file\" data-entity-uuid=\"3a918cfa-70b3-4f40-b8ff-05764c492920\"><\/p>\n<\/div>\t\t\t\t\t\t\t\t<\/div>\n\t\t\t\t<\/div>\n\t\t\t\t\t<\/div>\n\t\t<\/div>\n\t\t\t\t\t<\/div>\n\t\t<\/section>\n\t\t\t\t<\/div>\n\t\t","protected":false},"excerpt":{"rendered":"<p>Men\u00fa Nosotros C\u00f3mo llegar Rutas Horarios Tu negocio en Urbil<\/p>\n","protected":false},"author":1,"featured_media":428,"parent":0,"menu_order":0,"comment_status":"closed","ping_status":"closed","template":"","meta":{"_acf_changed":false,"footnotes":""},"class_list":["post-430","page","type-page","status-publish","has-post-thumbnail","hentry"],"acf":[],"yoast_head":"<!-- This site is optimized with the Yoast SEO plugin v27.5 - https:\/\/yoast.com\/product\/yoast-seo-wordpress\/ -->\n<title>Ibilaldiak Urbiletik - Centro Comercial en Donostia San Sebasti\u00e1n | Urbil<\/title>\n<meta name=\"description\" content=\"Ezagutu ibiltari mota guztientzako ibilaldiak, Urbil merkataritza-gunetik hasita, Donostiatik gertu.\" \/>\n<meta name=\"robots\" content=\"noindex, follow, max-snippet:-1, max-image-preview:large, max-video-preview:-1\" \/>\n<meta property=\"og:locale\" content=\"eu_ES\" \/>\n<meta property=\"og:type\" content=\"article\" \/>\n<meta property=\"og:title\" content=\"Ibilaldiak Urbiletik - Centro Comercial en Donostia San Sebasti\u00e1n | Urbil\" \/>\n<meta property=\"og:description\" content=\"Ezagutu ibiltari mota guztientzako ibilaldiak, Urbil merkataritza-gunetik hasita, Donostiatik gertu.\" \/>\n<meta property=\"og:url\" content=\"https:\/\/dev.urbil.es\/eu\/ibilbideak-urbiletik-hasita\" \/>\n<meta property=\"og:site_name\" content=\"Centro Comercial en Donostia San Sebasti\u00e1n | Urbil\" \/>\n<meta property=\"article:modified_time\" content=\"2025-09-23T12:24:05+00:00\" \/>\n<meta property=\"og:image\" content=\"https:\/\/dev.urbil.es\/wp-content\/uploads\/2021\/07\/Travesia-Urbil-Orio-EUSK_0.png\" \/>\n\t<meta property=\"og:image:width\" content=\"700\" \/>\n\t<meta property=\"og:image:height\" content=\"350\" \/>\n\t<meta property=\"og:image:type\" content=\"image\/png\" \/>\n<meta name=\"twitter:card\" content=\"summary_large_image\" \/>\n<meta name=\"twitter:label1\" content=\"Est. reading time\" \/>\n\t<meta name=\"twitter:data1\" content=\"2 minutes\" \/>\n<script type=\"application\/ld+json\" class=\"yoast-schema-graph\">{\"@context\":\"https:\\\/\\\/schema.org\",\"@graph\":[{\"@type\":\"WebPage\",\"@id\":\"https:\\\/\\\/dev.urbil.es\\\/eu\\\/ibilbideak-urbiletik-hasita\",\"url\":\"https:\\\/\\\/dev.urbil.es\\\/eu\\\/ibilbideak-urbiletik-hasita\",\"name\":\"Ibilaldiak Urbiletik - Centro Comercial en Donostia San Sebasti\u00e1n | Urbil\",\"isPartOf\":{\"@id\":\"https:\\\/\\\/dev.urbil.es\\\/es\\\/#website\"},\"primaryImageOfPage\":{\"@id\":\"https:\\\/\\\/dev.urbil.es\\\/eu\\\/ibilbideak-urbiletik-hasita#primaryimage\"},\"image\":{\"@id\":\"https:\\\/\\\/dev.urbil.es\\\/eu\\\/ibilbideak-urbiletik-hasita#primaryimage\"},\"thumbnailUrl\":\"https:\\\/\\\/dev.urbil.es\\\/wp-content\\\/uploads\\\/2021\\\/07\\\/Travesia-Urbil-Orio-EUSK_0.png\",\"datePublished\":\"2021-07-20T09:48:38+00:00\",\"dateModified\":\"2025-09-23T12:24:05+00:00\",\"description\":\"Ezagutu ibiltari mota guztientzako ibilaldiak, Urbil merkataritza-gunetik hasita, Donostiatik gertu.\",\"breadcrumb\":{\"@id\":\"https:\\\/\\\/dev.urbil.es\\\/eu\\\/ibilbideak-urbiletik-hasita#breadcrumb\"},\"inLanguage\":\"eu-ES\",\"potentialAction\":[{\"@type\":\"ReadAction\",\"target\":[\"https:\\\/\\\/dev.urbil.es\\\/eu\\\/ibilbideak-urbiletik-hasita\"]}]},{\"@type\":\"ImageObject\",\"inLanguage\":\"eu-ES\",\"@id\":\"https:\\\/\\\/dev.urbil.es\\\/eu\\\/ibilbideak-urbiletik-hasita#primaryimage\",\"url\":\"https:\\\/\\\/dev.urbil.es\\\/wp-content\\\/uploads\\\/2021\\\/07\\\/Travesia-Urbil-Orio-EUSK_0.png\",\"contentUrl\":\"https:\\\/\\\/dev.urbil.es\\\/wp-content\\\/uploads\\\/2021\\\/07\\\/Travesia-Urbil-Orio-EUSK_0.png\",\"width\":700,\"height\":350,\"caption\":\"Urbil-Orio ibilbidea\"},{\"@type\":\"BreadcrumbList\",\"@id\":\"https:\\\/\\\/dev.urbil.es\\\/eu\\\/ibilbideak-urbiletik-hasita#breadcrumb\",\"itemListElement\":[{\"@type\":\"ListItem\",\"position\":1,\"name\":\"Portada\",\"item\":\"https:\\\/\\\/dev.urbil.es\\\/eu\"},{\"@type\":\"ListItem\",\"position\":2,\"name\":\"Ibilaldiak Urbiletik\"}]},{\"@type\":\"WebSite\",\"@id\":\"https:\\\/\\\/dev.urbil.es\\\/es\\\/#website\",\"url\":\"https:\\\/\\\/dev.urbil.es\\\/es\\\/\",\"name\":\"Centro Comercial en Donostia San Sebasti\u00e1n | Urbil\",\"description\":\"M\u00e1s de 35.000m2 de superficie con una completa oferta comercial en San Sebasti\u00e1n: Hipemercado, Cines, Restaurantes, Ocio, Moda, Belleza, Servicios y Complementos.\",\"publisher\":{\"@id\":\"https:\\\/\\\/dev.urbil.es\\\/es\\\/#organization\"},\"potentialAction\":[{\"@type\":\"SearchAction\",\"target\":{\"@type\":\"EntryPoint\",\"urlTemplate\":\"https:\\\/\\\/dev.urbil.es\\\/es\\\/?s={search_term_string}\"},\"query-input\":{\"@type\":\"PropertyValueSpecification\",\"valueRequired\":true,\"valueName\":\"search_term_string\"}}],\"inLanguage\":\"eu-ES\"},{\"@type\":\"Organization\",\"@id\":\"https:\\\/\\\/dev.urbil.es\\\/es\\\/#organization\",\"name\":\"Centro Comercial en Donostia San Sebasti\u00e1n | Urbil\",\"url\":\"https:\\\/\\\/dev.urbil.es\\\/es\\\/\",\"logo\":{\"@type\":\"ImageObject\",\"inLanguage\":\"eu-ES\",\"@id\":\"https:\\\/\\\/dev.urbil.es\\\/es\\\/#\\\/schema\\\/logo\\\/image\\\/\",\"url\":\"https:\\\/\\\/dev.urbil.es\\\/wp-content\\\/uploads\\\/2023\\\/05\\\/logo_urb.png\",\"contentUrl\":\"https:\\\/\\\/dev.urbil.es\\\/wp-content\\\/uploads\\\/2023\\\/05\\\/logo_urb.png\",\"width\":842,\"height\":596,\"caption\":\"Centro Comercial en Donostia San Sebasti\u00e1n | Urbil\"},\"image\":{\"@id\":\"https:\\\/\\\/dev.urbil.es\\\/es\\\/#\\\/schema\\\/logo\\\/image\\\/\"}}]}<\/script>\n<!-- \/ Yoast SEO plugin. -->","yoast_head_json":{"title":"Ibilaldiak Urbiletik - Centro Comercial en Donostia San Sebasti\u00e1n | Urbil","description":"Ezagutu ibiltari mota guztientzako ibilaldiak, Urbil merkataritza-gunetik hasita, Donostiatik gertu.","robots":{"index":"noindex","follow":"follow","max-snippet":"max-snippet:-1","max-image-preview":"max-image-preview:large","max-video-preview":"max-video-preview:-1"},"og_locale":"eu_ES","og_type":"article","og_title":"Ibilaldiak Urbiletik - Centro Comercial en Donostia San Sebasti\u00e1n | Urbil","og_description":"Ezagutu ibiltari mota guztientzako ibilaldiak, Urbil merkataritza-gunetik hasita, Donostiatik gertu.","og_url":"https:\/\/dev.urbil.es\/eu\/ibilbideak-urbiletik-hasita","og_site_name":"Centro Comercial en Donostia San Sebasti\u00e1n | Urbil","article_modified_time":"2025-09-23T12:24:05+00:00","og_image":[{"width":700,"height":350,"url":"https:\/\/dev.urbil.es\/wp-content\/uploads\/2021\/07\/Travesia-Urbil-Orio-EUSK_0.png","type":"image\/png"}],"twitter_card":"summary_large_image","twitter_misc":{"Est. reading time":"2 minutes"},"schema":{"@context":"https:\/\/schema.org","@graph":[{"@type":"WebPage","@id":"https:\/\/dev.urbil.es\/eu\/ibilbideak-urbiletik-hasita","url":"https:\/\/dev.urbil.es\/eu\/ibilbideak-urbiletik-hasita","name":"Ibilaldiak Urbiletik - Centro Comercial en Donostia San Sebasti\u00e1n | Urbil","isPartOf":{"@id":"https:\/\/dev.urbil.es\/es\/#website"},"primaryImageOfPage":{"@id":"https:\/\/dev.urbil.es\/eu\/ibilbideak-urbiletik-hasita#primaryimage"},"image":{"@id":"https:\/\/dev.urbil.es\/eu\/ibilbideak-urbiletik-hasita#primaryimage"},"thumbnailUrl":"https:\/\/dev.urbil.es\/wp-content\/uploads\/2021\/07\/Travesia-Urbil-Orio-EUSK_0.png","datePublished":"2021-07-20T09:48:38+00:00","dateModified":"2025-09-23T12:24:05+00:00","description":"Ezagutu ibiltari mota guztientzako ibilaldiak, Urbil merkataritza-gunetik hasita, Donostiatik gertu.","breadcrumb":{"@id":"https:\/\/dev.urbil.es\/eu\/ibilbideak-urbiletik-hasita#breadcrumb"},"inLanguage":"eu-ES","potentialAction":[{"@type":"ReadAction","target":["https:\/\/dev.urbil.es\/eu\/ibilbideak-urbiletik-hasita"]}]},{"@type":"ImageObject","inLanguage":"eu-ES","@id":"https:\/\/dev.urbil.es\/eu\/ibilbideak-urbiletik-hasita#primaryimage","url":"https:\/\/dev.urbil.es\/wp-content\/uploads\/2021\/07\/Travesia-Urbil-Orio-EUSK_0.png","contentUrl":"https:\/\/dev.urbil.es\/wp-content\/uploads\/2021\/07\/Travesia-Urbil-Orio-EUSK_0.png","width":700,"height":350,"caption":"Urbil-Orio ibilbidea"},{"@type":"BreadcrumbList","@id":"https:\/\/dev.urbil.es\/eu\/ibilbideak-urbiletik-hasita#breadcrumb","itemListElement":[{"@type":"ListItem","position":1,"name":"Portada","item":"https:\/\/dev.urbil.es\/eu"},{"@type":"ListItem","position":2,"name":"Ibilaldiak Urbiletik"}]},{"@type":"WebSite","@id":"https:\/\/dev.urbil.es\/es\/#website","url":"https:\/\/dev.urbil.es\/es\/","name":"Centro Comercial en Donostia San Sebasti\u00e1n | Urbil","description":"M\u00e1s de 35.000m2 de superficie con una completa oferta comercial en San Sebasti\u00e1n: Hipemercado, Cines, Restaurantes, Ocio, Moda, Belleza, Servicios y Complementos.","publisher":{"@id":"https:\/\/dev.urbil.es\/es\/#organization"},"potentialAction":[{"@type":"SearchAction","target":{"@type":"EntryPoint","urlTemplate":"https:\/\/dev.urbil.es\/es\/?s={search_term_string}"},"query-input":{"@type":"PropertyValueSpecification","valueRequired":true,"valueName":"search_term_string"}}],"inLanguage":"eu-ES"},{"@type":"Organization","@id":"https:\/\/dev.urbil.es\/es\/#organization","name":"Centro Comercial en Donostia San Sebasti\u00e1n | Urbil","url":"https:\/\/dev.urbil.es\/es\/","logo":{"@type":"ImageObject","inLanguage":"eu-ES","@id":"https:\/\/dev.urbil.es\/es\/#\/schema\/logo\/image\/","url":"https:\/\/dev.urbil.es\/wp-content\/uploads\/2023\/05\/logo_urb.png","contentUrl":"https:\/\/dev.urbil.es\/wp-content\/uploads\/2023\/05\/logo_urb.png","width":842,"height":596,"caption":"Centro Comercial en Donostia San Sebasti\u00e1n | Urbil"},"image":{"@id":"https:\/\/dev.urbil.es\/es\/#\/schema\/logo\/image\/"}}]}},"_links":{"self":[{"href":"https:\/\/dev.urbil.es\/eu\/wp-json\/wp\/v2\/pages\/430","targetHints":{"allow":["GET"]}}],"collection":[{"href":"https:\/\/dev.urbil.es\/eu\/wp-json\/wp\/v2\/pages"}],"about":[{"href":"https:\/\/dev.urbil.es\/eu\/wp-json\/wp\/v2\/types\/page"}],"author":[{"embeddable":true,"href":"https:\/\/dev.urbil.es\/eu\/wp-json\/wp\/v2\/users\/1"}],"replies":[{"embeddable":true,"href":"https:\/\/dev.urbil.es\/eu\/wp-json\/wp\/v2\/comments?post=430"}],"version-history":[{"count":12,"href":"https:\/\/dev.urbil.es\/eu\/wp-json\/wp\/v2\/pages\/430\/revisions"}],"predecessor-version":[{"id":15572,"href":"https:\/\/dev.urbil.es\/eu\/wp-json\/wp\/v2\/pages\/430\/revisions\/15572"}],"wp:featuredmedia":[{"embeddable":true,"href":"https:\/\/dev.urbil.es\/eu\/wp-json\/wp\/v2\/media\/428"}],"wp:attachment":[{"href":"https:\/\/dev.urbil.es\/eu\/wp-json\/wp\/v2\/media?parent=430"}],"curies":[{"name":"wp","href":"https:\/\/api.w.org\/{rel}","templated":true}]}}