{"id":417,"date":"2020-09-29T08:15:09","date_gmt":"2020-09-29T08:15:09","guid":{"rendered":"https:\/\/dev.urbil.es\/urbilovers-3\/"},"modified":"2025-01-23T11:27:19","modified_gmt":"2025-01-23T11:27:19","slug":"urbilkluba","status":"publish","type":"page","link":"https:\/\/dev.urbil.es\/eu\/urbilkluba","title":{"rendered":"URBIL KLUB-ekoa izateak abantailak dauzka"},"content":{"rendered":"\t\t<div data-elementor-type=\"wp-page\" data-elementor-id=\"417\" class=\"elementor elementor-417 elementor-416\">\n\t\t\t\t\t\t<section class=\"elementor-section elementor-top-section elementor-element elementor-element-9ffbe77 elementor-section-boxed elementor-section-height-default elementor-section-height-default wpr-particle-no wpr-jarallax-no wpr-parallax-no wpr-sticky-section-no wpr-equal-height-no\" data-id=\"9ffbe77\" data-element_type=\"section\" data-e-type=\"section\">\n\t\t\t\t\t\t<div class=\"elementor-container elementor-column-gap-default\">\n\t\t\t\t\t<div class=\"elementor-column elementor-col-100 elementor-top-column elementor-element elementor-element-8f3c6c6\" data-id=\"8f3c6c6\" data-element_type=\"column\" data-e-type=\"column\">\n\t\t\t<div class=\"elementor-widget-wrap elementor-element-populated\">\n\t\t\t\t\t\t<div class=\"elementor-element elementor-element-56aa968 elementor-widget elementor-widget-heading\" data-id=\"56aa968\" data-element_type=\"widget\" data-e-type=\"widget\" data-widget_type=\"heading.default\">\n\t\t\t\t<div class=\"elementor-widget-container\">\n\t\t\t\t\t<h1 class=\"elementor-heading-title elementor-size-default\">URBIL KLUB-ekoa izateak abantailak dauzka<\/h1>\t\t\t\t<\/div>\n\t\t\t\t<\/div>\n\t\t\t\t<div class=\"elementor-element elementor-element-3625f5d elementor-widget elementor-widget-text-editor\" data-id=\"3625f5d\" data-element_type=\"widget\" data-e-type=\"widget\" data-widget_type=\"text-editor.default\">\n\t\t\t\t<div class=\"elementor-widget-container\">\n\t\t\t\t\t\t\t\t\t<p>Batu zaitez Urbil Klubera\u00a0<strong>Urbilen doako App-a\u00a0deskargatuz<\/strong>,<strong>\u00a0<\/strong>eta gozatu gure fidelizazio-klubeko kideentzat soilik diren onura\u00a0guztiez:\u00a0<strong>deskontu-kupoiak gure lokaletan, opariak, deskontua duten aisialdi-planak,\u00a0gure zozketetan izena ematea, haurrentzako gunea bezalako zerbitzu esklusiboetarako sarbidea, gure ekitaldiez gozatzea, gure sustapenetan parte hartzea eta askoz gehiago.<\/strong><\/p><h2><strong>Urbil App-a<\/strong><\/h2><p>Urbilen aplikazioa iOS-erako (App Store-en) eta Android-erako (Google Play Store-en) dago eskuragarri:\u00a0<strong>deskargatu ezazu zure mugikorrean eta erregistratu zaitez doan<\/strong>\u00a0gure klubeko kide izateko eta App-ean eskaintzen ditugun abantaila guztiez gozatzen hasteko.<\/p><p>Urbilen App-aren atal desberdinetan, Urbil Klubeko kide izateagatik dituzun abantaila guztiak aurkituko dituzu. Gainera, aplikazioaren barruan,\u00a0<strong>zure QR Identifikatzailea (QR-kode pertsonal bat)\u00a0izango duzu<\/strong>, abantaila horiez guztiez gozatzeko aukera emango dizuna. Ez galdu ezer!<\/p>\t\t\t\t\t\t\t\t<\/div>\n\t\t\t\t<\/div>\n\t\t\t\t<div class=\"elementor-element elementor-element-9ce39df elementor-widget elementor-widget-button\" data-id=\"9ce39df\" data-element_type=\"widget\" data-e-type=\"widget\" data-widget_type=\"button.default\">\n\t\t\t\t<div class=\"elementor-widget-container\">\n\t\t\t\t\t\t\t\t\t<div class=\"elementor-button-wrapper\">\n\t\t\t\t\t<a class=\"elementor-button elementor-button-link elementor-size-sm\" href=\"https:\/\/member.placewise.com\/urbil\/open-app\" target=\"_blank\">\n\t\t\t\t\t\t<span class=\"elementor-button-content-wrapper\">\n\t\t\t\t\t\t\t\t\t<span class=\"elementor-button-text\">Deskargatu Urbilen aplikazioa<\/span>\n\t\t\t\t\t<\/span>\n\t\t\t\t\t<\/a>\n\t\t\t\t<\/div>\n\t\t\t\t\t\t\t\t<\/div>\n\t\t\t\t<\/div>\n\t\t\t\t<div class=\"elementor-element elementor-element-361abb3 elementor-widget elementor-widget-text-editor\" data-id=\"361abb3\" data-element_type=\"widget\" data-e-type=\"widget\" data-widget_type=\"text-editor.default\">\n\t\t\t\t<div class=\"elementor-widget-container\">\n\t\t\t\t\t\t\t\t\t<p><a id=\"\" title=\"\" href=\"https:\/\/apps.apple.com\/es\/app\/urbil\/id1533423953\" target=\"_blank\" rel=\"noopener\"><img decoding=\"async\" class=\"alignnone wp-image-414 size-full\" src=\"https:\/\/dev.urbil.es\/wp-content\/uploads\/2020\/09\/appStore.png\" alt=\"Descarga Urbiloveres en App Store\" width=\"160\" height=\"56\" data-entity-type=\"file\" data-entity-uuid=\"2141dc55-4904-4a5f-aa6f-b111f6c448fc\" \/><\/a>\u00a0\u00a0 \u00a0<a id=\"\" title=\"\" href=\"https:\/\/play.google.com\/store\/apps\/details?id=com.placewise.loyaltyapp.urbil\" target=\"_blank\" rel=\"noopener\"><img decoding=\"async\" class=\"alignnone wp-image-415 size-full\" src=\"https:\/\/dev.urbil.es\/wp-content\/uploads\/2020\/09\/googlePlay.png\" alt=\"Descarga Urbilovers en Google Play\" width=\"169\" height=\"56\" data-entity-type=\"file\" data-entity-uuid=\"a9a0ac49-b8f1-427c-b69c-3ec90b895df2\" \/><\/a><\/p>\t\t\t\t\t\t\t\t<\/div>\n\t\t\t\t<\/div>\n\t\t\t\t<div class=\"elementor-element elementor-element-9703007 elementor-widget elementor-widget-text-editor\" data-id=\"9703007\" data-element_type=\"widget\" data-e-type=\"widget\" data-widget_type=\"text-editor.default\">\n\t\t\t\t<div class=\"elementor-widget-container\">\n\t\t\t\t\t\t\t\t\t<p><strong>Edozein arrazoirengatik zure mugikorra gure aplikazioarekin bateragarria ez bada, ez kezkatu. Urbil Klubean alta eman dezakezu, ondorengo botoian doan erregistratuz.\u00a0<\/strong>Horrela, klubaren onura guztiak izango dituzu eskura. Beraz, hau zure kasua bada, egin klik ondorengo<strong>\u00a0<\/strong>botoian eta bete formularioa Urbil Klubeko kide izateko eta honen abantaila guztiez gozatzeko.<\/p>\t\t\t\t\t\t\t\t<\/div>\n\t\t\t\t<\/div>\n\t\t\t\t<div class=\"elementor-element elementor-element-f4c484a elementor-widget elementor-widget-button\" data-id=\"f4c484a\" data-element_type=\"widget\" data-e-type=\"widget\" data-widget_type=\"button.default\">\n\t\t\t\t<div class=\"elementor-widget-container\">\n\t\t\t\t\t\t\t\t\t<div class=\"elementor-button-wrapper\">\n\t\t\t\t\t<a class=\"elementor-button elementor-button-link elementor-size-sm\" href=\"https:\/\/member.placewise.com\/urbil;source=website\" target=\"_blank\">\n\t\t\t\t\t\t<span class=\"elementor-button-content-wrapper\">\n\t\t\t\t\t\t\t\t\t<span class=\"elementor-button-text\">Erregistratu orain<\/span>\n\t\t\t\t\t<\/span>\n\t\t\t\t\t<\/a>\n\t\t\t\t<\/div>\n\t\t\t\t\t\t\t\t<\/div>\n\t\t\t\t<\/div>\n\t\t\t\t<div class=\"elementor-element elementor-element-3f29bab elementor-widget elementor-widget-text-editor\" data-id=\"3f29bab\" data-element_type=\"widget\" data-e-type=\"widget\" data-widget_type=\"text-editor.default\">\n\t\t\t\t<div class=\"elementor-widget-container\">\n\t\t\t\t\t\t\t\t\t<p><strong>Klikatu beheko koadroetan App-aren abantaila guztiak ezagutzeko.<\/strong><\/p>\t\t\t\t\t\t\t\t<\/div>\n\t\t\t\t<\/div>\n\t\t\t\t<div class=\"elementor-element elementor-element-8e06b68 elementor-widget elementor-widget-shortcode\" data-id=\"8e06b68\" data-element_type=\"widget\" data-e-type=\"widget\" data-widget_type=\"shortcode.default\">\n\t\t\t\t<div class=\"elementor-widget-container\">\n\t\t\t\t\t\t\t<div class=\"elementor-shortcode\"><div class=\"container\"><div class=\"row\" style=\"max-width:800px;margin-bottom: 60px;\"><div class=\"col-md-3 col-3 \">\t<div class=\"contenedor servicios s_active\" data-id=\"11442\">\t\t<div class=\"contenedor_img_servicio\"><div class=\"img_context\"><img decoding=\"async\" class=\"img_servicio\" src=\"https:\/\/dev.urbil.es\/wp-content\/uploads\/2023\/06\/ul-cupones.png\"><\/div><\/div>\t\t<h2 class=\"titulo_servicio\">Deskontua duten kupoiak<\/h2>\t<\/div><\/div><div class=\"col-md-3 col-3 \">\t<div class=\"contenedor servicios \" data-id=\"11447\">\t\t<div class=\"contenedor_img_servicio\"><div class=\"img_context\"><img decoding=\"async\" class=\"img_servicio\" src=\"https:\/\/dev.urbil.es\/wp-content\/uploads\/2023\/06\/iconos_kids_negros-10.png\"><\/div><\/div>\t\t<h2 class=\"titulo_servicio\">Doako gune gainbegiratua<\/h2>\t<\/div><\/div><div class=\"col-md-3 col-3 \">\t<div class=\"contenedor servicios \" data-id=\"11445\">\t\t<div class=\"contenedor_img_servicio\"><div class=\"img_context\"><img decoding=\"async\" class=\"img_servicio\" src=\"https:\/\/dev.urbil.es\/wp-content\/uploads\/2023\/06\/ul-eventos.png\"><\/div><\/div>\t\t<h2 class=\"titulo_servicio\">Ekitaldiak<\/h2>\t<\/div><\/div><div class=\"col-md-3 col-3 \">\t<div class=\"contenedor servicios \" data-id=\"11443\">\t\t<div class=\"contenedor_img_servicio\"><div class=\"img_context\"><img decoding=\"async\" class=\"img_servicio\" src=\"https:\/\/dev.urbil.es\/wp-content\/uploads\/2023\/06\/ul-planes.png\"><\/div><\/div>\t\t<h2 class=\"titulo_servicio\">Urbilbox<\/h2>\t<\/div><\/div><div class=\"col-md-3 col-3 \">\t<div class=\"contenedor servicios \" data-id=\"11446\">\t\t<div class=\"contenedor_img_servicio\"><div class=\"img_context\"><img decoding=\"async\" class=\"img_servicio\" src=\"https:\/\/dev.urbil.es\/wp-content\/uploads\/2023\/06\/ul-servicios.png\"><\/div><\/div>\t\t<h2 class=\"titulo_servicio\">Zerbitzu esklusiboak<\/h2>\t<\/div><\/div><div class=\"col-md-3 col-3 \">\t<div class=\"contenedor servicios \" data-id=\"11444\">\t\t<div class=\"contenedor_img_servicio\"><div class=\"img_context\"><img decoding=\"async\" class=\"img_servicio\" src=\"https:\/\/dev.urbil.es\/wp-content\/uploads\/2023\/06\/ul-sorteos-promociones.png\"><\/div><\/div>\t\t<h2 class=\"titulo_servicio\">Zozketak eta sustapenak<\/h2>\t<\/div><\/div><\/div><\/div><div class=\"container\"><div class=\"row\"><div class=\"col-md-12 \" id=\"subservicios\">\n\t\t<script>\n\t\tjQuery(document).ready(function(){\n\t\t\tprimera_carga_servicios();\t\n\t\t});\n\t\t<\/script>\n\t\t<\/div><\/div><\/div><\/div>\n\t\t\t\t\t\t<\/div>\n\t\t\t\t<\/div>\n\t\t\t\t\t<\/div>\n\t\t<\/div>\n\t\t\t\t\t<\/div>\n\t\t<\/section>\n\t\t\t\t<\/div>\n\t\t","protected":false},"excerpt":{"rendered":"<p>URBIL KLUB-ekoa izateak abantailak dauzka Batu zaitez Urbil Klubera\u00a0Urbilen doako<\/p>\n","protected":false},"author":1,"featured_media":414,"parent":0,"menu_order":0,"comment_status":"closed","ping_status":"closed","template":"","meta":{"_acf_changed":false,"footnotes":""},"class_list":["post-417","page","type-page","status-publish","has-post-thumbnail","hentry"],"acf":[],"yoast_head":"<!-- This site is optimized with the Yoast SEO plugin v27.5 - https:\/\/yoast.com\/product\/yoast-seo-wordpress\/ -->\n<title>URBIL KLUB-ekoa izateak abantailak dauzka - Centro Comercial en Donostia San Sebasti\u00e1n | Urbil<\/title>\n<meta name=\"description\" content=\"Batu zaitez Urbil Klubera\u00a0Urbilen doako App-a\u00a0deskargatuz,\u00a0eta gozatu abantaila esklusiboez: deskontu-kupoiak, opariak,\u00a0zozketak eta sustapenak, haurrentzako gunea bezalako zerbitzu esklusiboa, ekitaldiak, eta askoz gehiago.\" \/>\n<meta name=\"robots\" content=\"noindex, follow, max-snippet:-1, max-image-preview:large, max-video-preview:-1\" \/>\n<meta property=\"og:locale\" content=\"eu_ES\" \/>\n<meta property=\"og:type\" content=\"article\" \/>\n<meta property=\"og:title\" content=\"URBIL KLUB-ekoa izateak abantailak dauzka - Centro Comercial en Donostia San Sebasti\u00e1n | Urbil\" \/>\n<meta property=\"og:description\" content=\"Batu zaitez Urbil Klubera\u00a0Urbilen doako App-a\u00a0deskargatuz,\u00a0eta gozatu abantaila esklusiboez: deskontu-kupoiak, opariak,\u00a0zozketak eta sustapenak, haurrentzako gunea bezalako zerbitzu esklusiboa, ekitaldiak, eta askoz gehiago.\" \/>\n<meta property=\"og:url\" content=\"https:\/\/dev.urbil.es\/eu\/urbilkluba\" \/>\n<meta property=\"og:site_name\" content=\"Centro Comercial en Donostia San Sebasti\u00e1n | Urbil\" \/>\n<meta property=\"article:modified_time\" content=\"2025-01-23T11:27:19+00:00\" \/>\n<meta property=\"og:image\" content=\"https:\/\/dev.urbil.es\/wp-content\/uploads\/2020\/09\/appStore.png\" \/>\n\t<meta property=\"og:image:width\" content=\"160\" \/>\n\t<meta property=\"og:image:height\" content=\"56\" \/>\n\t<meta property=\"og:image:type\" content=\"image\/png\" \/>\n<meta name=\"twitter:card\" content=\"summary_large_image\" \/>\n<meta name=\"twitter:label1\" content=\"Est. reading time\" \/>\n\t<meta name=\"twitter:data1\" content=\"2 minutes\" \/>\n<script type=\"application\/ld+json\" class=\"yoast-schema-graph\">{\"@context\":\"https:\\\/\\\/schema.org\",\"@graph\":[{\"@type\":\"WebPage\",\"@id\":\"https:\\\/\\\/dev.urbil.es\\\/eu\\\/urbilkluba\",\"url\":\"https:\\\/\\\/dev.urbil.es\\\/eu\\\/urbilkluba\",\"name\":\"URBIL KLUB-ekoa izateak abantailak dauzka - Centro Comercial en Donostia San Sebasti\u00e1n | Urbil\",\"isPartOf\":{\"@id\":\"https:\\\/\\\/dev.urbil.es\\\/es\\\/#website\"},\"primaryImageOfPage\":{\"@id\":\"https:\\\/\\\/dev.urbil.es\\\/eu\\\/urbilkluba#primaryimage\"},\"image\":{\"@id\":\"https:\\\/\\\/dev.urbil.es\\\/eu\\\/urbilkluba#primaryimage\"},\"thumbnailUrl\":\"https:\\\/\\\/dev.urbil.es\\\/wp-content\\\/uploads\\\/2020\\\/09\\\/appStore.png\",\"datePublished\":\"2020-09-29T08:15:09+00:00\",\"dateModified\":\"2025-01-23T11:27:19+00:00\",\"description\":\"Batu zaitez Urbil Klubera\u00a0Urbilen doako App-a\u00a0deskargatuz,\u00a0eta gozatu abantaila esklusiboez: deskontu-kupoiak, opariak,\u00a0zozketak eta sustapenak, haurrentzako gunea bezalako zerbitzu esklusiboa, ekitaldiak, eta askoz gehiago.\",\"breadcrumb\":{\"@id\":\"https:\\\/\\\/dev.urbil.es\\\/eu\\\/urbilkluba#breadcrumb\"},\"inLanguage\":\"eu-ES\",\"potentialAction\":[{\"@type\":\"ReadAction\",\"target\":[\"https:\\\/\\\/dev.urbil.es\\\/eu\\\/urbilkluba\"]}]},{\"@type\":\"ImageObject\",\"inLanguage\":\"eu-ES\",\"@id\":\"https:\\\/\\\/dev.urbil.es\\\/eu\\\/urbilkluba#primaryimage\",\"url\":\"https:\\\/\\\/dev.urbil.es\\\/wp-content\\\/uploads\\\/2020\\\/09\\\/appStore.png\",\"contentUrl\":\"https:\\\/\\\/dev.urbil.es\\\/wp-content\\\/uploads\\\/2020\\\/09\\\/appStore.png\",\"width\":160,\"height\":56,\"caption\":\"Descarga Urbiloveres en App Store\"},{\"@type\":\"BreadcrumbList\",\"@id\":\"https:\\\/\\\/dev.urbil.es\\\/eu\\\/urbilkluba#breadcrumb\",\"itemListElement\":[{\"@type\":\"ListItem\",\"position\":1,\"name\":\"Portada\",\"item\":\"https:\\\/\\\/dev.urbil.es\\\/eu\"},{\"@type\":\"ListItem\",\"position\":2,\"name\":\"URBIL KLUB-ekoa izateak abantailak dauzka\"}]},{\"@type\":\"WebSite\",\"@id\":\"https:\\\/\\\/dev.urbil.es\\\/es\\\/#website\",\"url\":\"https:\\\/\\\/dev.urbil.es\\\/es\\\/\",\"name\":\"Centro Comercial en Donostia San Sebasti\u00e1n | Urbil\",\"description\":\"M\u00e1s de 35.000m2 de superficie con una completa oferta comercial en San Sebasti\u00e1n: Hipemercado, Cines, Restaurantes, Ocio, Moda, Belleza, Servicios y Complementos.\",\"publisher\":{\"@id\":\"https:\\\/\\\/dev.urbil.es\\\/es\\\/#organization\"},\"potentialAction\":[{\"@type\":\"SearchAction\",\"target\":{\"@type\":\"EntryPoint\",\"urlTemplate\":\"https:\\\/\\\/dev.urbil.es\\\/es\\\/?s={search_term_string}\"},\"query-input\":{\"@type\":\"PropertyValueSpecification\",\"valueRequired\":true,\"valueName\":\"search_term_string\"}}],\"inLanguage\":\"eu-ES\"},{\"@type\":\"Organization\",\"@id\":\"https:\\\/\\\/dev.urbil.es\\\/es\\\/#organization\",\"name\":\"Centro Comercial en Donostia San Sebasti\u00e1n | Urbil\",\"url\":\"https:\\\/\\\/dev.urbil.es\\\/es\\\/\",\"logo\":{\"@type\":\"ImageObject\",\"inLanguage\":\"eu-ES\",\"@id\":\"https:\\\/\\\/dev.urbil.es\\\/es\\\/#\\\/schema\\\/logo\\\/image\\\/\",\"url\":\"https:\\\/\\\/dev.urbil.es\\\/wp-content\\\/uploads\\\/2023\\\/05\\\/logo_urb.png\",\"contentUrl\":\"https:\\\/\\\/dev.urbil.es\\\/wp-content\\\/uploads\\\/2023\\\/05\\\/logo_urb.png\",\"width\":842,\"height\":596,\"caption\":\"Centro Comercial en Donostia San Sebasti\u00e1n | Urbil\"},\"image\":{\"@id\":\"https:\\\/\\\/dev.urbil.es\\\/es\\\/#\\\/schema\\\/logo\\\/image\\\/\"}}]}<\/script>\n<!-- \/ Yoast SEO plugin. -->","yoast_head_json":{"title":"URBIL KLUB-ekoa izateak abantailak dauzka - Centro Comercial en Donostia San Sebasti\u00e1n | Urbil","description":"Batu zaitez Urbil Klubera\u00a0Urbilen doako App-a\u00a0deskargatuz,\u00a0eta gozatu abantaila esklusiboez: deskontu-kupoiak, opariak,\u00a0zozketak eta sustapenak, haurrentzako gunea bezalako zerbitzu esklusiboa, ekitaldiak, eta askoz gehiago.","robots":{"index":"noindex","follow":"follow","max-snippet":"max-snippet:-1","max-image-preview":"max-image-preview:large","max-video-preview":"max-video-preview:-1"},"og_locale":"eu_ES","og_type":"article","og_title":"URBIL KLUB-ekoa izateak abantailak dauzka - Centro Comercial en Donostia San Sebasti\u00e1n | Urbil","og_description":"Batu zaitez Urbil Klubera\u00a0Urbilen doako App-a\u00a0deskargatuz,\u00a0eta gozatu abantaila esklusiboez: deskontu-kupoiak, opariak,\u00a0zozketak eta sustapenak, haurrentzako gunea bezalako zerbitzu esklusiboa, ekitaldiak, eta askoz gehiago.","og_url":"https:\/\/dev.urbil.es\/eu\/urbilkluba","og_site_name":"Centro Comercial en Donostia San Sebasti\u00e1n | Urbil","article_modified_time":"2025-01-23T11:27:19+00:00","og_image":[{"width":160,"height":56,"url":"https:\/\/dev.urbil.es\/wp-content\/uploads\/2020\/09\/appStore.png","type":"image\/png"}],"twitter_card":"summary_large_image","twitter_misc":{"Est. reading time":"2 minutes"},"schema":{"@context":"https:\/\/schema.org","@graph":[{"@type":"WebPage","@id":"https:\/\/dev.urbil.es\/eu\/urbilkluba","url":"https:\/\/dev.urbil.es\/eu\/urbilkluba","name":"URBIL KLUB-ekoa izateak abantailak dauzka - Centro Comercial en Donostia San Sebasti\u00e1n | Urbil","isPartOf":{"@id":"https:\/\/dev.urbil.es\/es\/#website"},"primaryImageOfPage":{"@id":"https:\/\/dev.urbil.es\/eu\/urbilkluba#primaryimage"},"image":{"@id":"https:\/\/dev.urbil.es\/eu\/urbilkluba#primaryimage"},"thumbnailUrl":"https:\/\/dev.urbil.es\/wp-content\/uploads\/2020\/09\/appStore.png","datePublished":"2020-09-29T08:15:09+00:00","dateModified":"2025-01-23T11:27:19+00:00","description":"Batu zaitez Urbil Klubera\u00a0Urbilen doako App-a\u00a0deskargatuz,\u00a0eta gozatu abantaila esklusiboez: deskontu-kupoiak, opariak,\u00a0zozketak eta sustapenak, haurrentzako gunea bezalako zerbitzu esklusiboa, ekitaldiak, eta askoz gehiago.","breadcrumb":{"@id":"https:\/\/dev.urbil.es\/eu\/urbilkluba#breadcrumb"},"inLanguage":"eu-ES","potentialAction":[{"@type":"ReadAction","target":["https:\/\/dev.urbil.es\/eu\/urbilkluba"]}]},{"@type":"ImageObject","inLanguage":"eu-ES","@id":"https:\/\/dev.urbil.es\/eu\/urbilkluba#primaryimage","url":"https:\/\/dev.urbil.es\/wp-content\/uploads\/2020\/09\/appStore.png","contentUrl":"https:\/\/dev.urbil.es\/wp-content\/uploads\/2020\/09\/appStore.png","width":160,"height":56,"caption":"Descarga Urbiloveres en App Store"},{"@type":"BreadcrumbList","@id":"https:\/\/dev.urbil.es\/eu\/urbilkluba#breadcrumb","itemListElement":[{"@type":"ListItem","position":1,"name":"Portada","item":"https:\/\/dev.urbil.es\/eu"},{"@type":"ListItem","position":2,"name":"URBIL KLUB-ekoa izateak abantailak dauzka"}]},{"@type":"WebSite","@id":"https:\/\/dev.urbil.es\/es\/#website","url":"https:\/\/dev.urbil.es\/es\/","name":"Centro Comercial en Donostia San Sebasti\u00e1n | Urbil","description":"M\u00e1s de 35.000m2 de superficie con una completa oferta comercial en San Sebasti\u00e1n: Hipemercado, Cines, Restaurantes, Ocio, Moda, Belleza, Servicios y Complementos.","publisher":{"@id":"https:\/\/dev.urbil.es\/es\/#organization"},"potentialAction":[{"@type":"SearchAction","target":{"@type":"EntryPoint","urlTemplate":"https:\/\/dev.urbil.es\/es\/?s={search_term_string}"},"query-input":{"@type":"PropertyValueSpecification","valueRequired":true,"valueName":"search_term_string"}}],"inLanguage":"eu-ES"},{"@type":"Organization","@id":"https:\/\/dev.urbil.es\/es\/#organization","name":"Centro Comercial en Donostia San Sebasti\u00e1n | Urbil","url":"https:\/\/dev.urbil.es\/es\/","logo":{"@type":"ImageObject","inLanguage":"eu-ES","@id":"https:\/\/dev.urbil.es\/es\/#\/schema\/logo\/image\/","url":"https:\/\/dev.urbil.es\/wp-content\/uploads\/2023\/05\/logo_urb.png","contentUrl":"https:\/\/dev.urbil.es\/wp-content\/uploads\/2023\/05\/logo_urb.png","width":842,"height":596,"caption":"Centro Comercial en Donostia San Sebasti\u00e1n | Urbil"},"image":{"@id":"https:\/\/dev.urbil.es\/es\/#\/schema\/logo\/image\/"}}]}},"_links":{"self":[{"href":"https:\/\/dev.urbil.es\/eu\/wp-json\/wp\/v2\/pages\/417","targetHints":{"allow":["GET"]}}],"collection":[{"href":"https:\/\/dev.urbil.es\/eu\/wp-json\/wp\/v2\/pages"}],"about":[{"href":"https:\/\/dev.urbil.es\/eu\/wp-json\/wp\/v2\/types\/page"}],"author":[{"embeddable":true,"href":"https:\/\/dev.urbil.es\/eu\/wp-json\/wp\/v2\/users\/1"}],"replies":[{"embeddable":true,"href":"https:\/\/dev.urbil.es\/eu\/wp-json\/wp\/v2\/comments?post=417"}],"version-history":[{"count":28,"href":"https:\/\/dev.urbil.es\/eu\/wp-json\/wp\/v2\/pages\/417\/revisions"}],"predecessor-version":[{"id":14645,"href":"https:\/\/dev.urbil.es\/eu\/wp-json\/wp\/v2\/pages\/417\/revisions\/14645"}],"wp:featuredmedia":[{"embeddable":true,"href":"https:\/\/dev.urbil.es\/eu\/wp-json\/wp\/v2\/media\/414"}],"wp:attachment":[{"href":"https:\/\/dev.urbil.es\/eu\/wp-json\/wp\/v2\/media?parent=417"}],"curies":[{"name":"wp","href":"https:\/\/api.w.org\/{rel}","templated":true}]}}