{"id":403,"date":"2023-06-08T10:35:46","date_gmt":"2023-06-08T10:35:46","guid":{"rendered":"https:\/\/dev.urbil.es\/urbilbox-3\/"},"modified":"2026-05-05T10:49:22","modified_gmt":"2026-05-05T10:49:22","slug":"urbilbox","status":"publish","type":"page","link":"https:\/\/dev.urbil.es\/eu\/urbilbox","title":{"rendered":"UrbilBox. Deskontua duten planak zuretzako edo oparitzeko."},"content":{"rendered":"\t\t<div data-elementor-type=\"wp-page\" data-elementor-id=\"403\" class=\"elementor elementor-403 elementor-58\">\n\t\t\t\t\t\t<section class=\"elementor-section elementor-top-section elementor-element elementor-element-388a99b elementor-section-boxed elementor-section-height-default elementor-section-height-default wpr-particle-no wpr-jarallax-no wpr-parallax-no wpr-sticky-section-no wpr-equal-height-no\" data-id=\"388a99b\" data-element_type=\"section\" data-e-type=\"section\">\n\t\t\t\t\t\t<div class=\"elementor-container elementor-column-gap-default\">\n\t\t\t\t\t<div class=\"elementor-column elementor-col-50 elementor-top-column elementor-element elementor-element-3e5d29b\" data-id=\"3e5d29b\" data-element_type=\"column\" data-e-type=\"column\">\n\t\t\t<div class=\"elementor-widget-wrap elementor-element-populated\">\n\t\t\t\t\t\t<div class=\"elementor-element elementor-element-8b03cd1 elementor-widget elementor-widget-heading\" data-id=\"8b03cd1\" data-element_type=\"widget\" data-e-type=\"widget\" data-widget_type=\"heading.default\">\n\t\t\t\t<div class=\"elementor-widget-container\">\n\t\t\t\t\t<h1 class=\"elementor-heading-title elementor-size-default\">UrbilBox. Deskontua duten planak zuretzako edo oparitzeko.<\/h1>\t\t\t\t<\/div>\n\t\t\t\t<\/div>\n\t\t\t\t<div class=\"elementor-element elementor-element-554c51c elementor-widget elementor-widget-text-editor\" data-id=\"554c51c\" data-element_type=\"widget\" data-e-type=\"widget\" data-widget_type=\"text-editor.default\">\n\t\t\t\t<div class=\"elementor-widget-container\">\n\t\t\t\t\t\t\t\t\t<p>Bezeroenganako Arreta Gunean, honen ondoko Totem Elkarreragilean edo hurrengo aukeretan klik eginez zure UrbilBox-a lortu dezakezu.<\/p><p><strong>* OcioPlan Txiki eta SaltoPlan Txiki haurrentzako planak laster izango dira berriro eskuragarri.<\/strong><\/p>\t\t\t\t\t\t\t\t<\/div>\n\t\t\t\t<\/div>\n\t\t\t\t<div class=\"elementor-element elementor-element-a476b9a no-padding elementor-widget elementor-widget-shortcode\" data-id=\"a476b9a\" data-element_type=\"widget\" data-e-type=\"widget\" data-widget_type=\"shortcode.default\">\n\t\t\t\t<div class=\"elementor-widget-container\">\n\t\t\t\t\t\t\t<div class=\"elementor-shortcode\">\t\t<div data-elementor-type=\"wp-post\" data-elementor-id=\"11455\" class=\"elementor elementor-11455\">\n\t\t\t\t\t\t<section class=\"elementor-section elementor-top-section elementor-element elementor-element-03e4a0f elementor-section-boxed elementor-section-height-default elementor-section-height-default wpr-particle-no wpr-jarallax-no wpr-parallax-no wpr-sticky-section-no wpr-equal-height-no\" data-id=\"03e4a0f\" data-element_type=\"section\" data-e-type=\"section\">\n\t\t\t\t\t\t<div class=\"elementor-container elementor-column-gap-default\">\n\t\t\t\t\t<div class=\"elementor-column elementor-col-100 elementor-top-column elementor-element elementor-element-aaecdcd\" data-id=\"aaecdcd\" data-element_type=\"column\" data-e-type=\"column\">\n\t\t\t<div class=\"elementor-widget-wrap elementor-element-populated\">\n\t\t\t\t\t\t<section class=\"elementor-section elementor-inner-section elementor-element elementor-element-4aef858 elementor-section-boxed elementor-section-height-default elementor-section-height-default wpr-particle-no wpr-jarallax-no wpr-parallax-no wpr-sticky-section-no wpr-equal-height-no\" data-id=\"4aef858\" data-element_type=\"section\" data-e-type=\"section\">\n\t\t\t\t\t\t<div class=\"elementor-container elementor-column-gap-default\">\n\t\t\t\t\t<div class=\"elementor-column elementor-col-33 elementor-inner-column elementor-element elementor-element-b60735c\" data-id=\"b60735c\" data-element_type=\"column\" data-e-type=\"column\">\n\t\t\t<div class=\"elementor-widget-wrap elementor-element-populated\">\n\t\t\t\t\t\t<div class=\"elementor-element elementor-element-7accd90 elementor-widget elementor-widget-image\" data-id=\"7accd90\" data-element_type=\"widget\" data-e-type=\"widget\" data-widget_type=\"image.default\">\n\t\t\t\t<div class=\"elementor-widget-container\">\n\t\t\t\t\t\t\t\t\t\t\t\t\t\t\t\t<a href=\"https:\/\/dev.urbil.es\/eu\/producto\/ocioplan\">\n\t\t\t\t\t\t\t<img fetchpriority=\"high\" decoding=\"async\" width=\"234\" height=\"360\" src=\"https:\/\/dev.urbil.es\/wp-content\/uploads\/2023\/06\/OCIOPLAN-234x360-1.png\" class=\"attachment-large size-large wp-image-12753\" alt=\"OcioPlan\" srcset=\"https:\/\/dev.urbil.es\/wp-content\/uploads\/2023\/06\/OCIOPLAN-234x360-1.png 234w, https:\/\/dev.urbil.es\/wp-content\/uploads\/2023\/06\/OCIOPLAN-234x360-1-195x300.png 195w\" sizes=\"(max-width: 234px) 100vw, 234px\" \/>\t\t\t\t\t\t\t\t<\/a>\n\t\t\t\t\t\t\t\t\t\t\t\t\t\t\t<\/div>\n\t\t\t\t<\/div>\n\t\t\t\t<div class=\"elementor-element elementor-element-e17bd05 elementor-widget elementor-widget-heading\" data-id=\"e17bd05\" data-element_type=\"widget\" data-e-type=\"widget\" data-widget_type=\"heading.default\">\n\t\t\t\t<div class=\"elementor-widget-container\">\n\t\t\t\t\t<h2 class=\"elementor-heading-title elementor-size-default\"><a href=\"https:\/\/dev.urbil.es\/eu\/producto\/ocioplan\">ZINEMA + MENUA<\/a><\/h2>\t\t\t\t<\/div>\n\t\t\t\t<\/div>\n\t\t\t\t\t<\/div>\n\t\t<\/div>\n\t\t\t\t<div class=\"elementor-column elementor-col-33 elementor-inner-column elementor-element elementor-element-a49e9e7\" data-id=\"a49e9e7\" data-element_type=\"column\" data-e-type=\"column\">\n\t\t\t<div class=\"elementor-widget-wrap elementor-element-populated\">\n\t\t\t\t\t\t<div class=\"elementor-element elementor-element-1f8a00b elementor-widget elementor-widget-image\" data-id=\"1f8a00b\" data-element_type=\"widget\" data-e-type=\"widget\" data-widget_type=\"image.default\">\n\t\t\t\t<div class=\"elementor-widget-container\">\n\t\t\t\t\t\t\t\t\t\t\t\t\t\t\t\t<a href=\"https:\/\/dev.urbil.es\/eu\/producto\/saltoplan-tranpolin-parkea-bazkaria-edo-afaria\">\n\t\t\t\t\t\t\t<img decoding=\"async\" width=\"234\" height=\"360\" src=\"https:\/\/dev.urbil.es\/wp-content\/uploads\/2023\/07\/SALTOPLAN-234x360-3.png\" class=\"attachment-large size-large wp-image-13905\" alt=\"\" srcset=\"https:\/\/dev.urbil.es\/wp-content\/uploads\/2023\/07\/SALTOPLAN-234x360-3.png 234w, https:\/\/dev.urbil.es\/wp-content\/uploads\/2023\/07\/SALTOPLAN-234x360-3-195x300.png 195w\" sizes=\"(max-width: 234px) 100vw, 234px\" \/>\t\t\t\t\t\t\t\t<\/a>\n\t\t\t\t\t\t\t\t\t\t\t\t\t\t\t<\/div>\n\t\t\t\t<\/div>\n\t\t\t\t<div class=\"elementor-element elementor-element-b26a241 elementor-widget elementor-widget-heading\" data-id=\"b26a241\" data-element_type=\"widget\" data-e-type=\"widget\" data-widget_type=\"heading.default\">\n\t\t\t\t<div class=\"elementor-widget-container\">\n\t\t\t\t\t<h2 class=\"elementor-heading-title elementor-size-default\"><a href=\"https:\/\/dev.urbil.es\/eu\/producto\/saltoplan-tranpolin-parkea-bazkaria-edo-afaria\">COSTAJUMP + MENUA<\/a><\/h2>\t\t\t\t<\/div>\n\t\t\t\t<\/div>\n\t\t\t\t\t<\/div>\n\t\t<\/div>\n\t\t\t\t<div class=\"elementor-column elementor-col-33 elementor-inner-column elementor-element elementor-element-b901700\" data-id=\"b901700\" data-element_type=\"column\" data-e-type=\"column\">\n\t\t\t<div class=\"elementor-widget-wrap elementor-element-populated\">\n\t\t\t\t\t\t<div class=\"elementor-element elementor-element-521fadc elementor-widget elementor-widget-image\" data-id=\"521fadc\" data-element_type=\"widget\" data-e-type=\"widget\" data-widget_type=\"image.default\">\n\t\t\t\t<div class=\"elementor-widget-container\">\n\t\t\t\t\t\t\t\t\t\t\t\t\t\t\t\t<a href=\"https:\/\/dev.urbil.es\/eu\/producto\/superplan-zinema-ohe-elastikoak-eskaintza\">\n\t\t\t\t\t\t\t<img decoding=\"async\" width=\"234\" height=\"360\" src=\"https:\/\/dev.urbil.es\/wp-content\/uploads\/2023\/07\/SUPERPLAN-234x360-2.png\" class=\"attachment-large size-large wp-image-13895\" alt=\"SuperPlan\" srcset=\"https:\/\/dev.urbil.es\/wp-content\/uploads\/2023\/07\/SUPERPLAN-234x360-2.png 234w, https:\/\/dev.urbil.es\/wp-content\/uploads\/2023\/07\/SUPERPLAN-234x360-2-195x300.png 195w\" sizes=\"(max-width: 234px) 100vw, 234px\" \/>\t\t\t\t\t\t\t\t<\/a>\n\t\t\t\t\t\t\t\t\t\t\t\t\t\t\t<\/div>\n\t\t\t\t<\/div>\n\t\t\t\t<div class=\"elementor-element elementor-element-5d32876 elementor-widget elementor-widget-heading\" data-id=\"5d32876\" data-element_type=\"widget\" data-e-type=\"widget\" data-widget_type=\"heading.default\">\n\t\t\t\t<div class=\"elementor-widget-container\">\n\t\t\t\t\t<h2 class=\"elementor-heading-title elementor-size-default\"><a href=\"https:\/\/dev.urbil.es\/eu\/producto\/superplan-zinema-ohe-elastikoak-eskaintza\">ZINEMA + COSTAJUMP<\/a><\/h2>\t\t\t\t<\/div>\n\t\t\t\t<\/div>\n\t\t\t\t\t<\/div>\n\t\t<\/div>\n\t\t\t\t\t<\/div>\n\t\t<\/section>\n\t\t\t\t\t<\/div>\n\t\t<\/div>\n\t\t\t\t\t<\/div>\n\t\t<\/section>\n\t\t\t\t<\/div>\n\t\t<\/div>\n\t\t\t\t\t\t<\/div>\n\t\t\t\t<\/div>\n\t\t\t\t\t<\/div>\n\t\t<\/div>\n\t\t\t\t<div class=\"elementor-column elementor-col-50 elementor-top-column elementor-element elementor-element-1cea7a5 no-padding\" data-id=\"1cea7a5\" data-element_type=\"column\" data-e-type=\"column\">\n\t\t\t<div class=\"elementor-widget-wrap elementor-element-populated\">\n\t\t\t\t\t\t<div class=\"elementor-element elementor-element-9d7214d elementor-widget elementor-widget-image\" data-id=\"9d7214d\" data-element_type=\"widget\" data-e-type=\"widget\" data-widget_type=\"image.default\">\n\t\t\t\t<div class=\"elementor-widget-container\">\n\t\t\t\t\t\t\t\t\t\t\t\t\t\t\t\t<a href=\"https:\/\/www.urbil.es\/eu\/urbilbox\">\n\t\t\t\t\t\t\t<img loading=\"lazy\" decoding=\"async\" width=\"257\" height=\"466\" src=\"https:\/\/dev.urbil.es\/wp-content\/uploads\/2026\/05\/URBILBOX-257X466-EU.jpg\" class=\"attachment-large size-large wp-image-16000\" alt=\"\" srcset=\"https:\/\/dev.urbil.es\/wp-content\/uploads\/2026\/05\/URBILBOX-257X466-EU.jpg 257w, https:\/\/dev.urbil.es\/wp-content\/uploads\/2026\/05\/URBILBOX-257X466-EU-165x300.jpg 165w\" sizes=\"(max-width: 257px) 100vw, 257px\" \/>\t\t\t\t\t\t\t\t<\/a>\n\t\t\t\t\t\t\t\t\t\t\t\t\t\t\t<\/div>\n\t\t\t\t<\/div>\n\t\t\t\t\t<\/div>\n\t\t<\/div>\n\t\t\t\t\t<\/div>\n\t\t<\/section>\n\t\t\t\t<\/div>\n\t\t","protected":false},"excerpt":{"rendered":"<p>UrbilBox. Deskontua duten planak zuretzako edo oparitzeko. Bezeroenganako Arreta Gunean,<\/p>\n","protected":false},"author":1,"featured_media":0,"parent":0,"menu_order":0,"comment_status":"closed","ping_status":"closed","template":"","meta":{"_acf_changed":false,"footnotes":""},"class_list":["post-403","page","type-page","status-publish","hentry"],"acf":[],"yoast_head":"<!-- This site is optimized with the Yoast SEO plugin v27.5 - https:\/\/yoast.com\/product\/yoast-seo-wordpress\/ -->\n<title>UrbilBox. Deskontua duten planak zuretzako edo oparitzeko. - Centro Comercial en Donostia San Sebasti\u00e1n | Urbil<\/title>\n<meta name=\"description\" content=\"Deskontua duten planak aurki itzazu Urbil merkataritza gunean Donostian eta hasi aisialdirako eta entretenimendurako planik onenekin gozatzen.\" \/>\n<meta name=\"robots\" content=\"noindex, follow, max-snippet:-1, max-image-preview:large, max-video-preview:-1\" \/>\n<meta property=\"og:locale\" content=\"eu_ES\" \/>\n<meta property=\"og:type\" content=\"article\" \/>\n<meta property=\"og:title\" content=\"UrbilBox. Deskontua duten planak zuretzako edo oparitzeko. - Centro Comercial en Donostia San Sebasti\u00e1n | Urbil\" \/>\n<meta property=\"og:description\" content=\"Deskontua duten planak aurki itzazu Urbil merkataritza gunean Donostian eta hasi aisialdirako eta entretenimendurako planik onenekin gozatzen.\" \/>\n<meta property=\"og:url\" content=\"https:\/\/dev.urbil.es\/eu\/urbilbox\" \/>\n<meta property=\"og:site_name\" content=\"Centro Comercial en Donostia San Sebasti\u00e1n | Urbil\" \/>\n<meta property=\"article:modified_time\" content=\"2026-05-05T10:49:22+00:00\" \/>\n<meta property=\"og:image\" content=\"https:\/\/dev.urbil.es\/wp-content\/uploads\/2026\/05\/URBILBOX-257X466-EU.jpg\" \/>\n<meta name=\"twitter:card\" content=\"summary_large_image\" \/>\n<meta name=\"twitter:label1\" content=\"Est. reading time\" \/>\n\t<meta name=\"twitter:data1\" content=\"2 minutes\" \/>\n<script type=\"application\/ld+json\" class=\"yoast-schema-graph\">{\"@context\":\"https:\\\/\\\/schema.org\",\"@graph\":[{\"@type\":\"WebPage\",\"@id\":\"https:\\\/\\\/dev.urbil.es\\\/eu\\\/urbilbox\",\"url\":\"https:\\\/\\\/dev.urbil.es\\\/eu\\\/urbilbox\",\"name\":\"UrbilBox. Deskontua duten planak zuretzako edo oparitzeko. - Centro Comercial en Donostia San Sebasti\u00e1n | Urbil\",\"isPartOf\":{\"@id\":\"https:\\\/\\\/dev.urbil.es\\\/es\\\/#website\"},\"primaryImageOfPage\":{\"@id\":\"https:\\\/\\\/dev.urbil.es\\\/eu\\\/urbilbox#primaryimage\"},\"image\":{\"@id\":\"https:\\\/\\\/dev.urbil.es\\\/eu\\\/urbilbox#primaryimage\"},\"thumbnailUrl\":\"https:\\\/\\\/dev.urbil.es\\\/wp-content\\\/uploads\\\/2026\\\/05\\\/URBILBOX-257X466-EU.jpg\",\"datePublished\":\"2023-06-08T10:35:46+00:00\",\"dateModified\":\"2026-05-05T10:49:22+00:00\",\"description\":\"Deskontua duten planak aurki itzazu Urbil merkataritza gunean Donostian eta hasi aisialdirako eta entretenimendurako planik onenekin gozatzen.\",\"breadcrumb\":{\"@id\":\"https:\\\/\\\/dev.urbil.es\\\/eu\\\/urbilbox#breadcrumb\"},\"inLanguage\":\"eu-ES\",\"potentialAction\":[{\"@type\":\"ReadAction\",\"target\":[\"https:\\\/\\\/dev.urbil.es\\\/eu\\\/urbilbox\"]}]},{\"@type\":\"ImageObject\",\"inLanguage\":\"eu-ES\",\"@id\":\"https:\\\/\\\/dev.urbil.es\\\/eu\\\/urbilbox#primaryimage\",\"url\":\"https:\\\/\\\/dev.urbil.es\\\/wp-content\\\/uploads\\\/2026\\\/05\\\/URBILBOX-257X466-EU.jpg\",\"contentUrl\":\"https:\\\/\\\/dev.urbil.es\\\/wp-content\\\/uploads\\\/2026\\\/05\\\/URBILBOX-257X466-EU.jpg\"},{\"@type\":\"BreadcrumbList\",\"@id\":\"https:\\\/\\\/dev.urbil.es\\\/eu\\\/urbilbox#breadcrumb\",\"itemListElement\":[{\"@type\":\"ListItem\",\"position\":1,\"name\":\"Portada\",\"item\":\"https:\\\/\\\/dev.urbil.es\\\/eu\"},{\"@type\":\"ListItem\",\"position\":2,\"name\":\"UrbilBox. Deskontua duten planak zuretzako edo oparitzeko.\"}]},{\"@type\":\"WebSite\",\"@id\":\"https:\\\/\\\/dev.urbil.es\\\/es\\\/#website\",\"url\":\"https:\\\/\\\/dev.urbil.es\\\/es\\\/\",\"name\":\"Centro Comercial en Donostia San Sebasti\u00e1n | Urbil\",\"description\":\"M\u00e1s de 35.000m2 de superficie con una completa oferta comercial en San Sebasti\u00e1n: Hipemercado, Cines, Restaurantes, Ocio, Moda, Belleza, Servicios y Complementos.\",\"publisher\":{\"@id\":\"https:\\\/\\\/dev.urbil.es\\\/es\\\/#organization\"},\"potentialAction\":[{\"@type\":\"SearchAction\",\"target\":{\"@type\":\"EntryPoint\",\"urlTemplate\":\"https:\\\/\\\/dev.urbil.es\\\/es\\\/?s={search_term_string}\"},\"query-input\":{\"@type\":\"PropertyValueSpecification\",\"valueRequired\":true,\"valueName\":\"search_term_string\"}}],\"inLanguage\":\"eu-ES\"},{\"@type\":\"Organization\",\"@id\":\"https:\\\/\\\/dev.urbil.es\\\/es\\\/#organization\",\"name\":\"Centro Comercial en Donostia San Sebasti\u00e1n | Urbil\",\"url\":\"https:\\\/\\\/dev.urbil.es\\\/es\\\/\",\"logo\":{\"@type\":\"ImageObject\",\"inLanguage\":\"eu-ES\",\"@id\":\"https:\\\/\\\/dev.urbil.es\\\/es\\\/#\\\/schema\\\/logo\\\/image\\\/\",\"url\":\"https:\\\/\\\/dev.urbil.es\\\/wp-content\\\/uploads\\\/2023\\\/05\\\/logo_urb.png\",\"contentUrl\":\"https:\\\/\\\/dev.urbil.es\\\/wp-content\\\/uploads\\\/2023\\\/05\\\/logo_urb.png\",\"width\":842,\"height\":596,\"caption\":\"Centro Comercial en Donostia San Sebasti\u00e1n | Urbil\"},\"image\":{\"@id\":\"https:\\\/\\\/dev.urbil.es\\\/es\\\/#\\\/schema\\\/logo\\\/image\\\/\"}}]}<\/script>\n<!-- \/ Yoast SEO plugin. -->","yoast_head_json":{"title":"UrbilBox. Deskontua duten planak zuretzako edo oparitzeko. - Centro Comercial en Donostia San Sebasti\u00e1n | Urbil","description":"Deskontua duten planak aurki itzazu Urbil merkataritza gunean Donostian eta hasi aisialdirako eta entretenimendurako planik onenekin gozatzen.","robots":{"index":"noindex","follow":"follow","max-snippet":"max-snippet:-1","max-image-preview":"max-image-preview:large","max-video-preview":"max-video-preview:-1"},"og_locale":"eu_ES","og_type":"article","og_title":"UrbilBox. Deskontua duten planak zuretzako edo oparitzeko. - Centro Comercial en Donostia San Sebasti\u00e1n | Urbil","og_description":"Deskontua duten planak aurki itzazu Urbil merkataritza gunean Donostian eta hasi aisialdirako eta entretenimendurako planik onenekin gozatzen.","og_url":"https:\/\/dev.urbil.es\/eu\/urbilbox","og_site_name":"Centro Comercial en Donostia San Sebasti\u00e1n | Urbil","article_modified_time":"2026-05-05T10:49:22+00:00","og_image":[{"url":"https:\/\/dev.urbil.es\/wp-content\/uploads\/2026\/05\/URBILBOX-257X466-EU.jpg","type":"","width":"","height":""}],"twitter_card":"summary_large_image","twitter_misc":{"Est. reading time":"2 minutes"},"schema":{"@context":"https:\/\/schema.org","@graph":[{"@type":"WebPage","@id":"https:\/\/dev.urbil.es\/eu\/urbilbox","url":"https:\/\/dev.urbil.es\/eu\/urbilbox","name":"UrbilBox. Deskontua duten planak zuretzako edo oparitzeko. - Centro Comercial en Donostia San Sebasti\u00e1n | Urbil","isPartOf":{"@id":"https:\/\/dev.urbil.es\/es\/#website"},"primaryImageOfPage":{"@id":"https:\/\/dev.urbil.es\/eu\/urbilbox#primaryimage"},"image":{"@id":"https:\/\/dev.urbil.es\/eu\/urbilbox#primaryimage"},"thumbnailUrl":"https:\/\/dev.urbil.es\/wp-content\/uploads\/2026\/05\/URBILBOX-257X466-EU.jpg","datePublished":"2023-06-08T10:35:46+00:00","dateModified":"2026-05-05T10:49:22+00:00","description":"Deskontua duten planak aurki itzazu Urbil merkataritza gunean Donostian eta hasi aisialdirako eta entretenimendurako planik onenekin gozatzen.","breadcrumb":{"@id":"https:\/\/dev.urbil.es\/eu\/urbilbox#breadcrumb"},"inLanguage":"eu-ES","potentialAction":[{"@type":"ReadAction","target":["https:\/\/dev.urbil.es\/eu\/urbilbox"]}]},{"@type":"ImageObject","inLanguage":"eu-ES","@id":"https:\/\/dev.urbil.es\/eu\/urbilbox#primaryimage","url":"https:\/\/dev.urbil.es\/wp-content\/uploads\/2026\/05\/URBILBOX-257X466-EU.jpg","contentUrl":"https:\/\/dev.urbil.es\/wp-content\/uploads\/2026\/05\/URBILBOX-257X466-EU.jpg"},{"@type":"BreadcrumbList","@id":"https:\/\/dev.urbil.es\/eu\/urbilbox#breadcrumb","itemListElement":[{"@type":"ListItem","position":1,"name":"Portada","item":"https:\/\/dev.urbil.es\/eu"},{"@type":"ListItem","position":2,"name":"UrbilBox. Deskontua duten planak zuretzako edo oparitzeko."}]},{"@type":"WebSite","@id":"https:\/\/dev.urbil.es\/es\/#website","url":"https:\/\/dev.urbil.es\/es\/","name":"Centro Comercial en Donostia San Sebasti\u00e1n | Urbil","description":"M\u00e1s de 35.000m2 de superficie con una completa oferta comercial en San Sebasti\u00e1n: Hipemercado, Cines, Restaurantes, Ocio, Moda, Belleza, Servicios y Complementos.","publisher":{"@id":"https:\/\/dev.urbil.es\/es\/#organization"},"potentialAction":[{"@type":"SearchAction","target":{"@type":"EntryPoint","urlTemplate":"https:\/\/dev.urbil.es\/es\/?s={search_term_string}"},"query-input":{"@type":"PropertyValueSpecification","valueRequired":true,"valueName":"search_term_string"}}],"inLanguage":"eu-ES"},{"@type":"Organization","@id":"https:\/\/dev.urbil.es\/es\/#organization","name":"Centro Comercial en Donostia San Sebasti\u00e1n | Urbil","url":"https:\/\/dev.urbil.es\/es\/","logo":{"@type":"ImageObject","inLanguage":"eu-ES","@id":"https:\/\/dev.urbil.es\/es\/#\/schema\/logo\/image\/","url":"https:\/\/dev.urbil.es\/wp-content\/uploads\/2023\/05\/logo_urb.png","contentUrl":"https:\/\/dev.urbil.es\/wp-content\/uploads\/2023\/05\/logo_urb.png","width":842,"height":596,"caption":"Centro Comercial en Donostia San Sebasti\u00e1n | Urbil"},"image":{"@id":"https:\/\/dev.urbil.es\/es\/#\/schema\/logo\/image\/"}}]}},"_links":{"self":[{"href":"https:\/\/dev.urbil.es\/eu\/wp-json\/wp\/v2\/pages\/403","targetHints":{"allow":["GET"]}}],"collection":[{"href":"https:\/\/dev.urbil.es\/eu\/wp-json\/wp\/v2\/pages"}],"about":[{"href":"https:\/\/dev.urbil.es\/eu\/wp-json\/wp\/v2\/types\/page"}],"author":[{"embeddable":true,"href":"https:\/\/dev.urbil.es\/eu\/wp-json\/wp\/v2\/users\/1"}],"replies":[{"embeddable":true,"href":"https:\/\/dev.urbil.es\/eu\/wp-json\/wp\/v2\/comments?post=403"}],"version-history":[{"count":23,"href":"https:\/\/dev.urbil.es\/eu\/wp-json\/wp\/v2\/pages\/403\/revisions"}],"predecessor-version":[{"id":16012,"href":"https:\/\/dev.urbil.es\/eu\/wp-json\/wp\/v2\/pages\/403\/revisions\/16012"}],"wp:attachment":[{"href":"https:\/\/dev.urbil.es\/eu\/wp-json\/wp\/v2\/media?parent=403"}],"curies":[{"name":"wp","href":"https:\/\/api.w.org\/{rel}","templated":true}]}}