{"id":373,"date":"2020-03-06T10:24:03","date_gmt":"2020-03-06T10:24:03","guid":{"rendered":"https:\/\/dev.urbil.es\/ordutegi-eta-jaiegunak-urbil-merkataritza-gunea\/"},"modified":"2026-01-09T11:16:33","modified_gmt":"2026-01-09T11:16:33","slug":"ordutegi-eta-jaiegunak-urbil-merkataritza-gunea","status":"publish","type":"page","link":"https:\/\/dev.urbil.es\/eu\/ordutegi-eta-jaiegunak-urbil-merkataritza-gunea","title":{"rendered":"Ordutegiak"},"content":{"rendered":"\t\t<div data-elementor-type=\"wp-page\" data-elementor-id=\"373\" class=\"elementor elementor-373 elementor-372\">\n\t\t\t\t\t\t<section class=\"elementor-section elementor-top-section elementor-element elementor-element-c584972 elementor-section-boxed elementor-section-height-default elementor-section-height-default wpr-particle-no wpr-jarallax-no wpr-parallax-no wpr-sticky-section-no wpr-equal-height-no\" data-id=\"c584972\" data-element_type=\"section\" data-e-type=\"section\">\n\t\t\t\t\t\t<div class=\"elementor-container elementor-column-gap-default\">\n\t\t\t\t\t<div class=\"elementor-column elementor-col-100 elementor-top-column elementor-element elementor-element-8cff5e9\" data-id=\"8cff5e9\" data-element_type=\"column\" data-e-type=\"column\">\n\t\t\t<div class=\"elementor-widget-wrap elementor-element-populated\">\n\t\t\t\t\t\t<div class=\"elementor-element elementor-element-3953a2e hfe-nav-menu__breakpoint-none hfe-nav-menu__align-left hfe-submenu-icon-arrow hfe-submenu-animation-none hfe-link-redirect-child elementor-widget elementor-widget-navigation-menu\" data-id=\"3953a2e\" data-element_type=\"widget\" data-e-type=\"widget\" data-settings=\"{&quot;padding_horizontal_menu_item&quot;:{&quot;unit&quot;:&quot;px&quot;,&quot;size&quot;:15,&quot;sizes&quot;:[]},&quot;padding_horizontal_menu_item_tablet&quot;:{&quot;unit&quot;:&quot;px&quot;,&quot;size&quot;:&quot;&quot;,&quot;sizes&quot;:[]},&quot;padding_horizontal_menu_item_mobile&quot;:{&quot;unit&quot;:&quot;px&quot;,&quot;size&quot;:&quot;&quot;,&quot;sizes&quot;:[]},&quot;padding_vertical_menu_item&quot;:{&quot;unit&quot;:&quot;px&quot;,&quot;size&quot;:15,&quot;sizes&quot;:[]},&quot;padding_vertical_menu_item_tablet&quot;:{&quot;unit&quot;:&quot;px&quot;,&quot;size&quot;:&quot;&quot;,&quot;sizes&quot;:[]},&quot;padding_vertical_menu_item_mobile&quot;:{&quot;unit&quot;:&quot;px&quot;,&quot;size&quot;:&quot;&quot;,&quot;sizes&quot;:[]},&quot;menu_space_between&quot;:{&quot;unit&quot;:&quot;px&quot;,&quot;size&quot;:&quot;&quot;,&quot;sizes&quot;:[]},&quot;menu_space_between_tablet&quot;:{&quot;unit&quot;:&quot;px&quot;,&quot;size&quot;:&quot;&quot;,&quot;sizes&quot;:[]},&quot;menu_space_between_mobile&quot;:{&quot;unit&quot;:&quot;px&quot;,&quot;size&quot;:&quot;&quot;,&quot;sizes&quot;:[]},&quot;menu_row_space&quot;:{&quot;unit&quot;:&quot;px&quot;,&quot;size&quot;:&quot;&quot;,&quot;sizes&quot;:[]},&quot;menu_row_space_tablet&quot;:{&quot;unit&quot;:&quot;px&quot;,&quot;size&quot;:&quot;&quot;,&quot;sizes&quot;:[]},&quot;menu_row_space_mobile&quot;:{&quot;unit&quot;:&quot;px&quot;,&quot;size&quot;:&quot;&quot;,&quot;sizes&quot;:[]},&quot;dropdown_border_radius&quot;:{&quot;unit&quot;:&quot;px&quot;,&quot;top&quot;:&quot;&quot;,&quot;right&quot;:&quot;&quot;,&quot;bottom&quot;:&quot;&quot;,&quot;left&quot;:&quot;&quot;,&quot;isLinked&quot;:true},&quot;dropdown_border_radius_tablet&quot;:{&quot;unit&quot;:&quot;px&quot;,&quot;top&quot;:&quot;&quot;,&quot;right&quot;:&quot;&quot;,&quot;bottom&quot;:&quot;&quot;,&quot;left&quot;:&quot;&quot;,&quot;isLinked&quot;:true},&quot;dropdown_border_radius_mobile&quot;:{&quot;unit&quot;:&quot;px&quot;,&quot;top&quot;:&quot;&quot;,&quot;right&quot;:&quot;&quot;,&quot;bottom&quot;:&quot;&quot;,&quot;left&quot;:&quot;&quot;,&quot;isLinked&quot;:true},&quot;width_dropdown_item&quot;:{&quot;unit&quot;:&quot;px&quot;,&quot;size&quot;:&quot;220&quot;,&quot;sizes&quot;:[]},&quot;width_dropdown_item_tablet&quot;:{&quot;unit&quot;:&quot;px&quot;,&quot;size&quot;:&quot;&quot;,&quot;sizes&quot;:[]},&quot;width_dropdown_item_mobile&quot;:{&quot;unit&quot;:&quot;px&quot;,&quot;size&quot;:&quot;&quot;,&quot;sizes&quot;:[]},&quot;padding_horizontal_dropdown_item&quot;:{&quot;unit&quot;:&quot;px&quot;,&quot;size&quot;:&quot;&quot;,&quot;sizes&quot;:[]},&quot;padding_horizontal_dropdown_item_tablet&quot;:{&quot;unit&quot;:&quot;px&quot;,&quot;size&quot;:&quot;&quot;,&quot;sizes&quot;:[]},&quot;padding_horizontal_dropdown_item_mobile&quot;:{&quot;unit&quot;:&quot;px&quot;,&quot;size&quot;:&quot;&quot;,&quot;sizes&quot;:[]},&quot;padding_vertical_dropdown_item&quot;:{&quot;unit&quot;:&quot;px&quot;,&quot;size&quot;:15,&quot;sizes&quot;:[]},&quot;padding_vertical_dropdown_item_tablet&quot;:{&quot;unit&quot;:&quot;px&quot;,&quot;size&quot;:&quot;&quot;,&quot;sizes&quot;:[]},&quot;padding_vertical_dropdown_item_mobile&quot;:{&quot;unit&quot;:&quot;px&quot;,&quot;size&quot;:&quot;&quot;,&quot;sizes&quot;:[]},&quot;distance_from_menu&quot;:{&quot;unit&quot;:&quot;px&quot;,&quot;size&quot;:&quot;&quot;,&quot;sizes&quot;:[]},&quot;distance_from_menu_tablet&quot;:{&quot;unit&quot;:&quot;px&quot;,&quot;size&quot;:&quot;&quot;,&quot;sizes&quot;:[]},&quot;distance_from_menu_mobile&quot;:{&quot;unit&quot;:&quot;px&quot;,&quot;size&quot;:&quot;&quot;,&quot;sizes&quot;:[]},&quot;toggle_size&quot;:{&quot;unit&quot;:&quot;px&quot;,&quot;size&quot;:&quot;&quot;,&quot;sizes&quot;:[]},&quot;toggle_size_tablet&quot;:{&quot;unit&quot;:&quot;px&quot;,&quot;size&quot;:&quot;&quot;,&quot;sizes&quot;:[]},&quot;toggle_size_mobile&quot;:{&quot;unit&quot;:&quot;px&quot;,&quot;size&quot;:&quot;&quot;,&quot;sizes&quot;:[]},&quot;toggle_border_width&quot;:{&quot;unit&quot;:&quot;px&quot;,&quot;size&quot;:&quot;&quot;,&quot;sizes&quot;:[]},&quot;toggle_border_width_tablet&quot;:{&quot;unit&quot;:&quot;px&quot;,&quot;size&quot;:&quot;&quot;,&quot;sizes&quot;:[]},&quot;toggle_border_width_mobile&quot;:{&quot;unit&quot;:&quot;px&quot;,&quot;size&quot;:&quot;&quot;,&quot;sizes&quot;:[]},&quot;toggle_border_radius&quot;:{&quot;unit&quot;:&quot;px&quot;,&quot;size&quot;:&quot;&quot;,&quot;sizes&quot;:[]},&quot;toggle_border_radius_tablet&quot;:{&quot;unit&quot;:&quot;px&quot;,&quot;size&quot;:&quot;&quot;,&quot;sizes&quot;:[]},&quot;toggle_border_radius_mobile&quot;:{&quot;unit&quot;:&quot;px&quot;,&quot;size&quot;:&quot;&quot;,&quot;sizes&quot;:[]}}\" data-widget_type=\"navigation-menu.default\">\n\t\t\t\t<div class=\"elementor-widget-container\">\n\t\t\t\t\t\t\t\t<div class=\"hfe-nav-menu hfe-layout-horizontal hfe-nav-menu-layout horizontal hfe-pointer__none\" data-layout=\"horizontal\">\n\t\t\t\t<div role=\"button\" class=\"hfe-nav-menu__toggle elementor-clickable\" tabindex=\"0\" aria-label=\"Menu Toggle\">\n\t\t\t\t\t<span class=\"screen-reader-text\">Menu<\/span>\n\t\t\t\t\t<div class=\"hfe-nav-menu-icon\">\n\t\t\t\t\t\t\t\t\t\t\t<\/div>\n\t\t\t\t<\/div>\n\t\t\t\t<nav class=\"hfe-nav-menu__layout-horizontal hfe-nav-menu__submenu-arrow\" data-toggle-icon=\"\" data-close-icon=\"\" data-full-width=\"\">\n\t\t\t\t\t<ul id=\"menu-1-3953a2e\" class=\"hfe-nav-menu\"><li id=\"menu-item-8615\" class=\"menu-item menu-item-type-post_type menu-item-object-page parent hfe-creative-menu\"><a href=\"https:\/\/dev.urbil.es\/es\/nosotros\" class = \"hfe-menu-item\">Aurkezpena<\/a><\/li>\n<li id=\"menu-item-8617\" class=\"menu-item menu-item-type-post_type menu-item-object-page parent hfe-creative-menu\"><a href=\"https:\/\/dev.urbil.es\/es\/como-llegar-centro-comercial-urbil\" class = \"hfe-menu-item\">Nola iritsi<\/a><\/li>\n<li id=\"menu-item-8616\" class=\"menu-item menu-item-type-post_type menu-item-object-page parent hfe-creative-menu\"><a href=\"https:\/\/dev.urbil.es\/es\/rutas-desde-urbil\" class = \"hfe-menu-item\">Ibilaldiak Urbiletik<\/a><\/li>\n<li id=\"menu-item-8618\" class=\"menu-item menu-item-type-post_type menu-item-object-page parent hfe-creative-menu\"><a href=\"https:\/\/dev.urbil.es\/es\/horarios-y-festivos-centro-comercial-urbil\" class = \"hfe-menu-item\">Ordutegiak<\/a><\/li>\n<li id=\"menu-item-8619\" class=\"menu-item menu-item-type-post_type menu-item-object-page parent hfe-creative-menu\"><a href=\"https:\/\/dev.urbil.es\/es\/tu-negocio-en-urbil\" class = \"hfe-menu-item\">Zure negozioa Urbilen<\/a><\/li>\n<\/ul> \n\t\t\t\t<\/nav>\n\t\t\t<\/div>\n\t\t\t\t\t\t\t<\/div>\n\t\t\t\t<\/div>\n\t\t\t\t<div class=\"elementor-element elementor-element-2dacb73 elementor-widget elementor-widget-heading\" data-id=\"2dacb73\" data-element_type=\"widget\" data-e-type=\"widget\" data-widget_type=\"heading.default\">\n\t\t\t\t<div class=\"elementor-widget-container\">\n\t\t\t\t\t<h1 class=\"elementor-heading-title elementor-size-default\">Ordutegi eta Jaiegunak Urbil merkataritza-gunea<\/h1>\t\t\t\t<\/div>\n\t\t\t\t<\/div>\n\t\t\t\t<div class=\"elementor-element elementor-element-0d6f7e3 elementor-widget elementor-widget-text-editor\" data-id=\"0d6f7e3\" data-element_type=\"widget\" data-e-type=\"widget\" data-widget_type=\"text-editor.default\">\n\t\t\t\t<div class=\"elementor-widget-container\">\n\t\t\t\t\t\t\t\t\t<div>\n<h2><span style=\"font-family: Brown; font-size: 1.7rem;\">Ordutegia<\/span><\/h2><p style=\"color: rgb(33, 37, 41); font-family: Brown;\"><span style=\"font-weight: bolder;\"><u>Merkataritza lokalak<\/u>:&nbsp;<\/span>astelehenetik larunbatera 10:00etatik 22:00etara&nbsp;(jaiegunetan izan ezik).&nbsp;<\/p><p style=\"color: rgb(33, 37, 41); font-family: Brown;\"><u><span style=\"font-weight: bolder;\">Eroski hipermerkatua<\/span><\/u>: astelehenetik larunbatera 09:30etik 22:00etara&nbsp;(jaiegunetan izan ezik).&nbsp;<\/p><p style=\"color: rgb(33, 37, 41); font-family: Brown;\"><span style=\"font-weight: bolder;\"><u>Jatetxeak<\/u>:&nbsp;<\/span><\/p><ul style=\"color: rgb(33, 37, 41); font-family: Brown; font-size: 14px; background-color: rgb(255, 255, 255);\"><li>Astelehenetik ostegunera 10:00etatik 24:00etara.<\/li><li>Ostirala, larunbata eta jaiegun bezperak 10:00etatik 01:00etara.<\/li><li>Igande eta jaiegunak 12:00etatik 24:00etara.<\/li><\/ul><p style=\"color: rgb(33, 37, 41); font-family: Brown;\">Ordutegi hauek gutxi gorabeherakoak dira, jatetxearen arabera.<\/p><p style=\"color: rgb(33, 37, 41); font-family: Brown;\">365 egunetan irekia (jaiegunak barne), abenduaren 25a, eta urtarrilaren 1a eta 6a.<\/p><p style=\"color: rgb(33, 37, 41); font-family: Brown;\"><u><span style=\"font-weight: bolder;\">* Zentroaren ordutegi berezia Gabonetako egun zehatzetan:<\/span><\/u><\/p><p style=\"color: rgb(33, 37, 41); font-family: Brown;\">Zentroaren ordutegia abenduaren 24an eta 31n 09:30etik 20:00etara izango da. Nolanahi ere, data bereziak direnez, lokal bakoitzaren itxiera-ordutegia bere enpresa-politikaren mende dago, 18:00ak eta&nbsp;20:00ak artean (kontsultatu lehenago).<\/p><p style=\"color: rgb(33, 37, 41); font-family: Brown;\"><span style=\"font-weight: bolder;\">Jatetxeen ordutegi berezia Gabonetan:<\/span><\/p><ul style=\"color: rgb(33, 37, 41); font-family: Brown; font-size: 14px; background-color: rgb(255, 255, 255);\"><li>Abenduaren 24an eta 31n, 12:00etatik 18:00-20:00etara.<\/li><li>Abenduaren 25ean eta 2026ko urtarrilaren 1ean 16:00etan&nbsp;irekiko da.<\/li><li>2026ko urtarrilaren 6an, 12:00etatik 01:30era.<\/li><\/ul><p style=\"color: rgb(33, 37, 41); font-family: Brown;\"><span style=\"font-weight: bolder;\">Merkataritza-lokalen ordutegi berezia Gabonetan:<\/span><\/p><ul style=\"color: rgb(33, 37, 41); font-family: Brown; font-size: 14px; background-color: rgb(255, 255, 255);\"><li>Abenduaren&nbsp;24an eta 31n, 10:00etatik 18:00-20:00etara. Eroski hipermerkatua 18:00etan itxiko da.<\/li><li>Abenduaren 25ean eta 2026ko urtarrilaren 1ean eta 6an itxita.<\/li><li>Gainerako egunetan, ohiko ordutegia.<\/li><\/ul><p style=\"color: rgb(33, 37, 41); font-family: Brown;\"><span style=\"font-weight: bolder;\">Ordutegiak aldatu egin daitezke lokalaren arabera.<\/span><\/p><p style=\"color: rgb(33, 37, 41); font-family: Brown;\">&nbsp;<\/p><h2 style=\"font-size: 1.7rem; font-family: Brown;\">Jaiegunak<\/h2><p style=\"color: rgb(33, 37, 41); font-family: Brown;\"><span style=\"font-weight: bolder;\">Urtarrilaren&nbsp;1a<\/span>, Urteberri eguna.&nbsp;<span style=\"font-weight: bolder;\">Urtarrilaren 6a<\/span>, Jaunaren epifania, Errege magoen eguna.&nbsp;<span style=\"font-weight: bolder;\">Martxoaren 19a,&nbsp;<\/span>San Jose.&nbsp;<span style=\"font-weight: bolder;\">Apirilaren 2a,<\/span>&nbsp;Ostegun Santua.&nbsp;<span style=\"font-weight: bolder;\">Apirilaren 3a<\/span>, Ostiral Santua.&nbsp;<span style=\"font-weight: bolder;\">Apirilaren 6a<\/span>, Pazko Astelehena.&nbsp;<span style=\"font-weight: bolder;\">Maiatzaren 1a,<\/span>&nbsp;Langileen Eguna.&nbsp;<span style=\"font-weight: bolder;\">Uztailaren 2a<\/span>, Santa Isabel, Usurbilgo zaindariaren eguna.&nbsp;<span style=\"font-weight: bolder;\">Uztailaren 25a<\/span>, Santiago Apostoluaren Eguna.&nbsp;<span style=\"font-weight: bolder;\">Uztailaren 31,<\/span>&nbsp;Loiolako San Inazio eguna.&nbsp;<span style=\"font-weight: bolder;\">Abuztuaren 15a,&nbsp;<\/span>Ama bIrjinaren Jasokundea.&nbsp;<span style=\"font-weight: bolder;\">Urriaren 12a,<\/span>&nbsp;Jai Nazionala.&nbsp;<span style=\"font-weight: bolder;\">Abenduaren 8a<\/span>, Ama Birjina Sortzez Garbiaren Eguna.&nbsp;<span style=\"font-weight: bolder;\">Abenduaren 25a,&nbsp;<\/span>Eguberri eguna.<\/p>\n<\/div>\t\t\t\t\t\t\t\t<\/div>\n\t\t\t\t<\/div>\n\t\t\t\t\t<\/div>\n\t\t<\/div>\n\t\t\t\t\t<\/div>\n\t\t<\/section>\n\t\t\t\t<\/div>\n\t\t","protected":false},"excerpt":{"rendered":"<p>Men\u00fa Nosotros C\u00f3mo llegar Rutas Horarios Tu negocio en Urbil<\/p>\n","protected":false},"author":1,"featured_media":0,"parent":0,"menu_order":0,"comment_status":"closed","ping_status":"closed","template":"","meta":{"_acf_changed":false,"footnotes":""},"class_list":["post-373","page","type-page","status-publish","hentry"],"acf":[],"yoast_head":"<!-- This site is optimized with the Yoast SEO plugin v27.5 - https:\/\/yoast.com\/product\/yoast-seo-wordpress\/ -->\n<title>Ordutegiak - Centro Comercial en Donostia San Sebasti\u00e1n | Urbil<\/title>\n<meta name=\"description\" content=\"Informa zaitez Donostiako Urbil merkataritza guneko irekieren Ordutegiari eta Jaiegunei buruz. Denden, jatetxeen eta aisialdirako guneen ordutegia ezagutu.\" \/>\n<meta name=\"robots\" content=\"noindex, follow, max-snippet:-1, max-image-preview:large, max-video-preview:-1\" \/>\n<meta property=\"og:locale\" content=\"eu_ES\" \/>\n<meta property=\"og:type\" content=\"article\" \/>\n<meta property=\"og:title\" content=\"Ordutegiak - Centro Comercial en Donostia San Sebasti\u00e1n | Urbil\" \/>\n<meta property=\"og:description\" content=\"Informa zaitez Donostiako Urbil merkataritza guneko irekieren Ordutegiari eta Jaiegunei buruz. Denden, jatetxeen eta aisialdirako guneen ordutegia ezagutu.\" \/>\n<meta property=\"og:url\" content=\"https:\/\/dev.urbil.es\/eu\/ordutegi-eta-jaiegunak-urbil-merkataritza-gunea\" \/>\n<meta property=\"og:site_name\" content=\"Centro Comercial en Donostia San Sebasti\u00e1n | Urbil\" \/>\n<meta property=\"article:modified_time\" content=\"2026-01-09T11:16:33+00:00\" \/>\n<meta name=\"twitter:card\" content=\"summary_large_image\" \/>\n<meta name=\"twitter:label1\" content=\"Est. reading time\" \/>\n\t<meta name=\"twitter:data1\" content=\"2 minutes\" \/>\n<script type=\"application\/ld+json\" class=\"yoast-schema-graph\">{\"@context\":\"https:\\\/\\\/schema.org\",\"@graph\":[{\"@type\":\"WebPage\",\"@id\":\"https:\\\/\\\/dev.urbil.es\\\/eu\\\/ordutegi-eta-jaiegunak-urbil-merkataritza-gunea\",\"url\":\"https:\\\/\\\/dev.urbil.es\\\/eu\\\/ordutegi-eta-jaiegunak-urbil-merkataritza-gunea\",\"name\":\"Ordutegiak - Centro Comercial en Donostia San Sebasti\u00e1n | Urbil\",\"isPartOf\":{\"@id\":\"https:\\\/\\\/dev.urbil.es\\\/es\\\/#website\"},\"datePublished\":\"2020-03-06T10:24:03+00:00\",\"dateModified\":\"2026-01-09T11:16:33+00:00\",\"description\":\"Informa zaitez Donostiako Urbil merkataritza guneko irekieren Ordutegiari eta Jaiegunei buruz. Denden, jatetxeen eta aisialdirako guneen ordutegia ezagutu.\",\"breadcrumb\":{\"@id\":\"https:\\\/\\\/dev.urbil.es\\\/eu\\\/ordutegi-eta-jaiegunak-urbil-merkataritza-gunea#breadcrumb\"},\"inLanguage\":\"eu-ES\",\"potentialAction\":[{\"@type\":\"ReadAction\",\"target\":[\"https:\\\/\\\/dev.urbil.es\\\/eu\\\/ordutegi-eta-jaiegunak-urbil-merkataritza-gunea\"]}]},{\"@type\":\"BreadcrumbList\",\"@id\":\"https:\\\/\\\/dev.urbil.es\\\/eu\\\/ordutegi-eta-jaiegunak-urbil-merkataritza-gunea#breadcrumb\",\"itemListElement\":[{\"@type\":\"ListItem\",\"position\":1,\"name\":\"Portada\",\"item\":\"https:\\\/\\\/dev.urbil.es\\\/eu\"},{\"@type\":\"ListItem\",\"position\":2,\"name\":\"Ordutegiak\"}]},{\"@type\":\"WebSite\",\"@id\":\"https:\\\/\\\/dev.urbil.es\\\/es\\\/#website\",\"url\":\"https:\\\/\\\/dev.urbil.es\\\/es\\\/\",\"name\":\"Centro Comercial en Donostia San Sebasti\u00e1n | Urbil\",\"description\":\"M\u00e1s de 35.000m2 de superficie con una completa oferta comercial en San Sebasti\u00e1n: Hipemercado, Cines, Restaurantes, Ocio, Moda, Belleza, Servicios y Complementos.\",\"publisher\":{\"@id\":\"https:\\\/\\\/dev.urbil.es\\\/es\\\/#organization\"},\"potentialAction\":[{\"@type\":\"SearchAction\",\"target\":{\"@type\":\"EntryPoint\",\"urlTemplate\":\"https:\\\/\\\/dev.urbil.es\\\/es\\\/?s={search_term_string}\"},\"query-input\":{\"@type\":\"PropertyValueSpecification\",\"valueRequired\":true,\"valueName\":\"search_term_string\"}}],\"inLanguage\":\"eu-ES\"},{\"@type\":\"Organization\",\"@id\":\"https:\\\/\\\/dev.urbil.es\\\/es\\\/#organization\",\"name\":\"Centro Comercial en Donostia San Sebasti\u00e1n | Urbil\",\"url\":\"https:\\\/\\\/dev.urbil.es\\\/es\\\/\",\"logo\":{\"@type\":\"ImageObject\",\"inLanguage\":\"eu-ES\",\"@id\":\"https:\\\/\\\/dev.urbil.es\\\/es\\\/#\\\/schema\\\/logo\\\/image\\\/\",\"url\":\"https:\\\/\\\/dev.urbil.es\\\/wp-content\\\/uploads\\\/2023\\\/05\\\/logo_urb.png\",\"contentUrl\":\"https:\\\/\\\/dev.urbil.es\\\/wp-content\\\/uploads\\\/2023\\\/05\\\/logo_urb.png\",\"width\":842,\"height\":596,\"caption\":\"Centro Comercial en Donostia San Sebasti\u00e1n | Urbil\"},\"image\":{\"@id\":\"https:\\\/\\\/dev.urbil.es\\\/es\\\/#\\\/schema\\\/logo\\\/image\\\/\"}}]}<\/script>\n<!-- \/ Yoast SEO plugin. -->","yoast_head_json":{"title":"Ordutegiak - Centro Comercial en Donostia San Sebasti\u00e1n | Urbil","description":"Informa zaitez Donostiako Urbil merkataritza guneko irekieren Ordutegiari eta Jaiegunei buruz. Denden, jatetxeen eta aisialdirako guneen ordutegia ezagutu.","robots":{"index":"noindex","follow":"follow","max-snippet":"max-snippet:-1","max-image-preview":"max-image-preview:large","max-video-preview":"max-video-preview:-1"},"og_locale":"eu_ES","og_type":"article","og_title":"Ordutegiak - Centro Comercial en Donostia San Sebasti\u00e1n | Urbil","og_description":"Informa zaitez Donostiako Urbil merkataritza guneko irekieren Ordutegiari eta Jaiegunei buruz. Denden, jatetxeen eta aisialdirako guneen ordutegia ezagutu.","og_url":"https:\/\/dev.urbil.es\/eu\/ordutegi-eta-jaiegunak-urbil-merkataritza-gunea","og_site_name":"Centro Comercial en Donostia San Sebasti\u00e1n | Urbil","article_modified_time":"2026-01-09T11:16:33+00:00","twitter_card":"summary_large_image","twitter_misc":{"Est. reading time":"2 minutes"},"schema":{"@context":"https:\/\/schema.org","@graph":[{"@type":"WebPage","@id":"https:\/\/dev.urbil.es\/eu\/ordutegi-eta-jaiegunak-urbil-merkataritza-gunea","url":"https:\/\/dev.urbil.es\/eu\/ordutegi-eta-jaiegunak-urbil-merkataritza-gunea","name":"Ordutegiak - Centro Comercial en Donostia San Sebasti\u00e1n | Urbil","isPartOf":{"@id":"https:\/\/dev.urbil.es\/es\/#website"},"datePublished":"2020-03-06T10:24:03+00:00","dateModified":"2026-01-09T11:16:33+00:00","description":"Informa zaitez Donostiako Urbil merkataritza guneko irekieren Ordutegiari eta Jaiegunei buruz. Denden, jatetxeen eta aisialdirako guneen ordutegia ezagutu.","breadcrumb":{"@id":"https:\/\/dev.urbil.es\/eu\/ordutegi-eta-jaiegunak-urbil-merkataritza-gunea#breadcrumb"},"inLanguage":"eu-ES","potentialAction":[{"@type":"ReadAction","target":["https:\/\/dev.urbil.es\/eu\/ordutegi-eta-jaiegunak-urbil-merkataritza-gunea"]}]},{"@type":"BreadcrumbList","@id":"https:\/\/dev.urbil.es\/eu\/ordutegi-eta-jaiegunak-urbil-merkataritza-gunea#breadcrumb","itemListElement":[{"@type":"ListItem","position":1,"name":"Portada","item":"https:\/\/dev.urbil.es\/eu"},{"@type":"ListItem","position":2,"name":"Ordutegiak"}]},{"@type":"WebSite","@id":"https:\/\/dev.urbil.es\/es\/#website","url":"https:\/\/dev.urbil.es\/es\/","name":"Centro Comercial en Donostia San Sebasti\u00e1n | Urbil","description":"M\u00e1s de 35.000m2 de superficie con una completa oferta comercial en San Sebasti\u00e1n: Hipemercado, Cines, Restaurantes, Ocio, Moda, Belleza, Servicios y Complementos.","publisher":{"@id":"https:\/\/dev.urbil.es\/es\/#organization"},"potentialAction":[{"@type":"SearchAction","target":{"@type":"EntryPoint","urlTemplate":"https:\/\/dev.urbil.es\/es\/?s={search_term_string}"},"query-input":{"@type":"PropertyValueSpecification","valueRequired":true,"valueName":"search_term_string"}}],"inLanguage":"eu-ES"},{"@type":"Organization","@id":"https:\/\/dev.urbil.es\/es\/#organization","name":"Centro Comercial en Donostia San Sebasti\u00e1n | Urbil","url":"https:\/\/dev.urbil.es\/es\/","logo":{"@type":"ImageObject","inLanguage":"eu-ES","@id":"https:\/\/dev.urbil.es\/es\/#\/schema\/logo\/image\/","url":"https:\/\/dev.urbil.es\/wp-content\/uploads\/2023\/05\/logo_urb.png","contentUrl":"https:\/\/dev.urbil.es\/wp-content\/uploads\/2023\/05\/logo_urb.png","width":842,"height":596,"caption":"Centro Comercial en Donostia San Sebasti\u00e1n | Urbil"},"image":{"@id":"https:\/\/dev.urbil.es\/es\/#\/schema\/logo\/image\/"}}]}},"_links":{"self":[{"href":"https:\/\/dev.urbil.es\/eu\/wp-json\/wp\/v2\/pages\/373","targetHints":{"allow":["GET"]}}],"collection":[{"href":"https:\/\/dev.urbil.es\/eu\/wp-json\/wp\/v2\/pages"}],"about":[{"href":"https:\/\/dev.urbil.es\/eu\/wp-json\/wp\/v2\/types\/page"}],"author":[{"embeddable":true,"href":"https:\/\/dev.urbil.es\/eu\/wp-json\/wp\/v2\/users\/1"}],"replies":[{"embeddable":true,"href":"https:\/\/dev.urbil.es\/eu\/wp-json\/wp\/v2\/comments?post=373"}],"version-history":[{"count":28,"href":"https:\/\/dev.urbil.es\/eu\/wp-json\/wp\/v2\/pages\/373\/revisions"}],"predecessor-version":[{"id":15688,"href":"https:\/\/dev.urbil.es\/eu\/wp-json\/wp\/v2\/pages\/373\/revisions\/15688"}],"wp:attachment":[{"href":"https:\/\/dev.urbil.es\/eu\/wp-json\/wp\/v2\/media?parent=373"}],"curies":[{"name":"wp","href":"https:\/\/api.w.org\/{rel}","templated":true}]}}