{"id":361,"date":"2020-03-05T19:10:34","date_gmt":"2020-03-05T19:10:34","guid":{"rendered":"https:\/\/dev.urbil.es\/sustapen-eta-zozketak\/"},"modified":"2023-06-27T18:31:22","modified_gmt":"2023-06-27T18:31:22","slug":"sustapen-eta-zozketak","status":"publish","type":"page","link":"https:\/\/dev.urbil.es\/eu\/sustapen-eta-zozketak","title":{"rendered":"Sustapen eta zozketak"},"content":{"rendered":"\t\t<div data-elementor-type=\"wp-page\" data-elementor-id=\"361\" class=\"elementor elementor-361 elementor-360\">\n\t\t\t\t\t\t<section class=\"elementor-section elementor-top-section elementor-element elementor-element-5283d3d elementor-section-boxed elementor-section-height-default elementor-section-height-default wpr-particle-no wpr-jarallax-no wpr-parallax-no wpr-sticky-section-no wpr-equal-height-no\" data-id=\"5283d3d\" data-element_type=\"section\" data-e-type=\"section\">\n\t\t\t\t\t\t<div class=\"elementor-container elementor-column-gap-default\">\n\t\t\t\t\t<div class=\"elementor-column elementor-col-50 elementor-top-column elementor-element elementor-element-c084e1e\" data-id=\"c084e1e\" data-element_type=\"column\" data-e-type=\"column\">\n\t\t\t<div class=\"elementor-widget-wrap elementor-element-populated\">\n\t\t\t\t\t\t<div class=\"elementor-element elementor-element-6557ebe elementor-widget elementor-widget-heading\" data-id=\"6557ebe\" data-element_type=\"widget\" data-e-type=\"widget\" data-widget_type=\"heading.default\">\n\t\t\t\t<div class=\"elementor-widget-container\">\n\t\t\t\t\t<h1 class=\"elementor-heading-title elementor-size-default\">Sustapen eta zozketak<\/h1>\t\t\t\t<\/div>\n\t\t\t\t<\/div>\n\t\t\t\t<div class=\"elementor-element elementor-element-5b4ff1f elementor-widget elementor-widget-text-editor\" data-id=\"5b4ff1f\" data-element_type=\"widget\" data-e-type=\"widget\" data-widget_type=\"text-editor.default\">\n\t\t\t\t<div class=\"elementor-widget-container\">\n\t\t\t\t\t\t\t\t\t<p>Urbilen Merkataritza-Guneko sustapen\u00a0eta zozketa esklusiboez gozatu ahal izango duzu, baita gure denda eta lokal bakoitzeko eskaintza zabalaz ere. Aukeratu ondorengo\u00a0aukera\u00a0bat eta informatu zaitez.<\/p>\t\t\t\t\t\t\t\t<\/div>\n\t\t\t\t<\/div>\n\t\t\t\t<div class=\"elementor-element elementor-element-7cf8808 elementor-widget elementor-widget-shortcode\" data-id=\"7cf8808\" data-element_type=\"widget\" data-e-type=\"widget\" data-widget_type=\"shortcode.default\">\n\t\t\t\t<div class=\"elementor-widget-container\">\n\t\t\t\t\t\t\t<div class=\"elementor-shortcode\"><div class=\"filtros\"><span class=\"filtro_tax filtro_tax_activo\" data-id=\"-1\">Todo<\/span> <span class=\"filtro_tax \" data-id=\"53\">Gure dendakoak<\/span> <span class=\"filtro_tax \" data-id=\"55\">Haurrenak<\/span> <span class=\"filtro_tax \" data-id=\"57\">Klubeko esklusiboak<\/span> <span class=\"filtro_tax \" data-id=\"51\">Zentrokoak<\/span> <\/div><input type=\"hidden\" name=\"taxonomia2\" id=\"taxonomia2\" value=\"procedencia\"><input type=\"hidden\" name=\"pagina_id\" id=\"pagina_id\" value=\"0\"><input type=\"hidden\" name=\"tipo\" id=\"tipo\" value=\"publicacion\"><input type=\"hidden\" name=\"taxonomia\" id=\"taxonomia\" value=\"tipo_de_publicacion\"><input type=\"hidden\" name=\"termino\" id=\"termino\" value=\"91\"><input type=\"hidden\" name=\"inicio\" id=\"inicio\" value=\"0\"><div id=\"resultados\"><\/div>\n\t<script>\n\tjQuery(document).ready(function(){\n\t\tfiltrar(0,);\t\n\t});\n\t<\/script>\n\t<\/div>\n\t\t\t\t\t\t<\/div>\n\t\t\t\t<\/div>\n\t\t\t\t\t<\/div>\n\t\t<\/div>\n\t\t\t\t<div class=\"elementor-column elementor-col-50 elementor-top-column elementor-element elementor-element-b8bf713 no-padding\" data-id=\"b8bf713\" data-element_type=\"column\" data-e-type=\"column\">\n\t\t\t<div class=\"elementor-widget-wrap elementor-element-populated\">\n\t\t\t\t\t\t<div class=\"elementor-element elementor-element-cd2fc61 elementor-widget elementor-widget-shortcode\" data-id=\"cd2fc61\" data-element_type=\"widget\" data-e-type=\"widget\" data-widget_type=\"shortcode.default\">\n\t\t\t\t<div class=\"elementor-widget-container\">\n\t\t\t\t\t\t\t<div class=\"elementor-shortcode\">\t\t<div data-elementor-type=\"wp-post\" data-elementor-id=\"10104\" class=\"elementor elementor-10104 elementor-8313 elementor-8313\">\n\t\t\t\t\t\t<section class=\"elementor-section elementor-top-section elementor-element elementor-element-bdf9ccb elementor-section-boxed elementor-section-height-default elementor-section-height-default wpr-particle-no wpr-jarallax-no wpr-parallax-no wpr-sticky-section-no wpr-equal-height-no\" data-id=\"bdf9ccb\" data-element_type=\"section\" data-e-type=\"section\">\n\t\t\t\t\t\t<div class=\"elementor-container elementor-column-gap-default\">\n\t\t\t\t\t<div class=\"elementor-column elementor-col-100 elementor-top-column elementor-element elementor-element-4657f47\" data-id=\"4657f47\" data-element_type=\"column\" data-e-type=\"column\">\n\t\t\t<div class=\"elementor-widget-wrap elementor-element-populated\">\n\t\t\t\t\t\t<div class=\"elementor-element elementor-element-6e12866 elementor-widget elementor-widget-image\" data-id=\"6e12866\" data-element_type=\"widget\" data-e-type=\"widget\" data-widget_type=\"image.default\">\n\t\t\t\t<div class=\"elementor-widget-container\">\n\t\t\t\t\t\t\t\t\t\t\t\t\t\t\t<img decoding=\"async\" width=\"100\" height=\"100\" src=\"https:\/\/dev.urbil.es\/wp-content\/uploads\/2023\/06\/megafono.svg\" class=\"attachment-large size-large wp-image-8316\" alt=\"\" \/>\t\t\t\t\t\t\t\t\t\t\t\t\t\t\t<\/div>\n\t\t\t\t<\/div>\n\t\t\t\t<div class=\"elementor-element elementor-element-8293894 elementor-widget elementor-widget-image\" data-id=\"8293894\" data-element_type=\"widget\" data-e-type=\"widget\" data-widget_type=\"image.default\">\n\t\t\t\t<div class=\"elementor-widget-container\">\n\t\t\t\t\t\t\t\t\t\t\t\t\t\t\t\t<a href=\"https:\/\/dev.urbil.es\/eu\/urbilbox\/\">\n\t\t\t\t\t\t\t<img fetchpriority=\"high\" decoding=\"async\" width=\"240\" height=\"450\" src=\"https:\/\/dev.urbil.es\/wp-content\/uploads\/2023\/06\/banner_Ubox_EU_0.jpg\" class=\"attachment-large size-large wp-image-10066\" alt=\"\" srcset=\"https:\/\/dev.urbil.es\/wp-content\/uploads\/2023\/06\/banner_Ubox_EU_0.jpg 240w, https:\/\/dev.urbil.es\/wp-content\/uploads\/2023\/06\/banner_Ubox_EU_0-160x300.jpg 160w\" sizes=\"(max-width: 240px) 100vw, 240px\" \/>\t\t\t\t\t\t\t\t<\/a>\n\t\t\t\t\t\t\t\t\t\t\t\t\t\t\t<\/div>\n\t\t\t\t<\/div>\n\t\t\t\t\t<\/div>\n\t\t<\/div>\n\t\t\t\t\t<\/div>\n\t\t<\/section>\n\t\t\t\t<\/div>\n\t\t<\/div>\n\t\t\t\t\t\t<\/div>\n\t\t\t\t<\/div>\n\t\t\t\t\t<\/div>\n\t\t<\/div>\n\t\t\t\t\t<\/div>\n\t\t<\/section>\n\t\t\t\t<\/div>\n\t\t","protected":false},"excerpt":{"rendered":"<p>Sustapen eta zozketak Urbilen Merkataritza-Guneko sustapen\u00a0eta zozketa esklusiboez gozatu ahal<\/p>\n","protected":false},"author":1,"featured_media":0,"parent":0,"menu_order":0,"comment_status":"closed","ping_status":"closed","template":"","meta":{"_acf_changed":false,"footnotes":""},"class_list":["post-361","page","type-page","status-publish","hentry"],"acf":[],"yoast_head":"<!-- This site is optimized with the Yoast SEO plugin v27.5 - https:\/\/yoast.com\/product\/yoast-seo-wordpress\/ -->\n<title>Sustapen eta zozketak - Centro Comercial en Donostia San Sebasti\u00e1n | Urbil<\/title>\n<meta name=\"description\" content=\"Ezagutu gure denda, jatetxe eta aisialdi-guneetako eskaintza, sustapen eta zozketa guztiak. Gozatu zure bisita Urbil merkataritza gunean.\" \/>\n<meta name=\"robots\" content=\"noindex, follow, max-snippet:-1, max-image-preview:large, max-video-preview:-1\" \/>\n<meta property=\"og:locale\" content=\"eu_ES\" \/>\n<meta property=\"og:type\" content=\"article\" \/>\n<meta property=\"og:title\" content=\"Sustapen eta zozketak - Centro Comercial en Donostia San Sebasti\u00e1n | Urbil\" \/>\n<meta property=\"og:description\" content=\"Ezagutu gure denda, jatetxe eta aisialdi-guneetako eskaintza, sustapen eta zozketa guztiak. Gozatu zure bisita Urbil merkataritza gunean.\" \/>\n<meta property=\"og:url\" content=\"https:\/\/dev.urbil.es\/eu\/sustapen-eta-zozketak\" \/>\n<meta property=\"og:site_name\" content=\"Centro Comercial en Donostia San Sebasti\u00e1n | Urbil\" \/>\n<meta property=\"article:modified_time\" content=\"2023-06-27T18:31:22+00:00\" \/>\n<meta name=\"twitter:card\" content=\"summary_large_image\" \/>\n<script type=\"application\/ld+json\" class=\"yoast-schema-graph\">{\"@context\":\"https:\\\/\\\/schema.org\",\"@graph\":[{\"@type\":\"WebPage\",\"@id\":\"https:\\\/\\\/dev.urbil.es\\\/eu\\\/sustapen-eta-zozketak\",\"url\":\"https:\\\/\\\/dev.urbil.es\\\/eu\\\/sustapen-eta-zozketak\",\"name\":\"Sustapen eta zozketak - Centro Comercial en Donostia San Sebasti\u00e1n | Urbil\",\"isPartOf\":{\"@id\":\"https:\\\/\\\/dev.urbil.es\\\/es\\\/#website\"},\"datePublished\":\"2020-03-05T19:10:34+00:00\",\"dateModified\":\"2023-06-27T18:31:22+00:00\",\"description\":\"Ezagutu gure denda, jatetxe eta aisialdi-guneetako eskaintza, sustapen eta zozketa guztiak. Gozatu zure bisita Urbil merkataritza gunean.\",\"breadcrumb\":{\"@id\":\"https:\\\/\\\/dev.urbil.es\\\/eu\\\/sustapen-eta-zozketak#breadcrumb\"},\"inLanguage\":\"eu-ES\",\"potentialAction\":[{\"@type\":\"ReadAction\",\"target\":[\"https:\\\/\\\/dev.urbil.es\\\/eu\\\/sustapen-eta-zozketak\"]}]},{\"@type\":\"BreadcrumbList\",\"@id\":\"https:\\\/\\\/dev.urbil.es\\\/eu\\\/sustapen-eta-zozketak#breadcrumb\",\"itemListElement\":[{\"@type\":\"ListItem\",\"position\":1,\"name\":\"Portada\",\"item\":\"https:\\\/\\\/dev.urbil.es\\\/eu\"},{\"@type\":\"ListItem\",\"position\":2,\"name\":\"Sustapen eta zozketak\"}]},{\"@type\":\"WebSite\",\"@id\":\"https:\\\/\\\/dev.urbil.es\\\/es\\\/#website\",\"url\":\"https:\\\/\\\/dev.urbil.es\\\/es\\\/\",\"name\":\"Centro Comercial en Donostia San Sebasti\u00e1n | Urbil\",\"description\":\"M\u00e1s de 35.000m2 de superficie con una completa oferta comercial en San Sebasti\u00e1n: Hipemercado, Cines, Restaurantes, Ocio, Moda, Belleza, Servicios y Complementos.\",\"publisher\":{\"@id\":\"https:\\\/\\\/dev.urbil.es\\\/es\\\/#organization\"},\"potentialAction\":[{\"@type\":\"SearchAction\",\"target\":{\"@type\":\"EntryPoint\",\"urlTemplate\":\"https:\\\/\\\/dev.urbil.es\\\/es\\\/?s={search_term_string}\"},\"query-input\":{\"@type\":\"PropertyValueSpecification\",\"valueRequired\":true,\"valueName\":\"search_term_string\"}}],\"inLanguage\":\"eu-ES\"},{\"@type\":\"Organization\",\"@id\":\"https:\\\/\\\/dev.urbil.es\\\/es\\\/#organization\",\"name\":\"Centro Comercial en Donostia San Sebasti\u00e1n | Urbil\",\"url\":\"https:\\\/\\\/dev.urbil.es\\\/es\\\/\",\"logo\":{\"@type\":\"ImageObject\",\"inLanguage\":\"eu-ES\",\"@id\":\"https:\\\/\\\/dev.urbil.es\\\/es\\\/#\\\/schema\\\/logo\\\/image\\\/\",\"url\":\"https:\\\/\\\/dev.urbil.es\\\/wp-content\\\/uploads\\\/2023\\\/05\\\/logo_urb.png\",\"contentUrl\":\"https:\\\/\\\/dev.urbil.es\\\/wp-content\\\/uploads\\\/2023\\\/05\\\/logo_urb.png\",\"width\":842,\"height\":596,\"caption\":\"Centro Comercial en Donostia San Sebasti\u00e1n | Urbil\"},\"image\":{\"@id\":\"https:\\\/\\\/dev.urbil.es\\\/es\\\/#\\\/schema\\\/logo\\\/image\\\/\"}}]}<\/script>\n<!-- \/ Yoast SEO plugin. -->","yoast_head_json":{"title":"Sustapen eta zozketak - Centro Comercial en Donostia San Sebasti\u00e1n | Urbil","description":"Ezagutu gure denda, jatetxe eta aisialdi-guneetako eskaintza, sustapen eta zozketa guztiak. Gozatu zure bisita Urbil merkataritza gunean.","robots":{"index":"noindex","follow":"follow","max-snippet":"max-snippet:-1","max-image-preview":"max-image-preview:large","max-video-preview":"max-video-preview:-1"},"og_locale":"eu_ES","og_type":"article","og_title":"Sustapen eta zozketak - Centro Comercial en Donostia San Sebasti\u00e1n | Urbil","og_description":"Ezagutu gure denda, jatetxe eta aisialdi-guneetako eskaintza, sustapen eta zozketa guztiak. Gozatu zure bisita Urbil merkataritza gunean.","og_url":"https:\/\/dev.urbil.es\/eu\/sustapen-eta-zozketak","og_site_name":"Centro Comercial en Donostia San Sebasti\u00e1n | Urbil","article_modified_time":"2023-06-27T18:31:22+00:00","twitter_card":"summary_large_image","schema":{"@context":"https:\/\/schema.org","@graph":[{"@type":"WebPage","@id":"https:\/\/dev.urbil.es\/eu\/sustapen-eta-zozketak","url":"https:\/\/dev.urbil.es\/eu\/sustapen-eta-zozketak","name":"Sustapen eta zozketak - Centro Comercial en Donostia San Sebasti\u00e1n | Urbil","isPartOf":{"@id":"https:\/\/dev.urbil.es\/es\/#website"},"datePublished":"2020-03-05T19:10:34+00:00","dateModified":"2023-06-27T18:31:22+00:00","description":"Ezagutu gure denda, jatetxe eta aisialdi-guneetako eskaintza, sustapen eta zozketa guztiak. Gozatu zure bisita Urbil merkataritza gunean.","breadcrumb":{"@id":"https:\/\/dev.urbil.es\/eu\/sustapen-eta-zozketak#breadcrumb"},"inLanguage":"eu-ES","potentialAction":[{"@type":"ReadAction","target":["https:\/\/dev.urbil.es\/eu\/sustapen-eta-zozketak"]}]},{"@type":"BreadcrumbList","@id":"https:\/\/dev.urbil.es\/eu\/sustapen-eta-zozketak#breadcrumb","itemListElement":[{"@type":"ListItem","position":1,"name":"Portada","item":"https:\/\/dev.urbil.es\/eu"},{"@type":"ListItem","position":2,"name":"Sustapen eta zozketak"}]},{"@type":"WebSite","@id":"https:\/\/dev.urbil.es\/es\/#website","url":"https:\/\/dev.urbil.es\/es\/","name":"Centro Comercial en Donostia San Sebasti\u00e1n | Urbil","description":"M\u00e1s de 35.000m2 de superficie con una completa oferta comercial en San Sebasti\u00e1n: Hipemercado, Cines, Restaurantes, Ocio, Moda, Belleza, Servicios y Complementos.","publisher":{"@id":"https:\/\/dev.urbil.es\/es\/#organization"},"potentialAction":[{"@type":"SearchAction","target":{"@type":"EntryPoint","urlTemplate":"https:\/\/dev.urbil.es\/es\/?s={search_term_string}"},"query-input":{"@type":"PropertyValueSpecification","valueRequired":true,"valueName":"search_term_string"}}],"inLanguage":"eu-ES"},{"@type":"Organization","@id":"https:\/\/dev.urbil.es\/es\/#organization","name":"Centro Comercial en Donostia San Sebasti\u00e1n | Urbil","url":"https:\/\/dev.urbil.es\/es\/","logo":{"@type":"ImageObject","inLanguage":"eu-ES","@id":"https:\/\/dev.urbil.es\/es\/#\/schema\/logo\/image\/","url":"https:\/\/dev.urbil.es\/wp-content\/uploads\/2023\/05\/logo_urb.png","contentUrl":"https:\/\/dev.urbil.es\/wp-content\/uploads\/2023\/05\/logo_urb.png","width":842,"height":596,"caption":"Centro Comercial en Donostia San Sebasti\u00e1n | Urbil"},"image":{"@id":"https:\/\/dev.urbil.es\/es\/#\/schema\/logo\/image\/"}}]}},"_links":{"self":[{"href":"https:\/\/dev.urbil.es\/eu\/wp-json\/wp\/v2\/pages\/361","targetHints":{"allow":["GET"]}}],"collection":[{"href":"https:\/\/dev.urbil.es\/eu\/wp-json\/wp\/v2\/pages"}],"about":[{"href":"https:\/\/dev.urbil.es\/eu\/wp-json\/wp\/v2\/types\/page"}],"author":[{"embeddable":true,"href":"https:\/\/dev.urbil.es\/eu\/wp-json\/wp\/v2\/users\/1"}],"replies":[{"embeddable":true,"href":"https:\/\/dev.urbil.es\/eu\/wp-json\/wp\/v2\/comments?post=361"}],"version-history":[{"count":9,"href":"https:\/\/dev.urbil.es\/eu\/wp-json\/wp\/v2\/pages\/361\/revisions"}],"predecessor-version":[{"id":10115,"href":"https:\/\/dev.urbil.es\/eu\/wp-json\/wp\/v2\/pages\/361\/revisions\/10115"}],"wp:attachment":[{"href":"https:\/\/dev.urbil.es\/eu\/wp-json\/wp\/v2\/media?parent=361"}],"curies":[{"name":"wp","href":"https:\/\/api.w.org\/{rel}","templated":true}]}}