{"id":357,"date":"2020-01-27T11:51:33","date_gmt":"2020-01-27T11:51:33","guid":{"rendered":"https:\/\/dev.urbil.es\/lokalak\/"},"modified":"2023-07-19T09:39:51","modified_gmt":"2023-07-19T09:39:51","slug":"lokalak","status":"publish","type":"page","link":"https:\/\/dev.urbil.es\/eu\/lokalak","title":{"rendered":"Dendak eta jatetxeak"},"content":{"rendered":"\t\t<div data-elementor-type=\"wp-page\" data-elementor-id=\"357\" class=\"elementor elementor-357 elementor-356\">\n\t\t\t\t\t\t<section class=\"elementor-section elementor-top-section elementor-element elementor-element-8716f0d elementor-section-boxed elementor-section-height-default elementor-section-height-default wpr-particle-no wpr-jarallax-no wpr-parallax-no wpr-sticky-section-no wpr-equal-height-no\" data-id=\"8716f0d\" data-element_type=\"section\" data-e-type=\"section\">\n\t\t\t\t\t\t<div class=\"elementor-container elementor-column-gap-default\">\n\t\t\t\t\t<div class=\"elementor-column elementor-col-100 elementor-top-column elementor-element elementor-element-812acbe\" data-id=\"812acbe\" data-element_type=\"column\" data-e-type=\"column\">\n\t\t\t<div class=\"elementor-widget-wrap elementor-element-populated\">\n\t\t\t\t\t\t<div class=\"elementor-element elementor-element-705084e elementor-widget elementor-widget-heading\" data-id=\"705084e\" data-element_type=\"widget\" data-e-type=\"widget\" data-widget_type=\"heading.default\">\n\t\t\t\t<div class=\"elementor-widget-container\">\n\t\t\t\t\t<h1 class=\"elementor-heading-title elementor-size-default\">Dendak eta jatetxeak<\/h1>\t\t\t\t<\/div>\n\t\t\t\t<\/div>\n\t\t\t\t\t<\/div>\n\t\t<\/div>\n\t\t\t\t\t<\/div>\n\t\t<\/section>\n\t\t\t\t<section class=\"elementor-section elementor-top-section elementor-element elementor-element-ab26ab5 elementor-section-boxed elementor-section-height-default elementor-section-height-default wpr-particle-no wpr-jarallax-no wpr-parallax-no wpr-sticky-section-no wpr-equal-height-no\" data-id=\"ab26ab5\" data-element_type=\"section\" data-e-type=\"section\">\n\t\t\t\t\t\t<div class=\"elementor-container elementor-column-gap-default\">\n\t\t\t\t\t<div class=\"elementor-column elementor-col-50 elementor-top-column elementor-element elementor-element-07e488c\" data-id=\"07e488c\" data-element_type=\"column\" data-e-type=\"column\">\n\t\t\t<div class=\"elementor-widget-wrap elementor-element-populated\">\n\t\t\t\t\t\t<div class=\"elementor-element elementor-element-ce6e80c elementor-widget elementor-widget-shortcode\" data-id=\"ce6e80c\" data-element_type=\"widget\" data-e-type=\"widget\" data-widget_type=\"shortcode.default\">\n\t\t\t\t<div class=\"elementor-widget-container\">\n\t\t\t\t\t\t\t<div class=\"elementor-shortcode\"><a href=\"https:\/\/dev.urbil.es\/eu\/tipo_de_local\/aisialdia-eu\"><div class=\"contenedor_categoria\"><div class=\"titulo_cat\">Aisialdia<\/div><\/a><\/div><a href=\"https:\/\/dev.urbil.es\/eu\/tipo_de_local\/animalia-dendak-eu\"><div class=\"contenedor_categoria\"><div class=\"titulo_cat\">Animalia-dendak<\/div><\/a><\/div><a href=\"https:\/\/dev.urbil.es\/eu\/tipo_de_local\/dekorazio-dendak-eu\"><div class=\"contenedor_categoria\"><div class=\"titulo_cat\">Dekorazio-dendak<\/div><\/a><\/div><a href=\"https:\/\/dev.urbil.es\/eu\/tipo_de_local\/elikadura-dendak-eu\"><div class=\"contenedor_categoria\"><div class=\"titulo_cat\">Elikadura-dendak<\/div><\/a><\/div><a href=\"https:\/\/dev.urbil.es\/eu\/tipo_de_local\/gimnasioa-eu\"><div class=\"contenedor_categoria\"><div class=\"titulo_cat\">Gimnasioa<\/div><\/a><\/div><a href=\"https:\/\/dev.urbil.es\/eu\/tipo_de_local\/haurrentzakodendak-eu\"><div class=\"contenedor_categoria\"><div class=\"titulo_cat\">Haurrentzako dendak<\/div><\/a><\/div><a href=\"https:\/\/dev.urbil.es\/eu\/tipo_de_local\/jatetxeak-eu\"><div class=\"contenedor_categoria\"><div class=\"titulo_cat\">Jatetxeak<\/div><\/a><\/div><a href=\"https:\/\/dev.urbil.es\/eu\/tipo_de_local\/jostailu-denda-eu\"><div class=\"contenedor_categoria\"><div class=\"titulo_cat\">Jostailu-denda<\/div><\/a><\/div><a href=\"https:\/\/dev.urbil.es\/eu\/tipo_de_local\/kirol-dendak-eu\"><div class=\"contenedor_categoria\"><div class=\"titulo_cat\">Kirol-dendak<\/div><\/a><\/div><a href=\"https:\/\/dev.urbil.es\/eu\/tipo_de_local\/lentzeria-dendak-eu\"><div class=\"contenedor_categoria\"><div class=\"titulo_cat\">Lentzeria-dendak<\/div><\/a><\/div><a href=\"https:\/\/dev.urbil.es\/eu\/tipo_de_local\/lurrindegia-eu\"><div class=\"contenedor_categoria\"><div class=\"titulo_cat\">Lurrindegia<\/div><\/a><\/div><a href=\"https:\/\/dev.urbil.es\/eu\/tipo_de_local\/moda-dendak-eu\"><div class=\"contenedor_categoria\"><div class=\"titulo_cat\">Moda-dendak<\/div><\/a><\/div><a href=\"https:\/\/dev.urbil.es\/eu\/tipo_de_local\/osagarri-dendak-eu\"><div class=\"contenedor_categoria\"><div class=\"titulo_cat\">Osagarri-dendak<\/div><\/a><\/div><a href=\"https:\/\/dev.urbil.es\/eu\/tipo_de_local\/telefonia-dendak-eu\"><div class=\"contenedor_categoria\"><div class=\"titulo_cat\">Telefonia-dendak<\/div><\/a><\/div><a href=\"https:\/\/dev.urbil.es\/eu\/tipo_de_local\/zapata-dendak-eu\"><div class=\"contenedor_categoria\"><div class=\"titulo_cat\">Zapata-dendak<\/div><\/a><\/div><a href=\"https:\/\/dev.urbil.es\/eu\/tipo_de_local\/zerbitzuak-eu\"><div class=\"contenedor_categoria\"><div class=\"titulo_cat\">Zerbitzuak<\/div><\/a><\/div><\/div>\n\t\t\t\t\t\t<\/div>\n\t\t\t\t<\/div>\n\t\t\t\t\t<\/div>\n\t\t<\/div>\n\t\t\t\t<div class=\"elementor-column elementor-col-50 elementor-top-column elementor-element elementor-element-0583f59\" data-id=\"0583f59\" data-element_type=\"column\" data-e-type=\"column\">\n\t\t\t<div class=\"elementor-widget-wrap elementor-element-populated\">\n\t\t\t\t\t\t<div class=\"elementor-element elementor-element-3a9affd elementor-widget elementor-widget-html\" data-id=\"3a9affd\" data-element_type=\"widget\" data-e-type=\"widget\" data-widget_type=\"html.default\">\n\t\t\t\t<div class=\"elementor-widget-container\">\n\t\t\t\t\t<iframe allowfullscreen=\"\" height=\"550\" src=\"https:\/\/www.urbil.es\/sites\/default\/files\/maps\/\" style=\"border:0;\" width=\"600\"><\/iframe>\t\t\t\t<\/div>\n\t\t\t\t<\/div>\n\t\t\t\t\t<\/div>\n\t\t<\/div>\n\t\t\t\t\t<\/div>\n\t\t<\/section>\n\t\t\t\t<\/div>\n\t\t","protected":false},"excerpt":{"rendered":"<p>Dendak eta jatetxeak<\/p>\n","protected":false},"author":1,"featured_media":0,"parent":0,"menu_order":0,"comment_status":"closed","ping_status":"closed","template":"","meta":{"_acf_changed":false,"footnotes":""},"class_list":["post-357","page","type-page","status-publish","hentry"],"acf":[],"yoast_head":"<!-- This site is optimized with the Yoast SEO plugin v27.5 - https:\/\/yoast.com\/product\/yoast-seo-wordpress\/ -->\n<title>Dendak eta jatetxeak - Centro Comercial en Donostia San Sebasti\u00e1n | Urbil<\/title>\n<meta name=\"description\" content=\"Ezagutu Donostian Urbil merkataritza guneko Denda eta Jatetxeak. Jatetxeak, Arropa-Dendak, Hipermerkatuak edo Zinema Donostian.\" \/>\n<meta name=\"robots\" content=\"noindex, follow, max-snippet:-1, max-image-preview:large, max-video-preview:-1\" \/>\n<meta property=\"og:locale\" content=\"eu_ES\" \/>\n<meta property=\"og:type\" content=\"article\" \/>\n<meta property=\"og:title\" content=\"Dendak eta jatetxeak - Centro Comercial en Donostia San Sebasti\u00e1n | Urbil\" \/>\n<meta property=\"og:description\" content=\"Ezagutu Donostian Urbil merkataritza guneko Denda eta Jatetxeak. Jatetxeak, Arropa-Dendak, Hipermerkatuak edo Zinema Donostian.\" \/>\n<meta property=\"og:url\" content=\"https:\/\/dev.urbil.es\/eu\/lokalak\" \/>\n<meta property=\"og:site_name\" content=\"Centro Comercial en Donostia San Sebasti\u00e1n | Urbil\" \/>\n<meta property=\"article:modified_time\" content=\"2023-07-19T09:39:51+00:00\" \/>\n<meta name=\"twitter:card\" content=\"summary_large_image\" \/>\n<meta name=\"twitter:label1\" content=\"Est. reading time\" \/>\n\t<meta name=\"twitter:data1\" content=\"1 minute\" \/>\n<script type=\"application\/ld+json\" class=\"yoast-schema-graph\">{\"@context\":\"https:\\\/\\\/schema.org\",\"@graph\":[{\"@type\":\"WebPage\",\"@id\":\"https:\\\/\\\/dev.urbil.es\\\/eu\\\/lokalak\",\"url\":\"https:\\\/\\\/dev.urbil.es\\\/eu\\\/lokalak\",\"name\":\"Dendak eta jatetxeak - Centro Comercial en Donostia San Sebasti\u00e1n | Urbil\",\"isPartOf\":{\"@id\":\"https:\\\/\\\/dev.urbil.es\\\/es\\\/#website\"},\"datePublished\":\"2020-01-27T11:51:33+00:00\",\"dateModified\":\"2023-07-19T09:39:51+00:00\",\"description\":\"Ezagutu Donostian Urbil merkataritza guneko Denda eta Jatetxeak. Jatetxeak, Arropa-Dendak, Hipermerkatuak edo Zinema Donostian.\",\"breadcrumb\":{\"@id\":\"https:\\\/\\\/dev.urbil.es\\\/eu\\\/lokalak#breadcrumb\"},\"inLanguage\":\"eu-ES\",\"potentialAction\":[{\"@type\":\"ReadAction\",\"target\":[\"https:\\\/\\\/dev.urbil.es\\\/eu\\\/lokalak\"]}]},{\"@type\":\"BreadcrumbList\",\"@id\":\"https:\\\/\\\/dev.urbil.es\\\/eu\\\/lokalak#breadcrumb\",\"itemListElement\":[{\"@type\":\"ListItem\",\"position\":1,\"name\":\"Portada\",\"item\":\"https:\\\/\\\/dev.urbil.es\\\/eu\"},{\"@type\":\"ListItem\",\"position\":2,\"name\":\"Dendak eta jatetxeak\"}]},{\"@type\":\"WebSite\",\"@id\":\"https:\\\/\\\/dev.urbil.es\\\/es\\\/#website\",\"url\":\"https:\\\/\\\/dev.urbil.es\\\/es\\\/\",\"name\":\"Centro Comercial en Donostia San Sebasti\u00e1n | Urbil\",\"description\":\"M\u00e1s de 35.000m2 de superficie con una completa oferta comercial en San Sebasti\u00e1n: Hipemercado, Cines, Restaurantes, Ocio, Moda, Belleza, Servicios y Complementos.\",\"publisher\":{\"@id\":\"https:\\\/\\\/dev.urbil.es\\\/es\\\/#organization\"},\"potentialAction\":[{\"@type\":\"SearchAction\",\"target\":{\"@type\":\"EntryPoint\",\"urlTemplate\":\"https:\\\/\\\/dev.urbil.es\\\/es\\\/?s={search_term_string}\"},\"query-input\":{\"@type\":\"PropertyValueSpecification\",\"valueRequired\":true,\"valueName\":\"search_term_string\"}}],\"inLanguage\":\"eu-ES\"},{\"@type\":\"Organization\",\"@id\":\"https:\\\/\\\/dev.urbil.es\\\/es\\\/#organization\",\"name\":\"Centro Comercial en Donostia San Sebasti\u00e1n | Urbil\",\"url\":\"https:\\\/\\\/dev.urbil.es\\\/es\\\/\",\"logo\":{\"@type\":\"ImageObject\",\"inLanguage\":\"eu-ES\",\"@id\":\"https:\\\/\\\/dev.urbil.es\\\/es\\\/#\\\/schema\\\/logo\\\/image\\\/\",\"url\":\"https:\\\/\\\/dev.urbil.es\\\/wp-content\\\/uploads\\\/2023\\\/05\\\/logo_urb.png\",\"contentUrl\":\"https:\\\/\\\/dev.urbil.es\\\/wp-content\\\/uploads\\\/2023\\\/05\\\/logo_urb.png\",\"width\":842,\"height\":596,\"caption\":\"Centro Comercial en Donostia San Sebasti\u00e1n | Urbil\"},\"image\":{\"@id\":\"https:\\\/\\\/dev.urbil.es\\\/es\\\/#\\\/schema\\\/logo\\\/image\\\/\"}}]}<\/script>\n<!-- \/ Yoast SEO plugin. -->","yoast_head_json":{"title":"Dendak eta jatetxeak - Centro Comercial en Donostia San Sebasti\u00e1n | Urbil","description":"Ezagutu Donostian Urbil merkataritza guneko Denda eta Jatetxeak. Jatetxeak, Arropa-Dendak, Hipermerkatuak edo Zinema Donostian.","robots":{"index":"noindex","follow":"follow","max-snippet":"max-snippet:-1","max-image-preview":"max-image-preview:large","max-video-preview":"max-video-preview:-1"},"og_locale":"eu_ES","og_type":"article","og_title":"Dendak eta jatetxeak - Centro Comercial en Donostia San Sebasti\u00e1n | Urbil","og_description":"Ezagutu Donostian Urbil merkataritza guneko Denda eta Jatetxeak. Jatetxeak, Arropa-Dendak, Hipermerkatuak edo Zinema Donostian.","og_url":"https:\/\/dev.urbil.es\/eu\/lokalak","og_site_name":"Centro Comercial en Donostia San Sebasti\u00e1n | Urbil","article_modified_time":"2023-07-19T09:39:51+00:00","twitter_card":"summary_large_image","twitter_misc":{"Est. reading time":"1 minute"},"schema":{"@context":"https:\/\/schema.org","@graph":[{"@type":"WebPage","@id":"https:\/\/dev.urbil.es\/eu\/lokalak","url":"https:\/\/dev.urbil.es\/eu\/lokalak","name":"Dendak eta jatetxeak - Centro Comercial en Donostia San Sebasti\u00e1n | Urbil","isPartOf":{"@id":"https:\/\/dev.urbil.es\/es\/#website"},"datePublished":"2020-01-27T11:51:33+00:00","dateModified":"2023-07-19T09:39:51+00:00","description":"Ezagutu Donostian Urbil merkataritza guneko Denda eta Jatetxeak. Jatetxeak, Arropa-Dendak, Hipermerkatuak edo Zinema Donostian.","breadcrumb":{"@id":"https:\/\/dev.urbil.es\/eu\/lokalak#breadcrumb"},"inLanguage":"eu-ES","potentialAction":[{"@type":"ReadAction","target":["https:\/\/dev.urbil.es\/eu\/lokalak"]}]},{"@type":"BreadcrumbList","@id":"https:\/\/dev.urbil.es\/eu\/lokalak#breadcrumb","itemListElement":[{"@type":"ListItem","position":1,"name":"Portada","item":"https:\/\/dev.urbil.es\/eu"},{"@type":"ListItem","position":2,"name":"Dendak eta jatetxeak"}]},{"@type":"WebSite","@id":"https:\/\/dev.urbil.es\/es\/#website","url":"https:\/\/dev.urbil.es\/es\/","name":"Centro Comercial en Donostia San Sebasti\u00e1n | Urbil","description":"M\u00e1s de 35.000m2 de superficie con una completa oferta comercial en San Sebasti\u00e1n: Hipemercado, Cines, Restaurantes, Ocio, Moda, Belleza, Servicios y Complementos.","publisher":{"@id":"https:\/\/dev.urbil.es\/es\/#organization"},"potentialAction":[{"@type":"SearchAction","target":{"@type":"EntryPoint","urlTemplate":"https:\/\/dev.urbil.es\/es\/?s={search_term_string}"},"query-input":{"@type":"PropertyValueSpecification","valueRequired":true,"valueName":"search_term_string"}}],"inLanguage":"eu-ES"},{"@type":"Organization","@id":"https:\/\/dev.urbil.es\/es\/#organization","name":"Centro Comercial en Donostia San Sebasti\u00e1n | Urbil","url":"https:\/\/dev.urbil.es\/es\/","logo":{"@type":"ImageObject","inLanguage":"eu-ES","@id":"https:\/\/dev.urbil.es\/es\/#\/schema\/logo\/image\/","url":"https:\/\/dev.urbil.es\/wp-content\/uploads\/2023\/05\/logo_urb.png","contentUrl":"https:\/\/dev.urbil.es\/wp-content\/uploads\/2023\/05\/logo_urb.png","width":842,"height":596,"caption":"Centro Comercial en Donostia San Sebasti\u00e1n | Urbil"},"image":{"@id":"https:\/\/dev.urbil.es\/es\/#\/schema\/logo\/image\/"}}]}},"_links":{"self":[{"href":"https:\/\/dev.urbil.es\/eu\/wp-json\/wp\/v2\/pages\/357","targetHints":{"allow":["GET"]}}],"collection":[{"href":"https:\/\/dev.urbil.es\/eu\/wp-json\/wp\/v2\/pages"}],"about":[{"href":"https:\/\/dev.urbil.es\/eu\/wp-json\/wp\/v2\/types\/page"}],"author":[{"embeddable":true,"href":"https:\/\/dev.urbil.es\/eu\/wp-json\/wp\/v2\/users\/1"}],"replies":[{"embeddable":true,"href":"https:\/\/dev.urbil.es\/eu\/wp-json\/wp\/v2\/comments?post=357"}],"version-history":[{"count":6,"href":"https:\/\/dev.urbil.es\/eu\/wp-json\/wp\/v2\/pages\/357\/revisions"}],"predecessor-version":[{"id":12068,"href":"https:\/\/dev.urbil.es\/eu\/wp-json\/wp\/v2\/pages\/357\/revisions\/12068"}],"wp:attachment":[{"href":"https:\/\/dev.urbil.es\/eu\/wp-json\/wp\/v2\/media?parent=357"}],"curies":[{"name":"wp","href":"https:\/\/api.w.org\/{rel}","templated":true}]}}