{"id":11417,"date":"2023-06-26T09:52:37","date_gmt":"2023-06-26T09:52:37","guid":{"rendered":"https:\/\/dev.urbil.es\/?page_id=11417"},"modified":"2025-01-21T12:49:15","modified_gmt":"2025-01-21T12:49:15","slug":"konpromisourbil-ekimenak","status":"publish","type":"page","link":"https:\/\/dev.urbil.es\/eu\/konpromisourbil-ekimenak","title":{"rendered":"Konpromiso Urbil Ekimenak"},"content":{"rendered":"\t\t<div data-elementor-type=\"wp-page\" data-elementor-id=\"11417\" class=\"elementor elementor-11417 elementor-8731\">\n\t\t\t\t\t\t<section class=\"elementor-section elementor-top-section elementor-element elementor-element-2860882 no-padding elementor-section-boxed elementor-section-height-default elementor-section-height-default wpr-particle-no wpr-jarallax-no wpr-parallax-no wpr-sticky-section-no wpr-equal-height-no\" data-id=\"2860882\" data-element_type=\"section\" data-e-type=\"section\" data-settings=\"{&quot;background_background&quot;:&quot;gradient&quot;}\">\n\t\t\t\t\t\t<div class=\"elementor-container elementor-column-gap-default\">\n\t\t\t\t\t<div class=\"elementor-column elementor-col-50 elementor-top-column elementor-element elementor-element-3b90819\" data-id=\"3b90819\" data-element_type=\"column\" data-e-type=\"column\" data-settings=\"{&quot;background_background&quot;:&quot;gradient&quot;}\">\n\t\t\t<div class=\"elementor-widget-wrap elementor-element-populated\">\n\t\t\t\t\t<div class=\"elementor-background-overlay\"><\/div>\n\t\t\t\t\t\t<div class=\"elementor-element elementor-element-6b3348f elementor-widget elementor-widget-heading\" data-id=\"6b3348f\" data-element_type=\"widget\" data-e-type=\"widget\" data-widget_type=\"heading.default\">\n\t\t\t\t<div class=\"elementor-widget-container\">\n\t\t\t\t\t<h1 class=\"elementor-heading-title elementor-size-default\">Konpromiso Urbil Ekimenak<\/h1>\t\t\t\t<\/div>\n\t\t\t\t<\/div>\n\t\t\t\t<div class=\"elementor-element elementor-element-d03aff0 elementor-widget elementor-widget-text-editor\" data-id=\"d03aff0\" data-element_type=\"widget\" data-e-type=\"widget\" data-widget_type=\"text-editor.default\">\n\t\t\t\t<div class=\"elementor-widget-container\">\n\t\t\t\t\t\t\t\t\t<p>Inauguratu zenetik, Urbil bere inguruarekin&nbsp;konprometitua egon da, gizarte-erantzukizun korporatiboko hainbat ekimen garatuz. Bere <strong>#UrbilKonpromisoa<\/strong> proiektua gizarte kohesionatuagoa sortzeaz arduratu da beti, genero-berdintasunaren, gizarteratzearen, elkartasunaren eta ingurumenaren bidez. Gainera, Urbil beti egon da euskararekin, kulturarekin eta kirolarekin konprometituta.<\/p>\n<p>2021eko martxoan, Urbilek bere proiektuaren irismena zabaldu zuen, bere konpromisoan urrats berri bat ematez, Jatorria abiaraziz. <strong>Jatorria-k, aurreko konpromisoez gain, jasangarritasun-proiektu zabalago bat hartu du barne, NBEk planteatutako Garapen Jasangarrirako 17 Helburuetan (GJH) oinarritua.<\/strong><\/p>\n<p>Urbilek hainbat ekimen garatzen jarraitzen du bere jasangarritasun-proiektuaren bidez, 2023tik <strong>Konpromiso Urbil<\/strong> izenekoa.<\/p>\n<p>Ezagutu zentroak helburu horietako bakoitzerako garatutako jarduerak.<\/p>\t\t\t\t\t\t\t\t<\/div>\n\t\t\t\t<\/div>\n\t\t\t\t\t<\/div>\n\t\t<\/div>\n\t\t\t\t<div class=\"elementor-column elementor-col-50 elementor-top-column elementor-element elementor-element-800598a\" data-id=\"800598a\" data-element_type=\"column\" data-e-type=\"column\" data-settings=\"{&quot;background_background&quot;:&quot;gradient&quot;}\">\n\t\t\t<div class=\"elementor-widget-wrap elementor-element-populated\">\n\t\t\t\t\t\t<div class=\"elementor-element elementor-element-9a0ba20 elementor-widget elementor-widget-image\" data-id=\"9a0ba20\" data-element_type=\"widget\" data-e-type=\"widget\" data-widget_type=\"image.default\">\n\t\t\t\t<div class=\"elementor-widget-container\">\n\t\t\t\t\t\t\t\t\t\t\t\t\t\t\t<img fetchpriority=\"high\" decoding=\"async\" width=\"530\" height=\"353\" src=\"https:\/\/dev.urbil.es\/wp-content\/uploads\/2023\/06\/INICIATIVAS-ORIGEN-2.2_0.png\" class=\"attachment-large size-large wp-image-10593\" alt=\"\" srcset=\"https:\/\/dev.urbil.es\/wp-content\/uploads\/2023\/06\/INICIATIVAS-ORIGEN-2.2_0.png 530w, https:\/\/dev.urbil.es\/wp-content\/uploads\/2023\/06\/INICIATIVAS-ORIGEN-2.2_0-300x200.png 300w\" sizes=\"(max-width: 530px) 100vw, 530px\" \/>\t\t\t\t\t\t\t\t\t\t\t\t\t\t\t<\/div>\n\t\t\t\t<\/div>\n\t\t\t\t\t<\/div>\n\t\t<\/div>\n\t\t\t\t\t<\/div>\n\t\t<\/section>\n\t\t\t\t<section class=\"elementor-section elementor-top-section elementor-element elementor-element-6ffa0eb elementor-section-boxed elementor-section-height-default elementor-section-height-default wpr-particle-no wpr-jarallax-no wpr-parallax-no wpr-sticky-section-no wpr-equal-height-no\" data-id=\"6ffa0eb\" data-element_type=\"section\" data-e-type=\"section\" data-settings=\"{&quot;background_background&quot;:&quot;classic&quot;}\">\n\t\t\t\t\t\t<div class=\"elementor-container elementor-column-gap-default\">\n\t\t\t\t\t<div class=\"elementor-column elementor-col-100 elementor-top-column elementor-element elementor-element-f3754c2\" data-id=\"f3754c2\" data-element_type=\"column\" data-e-type=\"column\" data-settings=\"{&quot;background_background&quot;:&quot;classic&quot;}\">\n\t\t\t<div class=\"elementor-widget-wrap elementor-element-populated\">\n\t\t\t\t\t\t<div class=\"elementor-element elementor-element-c9ebf6a elementor-widget elementor-widget-image\" data-id=\"c9ebf6a\" data-element_type=\"widget\" data-e-type=\"widget\" data-widget_type=\"image.default\">\n\t\t\t\t<div class=\"elementor-widget-container\">\n\t\t\t\t\t\t\t\t\t\t\t\t\t\t\t\t<a href=\"#iniciativas\">\n\t\t\t\t\t\t\t<img decoding=\"async\" width=\"65\" height=\"72\" src=\"https:\/\/dev.urbil.es\/wp-content\/uploads\/2023\/06\/boton_siguiente.svg\" class=\"attachment-large size-large wp-image-10266\" alt=\"\" \/>\t\t\t\t\t\t\t\t<\/a>\n\t\t\t\t\t\t\t\t\t\t\t\t\t\t\t<\/div>\n\t\t\t\t<\/div>\n\t\t\t\t\t<\/div>\n\t\t<\/div>\n\t\t\t\t\t<\/div>\n\t\t<\/section>\n\t\t\t\t<section class=\"elementor-section elementor-top-section elementor-element elementor-element-cfe3458 no-padding elementor-section-boxed elementor-section-height-default elementor-section-height-default wpr-particle-no wpr-jarallax-no wpr-parallax-no wpr-sticky-section-no wpr-equal-height-no\" data-id=\"cfe3458\" data-element_type=\"section\" data-e-type=\"section\" id=\"iniciativas\">\n\t\t\t\t\t\t<div class=\"elementor-container elementor-column-gap-default\">\n\t\t\t\t\t<div class=\"elementor-column elementor-col-100 elementor-top-column elementor-element elementor-element-b592f67\" data-id=\"b592f67\" data-element_type=\"column\" data-e-type=\"column\">\n\t\t\t<div class=\"elementor-widget-wrap elementor-element-populated\">\n\t\t\t\t\t\t<div class=\"elementor-element elementor-element-c3dff80 elementor-widget elementor-widget-shortcode\" data-id=\"c3dff80\" data-element_type=\"widget\" data-e-type=\"widget\" data-widget_type=\"shortcode.default\">\n\t\t\t\t<div class=\"elementor-widget-container\">\n\t\t\t\t\t\t\t<div class=\"elementor-shortcode\"><div class=\"filtros\"><span class=\"filtro_tax filtro_tax_activo\" data-id=\"-1\">Todo<\/span> <span class=\"filtro_tax  termino_origen\" style=\"background-color:#184769\" data-id=\"47\"><img decoding=\"async\" src=\"https:\/\/dev.urbil.es\/wp-content\/uploads\/2023\/06\/ico_origen_16.svg\" class=\"icono_filtro_origen\">Bakea, justizia eta erakunde sendoak<\/span> <span class=\"filtro_tax  termino_origen\" style=\"background-color:#dc1266\" data-id=\"35\"><img decoding=\"async\" src=\"https:\/\/dev.urbil.es\/wp-content\/uploads\/2023\/06\/ico_origen_10.svg\" class=\"icono_filtro_origen\">Desberdintasunak murriztea<\/span> <span class=\"filtro_tax  termino_origen\" style=\"background-color:#bd8a2d\" data-id=\"39\"><img decoding=\"async\" src=\"https:\/\/dev.urbil.es\/wp-content\/uploads\/2023\/06\/ico_origen_12.svg\" class=\"icono_filtro_origen\">Ekoizpen eta kontsumo arduratsua<\/span> <span class=\"filtro_tax  termino_origen\" style=\"background-color:#fec13a\" data-id=\"29\"><img decoding=\"async\" src=\"https:\/\/dev.urbil.es\/wp-content\/uploads\/2023\/06\/ico_origen_07.svg\" class=\"icono_filtro_origen\">Energia eskuragarria eta ez-kutsagarria<\/span> <span class=\"filtro_tax  termino_origen\" style=\"background-color:#fe0000\" data-id=\"25\"><img decoding=\"async\" src=\"https:\/\/dev.urbil.es\/wp-content\/uploads\/2023\/06\/ico_origen_05.svg\" class=\"icono_filtro_origen\">Genero-berdintasuna<\/span> <span class=\"filtro_tax  termino_origen\" style=\"background-color:#fec13a\" data-id=\"19\"><img decoding=\"async\" src=\"https:\/\/dev.urbil.es\/wp-content\/uploads\/2023\/06\/ico_origen_02.svg\" class=\"icono_filtro_origen\">Gosea zero<\/span> <span class=\"filtro_tax  termino_origen\" style=\"background-color:#184769\" data-id=\"49\"><img decoding=\"async\" src=\"https:\/\/dev.urbil.es\/wp-content\/uploads\/2023\/06\/ico_origen_17.svg\" class=\"icono_filtro_origen\">Helburuak lortzeko aliantzak<\/span> <span class=\"filtro_tax  termino_origen\" style=\"background-color:#f88131\" data-id=\"37\"><img decoding=\"async\" src=\"https:\/\/dev.urbil.es\/wp-content\/uploads\/2023\/06\/ico_origen_11.svg\" class=\"icono_filtro_origen\">Hiri eta komunitate jasangarriak<\/span> <span class=\"filtro_tax  termino_origen\" style=\"background-color:#f88131\" data-id=\"33\"><img decoding=\"async\" src=\"https:\/\/dev.urbil.es\/wp-content\/uploads\/2023\/06\/ico_origen_09.svg\" class=\"icono_filtro_origen\">Industria, berrikuntza eta azpiegitura<\/span> <span class=\"filtro_tax  termino_origen\" style=\"background-color:#0996d8\" data-id=\"43\"><img decoding=\"async\" src=\"https:\/\/dev.urbil.es\/wp-content\/uploads\/2023\/06\/ico_origen_14.svg\" class=\"icono_filtro_origen\">Itsas bizitza<\/span> <span class=\"filtro_tax  termino_origen\" style=\"background-color:#a0272e\" data-id=\"23\"><img decoding=\"async\" src=\"https:\/\/dev.urbil.es\/wp-content\/uploads\/2023\/06\/ico_origen_04.svg\" class=\"icono_filtro_origen\">Kalitatezko hezkuntza<\/span> <span class=\"filtro_tax  termino_origen\" style=\"background-color:#3e7d43\" data-id=\"41\"><img decoding=\"async\" src=\"https:\/\/dev.urbil.es\/wp-content\/uploads\/2023\/06\/ico_origen_13.svg\" class=\"icono_filtro_origen\">Klimaren aldeko ekintza<\/span> <span class=\"filtro_tax  termino_origen\" style=\"background-color:#3e7d43\" data-id=\"45\"><img decoding=\"async\" src=\"https:\/\/dev.urbil.es\/wp-content\/uploads\/2023\/06\/ico_origen_15.svg\" class=\"icono_filtro_origen\">Lehorreko ekosistemen bizitza<\/span> <span class=\"filtro_tax  termino_origen\" style=\"background-color:#3e7d43\" data-id=\"21\"><img decoding=\"async\" src=\"https:\/\/dev.urbil.es\/wp-content\/uploads\/2023\/06\/ico_origen_03.svg\" class=\"icono_filtro_origen\">Osasuna eta ongizatea<\/span> <span class=\"filtro_tax  termino_origen\" style=\"background-color:#fe0000\" data-id=\"17\"><img decoding=\"async\" src=\"https:\/\/dev.urbil.es\/wp-content\/uploads\/2023\/06\/ico_origen_01.svg\" class=\"icono_filtro_origen\">Pobreziaren amaiera<\/span> <span class=\"filtro_tax  termino_origen\" style=\"background-color:#0996d8\" data-id=\"27\"><img decoding=\"async\" src=\"https:\/\/dev.urbil.es\/wp-content\/uploads\/2023\/06\/ico_origen_06.svg\" class=\"icono_filtro_origen\">Ur garbia eta saneamendua<\/span> <\/div><input type=\"hidden\" name=\"taxonomia2\" id=\"taxonomia2\" value=\"areas_de_compromisourbil\"><input type=\"hidden\" name=\"pagina_id\" id=\"pagina_id\" value=\"0\"><input type=\"hidden\" name=\"tipo\" id=\"tipo\" value=\"publicacion\"><input type=\"hidden\" name=\"taxonomia\" id=\"taxonomia\" value=\"tipo_de_publicacion\"><input type=\"hidden\" name=\"termino\" id=\"termino\" value=\"98\"><input type=\"hidden\" name=\"inicio\" id=\"inicio\" value=\"0\"><div id=\"resultados\"><\/div>\n\t<script>\n\tjQuery(document).ready(function(){\n\t\tfiltrar(0,);\t\n\t});\n\t<\/script>\n\t<\/div>\n\t\t\t\t\t\t<\/div>\n\t\t\t\t<\/div>\n\t\t\t\t\t<\/div>\n\t\t<\/div>\n\t\t\t\t\t<\/div>\n\t\t<\/section>\n\t\t\t\t<\/div>\n\t\t","protected":false},"excerpt":{"rendered":"<p>Konpromiso Urbil Ekimenak Inauguratu zenetik, Urbil bere inguruarekin\u00a0konprometitua egon da,<\/p>\n","protected":false},"author":1,"featured_media":0,"parent":0,"menu_order":0,"comment_status":"closed","ping_status":"closed","template":"","meta":{"_acf_changed":false,"footnotes":""},"class_list":["post-11417","page","type-page","status-publish","hentry"],"acf":[],"yoast_head":"<!-- This site is optimized with the Yoast SEO plugin v27.5 - https:\/\/yoast.com\/product\/yoast-seo-wordpress\/ -->\n<title>Konpromiso Urbil Ekimenak | Urbil merkataritza-gunea<\/title>\n<meta name=\"description\" content=\"Ezagutu NBEren Garapen Jasangarrirako 17 Helburuetan oinarritutako Konpromiso Urbil proiektuarekin abiarazi ditugun 70 ekimen jasangarriak.\" \/>\n<meta name=\"robots\" content=\"noindex, follow, max-snippet:-1, max-image-preview:large, max-video-preview:-1\" \/>\n<meta property=\"og:locale\" content=\"eu_ES\" \/>\n<meta property=\"og:type\" content=\"article\" \/>\n<meta property=\"og:title\" content=\"Konpromiso Urbil Ekimenak | Urbil merkataritza-gunea\" \/>\n<meta property=\"og:description\" content=\"Ezagutu NBEren Garapen Jasangarrirako 17 Helburuetan oinarritutako Konpromiso Urbil proiektuarekin abiarazi ditugun 70 ekimen jasangarriak.\" \/>\n<meta property=\"og:url\" content=\"https:\/\/dev.urbil.es\/eu\/konpromisourbil-ekimenak\" \/>\n<meta property=\"og:site_name\" content=\"Centro Comercial en Donostia San Sebasti\u00e1n | Urbil\" \/>\n<meta property=\"article:modified_time\" content=\"2025-01-21T12:49:15+00:00\" \/>\n<meta property=\"og:image\" content=\"https:\/\/dev.urbil.es\/wp-content\/uploads\/2023\/06\/INICIATIVAS-ORIGEN-2.2_0.png\" \/>\n<meta name=\"twitter:card\" content=\"summary_large_image\" \/>\n<meta name=\"twitter:label1\" content=\"Est. reading time\" \/>\n\t<meta name=\"twitter:data1\" content=\"1 minute\" \/>\n<script type=\"application\/ld+json\" class=\"yoast-schema-graph\">{\"@context\":\"https:\\\/\\\/schema.org\",\"@graph\":[{\"@type\":\"WebPage\",\"@id\":\"https:\\\/\\\/dev.urbil.es\\\/eu\\\/konpromisourbil-ekimenak\",\"url\":\"https:\\\/\\\/dev.urbil.es\\\/eu\\\/konpromisourbil-ekimenak\",\"name\":\"Konpromiso Urbil Ekimenak | Urbil merkataritza-gunea\",\"isPartOf\":{\"@id\":\"https:\\\/\\\/dev.urbil.es\\\/es\\\/#website\"},\"primaryImageOfPage\":{\"@id\":\"https:\\\/\\\/dev.urbil.es\\\/eu\\\/konpromisourbil-ekimenak#primaryimage\"},\"image\":{\"@id\":\"https:\\\/\\\/dev.urbil.es\\\/eu\\\/konpromisourbil-ekimenak#primaryimage\"},\"thumbnailUrl\":\"https:\\\/\\\/dev.urbil.es\\\/wp-content\\\/uploads\\\/2023\\\/06\\\/INICIATIVAS-ORIGEN-2.2_0.png\",\"datePublished\":\"2023-06-26T09:52:37+00:00\",\"dateModified\":\"2025-01-21T12:49:15+00:00\",\"description\":\"Ezagutu NBEren Garapen Jasangarrirako 17 Helburuetan oinarritutako Konpromiso Urbil proiektuarekin abiarazi ditugun 70 ekimen jasangarriak.\",\"breadcrumb\":{\"@id\":\"https:\\\/\\\/dev.urbil.es\\\/eu\\\/konpromisourbil-ekimenak#breadcrumb\"},\"inLanguage\":\"eu-ES\",\"potentialAction\":[{\"@type\":\"ReadAction\",\"target\":[\"https:\\\/\\\/dev.urbil.es\\\/eu\\\/konpromisourbil-ekimenak\"]}]},{\"@type\":\"ImageObject\",\"inLanguage\":\"eu-ES\",\"@id\":\"https:\\\/\\\/dev.urbil.es\\\/eu\\\/konpromisourbil-ekimenak#primaryimage\",\"url\":\"https:\\\/\\\/dev.urbil.es\\\/wp-content\\\/uploads\\\/2023\\\/06\\\/INICIATIVAS-ORIGEN-2.2_0.png\",\"contentUrl\":\"https:\\\/\\\/dev.urbil.es\\\/wp-content\\\/uploads\\\/2023\\\/06\\\/INICIATIVAS-ORIGEN-2.2_0.png\"},{\"@type\":\"BreadcrumbList\",\"@id\":\"https:\\\/\\\/dev.urbil.es\\\/eu\\\/konpromisourbil-ekimenak#breadcrumb\",\"itemListElement\":[{\"@type\":\"ListItem\",\"position\":1,\"name\":\"Portada\",\"item\":\"https:\\\/\\\/dev.urbil.es\\\/eu\"},{\"@type\":\"ListItem\",\"position\":2,\"name\":\"Konpromiso Urbil Ekimenak\"}]},{\"@type\":\"WebSite\",\"@id\":\"https:\\\/\\\/dev.urbil.es\\\/es\\\/#website\",\"url\":\"https:\\\/\\\/dev.urbil.es\\\/es\\\/\",\"name\":\"Centro Comercial en Donostia San Sebasti\u00e1n | Urbil\",\"description\":\"M\u00e1s de 35.000m2 de superficie con una completa oferta comercial en San Sebasti\u00e1n: Hipemercado, Cines, Restaurantes, Ocio, Moda, Belleza, Servicios y Complementos.\",\"publisher\":{\"@id\":\"https:\\\/\\\/dev.urbil.es\\\/es\\\/#organization\"},\"potentialAction\":[{\"@type\":\"SearchAction\",\"target\":{\"@type\":\"EntryPoint\",\"urlTemplate\":\"https:\\\/\\\/dev.urbil.es\\\/es\\\/?s={search_term_string}\"},\"query-input\":{\"@type\":\"PropertyValueSpecification\",\"valueRequired\":true,\"valueName\":\"search_term_string\"}}],\"inLanguage\":\"eu-ES\"},{\"@type\":\"Organization\",\"@id\":\"https:\\\/\\\/dev.urbil.es\\\/es\\\/#organization\",\"name\":\"Centro Comercial en Donostia San Sebasti\u00e1n | Urbil\",\"url\":\"https:\\\/\\\/dev.urbil.es\\\/es\\\/\",\"logo\":{\"@type\":\"ImageObject\",\"inLanguage\":\"eu-ES\",\"@id\":\"https:\\\/\\\/dev.urbil.es\\\/es\\\/#\\\/schema\\\/logo\\\/image\\\/\",\"url\":\"https:\\\/\\\/dev.urbil.es\\\/wp-content\\\/uploads\\\/2023\\\/05\\\/logo_urb.png\",\"contentUrl\":\"https:\\\/\\\/dev.urbil.es\\\/wp-content\\\/uploads\\\/2023\\\/05\\\/logo_urb.png\",\"width\":842,\"height\":596,\"caption\":\"Centro Comercial en Donostia San Sebasti\u00e1n | Urbil\"},\"image\":{\"@id\":\"https:\\\/\\\/dev.urbil.es\\\/es\\\/#\\\/schema\\\/logo\\\/image\\\/\"}}]}<\/script>\n<!-- \/ Yoast SEO plugin. -->","yoast_head_json":{"title":"Konpromiso Urbil Ekimenak | Urbil merkataritza-gunea","description":"Ezagutu NBEren Garapen Jasangarrirako 17 Helburuetan oinarritutako Konpromiso Urbil proiektuarekin abiarazi ditugun 70 ekimen jasangarriak.","robots":{"index":"noindex","follow":"follow","max-snippet":"max-snippet:-1","max-image-preview":"max-image-preview:large","max-video-preview":"max-video-preview:-1"},"og_locale":"eu_ES","og_type":"article","og_title":"Konpromiso Urbil Ekimenak | Urbil merkataritza-gunea","og_description":"Ezagutu NBEren Garapen Jasangarrirako 17 Helburuetan oinarritutako Konpromiso Urbil proiektuarekin abiarazi ditugun 70 ekimen jasangarriak.","og_url":"https:\/\/dev.urbil.es\/eu\/konpromisourbil-ekimenak","og_site_name":"Centro Comercial en Donostia San Sebasti\u00e1n | Urbil","article_modified_time":"2025-01-21T12:49:15+00:00","og_image":[{"url":"https:\/\/dev.urbil.es\/wp-content\/uploads\/2023\/06\/INICIATIVAS-ORIGEN-2.2_0.png","type":"","width":"","height":""}],"twitter_card":"summary_large_image","twitter_misc":{"Est. reading time":"1 minute"},"schema":{"@context":"https:\/\/schema.org","@graph":[{"@type":"WebPage","@id":"https:\/\/dev.urbil.es\/eu\/konpromisourbil-ekimenak","url":"https:\/\/dev.urbil.es\/eu\/konpromisourbil-ekimenak","name":"Konpromiso Urbil Ekimenak | Urbil merkataritza-gunea","isPartOf":{"@id":"https:\/\/dev.urbil.es\/es\/#website"},"primaryImageOfPage":{"@id":"https:\/\/dev.urbil.es\/eu\/konpromisourbil-ekimenak#primaryimage"},"image":{"@id":"https:\/\/dev.urbil.es\/eu\/konpromisourbil-ekimenak#primaryimage"},"thumbnailUrl":"https:\/\/dev.urbil.es\/wp-content\/uploads\/2023\/06\/INICIATIVAS-ORIGEN-2.2_0.png","datePublished":"2023-06-26T09:52:37+00:00","dateModified":"2025-01-21T12:49:15+00:00","description":"Ezagutu NBEren Garapen Jasangarrirako 17 Helburuetan oinarritutako Konpromiso Urbil proiektuarekin abiarazi ditugun 70 ekimen jasangarriak.","breadcrumb":{"@id":"https:\/\/dev.urbil.es\/eu\/konpromisourbil-ekimenak#breadcrumb"},"inLanguage":"eu-ES","potentialAction":[{"@type":"ReadAction","target":["https:\/\/dev.urbil.es\/eu\/konpromisourbil-ekimenak"]}]},{"@type":"ImageObject","inLanguage":"eu-ES","@id":"https:\/\/dev.urbil.es\/eu\/konpromisourbil-ekimenak#primaryimage","url":"https:\/\/dev.urbil.es\/wp-content\/uploads\/2023\/06\/INICIATIVAS-ORIGEN-2.2_0.png","contentUrl":"https:\/\/dev.urbil.es\/wp-content\/uploads\/2023\/06\/INICIATIVAS-ORIGEN-2.2_0.png"},{"@type":"BreadcrumbList","@id":"https:\/\/dev.urbil.es\/eu\/konpromisourbil-ekimenak#breadcrumb","itemListElement":[{"@type":"ListItem","position":1,"name":"Portada","item":"https:\/\/dev.urbil.es\/eu"},{"@type":"ListItem","position":2,"name":"Konpromiso Urbil Ekimenak"}]},{"@type":"WebSite","@id":"https:\/\/dev.urbil.es\/es\/#website","url":"https:\/\/dev.urbil.es\/es\/","name":"Centro Comercial en Donostia San Sebasti\u00e1n | Urbil","description":"M\u00e1s de 35.000m2 de superficie con una completa oferta comercial en San Sebasti\u00e1n: Hipemercado, Cines, Restaurantes, Ocio, Moda, Belleza, Servicios y Complementos.","publisher":{"@id":"https:\/\/dev.urbil.es\/es\/#organization"},"potentialAction":[{"@type":"SearchAction","target":{"@type":"EntryPoint","urlTemplate":"https:\/\/dev.urbil.es\/es\/?s={search_term_string}"},"query-input":{"@type":"PropertyValueSpecification","valueRequired":true,"valueName":"search_term_string"}}],"inLanguage":"eu-ES"},{"@type":"Organization","@id":"https:\/\/dev.urbil.es\/es\/#organization","name":"Centro Comercial en Donostia San Sebasti\u00e1n | Urbil","url":"https:\/\/dev.urbil.es\/es\/","logo":{"@type":"ImageObject","inLanguage":"eu-ES","@id":"https:\/\/dev.urbil.es\/es\/#\/schema\/logo\/image\/","url":"https:\/\/dev.urbil.es\/wp-content\/uploads\/2023\/05\/logo_urb.png","contentUrl":"https:\/\/dev.urbil.es\/wp-content\/uploads\/2023\/05\/logo_urb.png","width":842,"height":596,"caption":"Centro Comercial en Donostia San Sebasti\u00e1n | Urbil"},"image":{"@id":"https:\/\/dev.urbil.es\/es\/#\/schema\/logo\/image\/"}}]}},"_links":{"self":[{"href":"https:\/\/dev.urbil.es\/eu\/wp-json\/wp\/v2\/pages\/11417","targetHints":{"allow":["GET"]}}],"collection":[{"href":"https:\/\/dev.urbil.es\/eu\/wp-json\/wp\/v2\/pages"}],"about":[{"href":"https:\/\/dev.urbil.es\/eu\/wp-json\/wp\/v2\/types\/page"}],"author":[{"embeddable":true,"href":"https:\/\/dev.urbil.es\/eu\/wp-json\/wp\/v2\/users\/1"}],"replies":[{"embeddable":true,"href":"https:\/\/dev.urbil.es\/eu\/wp-json\/wp\/v2\/comments?post=11417"}],"version-history":[{"count":24,"href":"https:\/\/dev.urbil.es\/eu\/wp-json\/wp\/v2\/pages\/11417\/revisions"}],"predecessor-version":[{"id":13012,"href":"https:\/\/dev.urbil.es\/eu\/wp-json\/wp\/v2\/pages\/11417\/revisions\/13012"}],"wp:attachment":[{"href":"https:\/\/dev.urbil.es\/eu\/wp-json\/wp\/v2\/media?parent=11417"}],"curies":[{"name":"wp","href":"https:\/\/api.w.org\/{rel}","templated":true}]}}