{"id":10419,"date":"2023-06-28T12:16:36","date_gmt":"2023-06-28T12:16:36","guid":{"rendered":"https:\/\/dev.urbil.es\/es\/?post_type=product&#038;p=10419"},"modified":"2026-03-31T16:41:45","modified_gmt":"2026-03-31T16:41:45","slug":"ocioplan","status":"publish","type":"product","link":"https:\/\/dev.urbil.es\/es\/produktua\/ocioplan","title":{"rendered":"OcioPlan: Cine con Comida o Cena"},"content":{"rendered":"<p><strong>OCIOPLAN: ENTRADA DE CINE + MEN\u00da = 13\u20ac<\/strong><\/p>\n<p>\u00bfCena o cine? \u00bfY por qu\u00e9 elegir?<\/p>\n<p>Disfruta de tu plan de ocio completo con descuento.<\/p>\n<p><strong>OcioPlan es nuestro plan de ocio con descuento que incluye una entrada de cine y un men\u00fa en uno de nuestros restaurantes.<\/strong><\/p>\n<p><strong>Puedes usar la entrada de cine y el men\u00fa el mismo d\u00eda o en d\u00edas diferentes.<\/strong><\/p>\n","protected":false},"excerpt":{"rendered":"<p>Si adquieres este plan en esta p\u00e1gina ecommerce, recibir\u00e1s un c\u00f3digo para recogerlo cualquier d\u00eda de la semana dentro del horario de apertura de Urbil en un T\u00f3tem Interactivo en la zona moda del centro comercial o en el Punto de Atenci\u00f3n al Cliente dentro del horario de este (lunes a s\u00e1bado de 11:00h a 14:30h y de 16:30h a 20:30h).<\/p>\n<p>El plan caducar\u00e1 al mes de haber realizado el pedido online.<\/p>\n","protected":false},"featured_media":15744,"comment_status":"closed","ping_status":"closed","template":"","meta":{"_acf_changed":false},"product_brand":[],"product_cat":[119],"product_tag":[],"class_list":{"0":"post-10419","1":"product","2":"type-product","3":"status-publish","4":"has-post-thumbnail","6":"product_cat-planes-con-descuento","8":"first","9":"instock","10":"virtual","11":"purchasable","12":"product-type-simple"},"acf":[],"yoast_head":"<!-- This site is optimized with the Yoast SEO plugin v27.5 - https:\/\/yoast.com\/product\/yoast-seo-wordpress\/ -->\n<title>OcioPlan: oferta de Cine con Comida o Cena | Centro Comercial Urbil<\/title>\n<meta name=\"description\" content=\"Disfruta de nuestros planes de ocio con tus amigos. Con Ocioplan, la mejor oferta de cine con comida o cena en el centro comercial Urbil Donostia San Sebasti\u00e1n.\" \/>\n<meta name=\"robots\" content=\"noindex, follow, max-snippet:-1, max-image-preview:large, max-video-preview:-1\" \/>\n<meta property=\"og:locale\" content=\"es_ES\" \/>\n<meta property=\"og:type\" content=\"article\" \/>\n<meta property=\"og:title\" content=\"OcioPlan: oferta de Cine con Comida o Cena | Centro Comercial Urbil\" \/>\n<meta property=\"og:description\" content=\"Disfruta de nuestros planes de ocio con tus amigos. Con Ocioplan, la mejor oferta de cine con comida o cena en el centro comercial Urbil Donostia San Sebasti\u00e1n.\" \/>\n<meta property=\"og:url\" content=\"https:\/\/dev.urbil.es\/es\/produktua\/ocioplan\" \/>\n<meta property=\"og:site_name\" content=\"Centro Comercial en Donostia San Sebasti\u00e1n | Urbil\" \/>\n<meta property=\"article:modified_time\" content=\"2026-03-31T16:41:45+00:00\" \/>\n<meta property=\"og:image\" content=\"https:\/\/dev.urbil.es\/wp-content\/uploads\/2023\/06\/234x360_OCIOPLAN.png\" \/>\n\t<meta property=\"og:image:width\" content=\"234\" \/>\n\t<meta property=\"og:image:height\" content=\"360\" \/>\n\t<meta property=\"og:image:type\" content=\"image\/png\" \/>\n<meta name=\"twitter:card\" content=\"summary_large_image\" \/>\n<meta name=\"twitter:label1\" content=\"Tiempo de lectura\" \/>\n\t<meta name=\"twitter:data1\" content=\"1 minuto\" \/>\n<script type=\"application\/ld+json\" class=\"yoast-schema-graph\">{\"@context\":\"https:\\\/\\\/schema.org\",\"@graph\":[{\"@type\":\"WebPage\",\"@id\":\"https:\\\/\\\/dev.urbil.es\\\/es\\\/produktua\\\/ocioplan\",\"url\":\"https:\\\/\\\/dev.urbil.es\\\/es\\\/produktua\\\/ocioplan\",\"name\":\"OcioPlan: oferta de Cine con Comida o Cena | Centro Comercial Urbil\",\"isPartOf\":{\"@id\":\"https:\\\/\\\/dev.urbil.es\\\/es\\\/#website\"},\"primaryImageOfPage\":{\"@id\":\"https:\\\/\\\/dev.urbil.es\\\/es\\\/produktua\\\/ocioplan#primaryimage\"},\"image\":{\"@id\":\"https:\\\/\\\/dev.urbil.es\\\/es\\\/produktua\\\/ocioplan#primaryimage\"},\"thumbnailUrl\":\"https:\\\/\\\/dev.urbil.es\\\/wp-content\\\/uploads\\\/2023\\\/06\\\/234x360_OCIOPLAN.png\",\"datePublished\":\"2023-06-28T12:16:36+00:00\",\"dateModified\":\"2026-03-31T16:41:45+00:00\",\"description\":\"Disfruta de nuestros planes de ocio con tus amigos. Con Ocioplan, la mejor oferta de cine con comida o cena en el centro comercial Urbil Donostia San Sebasti\u00e1n.\",\"breadcrumb\":{\"@id\":\"https:\\\/\\\/dev.urbil.es\\\/es\\\/produktua\\\/ocioplan#breadcrumb\"},\"inLanguage\":\"es\",\"potentialAction\":[{\"@type\":\"ReadAction\",\"target\":[\"https:\\\/\\\/dev.urbil.es\\\/es\\\/produktua\\\/ocioplan\"]}]},{\"@type\":\"ImageObject\",\"inLanguage\":\"es\",\"@id\":\"https:\\\/\\\/dev.urbil.es\\\/es\\\/produktua\\\/ocioplan#primaryimage\",\"url\":\"https:\\\/\\\/dev.urbil.es\\\/wp-content\\\/uploads\\\/2023\\\/06\\\/234x360_OCIOPLAN.png\",\"contentUrl\":\"https:\\\/\\\/dev.urbil.es\\\/wp-content\\\/uploads\\\/2023\\\/06\\\/234x360_OCIOPLAN.png\",\"width\":234,\"height\":360},{\"@type\":\"BreadcrumbList\",\"@id\":\"https:\\\/\\\/dev.urbil.es\\\/es\\\/produktua\\\/ocioplan#breadcrumb\",\"itemListElement\":[{\"@type\":\"ListItem\",\"position\":1,\"name\":\"Portada\",\"item\":\"https:\\\/\\\/dev.urbil.es\\\/es\"},{\"@type\":\"ListItem\",\"position\":2,\"name\":\"Productos\",\"item\":\"https:\\\/\\\/dev.urbil.es\\\/es\\\/tienda\"},{\"@type\":\"ListItem\",\"position\":3,\"name\":\"OcioPlan: Cine con Comida o Cena\"}]},{\"@type\":\"WebSite\",\"@id\":\"https:\\\/\\\/dev.urbil.es\\\/es\\\/#website\",\"url\":\"https:\\\/\\\/dev.urbil.es\\\/es\\\/\",\"name\":\"Centro Comercial en Donostia San Sebasti\u00e1n | Urbil\",\"description\":\"M\u00e1s de 35.000m2 de superficie con una completa oferta comercial en San Sebasti\u00e1n: Hipemercado, Cines, Restaurantes, Ocio, Moda, Belleza, Servicios y Complementos.\",\"publisher\":{\"@id\":\"https:\\\/\\\/dev.urbil.es\\\/es\\\/#organization\"},\"potentialAction\":[{\"@type\":\"SearchAction\",\"target\":{\"@type\":\"EntryPoint\",\"urlTemplate\":\"https:\\\/\\\/dev.urbil.es\\\/es\\\/?s={search_term_string}\"},\"query-input\":{\"@type\":\"PropertyValueSpecification\",\"valueRequired\":true,\"valueName\":\"search_term_string\"}}],\"inLanguage\":\"es\"},{\"@type\":\"Organization\",\"@id\":\"https:\\\/\\\/dev.urbil.es\\\/es\\\/#organization\",\"name\":\"Centro Comercial en Donostia San Sebasti\u00e1n | Urbil\",\"url\":\"https:\\\/\\\/dev.urbil.es\\\/es\\\/\",\"logo\":{\"@type\":\"ImageObject\",\"inLanguage\":\"es\",\"@id\":\"https:\\\/\\\/dev.urbil.es\\\/es\\\/#\\\/schema\\\/logo\\\/image\\\/\",\"url\":\"https:\\\/\\\/dev.urbil.es\\\/wp-content\\\/uploads\\\/2023\\\/05\\\/logo_urb.png\",\"contentUrl\":\"https:\\\/\\\/dev.urbil.es\\\/wp-content\\\/uploads\\\/2023\\\/05\\\/logo_urb.png\",\"width\":842,\"height\":596,\"caption\":\"Centro Comercial en Donostia San Sebasti\u00e1n | Urbil\"},\"image\":{\"@id\":\"https:\\\/\\\/dev.urbil.es\\\/es\\\/#\\\/schema\\\/logo\\\/image\\\/\"}}]}<\/script>\n<!-- \/ Yoast SEO plugin. -->","yoast_head_json":{"title":"OcioPlan: oferta de Cine con Comida o Cena | Centro Comercial Urbil","description":"Disfruta de nuestros planes de ocio con tus amigos. Con Ocioplan, la mejor oferta de cine con comida o cena en el centro comercial Urbil Donostia San Sebasti\u00e1n.","robots":{"index":"noindex","follow":"follow","max-snippet":"max-snippet:-1","max-image-preview":"max-image-preview:large","max-video-preview":"max-video-preview:-1"},"og_locale":"es_ES","og_type":"article","og_title":"OcioPlan: oferta de Cine con Comida o Cena | Centro Comercial Urbil","og_description":"Disfruta de nuestros planes de ocio con tus amigos. Con Ocioplan, la mejor oferta de cine con comida o cena en el centro comercial Urbil Donostia San Sebasti\u00e1n.","og_url":"https:\/\/dev.urbil.es\/es\/produktua\/ocioplan","og_site_name":"Centro Comercial en Donostia San Sebasti\u00e1n | Urbil","article_modified_time":"2026-03-31T16:41:45+00:00","og_image":[{"width":234,"height":360,"url":"https:\/\/dev.urbil.es\/wp-content\/uploads\/2023\/06\/234x360_OCIOPLAN.png","type":"image\/png"}],"twitter_card":"summary_large_image","twitter_misc":{"Tiempo de lectura":"1 minuto"},"schema":{"@context":"https:\/\/schema.org","@graph":[{"@type":"WebPage","@id":"https:\/\/dev.urbil.es\/es\/produktua\/ocioplan","url":"https:\/\/dev.urbil.es\/es\/produktua\/ocioplan","name":"OcioPlan: oferta de Cine con Comida o Cena | Centro Comercial Urbil","isPartOf":{"@id":"https:\/\/dev.urbil.es\/es\/#website"},"primaryImageOfPage":{"@id":"https:\/\/dev.urbil.es\/es\/produktua\/ocioplan#primaryimage"},"image":{"@id":"https:\/\/dev.urbil.es\/es\/produktua\/ocioplan#primaryimage"},"thumbnailUrl":"https:\/\/dev.urbil.es\/wp-content\/uploads\/2023\/06\/234x360_OCIOPLAN.png","datePublished":"2023-06-28T12:16:36+00:00","dateModified":"2026-03-31T16:41:45+00:00","description":"Disfruta de nuestros planes de ocio con tus amigos. Con Ocioplan, la mejor oferta de cine con comida o cena en el centro comercial Urbil Donostia San Sebasti\u00e1n.","breadcrumb":{"@id":"https:\/\/dev.urbil.es\/es\/produktua\/ocioplan#breadcrumb"},"inLanguage":"es","potentialAction":[{"@type":"ReadAction","target":["https:\/\/dev.urbil.es\/es\/produktua\/ocioplan"]}]},{"@type":"ImageObject","inLanguage":"es","@id":"https:\/\/dev.urbil.es\/es\/produktua\/ocioplan#primaryimage","url":"https:\/\/dev.urbil.es\/wp-content\/uploads\/2023\/06\/234x360_OCIOPLAN.png","contentUrl":"https:\/\/dev.urbil.es\/wp-content\/uploads\/2023\/06\/234x360_OCIOPLAN.png","width":234,"height":360},{"@type":"BreadcrumbList","@id":"https:\/\/dev.urbil.es\/es\/produktua\/ocioplan#breadcrumb","itemListElement":[{"@type":"ListItem","position":1,"name":"Portada","item":"https:\/\/dev.urbil.es\/es"},{"@type":"ListItem","position":2,"name":"Productos","item":"https:\/\/dev.urbil.es\/es\/tienda"},{"@type":"ListItem","position":3,"name":"OcioPlan: Cine con Comida o Cena"}]},{"@type":"WebSite","@id":"https:\/\/dev.urbil.es\/es\/#website","url":"https:\/\/dev.urbil.es\/es\/","name":"Centro Comercial en Donostia San Sebasti\u00e1n | Urbil","description":"M\u00e1s de 35.000m2 de superficie con una completa oferta comercial en San Sebasti\u00e1n: Hipemercado, Cines, Restaurantes, Ocio, Moda, Belleza, Servicios y Complementos.","publisher":{"@id":"https:\/\/dev.urbil.es\/es\/#organization"},"potentialAction":[{"@type":"SearchAction","target":{"@type":"EntryPoint","urlTemplate":"https:\/\/dev.urbil.es\/es\/?s={search_term_string}"},"query-input":{"@type":"PropertyValueSpecification","valueRequired":true,"valueName":"search_term_string"}}],"inLanguage":"es"},{"@type":"Organization","@id":"https:\/\/dev.urbil.es\/es\/#organization","name":"Centro Comercial en Donostia San Sebasti\u00e1n | Urbil","url":"https:\/\/dev.urbil.es\/es\/","logo":{"@type":"ImageObject","inLanguage":"es","@id":"https:\/\/dev.urbil.es\/es\/#\/schema\/logo\/image\/","url":"https:\/\/dev.urbil.es\/wp-content\/uploads\/2023\/05\/logo_urb.png","contentUrl":"https:\/\/dev.urbil.es\/wp-content\/uploads\/2023\/05\/logo_urb.png","width":842,"height":596,"caption":"Centro Comercial en Donostia San Sebasti\u00e1n | Urbil"},"image":{"@id":"https:\/\/dev.urbil.es\/es\/#\/schema\/logo\/image\/"}}]}},"_links":{"self":[{"href":"https:\/\/dev.urbil.es\/es\/wp-json\/wp\/v2\/product\/10419","targetHints":{"allow":["GET"]}}],"collection":[{"href":"https:\/\/dev.urbil.es\/es\/wp-json\/wp\/v2\/product"}],"about":[{"href":"https:\/\/dev.urbil.es\/es\/wp-json\/wp\/v2\/types\/product"}],"replies":[{"embeddable":true,"href":"https:\/\/dev.urbil.es\/es\/wp-json\/wp\/v2\/comments?post=10419"}],"wp:featuredmedia":[{"embeddable":true,"href":"https:\/\/dev.urbil.es\/es\/wp-json\/wp\/v2\/media\/15744"}],"wp:attachment":[{"href":"https:\/\/dev.urbil.es\/es\/wp-json\/wp\/v2\/media?parent=10419"}],"wp:term":[{"taxonomy":"product_brand","embeddable":true,"href":"https:\/\/dev.urbil.es\/es\/wp-json\/wp\/v2\/product_brand?post=10419"},{"taxonomy":"product_cat","embeddable":true,"href":"https:\/\/dev.urbil.es\/es\/wp-json\/wp\/v2\/product_cat?post=10419"},{"taxonomy":"product_tag","embeddable":true,"href":"https:\/\/dev.urbil.es\/es\/wp-json\/wp\/v2\/product_tag?post=10419"}],"curies":[{"name":"wp","href":"https:\/\/api.w.org\/{rel}","templated":true}]}}