{"id":8731,"date":"2023-06-26T09:52:37","date_gmt":"2023-06-26T09:52:37","guid":{"rendered":"https:\/\/dev.urbil.es\/?page_id=8731"},"modified":"2025-01-21T11:28:17","modified_gmt":"2025-01-21T11:28:17","slug":"iniciativas-konpromisourbil","status":"publish","type":"page","link":"https:\/\/dev.urbil.es\/es\/iniciativas-konpromisourbil","title":{"rendered":"Iniciativas Konpromiso Urbil"},"content":{"rendered":"\t\t<div data-elementor-type=\"wp-page\" data-elementor-id=\"8731\" class=\"elementor elementor-8731\">\n\t\t\t\t\t\t<section class=\"elementor-section elementor-top-section elementor-element elementor-element-2860882 no-padding elementor-section-boxed elementor-section-height-default elementor-section-height-default wpr-particle-no wpr-jarallax-no wpr-parallax-no wpr-sticky-section-no wpr-equal-height-no\" data-id=\"2860882\" data-element_type=\"section\" data-e-type=\"section\" data-settings=\"{&quot;background_background&quot;:&quot;gradient&quot;}\">\n\t\t\t\t\t\t<div class=\"elementor-container elementor-column-gap-default\">\n\t\t\t\t\t<div class=\"elementor-column elementor-col-50 elementor-top-column elementor-element elementor-element-3b90819\" data-id=\"3b90819\" data-element_type=\"column\" data-e-type=\"column\" data-settings=\"{&quot;background_background&quot;:&quot;gradient&quot;}\">\n\t\t\t<div class=\"elementor-widget-wrap elementor-element-populated\">\n\t\t\t\t\t<div class=\"elementor-background-overlay\"><\/div>\n\t\t\t\t\t\t<div class=\"elementor-element elementor-element-6b3348f elementor-widget elementor-widget-heading\" data-id=\"6b3348f\" data-element_type=\"widget\" data-e-type=\"widget\" data-widget_type=\"heading.default\">\n\t\t\t\t<div class=\"elementor-widget-container\">\n\t\t\t\t\t<h1 class=\"elementor-heading-title elementor-size-default\">Iniciativas Konpromiso Urbil<\/h1>\t\t\t\t<\/div>\n\t\t\t\t<\/div>\n\t\t\t\t<div class=\"elementor-element elementor-element-d03aff0 elementor-widget elementor-widget-text-editor\" data-id=\"d03aff0\" data-element_type=\"widget\" data-e-type=\"widget\" data-widget_type=\"text-editor.default\">\n\t\t\t\t<div class=\"elementor-widget-container\">\n\t\t\t\t\t\t\t\t\t<p>Desde su inauguraci\u00f3n, Urbil ha estado comprometido con su entorno a trav\u00e9s del desarrollo de distintas iniciativas de responsabilidad social corporativa. Su&nbsp;proyecto <strong>#CompromisoUrbil<\/strong> ha velado siempre por generar una sociedad m\u00e1s cohesionada, mediante la igualdad de g\u00e9nero, la inclusi\u00f3n social, la solidaridad y el medio ambiente. Adem\u00e1s, Urbil siempre ha estado comprometido con el euskera, la cultura y el deporte.<\/p>\n<p>En&nbsp;marzo de 2021, Urbil ampl\u00eda&nbsp;el alcance de su proyecto, dando un nuevo paso&nbsp;en su&nbsp;compromiso&nbsp;mediante el lanzamiento&nbsp;de<strong>&nbsp;Origen, que incluye, adem\u00e1s de los compromisos anteriores, un proyecto de sostenibilidad m\u00e1s amplio, basado en los 17 Objetivos de Desarrollo Sostenible planteados por la ONU.&nbsp;&nbsp;<\/strong><\/p>\n<p>Urbil contin\u00faa desarrollando distintas iniciativas a trav\u00e9s de su proyecto de sostenibilidad, desde 2023 denominado <strong>Konpromiso Urbil.&nbsp;<\/strong><\/p>\n<p>Descubre las actuaciones desarrolladas por el centro para&nbsp;cada uno de estos objetivos.<\/p>\t\t\t\t\t\t\t\t<\/div>\n\t\t\t\t<\/div>\n\t\t\t\t\t<\/div>\n\t\t<\/div>\n\t\t\t\t<div class=\"elementor-column elementor-col-50 elementor-top-column elementor-element elementor-element-800598a\" data-id=\"800598a\" data-element_type=\"column\" data-e-type=\"column\" data-settings=\"{&quot;background_background&quot;:&quot;gradient&quot;}\">\n\t\t\t<div class=\"elementor-widget-wrap elementor-element-populated\">\n\t\t\t\t\t\t<div class=\"elementor-element elementor-element-9a0ba20 elementor-widget elementor-widget-image\" data-id=\"9a0ba20\" data-element_type=\"widget\" data-e-type=\"widget\" data-widget_type=\"image.default\">\n\t\t\t\t<div class=\"elementor-widget-container\">\n\t\t\t\t\t\t\t\t\t\t\t\t\t\t\t<img fetchpriority=\"high\" decoding=\"async\" width=\"530\" height=\"353\" src=\"https:\/\/dev.urbil.es\/wp-content\/uploads\/2023\/06\/INICIATIVAS-ORIGEN-2.2_0.png\" class=\"attachment-large size-large wp-image-10593\" alt=\"\" srcset=\"https:\/\/dev.urbil.es\/wp-content\/uploads\/2023\/06\/INICIATIVAS-ORIGEN-2.2_0.png 530w, https:\/\/dev.urbil.es\/wp-content\/uploads\/2023\/06\/INICIATIVAS-ORIGEN-2.2_0-300x200.png 300w\" sizes=\"(max-width: 530px) 100vw, 530px\" \/>\t\t\t\t\t\t\t\t\t\t\t\t\t\t\t<\/div>\n\t\t\t\t<\/div>\n\t\t\t\t\t<\/div>\n\t\t<\/div>\n\t\t\t\t\t<\/div>\n\t\t<\/section>\n\t\t\t\t<section class=\"elementor-section elementor-top-section elementor-element elementor-element-6ffa0eb elementor-section-boxed elementor-section-height-default elementor-section-height-default wpr-particle-no wpr-jarallax-no wpr-parallax-no wpr-sticky-section-no wpr-equal-height-no\" data-id=\"6ffa0eb\" data-element_type=\"section\" data-e-type=\"section\" data-settings=\"{&quot;background_background&quot;:&quot;classic&quot;}\">\n\t\t\t\t\t\t<div class=\"elementor-container elementor-column-gap-default\">\n\t\t\t\t\t<div class=\"elementor-column elementor-col-100 elementor-top-column elementor-element elementor-element-f3754c2\" data-id=\"f3754c2\" data-element_type=\"column\" data-e-type=\"column\" data-settings=\"{&quot;background_background&quot;:&quot;classic&quot;}\">\n\t\t\t<div class=\"elementor-widget-wrap elementor-element-populated\">\n\t\t\t\t\t\t<div class=\"elementor-element elementor-element-c9ebf6a elementor-widget elementor-widget-image\" data-id=\"c9ebf6a\" data-element_type=\"widget\" data-e-type=\"widget\" data-widget_type=\"image.default\">\n\t\t\t\t<div class=\"elementor-widget-container\">\n\t\t\t\t\t\t\t\t\t\t\t\t\t\t\t\t<a href=\"#iniciativas\">\n\t\t\t\t\t\t\t<img decoding=\"async\" width=\"65\" height=\"72\" src=\"https:\/\/dev.urbil.es\/wp-content\/uploads\/2023\/06\/boton_siguiente.svg\" class=\"attachment-large size-large wp-image-10266\" alt=\"\" \/>\t\t\t\t\t\t\t\t<\/a>\n\t\t\t\t\t\t\t\t\t\t\t\t\t\t\t<\/div>\n\t\t\t\t<\/div>\n\t\t\t\t\t<\/div>\n\t\t<\/div>\n\t\t\t\t\t<\/div>\n\t\t<\/section>\n\t\t\t\t<section class=\"elementor-section elementor-top-section elementor-element elementor-element-cfe3458 no-padding elementor-section-boxed elementor-section-height-default elementor-section-height-default wpr-particle-no wpr-jarallax-no wpr-parallax-no wpr-sticky-section-no wpr-equal-height-no\" data-id=\"cfe3458\" data-element_type=\"section\" data-e-type=\"section\" id=\"iniciativas\">\n\t\t\t\t\t\t<div class=\"elementor-container elementor-column-gap-default\">\n\t\t\t\t\t<div class=\"elementor-column elementor-col-100 elementor-top-column elementor-element elementor-element-b592f67\" data-id=\"b592f67\" data-element_type=\"column\" data-e-type=\"column\">\n\t\t\t<div class=\"elementor-widget-wrap elementor-element-populated\">\n\t\t\t\t\t\t<div class=\"elementor-element elementor-element-c3dff80 elementor-widget elementor-widget-shortcode\" data-id=\"c3dff80\" data-element_type=\"widget\" data-e-type=\"widget\" data-widget_type=\"shortcode.default\">\n\t\t\t\t<div class=\"elementor-widget-container\">\n\t\t\t\t\t\t\t<div class=\"elementor-shortcode\"><div class=\"filtros\"><span class=\"filtro_tax filtro_tax_activo\" data-id=\"-1\">Todo<\/span> <span class=\"filtro_tax  termino_origen\" style=\"background-color:#3e7d43\" data-id=\"40\"><img decoding=\"async\" src=\"https:\/\/dev.urbil.es\/wp-content\/uploads\/2023\/06\/ico_origen_13.svg\" class=\"icono_filtro_origen\">Acci\u00f3n por el clima<\/span> <span class=\"filtro_tax  termino_origen\" style=\"background-color:#0996d8\" data-id=\"26\"><img decoding=\"async\" src=\"https:\/\/dev.urbil.es\/wp-content\/uploads\/2023\/06\/ico_origen_06.svg\" class=\"icono_filtro_origen\">Agua limpia y saneamiento<\/span> <span class=\"filtro_tax  termino_origen\" style=\"background-color:#184769\" data-id=\"48\"><img decoding=\"async\" src=\"https:\/\/dev.urbil.es\/wp-content\/uploads\/2023\/06\/ico_origen_17.svg\" class=\"icono_filtro_origen\">Alianzas para lograr los objetivos<\/span> <span class=\"filtro_tax  termino_origen\" style=\"background-color:#f88131\" data-id=\"36\"><img decoding=\"async\" src=\"https:\/\/dev.urbil.es\/wp-content\/uploads\/2023\/06\/ico_origen_11.svg\" class=\"icono_filtro_origen\">Ciudades y comunidades sostenibles<\/span> <span class=\"filtro_tax  termino_origen\" style=\"background-color:#a0272e\" data-id=\"22\"><img decoding=\"async\" src=\"https:\/\/dev.urbil.es\/wp-content\/uploads\/2023\/06\/ico_origen_04.svg\" class=\"icono_filtro_origen\">Educaci\u00f3n de calidad<\/span> <span class=\"filtro_tax  termino_origen\" style=\"background-color:#fec13b\" data-id=\"28\"><img decoding=\"async\" src=\"https:\/\/dev.urbil.es\/wp-content\/uploads\/2023\/06\/ico_origen_07.svg\" class=\"icono_filtro_origen\">Energ\u00eda asequible y no contaminante<\/span> <span class=\"filtro_tax  termino_origen\" style=\"background-color:#fe0000\" data-id=\"16\"><img decoding=\"async\" src=\"https:\/\/dev.urbil.es\/wp-content\/uploads\/2023\/06\/ico_origen_01.svg\" class=\"icono_filtro_origen\">Fin de la pobreza<\/span> <span class=\"filtro_tax  termino_origen\" style=\"background-color:#fec13a\" data-id=\"18\"><img decoding=\"async\" src=\"https:\/\/dev.urbil.es\/wp-content\/uploads\/2023\/06\/ico_origen_02.svg\" class=\"icono_filtro_origen\">Hambre cero<\/span> <span class=\"filtro_tax  termino_origen\" style=\"background-color:#fe0000\" data-id=\"24\"><img decoding=\"async\" src=\"https:\/\/dev.urbil.es\/wp-content\/uploads\/2023\/06\/ico_origen_05.svg\" class=\"icono_filtro_origen\">Igualdad de g\u00e9nero<\/span> <span class=\"filtro_tax  termino_origen\" style=\"background-color:#f88131\" data-id=\"32\"><img decoding=\"async\" src=\"https:\/\/dev.urbil.es\/wp-content\/uploads\/2023\/06\/ico_origen_09.svg\" class=\"icono_filtro_origen\">Industria, innovaci\u00f3n e infraestructura<\/span> <span class=\"filtro_tax  termino_origen\" style=\"background-color:#184769\" data-id=\"46\"><img decoding=\"async\" src=\"https:\/\/dev.urbil.es\/wp-content\/uploads\/2023\/06\/ico_origen_16.svg\" class=\"icono_filtro_origen\">Paz, justicia e instituciones s\u00f3lidas<\/span> <span class=\"filtro_tax  termino_origen\" style=\"background-color:#bd8b2d\" data-id=\"38\"><img decoding=\"async\" src=\"https:\/\/dev.urbil.es\/wp-content\/uploads\/2023\/06\/ico_origen_12.svg\" class=\"icono_filtro_origen\">Producci\u00f3n y consumo responsables<\/span> <span class=\"filtro_tax  termino_origen\" style=\"background-color:#dc1266\" data-id=\"34\"><img decoding=\"async\" src=\"https:\/\/dev.urbil.es\/wp-content\/uploads\/2023\/06\/ico_origen_10.svg\" class=\"icono_filtro_origen\">Reducci\u00f3n de las desigualdades<\/span> <span class=\"filtro_tax  termino_origen\" style=\"background-color:#3e7d43\" data-id=\"20\"><img decoding=\"async\" src=\"https:\/\/dev.urbil.es\/wp-content\/uploads\/2023\/06\/ico_origen_03.svg\" class=\"icono_filtro_origen\">Salud y bienestar<\/span> <span class=\"filtro_tax  termino_origen\" style=\"background-color:#3f7e43\" data-id=\"44\"><img decoding=\"async\" src=\"https:\/\/dev.urbil.es\/wp-content\/uploads\/2023\/06\/ico_origen_15.svg\" class=\"icono_filtro_origen\">Vida de ecosistemas terrestres<\/span> <span class=\"filtro_tax  termino_origen\" style=\"background-color:#0996d8\" data-id=\"42\"><img decoding=\"async\" src=\"https:\/\/dev.urbil.es\/wp-content\/uploads\/2023\/06\/ico_origen_14.svg\" class=\"icono_filtro_origen\">Vida marina<\/span> <\/div><input type=\"hidden\" name=\"taxonomia2\" id=\"taxonomia2\" value=\"areas_de_compromisourbil\"><input type=\"hidden\" name=\"pagina_id\" id=\"pagina_id\" value=\"0\"><input type=\"hidden\" name=\"tipo\" id=\"tipo\" value=\"publicacion\"><input type=\"hidden\" name=\"taxonomia\" id=\"taxonomia\" value=\"tipo_de_publicacion\"><input type=\"hidden\" name=\"termino\" id=\"termino\" value=\"98\"><input type=\"hidden\" name=\"inicio\" id=\"inicio\" value=\"0\"><div id=\"resultados\"><\/div>\n\t<script>\n\tjQuery(document).ready(function(){\n\t\tfiltrar(0,);\t\n\t});\n\t<\/script>\n\t<\/div>\n\t\t\t\t\t\t<\/div>\n\t\t\t\t<\/div>\n\t\t\t\t\t<\/div>\n\t\t<\/div>\n\t\t\t\t\t<\/div>\n\t\t<\/section>\n\t\t\t\t<\/div>\n\t\t","protected":false},"excerpt":{"rendered":"<p>Iniciativas Konpromiso Urbil Desde su inauguraci\u00f3n, Urbil ha estado comprometido<\/p>\n","protected":false},"author":1,"featured_media":0,"parent":0,"menu_order":0,"comment_status":"closed","ping_status":"closed","template":"","meta":{"_acf_changed":false,"footnotes":""},"class_list":["post-8731","page","type-page","status-publish","hentry"],"acf":[],"yoast_head":"<!-- This site is optimized with the Yoast SEO plugin v27.5 - https:\/\/yoast.com\/product\/yoast-seo-wordpress\/ -->\n<title>Iniciativas Konpromiso Urbil | Centro Comercial Urbil<\/title>\n<meta name=\"description\" content=\"Descubre las 70 iniciativas sostenibles que lanzamos con el proyecto Konpromiso Urbil basadas en los 17 Objetivos de Desarrollo Sostenible de la ONU.\" \/>\n<meta name=\"robots\" content=\"noindex, follow, max-snippet:-1, max-image-preview:large, max-video-preview:-1\" \/>\n<meta property=\"og:locale\" content=\"es_ES\" \/>\n<meta property=\"og:type\" content=\"article\" \/>\n<meta property=\"og:title\" content=\"Iniciativas Konpromiso Urbil | Centro Comercial Urbil\" \/>\n<meta property=\"og:description\" content=\"Descubre las 70 iniciativas sostenibles que lanzamos con el proyecto Konpromiso Urbil basadas en los 17 Objetivos de Desarrollo Sostenible de la ONU.\" \/>\n<meta property=\"og:url\" content=\"https:\/\/dev.urbil.es\/es\/iniciativas-konpromisourbil\" \/>\n<meta property=\"og:site_name\" content=\"Centro Comercial en Donostia San Sebasti\u00e1n | Urbil\" \/>\n<meta property=\"article:modified_time\" content=\"2025-01-21T11:28:17+00:00\" \/>\n<meta property=\"og:image\" content=\"https:\/\/dev.urbil.es\/wp-content\/uploads\/2023\/06\/INICIATIVAS-ORIGEN-2.2_0.png\" \/>\n<meta name=\"twitter:card\" content=\"summary_large_image\" \/>\n<meta name=\"twitter:label1\" content=\"Tiempo de lectura\" \/>\n\t<meta name=\"twitter:data1\" content=\"2 minutos\" \/>\n<script type=\"application\/ld+json\" class=\"yoast-schema-graph\">{\"@context\":\"https:\\\/\\\/schema.org\",\"@graph\":[{\"@type\":\"WebPage\",\"@id\":\"https:\\\/\\\/dev.urbil.es\\\/es\\\/iniciativas-konpromisourbil\",\"url\":\"https:\\\/\\\/dev.urbil.es\\\/es\\\/iniciativas-konpromisourbil\",\"name\":\"Iniciativas Konpromiso Urbil | Centro Comercial Urbil\",\"isPartOf\":{\"@id\":\"https:\\\/\\\/dev.urbil.es\\\/es\\\/#website\"},\"primaryImageOfPage\":{\"@id\":\"https:\\\/\\\/dev.urbil.es\\\/es\\\/iniciativas-konpromisourbil#primaryimage\"},\"image\":{\"@id\":\"https:\\\/\\\/dev.urbil.es\\\/es\\\/iniciativas-konpromisourbil#primaryimage\"},\"thumbnailUrl\":\"https:\\\/\\\/dev.urbil.es\\\/wp-content\\\/uploads\\\/2023\\\/06\\\/INICIATIVAS-ORIGEN-2.2_0.png\",\"datePublished\":\"2023-06-26T09:52:37+00:00\",\"dateModified\":\"2025-01-21T11:28:17+00:00\",\"description\":\"Descubre las 70 iniciativas sostenibles que lanzamos con el proyecto Konpromiso Urbil basadas en los 17 Objetivos de Desarrollo Sostenible de la ONU.\",\"breadcrumb\":{\"@id\":\"https:\\\/\\\/dev.urbil.es\\\/es\\\/iniciativas-konpromisourbil#breadcrumb\"},\"inLanguage\":\"es\",\"potentialAction\":[{\"@type\":\"ReadAction\",\"target\":[\"https:\\\/\\\/dev.urbil.es\\\/es\\\/iniciativas-konpromisourbil\"]}]},{\"@type\":\"ImageObject\",\"inLanguage\":\"es\",\"@id\":\"https:\\\/\\\/dev.urbil.es\\\/es\\\/iniciativas-konpromisourbil#primaryimage\",\"url\":\"https:\\\/\\\/dev.urbil.es\\\/wp-content\\\/uploads\\\/2023\\\/06\\\/INICIATIVAS-ORIGEN-2.2_0.png\",\"contentUrl\":\"https:\\\/\\\/dev.urbil.es\\\/wp-content\\\/uploads\\\/2023\\\/06\\\/INICIATIVAS-ORIGEN-2.2_0.png\"},{\"@type\":\"BreadcrumbList\",\"@id\":\"https:\\\/\\\/dev.urbil.es\\\/es\\\/iniciativas-konpromisourbil#breadcrumb\",\"itemListElement\":[{\"@type\":\"ListItem\",\"position\":1,\"name\":\"Portada\",\"item\":\"https:\\\/\\\/dev.urbil.es\\\/es\"},{\"@type\":\"ListItem\",\"position\":2,\"name\":\"Iniciativas Konpromiso Urbil\"}]},{\"@type\":\"WebSite\",\"@id\":\"https:\\\/\\\/dev.urbil.es\\\/es\\\/#website\",\"url\":\"https:\\\/\\\/dev.urbil.es\\\/es\\\/\",\"name\":\"Centro Comercial en Donostia San Sebasti\u00e1n | Urbil\",\"description\":\"M\u00e1s de 35.000m2 de superficie con una completa oferta comercial en San Sebasti\u00e1n: Hipemercado, Cines, Restaurantes, Ocio, Moda, Belleza, Servicios y Complementos.\",\"publisher\":{\"@id\":\"https:\\\/\\\/dev.urbil.es\\\/es\\\/#organization\"},\"potentialAction\":[{\"@type\":\"SearchAction\",\"target\":{\"@type\":\"EntryPoint\",\"urlTemplate\":\"https:\\\/\\\/dev.urbil.es\\\/es\\\/?s={search_term_string}\"},\"query-input\":{\"@type\":\"PropertyValueSpecification\",\"valueRequired\":true,\"valueName\":\"search_term_string\"}}],\"inLanguage\":\"es\"},{\"@type\":\"Organization\",\"@id\":\"https:\\\/\\\/dev.urbil.es\\\/es\\\/#organization\",\"name\":\"Centro Comercial en Donostia San Sebasti\u00e1n | Urbil\",\"url\":\"https:\\\/\\\/dev.urbil.es\\\/es\\\/\",\"logo\":{\"@type\":\"ImageObject\",\"inLanguage\":\"es\",\"@id\":\"https:\\\/\\\/dev.urbil.es\\\/es\\\/#\\\/schema\\\/logo\\\/image\\\/\",\"url\":\"https:\\\/\\\/dev.urbil.es\\\/wp-content\\\/uploads\\\/2023\\\/05\\\/logo_urb.png\",\"contentUrl\":\"https:\\\/\\\/dev.urbil.es\\\/wp-content\\\/uploads\\\/2023\\\/05\\\/logo_urb.png\",\"width\":842,\"height\":596,\"caption\":\"Centro Comercial en Donostia San Sebasti\u00e1n | Urbil\"},\"image\":{\"@id\":\"https:\\\/\\\/dev.urbil.es\\\/es\\\/#\\\/schema\\\/logo\\\/image\\\/\"}}]}<\/script>\n<!-- \/ Yoast SEO plugin. -->","yoast_head_json":{"title":"Iniciativas Konpromiso Urbil | Centro Comercial Urbil","description":"Descubre las 70 iniciativas sostenibles que lanzamos con el proyecto Konpromiso Urbil basadas en los 17 Objetivos de Desarrollo Sostenible de la ONU.","robots":{"index":"noindex","follow":"follow","max-snippet":"max-snippet:-1","max-image-preview":"max-image-preview:large","max-video-preview":"max-video-preview:-1"},"og_locale":"es_ES","og_type":"article","og_title":"Iniciativas Konpromiso Urbil | Centro Comercial Urbil","og_description":"Descubre las 70 iniciativas sostenibles que lanzamos con el proyecto Konpromiso Urbil basadas en los 17 Objetivos de Desarrollo Sostenible de la ONU.","og_url":"https:\/\/dev.urbil.es\/es\/iniciativas-konpromisourbil","og_site_name":"Centro Comercial en Donostia San Sebasti\u00e1n | Urbil","article_modified_time":"2025-01-21T11:28:17+00:00","og_image":[{"url":"https:\/\/dev.urbil.es\/wp-content\/uploads\/2023\/06\/INICIATIVAS-ORIGEN-2.2_0.png","type":"","width":"","height":""}],"twitter_card":"summary_large_image","twitter_misc":{"Tiempo de lectura":"2 minutos"},"schema":{"@context":"https:\/\/schema.org","@graph":[{"@type":"WebPage","@id":"https:\/\/dev.urbil.es\/es\/iniciativas-konpromisourbil","url":"https:\/\/dev.urbil.es\/es\/iniciativas-konpromisourbil","name":"Iniciativas Konpromiso Urbil | Centro Comercial Urbil","isPartOf":{"@id":"https:\/\/dev.urbil.es\/es\/#website"},"primaryImageOfPage":{"@id":"https:\/\/dev.urbil.es\/es\/iniciativas-konpromisourbil#primaryimage"},"image":{"@id":"https:\/\/dev.urbil.es\/es\/iniciativas-konpromisourbil#primaryimage"},"thumbnailUrl":"https:\/\/dev.urbil.es\/wp-content\/uploads\/2023\/06\/INICIATIVAS-ORIGEN-2.2_0.png","datePublished":"2023-06-26T09:52:37+00:00","dateModified":"2025-01-21T11:28:17+00:00","description":"Descubre las 70 iniciativas sostenibles que lanzamos con el proyecto Konpromiso Urbil basadas en los 17 Objetivos de Desarrollo Sostenible de la ONU.","breadcrumb":{"@id":"https:\/\/dev.urbil.es\/es\/iniciativas-konpromisourbil#breadcrumb"},"inLanguage":"es","potentialAction":[{"@type":"ReadAction","target":["https:\/\/dev.urbil.es\/es\/iniciativas-konpromisourbil"]}]},{"@type":"ImageObject","inLanguage":"es","@id":"https:\/\/dev.urbil.es\/es\/iniciativas-konpromisourbil#primaryimage","url":"https:\/\/dev.urbil.es\/wp-content\/uploads\/2023\/06\/INICIATIVAS-ORIGEN-2.2_0.png","contentUrl":"https:\/\/dev.urbil.es\/wp-content\/uploads\/2023\/06\/INICIATIVAS-ORIGEN-2.2_0.png"},{"@type":"BreadcrumbList","@id":"https:\/\/dev.urbil.es\/es\/iniciativas-konpromisourbil#breadcrumb","itemListElement":[{"@type":"ListItem","position":1,"name":"Portada","item":"https:\/\/dev.urbil.es\/es"},{"@type":"ListItem","position":2,"name":"Iniciativas Konpromiso Urbil"}]},{"@type":"WebSite","@id":"https:\/\/dev.urbil.es\/es\/#website","url":"https:\/\/dev.urbil.es\/es\/","name":"Centro Comercial en Donostia San Sebasti\u00e1n | Urbil","description":"M\u00e1s de 35.000m2 de superficie con una completa oferta comercial en San Sebasti\u00e1n: Hipemercado, Cines, Restaurantes, Ocio, Moda, Belleza, Servicios y Complementos.","publisher":{"@id":"https:\/\/dev.urbil.es\/es\/#organization"},"potentialAction":[{"@type":"SearchAction","target":{"@type":"EntryPoint","urlTemplate":"https:\/\/dev.urbil.es\/es\/?s={search_term_string}"},"query-input":{"@type":"PropertyValueSpecification","valueRequired":true,"valueName":"search_term_string"}}],"inLanguage":"es"},{"@type":"Organization","@id":"https:\/\/dev.urbil.es\/es\/#organization","name":"Centro Comercial en Donostia San Sebasti\u00e1n | Urbil","url":"https:\/\/dev.urbil.es\/es\/","logo":{"@type":"ImageObject","inLanguage":"es","@id":"https:\/\/dev.urbil.es\/es\/#\/schema\/logo\/image\/","url":"https:\/\/dev.urbil.es\/wp-content\/uploads\/2023\/05\/logo_urb.png","contentUrl":"https:\/\/dev.urbil.es\/wp-content\/uploads\/2023\/05\/logo_urb.png","width":842,"height":596,"caption":"Centro Comercial en Donostia San Sebasti\u00e1n | Urbil"},"image":{"@id":"https:\/\/dev.urbil.es\/es\/#\/schema\/logo\/image\/"}}]}},"_links":{"self":[{"href":"https:\/\/dev.urbil.es\/es\/wp-json\/wp\/v2\/pages\/8731","targetHints":{"allow":["GET"]}}],"collection":[{"href":"https:\/\/dev.urbil.es\/es\/wp-json\/wp\/v2\/pages"}],"about":[{"href":"https:\/\/dev.urbil.es\/es\/wp-json\/wp\/v2\/types\/page"}],"author":[{"embeddable":true,"href":"https:\/\/dev.urbil.es\/es\/wp-json\/wp\/v2\/users\/1"}],"replies":[{"embeddable":true,"href":"https:\/\/dev.urbil.es\/es\/wp-json\/wp\/v2\/comments?post=8731"}],"version-history":[{"count":21,"href":"https:\/\/dev.urbil.es\/es\/wp-json\/wp\/v2\/pages\/8731\/revisions"}],"predecessor-version":[{"id":13011,"href":"https:\/\/dev.urbil.es\/es\/wp-json\/wp\/v2\/pages\/8731\/revisions\/13011"}],"wp:attachment":[{"href":"https:\/\/dev.urbil.es\/es\/wp-json\/wp\/v2\/media?parent=8731"}],"curies":[{"name":"wp","href":"https:\/\/api.w.org\/{rel}","templated":true}]}}