{"id":64,"date":"2023-06-08T10:37:53","date_gmt":"2023-06-08T10:37:53","guid":{"rendered":"https:\/\/dev.urbil.es\/?page_id=64"},"modified":"2023-06-29T12:19:52","modified_gmt":"2023-06-29T12:19:52","slug":"servicios-que-te-ofrecemos-en-el-centro-comercial-urbil","status":"publish","type":"page","link":"https:\/\/dev.urbil.es\/es\/servicios-que-te-ofrecemos-en-el-centro-comercial-urbil","title":{"rendered":"Servicios gratuitos"},"content":{"rendered":"\t\t<div data-elementor-type=\"wp-page\" data-elementor-id=\"64\" class=\"elementor elementor-64\">\n\t\t\t\t\t\t<section class=\"elementor-section elementor-top-section elementor-element elementor-element-5300e695 elementor-section-boxed elementor-section-height-default elementor-section-height-default wpr-particle-no wpr-jarallax-no wpr-parallax-no wpr-sticky-section-no wpr-equal-height-no\" data-id=\"5300e695\" data-element_type=\"section\" data-e-type=\"section\">\n\t\t\t\t\t\t<div class=\"elementor-container elementor-column-gap-default\">\n\t\t\t\t\t<div class=\"elementor-column elementor-col-50 elementor-top-column elementor-element elementor-element-a0f89d6\" data-id=\"a0f89d6\" data-element_type=\"column\" data-e-type=\"column\">\n\t\t\t<div class=\"elementor-widget-wrap elementor-element-populated\">\n\t\t\t\t\t\t<div class=\"elementor-element elementor-element-f79947c elementor-widget elementor-widget-heading\" data-id=\"f79947c\" data-element_type=\"widget\" data-e-type=\"widget\" data-widget_type=\"heading.default\">\n\t\t\t\t<div class=\"elementor-widget-container\">\n\t\t\t\t\t<h1 class=\"elementor-heading-title elementor-size-default\">En Urbil pensamos en ti y en tus necesidades<\/h1>\t\t\t\t<\/div>\n\t\t\t\t<\/div>\n\t\t\t\t<div class=\"elementor-element elementor-element-7314dc9 elementor-widget elementor-widget-text-editor\" data-id=\"7314dc9\" data-element_type=\"widget\" data-e-type=\"widget\" data-widget_type=\"text-editor.default\">\n\t\t\t\t<div class=\"elementor-widget-container\">\n\t\t\t\t\t\t\t\t\t<p>El centro comercial est\u00e1 dise\u00f1ado para ofrecer a todos los usuarios una experiencia lo m\u00e1s c\u00f3moda posible en cada una de sus visitas. Aqu\u00ed puedes ver todos los servicios que Urbil te ofrece. Un listado de prestaciones que poco a poco queremos seguir mejorando contigo.<\/p>\t\t\t\t\t\t\t\t<\/div>\n\t\t\t\t<\/div>\n\t\t\t\t<div class=\"elementor-element elementor-element-c04b6ac elementor-widget elementor-widget-shortcode\" data-id=\"c04b6ac\" data-element_type=\"widget\" data-e-type=\"widget\" data-widget_type=\"shortcode.default\">\n\t\t\t\t<div class=\"elementor-widget-container\">\n\t\t\t\t\t\t\t<div class=\"elementor-shortcode\"><div class=\"container\"><div class=\"row\" style=\"max-width:800px;margin-bottom: 60px;\"><div class=\"col-md-3 col-3 \">\t<div class=\"contenedor servicios s_active\" data-id=\"8445\">\t\t<div class=\"contenedor_img_servicio\"><div class=\"img_context\"><img decoding=\"async\" class=\"img_servicio\" src=\"https:\/\/dev.urbil.es\/wp-content\/uploads\/2023\/06\/s-accesibilidad.png\"><\/div><\/div>\t\t<h2 class=\"titulo_servicio\">Accesibilidad y bienestar<\/h2>\t<\/div><\/div><div class=\"col-md-3 col-3 \">\t<div class=\"contenedor servicios \" data-id=\"8480\">\t\t<div class=\"contenedor_img_servicio\"><div class=\"img_context\"><img decoding=\"async\" class=\"img_servicio\" src=\"https:\/\/dev.urbil.es\/wp-content\/uploads\/2023\/06\/informacion_0.png\"><\/div><\/div>\t\t<h2 class=\"titulo_servicio\">Informaci\u00f3n<\/h2>\t<\/div><\/div><div class=\"col-md-3 col-3 \">\t<div class=\"contenedor servicios \" data-id=\"8421\">\t\t<div class=\"contenedor_img_servicio\"><div class=\"img_context\"><img decoding=\"async\" class=\"img_servicio\" src=\"https:\/\/dev.urbil.es\/wp-content\/uploads\/2023\/06\/s-ninos_0.png\"><\/div><\/div>\t\t<h2 class=\"titulo_servicio\">Ni\u00f1os<\/h2>\t<\/div><\/div><div class=\"col-md-3 col-3 \">\t<div class=\"contenedor servicios \" data-id=\"8465\">\t\t<div class=\"contenedor_img_servicio\"><div class=\"img_context\"><img decoding=\"async\" class=\"img_servicio\" src=\"https:\/\/dev.urbil.es\/wp-content\/uploads\/2023\/06\/s-parking.png\"><\/div><\/div>\t\t<h2 class=\"titulo_servicio\">Parking y transporte<\/h2>\t<\/div><\/div><div class=\"col-md-3 col-3 \">\t<div class=\"contenedor servicios \" data-id=\"8501\">\t\t<div class=\"contenedor_img_servicio\"><div class=\"img_context\"><img decoding=\"async\" class=\"img_servicio\" src=\"https:\/\/dev.urbil.es\/wp-content\/uploads\/2023\/06\/s-practicos_0.png\"><\/div><\/div>\t\t<h2 class=\"titulo_servicio\">Pr\u00e1cticos<\/h2>\t<\/div><\/div><div class=\"col-md-3 col-3 \">\t<div class=\"contenedor servicios \" data-id=\"8487\">\t\t<div class=\"contenedor_img_servicio\"><div class=\"img_context\"><img decoding=\"async\" class=\"img_servicio\" src=\"https:\/\/dev.urbil.es\/wp-content\/uploads\/2023\/06\/s-servicios-plus_0.png\"><\/div><\/div>\t\t<h2 class=\"titulo_servicio\">Servicios Plus<\/h2>\t<\/div><\/div><div class=\"col-md-3 col-3 \">\t<div class=\"contenedor servicios \" data-id=\"8438\">\t\t<div class=\"contenedor_img_servicio\"><div class=\"img_context\"><img decoding=\"async\" class=\"img_servicio\" src=\"https:\/\/dev.urbil.es\/wp-content\/uploads\/2023\/06\/s-siguenos-en_0.png\"><\/div><\/div>\t\t<h2 class=\"titulo_servicio\">S\u00edguenos en<\/h2>\t<\/div><\/div><div class=\"col-md-3 col-3 \">\t<div class=\"contenedor servicios \" data-id=\"8456\">\t\t<div class=\"contenedor_img_servicio\"><div class=\"img_context\"><img decoding=\"async\" class=\"img_servicio\" src=\"https:\/\/dev.urbil.es\/wp-content\/uploads\/2023\/06\/s-sostenibilidad.png\"><\/div><\/div>\t\t<h2 class=\"titulo_servicio\">Sostenibilidad<\/h2>\t<\/div><\/div><\/div><\/div><div class=\"container\"><div class=\"row\"><div class=\"col-md-12 \" id=\"subservicios\">\n\t\t<script>\n\t\tjQuery(document).ready(function(){\n\t\t\tprimera_carga_servicios();\t\n\t\t});\n\t\t<\/script>\n\t\t<\/div><\/div><\/div><\/div>\n\t\t\t\t\t\t<\/div>\n\t\t\t\t<\/div>\n\t\t\t\t\t<\/div>\n\t\t<\/div>\n\t\t\t\t<div class=\"elementor-column elementor-col-50 elementor-top-column elementor-element elementor-element-6200dc1\" data-id=\"6200dc1\" data-element_type=\"column\" data-e-type=\"column\">\n\t\t\t<div class=\"elementor-widget-wrap\">\n\t\t\t\t\t\t\t<\/div>\n\t\t<\/div>\n\t\t\t\t\t<\/div>\n\t\t<\/section>\n\t\t\t\t<\/div>\n\t\t","protected":false},"excerpt":{"rendered":"<p>En Urbil pensamos en ti y en tus necesidades El<\/p>\n","protected":false},"author":1,"featured_media":0,"parent":0,"menu_order":0,"comment_status":"closed","ping_status":"closed","template":"","meta":{"_acf_changed":false,"footnotes":""},"class_list":["post-64","page","type-page","status-publish","hentry"],"acf":[],"yoast_head":"<!-- This site is optimized with the Yoast SEO plugin v27.5 - https:\/\/yoast.com\/product\/yoast-seo-wordpress\/ -->\n<title>Servicios gratuitos - Centro Comercial en Donostia San Sebasti\u00e1n | Urbil<\/title>\n<meta name=\"description\" content=\"Descubre todos los servicios del Centro Comercial Urbil, que te ofrece para que tengas una experiencia c\u00f3moda e inmejorable.\" \/>\n<meta name=\"robots\" content=\"noindex, follow, max-snippet:-1, max-image-preview:large, max-video-preview:-1\" \/>\n<meta property=\"og:locale\" content=\"es_ES\" \/>\n<meta property=\"og:type\" content=\"article\" \/>\n<meta property=\"og:title\" content=\"Servicios gratuitos - Centro Comercial en Donostia San Sebasti\u00e1n | Urbil\" \/>\n<meta property=\"og:description\" content=\"Descubre todos los servicios del Centro Comercial Urbil, que te ofrece para que tengas una experiencia c\u00f3moda e inmejorable.\" \/>\n<meta property=\"og:url\" content=\"https:\/\/dev.urbil.es\/es\/servicios-que-te-ofrecemos-en-el-centro-comercial-urbil\" \/>\n<meta property=\"og:site_name\" content=\"Centro Comercial en Donostia San Sebasti\u00e1n | Urbil\" \/>\n<meta property=\"article:modified_time\" content=\"2023-06-29T12:19:52+00:00\" \/>\n<meta name=\"twitter:card\" content=\"summary_large_image\" \/>\n<meta name=\"twitter:label1\" content=\"Tiempo de lectura\" \/>\n\t<meta name=\"twitter:data1\" content=\"1 minuto\" \/>\n<script type=\"application\/ld+json\" class=\"yoast-schema-graph\">{\"@context\":\"https:\\\/\\\/schema.org\",\"@graph\":[{\"@type\":\"WebPage\",\"@id\":\"https:\\\/\\\/dev.urbil.es\\\/es\\\/servicios-que-te-ofrecemos-en-el-centro-comercial-urbil\",\"url\":\"https:\\\/\\\/dev.urbil.es\\\/es\\\/servicios-que-te-ofrecemos-en-el-centro-comercial-urbil\",\"name\":\"Servicios gratuitos - Centro Comercial en Donostia San Sebasti\u00e1n | Urbil\",\"isPartOf\":{\"@id\":\"https:\\\/\\\/dev.urbil.es\\\/es\\\/#website\"},\"datePublished\":\"2023-06-08T10:37:53+00:00\",\"dateModified\":\"2023-06-29T12:19:52+00:00\",\"description\":\"Descubre todos los servicios del Centro Comercial Urbil, que te ofrece para que tengas una experiencia c\u00f3moda e inmejorable.\",\"breadcrumb\":{\"@id\":\"https:\\\/\\\/dev.urbil.es\\\/es\\\/servicios-que-te-ofrecemos-en-el-centro-comercial-urbil#breadcrumb\"},\"inLanguage\":\"es\",\"potentialAction\":[{\"@type\":\"ReadAction\",\"target\":[\"https:\\\/\\\/dev.urbil.es\\\/es\\\/servicios-que-te-ofrecemos-en-el-centro-comercial-urbil\"]}]},{\"@type\":\"BreadcrumbList\",\"@id\":\"https:\\\/\\\/dev.urbil.es\\\/es\\\/servicios-que-te-ofrecemos-en-el-centro-comercial-urbil#breadcrumb\",\"itemListElement\":[{\"@type\":\"ListItem\",\"position\":1,\"name\":\"Portada\",\"item\":\"https:\\\/\\\/dev.urbil.es\\\/es\"},{\"@type\":\"ListItem\",\"position\":2,\"name\":\"Servicios gratuitos\"}]},{\"@type\":\"WebSite\",\"@id\":\"https:\\\/\\\/dev.urbil.es\\\/es\\\/#website\",\"url\":\"https:\\\/\\\/dev.urbil.es\\\/es\\\/\",\"name\":\"Centro Comercial en Donostia San Sebasti\u00e1n | Urbil\",\"description\":\"M\u00e1s de 35.000m2 de superficie con una completa oferta comercial en San Sebasti\u00e1n: Hipemercado, Cines, Restaurantes, Ocio, Moda, Belleza, Servicios y Complementos.\",\"publisher\":{\"@id\":\"https:\\\/\\\/dev.urbil.es\\\/es\\\/#organization\"},\"potentialAction\":[{\"@type\":\"SearchAction\",\"target\":{\"@type\":\"EntryPoint\",\"urlTemplate\":\"https:\\\/\\\/dev.urbil.es\\\/es\\\/?s={search_term_string}\"},\"query-input\":{\"@type\":\"PropertyValueSpecification\",\"valueRequired\":true,\"valueName\":\"search_term_string\"}}],\"inLanguage\":\"es\"},{\"@type\":\"Organization\",\"@id\":\"https:\\\/\\\/dev.urbil.es\\\/es\\\/#organization\",\"name\":\"Centro Comercial en Donostia San Sebasti\u00e1n | Urbil\",\"url\":\"https:\\\/\\\/dev.urbil.es\\\/es\\\/\",\"logo\":{\"@type\":\"ImageObject\",\"inLanguage\":\"es\",\"@id\":\"https:\\\/\\\/dev.urbil.es\\\/es\\\/#\\\/schema\\\/logo\\\/image\\\/\",\"url\":\"https:\\\/\\\/dev.urbil.es\\\/wp-content\\\/uploads\\\/2023\\\/05\\\/logo_urb.png\",\"contentUrl\":\"https:\\\/\\\/dev.urbil.es\\\/wp-content\\\/uploads\\\/2023\\\/05\\\/logo_urb.png\",\"width\":842,\"height\":596,\"caption\":\"Centro Comercial en Donostia San Sebasti\u00e1n | Urbil\"},\"image\":{\"@id\":\"https:\\\/\\\/dev.urbil.es\\\/es\\\/#\\\/schema\\\/logo\\\/image\\\/\"}}]}<\/script>\n<!-- \/ Yoast SEO plugin. -->","yoast_head_json":{"title":"Servicios gratuitos - Centro Comercial en Donostia San Sebasti\u00e1n | Urbil","description":"Descubre todos los servicios del Centro Comercial Urbil, que te ofrece para que tengas una experiencia c\u00f3moda e inmejorable.","robots":{"index":"noindex","follow":"follow","max-snippet":"max-snippet:-1","max-image-preview":"max-image-preview:large","max-video-preview":"max-video-preview:-1"},"og_locale":"es_ES","og_type":"article","og_title":"Servicios gratuitos - Centro Comercial en Donostia San Sebasti\u00e1n | Urbil","og_description":"Descubre todos los servicios del Centro Comercial Urbil, que te ofrece para que tengas una experiencia c\u00f3moda e inmejorable.","og_url":"https:\/\/dev.urbil.es\/es\/servicios-que-te-ofrecemos-en-el-centro-comercial-urbil","og_site_name":"Centro Comercial en Donostia San Sebasti\u00e1n | Urbil","article_modified_time":"2023-06-29T12:19:52+00:00","twitter_card":"summary_large_image","twitter_misc":{"Tiempo de lectura":"1 minuto"},"schema":{"@context":"https:\/\/schema.org","@graph":[{"@type":"WebPage","@id":"https:\/\/dev.urbil.es\/es\/servicios-que-te-ofrecemos-en-el-centro-comercial-urbil","url":"https:\/\/dev.urbil.es\/es\/servicios-que-te-ofrecemos-en-el-centro-comercial-urbil","name":"Servicios gratuitos - Centro Comercial en Donostia San Sebasti\u00e1n | Urbil","isPartOf":{"@id":"https:\/\/dev.urbil.es\/es\/#website"},"datePublished":"2023-06-08T10:37:53+00:00","dateModified":"2023-06-29T12:19:52+00:00","description":"Descubre todos los servicios del Centro Comercial Urbil, que te ofrece para que tengas una experiencia c\u00f3moda e inmejorable.","breadcrumb":{"@id":"https:\/\/dev.urbil.es\/es\/servicios-que-te-ofrecemos-en-el-centro-comercial-urbil#breadcrumb"},"inLanguage":"es","potentialAction":[{"@type":"ReadAction","target":["https:\/\/dev.urbil.es\/es\/servicios-que-te-ofrecemos-en-el-centro-comercial-urbil"]}]},{"@type":"BreadcrumbList","@id":"https:\/\/dev.urbil.es\/es\/servicios-que-te-ofrecemos-en-el-centro-comercial-urbil#breadcrumb","itemListElement":[{"@type":"ListItem","position":1,"name":"Portada","item":"https:\/\/dev.urbil.es\/es"},{"@type":"ListItem","position":2,"name":"Servicios gratuitos"}]},{"@type":"WebSite","@id":"https:\/\/dev.urbil.es\/es\/#website","url":"https:\/\/dev.urbil.es\/es\/","name":"Centro Comercial en Donostia San Sebasti\u00e1n | Urbil","description":"M\u00e1s de 35.000m2 de superficie con una completa oferta comercial en San Sebasti\u00e1n: Hipemercado, Cines, Restaurantes, Ocio, Moda, Belleza, Servicios y Complementos.","publisher":{"@id":"https:\/\/dev.urbil.es\/es\/#organization"},"potentialAction":[{"@type":"SearchAction","target":{"@type":"EntryPoint","urlTemplate":"https:\/\/dev.urbil.es\/es\/?s={search_term_string}"},"query-input":{"@type":"PropertyValueSpecification","valueRequired":true,"valueName":"search_term_string"}}],"inLanguage":"es"},{"@type":"Organization","@id":"https:\/\/dev.urbil.es\/es\/#organization","name":"Centro Comercial en Donostia San Sebasti\u00e1n | Urbil","url":"https:\/\/dev.urbil.es\/es\/","logo":{"@type":"ImageObject","inLanguage":"es","@id":"https:\/\/dev.urbil.es\/es\/#\/schema\/logo\/image\/","url":"https:\/\/dev.urbil.es\/wp-content\/uploads\/2023\/05\/logo_urb.png","contentUrl":"https:\/\/dev.urbil.es\/wp-content\/uploads\/2023\/05\/logo_urb.png","width":842,"height":596,"caption":"Centro Comercial en Donostia San Sebasti\u00e1n | Urbil"},"image":{"@id":"https:\/\/dev.urbil.es\/es\/#\/schema\/logo\/image\/"}}]}},"_links":{"self":[{"href":"https:\/\/dev.urbil.es\/es\/wp-json\/wp\/v2\/pages\/64","targetHints":{"allow":["GET"]}}],"collection":[{"href":"https:\/\/dev.urbil.es\/es\/wp-json\/wp\/v2\/pages"}],"about":[{"href":"https:\/\/dev.urbil.es\/es\/wp-json\/wp\/v2\/types\/page"}],"author":[{"embeddable":true,"href":"https:\/\/dev.urbil.es\/es\/wp-json\/wp\/v2\/users\/1"}],"replies":[{"embeddable":true,"href":"https:\/\/dev.urbil.es\/es\/wp-json\/wp\/v2\/comments?post=64"}],"version-history":[{"count":12,"href":"https:\/\/dev.urbil.es\/es\/wp-json\/wp\/v2\/pages\/64\/revisions"}],"predecessor-version":[{"id":10717,"href":"https:\/\/dev.urbil.es\/es\/wp-json\/wp\/v2\/pages\/64\/revisions\/10717"}],"wp:attachment":[{"href":"https:\/\/dev.urbil.es\/es\/wp-json\/wp\/v2\/media?parent=64"}],"curies":[{"name":"wp","href":"https:\/\/api.w.org\/{rel}","templated":true}]}}