{"id":427,"date":"2021-07-20T09:48:38","date_gmt":"2021-07-20T09:48:38","guid":{"rendered":"https:\/\/dev.urbil.es\/rutas-desde-urbil-2\/"},"modified":"2025-09-23T12:22:06","modified_gmt":"2025-09-23T12:22:06","slug":"rutas-desde-urbil","status":"publish","type":"page","link":"https:\/\/dev.urbil.es\/es\/rutas-desde-urbil","title":{"rendered":"Rutas de senderismo desde Urbil"},"content":{"rendered":"\t\t<div data-elementor-type=\"wp-page\" data-elementor-id=\"427\" class=\"elementor elementor-427\">\n\t\t\t\t\t\t<section class=\"elementor-section elementor-top-section elementor-element elementor-element-54cd66fa elementor-section-boxed elementor-section-height-default elementor-section-height-default wpr-particle-no wpr-jarallax-no wpr-parallax-no wpr-sticky-section-no wpr-equal-height-no\" data-id=\"54cd66fa\" data-element_type=\"section\" data-e-type=\"section\">\n\t\t\t\t\t\t<div class=\"elementor-container elementor-column-gap-default\">\n\t\t\t\t\t<div class=\"elementor-column elementor-col-100 elementor-top-column elementor-element elementor-element-31d26c87\" data-id=\"31d26c87\" data-element_type=\"column\" data-e-type=\"column\">\n\t\t\t<div class=\"elementor-widget-wrap elementor-element-populated\">\n\t\t\t\t\t\t<div class=\"elementor-element elementor-element-3597ef1 hfe-nav-menu__breakpoint-none hfe-nav-menu__align-left hfe-submenu-icon-arrow hfe-submenu-animation-none hfe-link-redirect-child elementor-widget elementor-widget-navigation-menu\" data-id=\"3597ef1\" data-element_type=\"widget\" data-e-type=\"widget\" data-settings=\"{&quot;padding_horizontal_menu_item&quot;:{&quot;unit&quot;:&quot;px&quot;,&quot;size&quot;:15,&quot;sizes&quot;:[]},&quot;padding_horizontal_menu_item_tablet&quot;:{&quot;unit&quot;:&quot;px&quot;,&quot;size&quot;:&quot;&quot;,&quot;sizes&quot;:[]},&quot;padding_horizontal_menu_item_mobile&quot;:{&quot;unit&quot;:&quot;px&quot;,&quot;size&quot;:&quot;&quot;,&quot;sizes&quot;:[]},&quot;padding_vertical_menu_item&quot;:{&quot;unit&quot;:&quot;px&quot;,&quot;size&quot;:15,&quot;sizes&quot;:[]},&quot;padding_vertical_menu_item_tablet&quot;:{&quot;unit&quot;:&quot;px&quot;,&quot;size&quot;:&quot;&quot;,&quot;sizes&quot;:[]},&quot;padding_vertical_menu_item_mobile&quot;:{&quot;unit&quot;:&quot;px&quot;,&quot;size&quot;:&quot;&quot;,&quot;sizes&quot;:[]},&quot;menu_space_between&quot;:{&quot;unit&quot;:&quot;px&quot;,&quot;size&quot;:&quot;&quot;,&quot;sizes&quot;:[]},&quot;menu_space_between_tablet&quot;:{&quot;unit&quot;:&quot;px&quot;,&quot;size&quot;:&quot;&quot;,&quot;sizes&quot;:[]},&quot;menu_space_between_mobile&quot;:{&quot;unit&quot;:&quot;px&quot;,&quot;size&quot;:&quot;&quot;,&quot;sizes&quot;:[]},&quot;menu_row_space&quot;:{&quot;unit&quot;:&quot;px&quot;,&quot;size&quot;:&quot;&quot;,&quot;sizes&quot;:[]},&quot;menu_row_space_tablet&quot;:{&quot;unit&quot;:&quot;px&quot;,&quot;size&quot;:&quot;&quot;,&quot;sizes&quot;:[]},&quot;menu_row_space_mobile&quot;:{&quot;unit&quot;:&quot;px&quot;,&quot;size&quot;:&quot;&quot;,&quot;sizes&quot;:[]},&quot;dropdown_border_radius&quot;:{&quot;unit&quot;:&quot;px&quot;,&quot;top&quot;:&quot;&quot;,&quot;right&quot;:&quot;&quot;,&quot;bottom&quot;:&quot;&quot;,&quot;left&quot;:&quot;&quot;,&quot;isLinked&quot;:true},&quot;dropdown_border_radius_tablet&quot;:{&quot;unit&quot;:&quot;px&quot;,&quot;top&quot;:&quot;&quot;,&quot;right&quot;:&quot;&quot;,&quot;bottom&quot;:&quot;&quot;,&quot;left&quot;:&quot;&quot;,&quot;isLinked&quot;:true},&quot;dropdown_border_radius_mobile&quot;:{&quot;unit&quot;:&quot;px&quot;,&quot;top&quot;:&quot;&quot;,&quot;right&quot;:&quot;&quot;,&quot;bottom&quot;:&quot;&quot;,&quot;left&quot;:&quot;&quot;,&quot;isLinked&quot;:true},&quot;width_dropdown_item&quot;:{&quot;unit&quot;:&quot;px&quot;,&quot;size&quot;:&quot;220&quot;,&quot;sizes&quot;:[]},&quot;width_dropdown_item_tablet&quot;:{&quot;unit&quot;:&quot;px&quot;,&quot;size&quot;:&quot;&quot;,&quot;sizes&quot;:[]},&quot;width_dropdown_item_mobile&quot;:{&quot;unit&quot;:&quot;px&quot;,&quot;size&quot;:&quot;&quot;,&quot;sizes&quot;:[]},&quot;padding_horizontal_dropdown_item&quot;:{&quot;unit&quot;:&quot;px&quot;,&quot;size&quot;:&quot;&quot;,&quot;sizes&quot;:[]},&quot;padding_horizontal_dropdown_item_tablet&quot;:{&quot;unit&quot;:&quot;px&quot;,&quot;size&quot;:&quot;&quot;,&quot;sizes&quot;:[]},&quot;padding_horizontal_dropdown_item_mobile&quot;:{&quot;unit&quot;:&quot;px&quot;,&quot;size&quot;:&quot;&quot;,&quot;sizes&quot;:[]},&quot;padding_vertical_dropdown_item&quot;:{&quot;unit&quot;:&quot;px&quot;,&quot;size&quot;:15,&quot;sizes&quot;:[]},&quot;padding_vertical_dropdown_item_tablet&quot;:{&quot;unit&quot;:&quot;px&quot;,&quot;size&quot;:&quot;&quot;,&quot;sizes&quot;:[]},&quot;padding_vertical_dropdown_item_mobile&quot;:{&quot;unit&quot;:&quot;px&quot;,&quot;size&quot;:&quot;&quot;,&quot;sizes&quot;:[]},&quot;distance_from_menu&quot;:{&quot;unit&quot;:&quot;px&quot;,&quot;size&quot;:&quot;&quot;,&quot;sizes&quot;:[]},&quot;distance_from_menu_tablet&quot;:{&quot;unit&quot;:&quot;px&quot;,&quot;size&quot;:&quot;&quot;,&quot;sizes&quot;:[]},&quot;distance_from_menu_mobile&quot;:{&quot;unit&quot;:&quot;px&quot;,&quot;size&quot;:&quot;&quot;,&quot;sizes&quot;:[]},&quot;toggle_size&quot;:{&quot;unit&quot;:&quot;px&quot;,&quot;size&quot;:&quot;&quot;,&quot;sizes&quot;:[]},&quot;toggle_size_tablet&quot;:{&quot;unit&quot;:&quot;px&quot;,&quot;size&quot;:&quot;&quot;,&quot;sizes&quot;:[]},&quot;toggle_size_mobile&quot;:{&quot;unit&quot;:&quot;px&quot;,&quot;size&quot;:&quot;&quot;,&quot;sizes&quot;:[]},&quot;toggle_border_width&quot;:{&quot;unit&quot;:&quot;px&quot;,&quot;size&quot;:&quot;&quot;,&quot;sizes&quot;:[]},&quot;toggle_border_width_tablet&quot;:{&quot;unit&quot;:&quot;px&quot;,&quot;size&quot;:&quot;&quot;,&quot;sizes&quot;:[]},&quot;toggle_border_width_mobile&quot;:{&quot;unit&quot;:&quot;px&quot;,&quot;size&quot;:&quot;&quot;,&quot;sizes&quot;:[]},&quot;toggle_border_radius&quot;:{&quot;unit&quot;:&quot;px&quot;,&quot;size&quot;:&quot;&quot;,&quot;sizes&quot;:[]},&quot;toggle_border_radius_tablet&quot;:{&quot;unit&quot;:&quot;px&quot;,&quot;size&quot;:&quot;&quot;,&quot;sizes&quot;:[]},&quot;toggle_border_radius_mobile&quot;:{&quot;unit&quot;:&quot;px&quot;,&quot;size&quot;:&quot;&quot;,&quot;sizes&quot;:[]}}\" data-widget_type=\"navigation-menu.default\">\n\t\t\t\t<div class=\"elementor-widget-container\">\n\t\t\t\t\t\t\t\t<div class=\"hfe-nav-menu hfe-layout-horizontal hfe-nav-menu-layout horizontal hfe-pointer__none\" data-layout=\"horizontal\">\n\t\t\t\t<div role=\"button\" class=\"hfe-nav-menu__toggle elementor-clickable\" tabindex=\"0\" aria-label=\"Alternar men\u00fa\">\n\t\t\t\t\t<span class=\"screen-reader-text\">Men\u00fa<\/span>\n\t\t\t\t\t<div class=\"hfe-nav-menu-icon\">\n\t\t\t\t\t\t\t\t\t\t\t<\/div>\n\t\t\t\t<\/div>\n\t\t\t\t<nav class=\"hfe-nav-menu__layout-horizontal hfe-nav-menu__submenu-arrow\" data-toggle-icon=\"\" data-close-icon=\"\" data-full-width=\"\">\n\t\t\t\t\t<ul id=\"menu-1-3597ef1\" class=\"hfe-nav-menu\"><li id=\"menu-item-8615\" class=\"menu-item menu-item-type-post_type menu-item-object-page parent hfe-creative-menu\"><a href=\"https:\/\/dev.urbil.es\/es\/nosotros\" class = \"hfe-menu-item\">Nosotros<\/a><\/li>\n<li id=\"menu-item-8617\" class=\"menu-item menu-item-type-post_type menu-item-object-page parent hfe-creative-menu\"><a href=\"https:\/\/dev.urbil.es\/es\/como-llegar-centro-comercial-urbil\" class = \"hfe-menu-item\">C\u00f3mo llegar<\/a><\/li>\n<li id=\"menu-item-8616\" class=\"menu-item menu-item-type-post_type menu-item-object-page parent hfe-creative-menu\"><a href=\"https:\/\/dev.urbil.es\/es\/rutas-desde-urbil\" class = \"hfe-menu-item\">Rutas<\/a><\/li>\n<li id=\"menu-item-8618\" class=\"menu-item menu-item-type-post_type menu-item-object-page parent hfe-creative-menu\"><a href=\"https:\/\/dev.urbil.es\/es\/horarios-y-festivos-centro-comercial-urbil\" class = \"hfe-menu-item\">Horarios<\/a><\/li>\n<li id=\"menu-item-8619\" class=\"menu-item menu-item-type-post_type menu-item-object-page parent hfe-creative-menu\"><a href=\"https:\/\/dev.urbil.es\/es\/tu-negocio-en-urbil\" class = \"hfe-menu-item\">Tu negocio en Urbil<\/a><\/li>\n<\/ul> \n\t\t\t\t<\/nav>\n\t\t\t<\/div>\n\t\t\t\t\t\t\t<\/div>\n\t\t\t\t<\/div>\n\t\t\t\t<div class=\"elementor-element elementor-element-cfcfe6a elementor-widget elementor-widget-heading\" data-id=\"cfcfe6a\" data-element_type=\"widget\" data-e-type=\"widget\" data-widget_type=\"heading.default\">\n\t\t\t\t<div class=\"elementor-widget-container\">\n\t\t\t\t\t<h1 class=\"elementor-heading-title elementor-size-default\">Rutas de senderismo desde Urbil<\/h1>\t\t\t\t<\/div>\n\t\t\t\t<\/div>\n\t\t\t\t<div class=\"elementor-element elementor-element-41cf79c elementor-widget elementor-widget-text-editor\" data-id=\"41cf79c\" data-element_type=\"widget\" data-e-type=\"widget\" data-widget_type=\"text-editor.default\">\n\t\t\t\t<div class=\"elementor-widget-container\">\n\t\t\t\t\t\t\t\t\t<p style=\"text-align: left;\"><span style=\"color: #212529; font-family: Brown;\">A continuaci\u00f3n te\u00a0mostramos<\/span><span style=\"color: #212529; font-family: Brown;\">\u00a0<\/span><span style=\"color: #212529; font-family: Brown; font-weight: bolder;\">2 rutas que puedes hacer caminando saliendo desde Urbil<\/span><span style=\"color: #212529; font-family: Brown;\">, para disfrutar de la naturaleza. En Urbil amamos la naturaleza y por eso te\u00a0mostramos dos rutas de 15 kil\u00f3metros cada una, y que puedes hacerlas caminando saliendo desde Urbil.\u00a0<\/span><\/p><p style=\"color: #212529; font-family: Brown;\">\u00a0<\/p><h2 style=\"font-size: 1.7rem; font-family: Brown;\"><u><span style=\"font-weight: bolder;\">RUTA URBIL-ORIO<\/span><\/u><\/h2><p style=\"color: #212529; font-family: Brown;\"><span style=\"font-weight: bolder;\">Traves\u00eda de Urbil-Orio, por Kukuarri y Aginaga, 15 km.<\/span><\/p><p style=\"color: #212529; font-family: Brown;\">Disfrutar de la monta\u00f1a para llegar a la playa. Un recorrido de 15 kil\u00f3metros, con lugares donde descansar y en los que habr\u00e1 paisajes muy variados.<\/p><p style=\"color: #212529; font-family: Brown;\">Una combinaci\u00f3n de asfalto y pista, perfecto para cualquier caminante.<\/p><p style=\"color: #212529; font-family: Brown;\">Al terminar, se puede volver de Orio a Usurbil tomando el tren que conecta ambos municipios.<\/p>\t\t\t\t\t\t\t\t<\/div>\n\t\t\t\t<\/div>\n\t\t\t\t<div class=\"elementor-element elementor-element-881169c elementor-widget elementor-widget-image\" data-id=\"881169c\" data-element_type=\"widget\" data-e-type=\"widget\" data-widget_type=\"image.default\">\n\t\t\t\t<div class=\"elementor-widget-container\">\n\t\t\t\t\t\t\t\t\t\t\t\t\t\t\t<img fetchpriority=\"high\" decoding=\"async\" width=\"700\" height=\"350\" src=\"https:\/\/dev.urbil.es\/wp-content\/uploads\/2025\/01\/TRAVESIA-01-CAST-1.png\" class=\"attachment-large size-large wp-image-14616\" alt=\"\" srcset=\"https:\/\/dev.urbil.es\/wp-content\/uploads\/2025\/01\/TRAVESIA-01-CAST-1.png 700w, https:\/\/dev.urbil.es\/wp-content\/uploads\/2025\/01\/TRAVESIA-01-CAST-1-300x150.png 300w, https:\/\/dev.urbil.es\/wp-content\/uploads\/2025\/01\/TRAVESIA-01-CAST-1-600x300.png 600w\" sizes=\"(max-width: 700px) 100vw, 700px\" \/>\t\t\t\t\t\t\t\t\t\t\t\t\t\t\t<\/div>\n\t\t\t\t<\/div>\n\t\t\t\t<div class=\"elementor-element elementor-element-7be5ad7 elementor-widget elementor-widget-text-editor\" data-id=\"7be5ad7\" data-element_type=\"widget\" data-e-type=\"widget\" data-widget_type=\"text-editor.default\">\n\t\t\t\t<div class=\"elementor-widget-container\">\n\t\t\t\t\t\t\t\t\t<h2><u><strong>RUTA URBIL-ZIZURKIL<\/strong><\/u><\/h2>\n<p><span style=\"font-weight: bolder; color: rgb(33, 37, 41); font-family: Brown;\">Traves\u00eda de Urbil-Zizurkil, subiendo el monte Andatza, 15 km.<\/span><\/p><p style=\"color: rgb(33, 37, 41); font-family: Brown;\">El ascenso a la cumbre de Andatza es un recorrido por la naturaleza, que podemos terminar en la localidad de Zizurkil o bien tomar el camino de vuelta a Usurbil.<\/p><p style=\"color: rgb(33, 37, 41); font-family: Brown;\">La cumbre, a 562 m de altura, es amplia y plana.<\/p><p style=\"color: rgb(33, 37, 41); font-family: Brown;\">Como curiosidad, en el camino se encuentra la ermita de San Esteban, conocida por sus virtudes para librarse del dolor de cabeza.<\/p>\t\t\t\t\t\t\t\t<\/div>\n\t\t\t\t<\/div>\n\t\t\t\t<div class=\"elementor-element elementor-element-0ae93e1 elementor-widget elementor-widget-image\" data-id=\"0ae93e1\" data-element_type=\"widget\" data-e-type=\"widget\" data-widget_type=\"image.default\">\n\t\t\t\t<div class=\"elementor-widget-container\">\n\t\t\t\t\t\t\t\t\t\t\t\t\t\t\t<img decoding=\"async\" width=\"700\" height=\"355\" src=\"https:\/\/dev.urbil.es\/wp-content\/uploads\/2025\/01\/TRAVESIA-02-CAST.png\" class=\"attachment-large size-large wp-image-14617\" alt=\"\" srcset=\"https:\/\/dev.urbil.es\/wp-content\/uploads\/2025\/01\/TRAVESIA-02-CAST.png 700w, https:\/\/dev.urbil.es\/wp-content\/uploads\/2025\/01\/TRAVESIA-02-CAST-300x152.png 300w, https:\/\/dev.urbil.es\/wp-content\/uploads\/2025\/01\/TRAVESIA-02-CAST-600x304.png 600w\" sizes=\"(max-width: 700px) 100vw, 700px\" \/>\t\t\t\t\t\t\t\t\t\t\t\t\t\t\t<\/div>\n\t\t\t\t<\/div>\n\t\t\t\t\t<\/div>\n\t\t<\/div>\n\t\t\t\t\t<\/div>\n\t\t<\/section>\n\t\t\t\t<\/div>\n\t\t","protected":false},"excerpt":{"rendered":"<p>Men\u00fa Nosotros C\u00f3mo llegar Rutas Horarios Tu negocio en Urbil<\/p>\n","protected":false},"author":1,"featured_media":425,"parent":0,"menu_order":0,"comment_status":"closed","ping_status":"closed","template":"","meta":{"_acf_changed":false,"footnotes":""},"class_list":["post-427","page","type-page","status-publish","has-post-thumbnail","hentry"],"acf":[],"yoast_head":"<!-- This site is optimized with the Yoast SEO plugin v27.5 - https:\/\/yoast.com\/product\/yoast-seo-wordpress\/ -->\n<title>Rutas de senderismo desde Urbil - Centro Comercial en Donostia San Sebasti\u00e1n | Urbil<\/title>\n<meta name=\"description\" content=\"Conoce las rutas de senderismo para todo tipo de_x000D_ caminantes que puedes comenzar desde el centro comercial Urbil, cerca de Donostia San Sebasti\u00e1n.\" \/>\n<meta name=\"robots\" content=\"noindex, follow, max-snippet:-1, max-image-preview:large, max-video-preview:-1\" \/>\n<meta property=\"og:locale\" content=\"es_ES\" \/>\n<meta property=\"og:type\" content=\"article\" \/>\n<meta property=\"og:title\" content=\"Rutas de senderismo desde Urbil - Centro Comercial en Donostia San Sebasti\u00e1n | Urbil\" \/>\n<meta property=\"og:description\" content=\"Conoce las rutas de senderismo para todo tipo de_x000D_ caminantes que puedes comenzar desde el centro comercial Urbil, cerca de Donostia San Sebasti\u00e1n.\" \/>\n<meta property=\"og:url\" content=\"https:\/\/dev.urbil.es\/es\/rutas-desde-urbil\" \/>\n<meta property=\"og:site_name\" content=\"Centro Comercial en Donostia San Sebasti\u00e1n | Urbil\" \/>\n<meta property=\"article:modified_time\" content=\"2025-09-23T12:22:06+00:00\" \/>\n<meta property=\"og:image\" content=\"https:\/\/dev.urbil.es\/wp-content\/uploads\/2021\/07\/Travesia-Urbil-Orio_0.png\" \/>\n\t<meta property=\"og:image:width\" content=\"700\" \/>\n\t<meta property=\"og:image:height\" content=\"350\" \/>\n\t<meta property=\"og:image:type\" content=\"image\/png\" \/>\n<meta name=\"twitter:card\" content=\"summary_large_image\" \/>\n<meta name=\"twitter:label1\" content=\"Tiempo de lectura\" \/>\n\t<meta name=\"twitter:data1\" content=\"2 minutos\" \/>\n<script type=\"application\/ld+json\" class=\"yoast-schema-graph\">{\"@context\":\"https:\\\/\\\/schema.org\",\"@graph\":[{\"@type\":\"WebPage\",\"@id\":\"https:\\\/\\\/dev.urbil.es\\\/es\\\/rutas-desde-urbil\",\"url\":\"https:\\\/\\\/dev.urbil.es\\\/es\\\/rutas-desde-urbil\",\"name\":\"Rutas de senderismo desde Urbil - Centro Comercial en Donostia San Sebasti\u00e1n | Urbil\",\"isPartOf\":{\"@id\":\"https:\\\/\\\/dev.urbil.es\\\/es\\\/#website\"},\"primaryImageOfPage\":{\"@id\":\"https:\\\/\\\/dev.urbil.es\\\/es\\\/rutas-desde-urbil#primaryimage\"},\"image\":{\"@id\":\"https:\\\/\\\/dev.urbil.es\\\/es\\\/rutas-desde-urbil#primaryimage\"},\"thumbnailUrl\":\"https:\\\/\\\/dev.urbil.es\\\/wp-content\\\/uploads\\\/2021\\\/07\\\/Travesia-Urbil-Orio_0.png\",\"datePublished\":\"2021-07-20T09:48:38+00:00\",\"dateModified\":\"2025-09-23T12:22:06+00:00\",\"description\":\"Conoce las rutas de senderismo para todo tipo de_x000D_ caminantes que puedes comenzar desde el centro comercial Urbil, cerca de Donostia San Sebasti\u00e1n.\",\"breadcrumb\":{\"@id\":\"https:\\\/\\\/dev.urbil.es\\\/es\\\/rutas-desde-urbil#breadcrumb\"},\"inLanguage\":\"es\",\"potentialAction\":[{\"@type\":\"ReadAction\",\"target\":[\"https:\\\/\\\/dev.urbil.es\\\/es\\\/rutas-desde-urbil\"]}]},{\"@type\":\"ImageObject\",\"inLanguage\":\"es\",\"@id\":\"https:\\\/\\\/dev.urbil.es\\\/es\\\/rutas-desde-urbil#primaryimage\",\"url\":\"https:\\\/\\\/dev.urbil.es\\\/wp-content\\\/uploads\\\/2021\\\/07\\\/Travesia-Urbil-Orio_0.png\",\"contentUrl\":\"https:\\\/\\\/dev.urbil.es\\\/wp-content\\\/uploads\\\/2021\\\/07\\\/Travesia-Urbil-Orio_0.png\",\"width\":700,\"height\":350,\"caption\":\"Traves\u00eda Urbil-Orio\"},{\"@type\":\"BreadcrumbList\",\"@id\":\"https:\\\/\\\/dev.urbil.es\\\/es\\\/rutas-desde-urbil#breadcrumb\",\"itemListElement\":[{\"@type\":\"ListItem\",\"position\":1,\"name\":\"Portada\",\"item\":\"https:\\\/\\\/dev.urbil.es\\\/es\"},{\"@type\":\"ListItem\",\"position\":2,\"name\":\"Rutas de senderismo desde Urbil\"}]},{\"@type\":\"WebSite\",\"@id\":\"https:\\\/\\\/dev.urbil.es\\\/es\\\/#website\",\"url\":\"https:\\\/\\\/dev.urbil.es\\\/es\\\/\",\"name\":\"Centro Comercial en Donostia San Sebasti\u00e1n | Urbil\",\"description\":\"M\u00e1s de 35.000m2 de superficie con una completa oferta comercial en San Sebasti\u00e1n: Hipemercado, Cines, Restaurantes, Ocio, Moda, Belleza, Servicios y Complementos.\",\"publisher\":{\"@id\":\"https:\\\/\\\/dev.urbil.es\\\/es\\\/#organization\"},\"potentialAction\":[{\"@type\":\"SearchAction\",\"target\":{\"@type\":\"EntryPoint\",\"urlTemplate\":\"https:\\\/\\\/dev.urbil.es\\\/es\\\/?s={search_term_string}\"},\"query-input\":{\"@type\":\"PropertyValueSpecification\",\"valueRequired\":true,\"valueName\":\"search_term_string\"}}],\"inLanguage\":\"es\"},{\"@type\":\"Organization\",\"@id\":\"https:\\\/\\\/dev.urbil.es\\\/es\\\/#organization\",\"name\":\"Centro Comercial en Donostia San Sebasti\u00e1n | Urbil\",\"url\":\"https:\\\/\\\/dev.urbil.es\\\/es\\\/\",\"logo\":{\"@type\":\"ImageObject\",\"inLanguage\":\"es\",\"@id\":\"https:\\\/\\\/dev.urbil.es\\\/es\\\/#\\\/schema\\\/logo\\\/image\\\/\",\"url\":\"https:\\\/\\\/dev.urbil.es\\\/wp-content\\\/uploads\\\/2023\\\/05\\\/logo_urb.png\",\"contentUrl\":\"https:\\\/\\\/dev.urbil.es\\\/wp-content\\\/uploads\\\/2023\\\/05\\\/logo_urb.png\",\"width\":842,\"height\":596,\"caption\":\"Centro Comercial en Donostia San Sebasti\u00e1n | Urbil\"},\"image\":{\"@id\":\"https:\\\/\\\/dev.urbil.es\\\/es\\\/#\\\/schema\\\/logo\\\/image\\\/\"}}]}<\/script>\n<!-- \/ Yoast SEO plugin. -->","yoast_head_json":{"title":"Rutas de senderismo desde Urbil - Centro Comercial en Donostia San Sebasti\u00e1n | Urbil","description":"Conoce las rutas de senderismo para todo tipo de_x000D_ caminantes que puedes comenzar desde el centro comercial Urbil, cerca de Donostia San Sebasti\u00e1n.","robots":{"index":"noindex","follow":"follow","max-snippet":"max-snippet:-1","max-image-preview":"max-image-preview:large","max-video-preview":"max-video-preview:-1"},"og_locale":"es_ES","og_type":"article","og_title":"Rutas de senderismo desde Urbil - Centro Comercial en Donostia San Sebasti\u00e1n | Urbil","og_description":"Conoce las rutas de senderismo para todo tipo de_x000D_ caminantes que puedes comenzar desde el centro comercial Urbil, cerca de Donostia San Sebasti\u00e1n.","og_url":"https:\/\/dev.urbil.es\/es\/rutas-desde-urbil","og_site_name":"Centro Comercial en Donostia San Sebasti\u00e1n | Urbil","article_modified_time":"2025-09-23T12:22:06+00:00","og_image":[{"width":700,"height":350,"url":"https:\/\/dev.urbil.es\/wp-content\/uploads\/2021\/07\/Travesia-Urbil-Orio_0.png","type":"image\/png"}],"twitter_card":"summary_large_image","twitter_misc":{"Tiempo de lectura":"2 minutos"},"schema":{"@context":"https:\/\/schema.org","@graph":[{"@type":"WebPage","@id":"https:\/\/dev.urbil.es\/es\/rutas-desde-urbil","url":"https:\/\/dev.urbil.es\/es\/rutas-desde-urbil","name":"Rutas de senderismo desde Urbil - Centro Comercial en Donostia San Sebasti\u00e1n | Urbil","isPartOf":{"@id":"https:\/\/dev.urbil.es\/es\/#website"},"primaryImageOfPage":{"@id":"https:\/\/dev.urbil.es\/es\/rutas-desde-urbil#primaryimage"},"image":{"@id":"https:\/\/dev.urbil.es\/es\/rutas-desde-urbil#primaryimage"},"thumbnailUrl":"https:\/\/dev.urbil.es\/wp-content\/uploads\/2021\/07\/Travesia-Urbil-Orio_0.png","datePublished":"2021-07-20T09:48:38+00:00","dateModified":"2025-09-23T12:22:06+00:00","description":"Conoce las rutas de senderismo para todo tipo de_x000D_ caminantes que puedes comenzar desde el centro comercial Urbil, cerca de Donostia San Sebasti\u00e1n.","breadcrumb":{"@id":"https:\/\/dev.urbil.es\/es\/rutas-desde-urbil#breadcrumb"},"inLanguage":"es","potentialAction":[{"@type":"ReadAction","target":["https:\/\/dev.urbil.es\/es\/rutas-desde-urbil"]}]},{"@type":"ImageObject","inLanguage":"es","@id":"https:\/\/dev.urbil.es\/es\/rutas-desde-urbil#primaryimage","url":"https:\/\/dev.urbil.es\/wp-content\/uploads\/2021\/07\/Travesia-Urbil-Orio_0.png","contentUrl":"https:\/\/dev.urbil.es\/wp-content\/uploads\/2021\/07\/Travesia-Urbil-Orio_0.png","width":700,"height":350,"caption":"Traves\u00eda Urbil-Orio"},{"@type":"BreadcrumbList","@id":"https:\/\/dev.urbil.es\/es\/rutas-desde-urbil#breadcrumb","itemListElement":[{"@type":"ListItem","position":1,"name":"Portada","item":"https:\/\/dev.urbil.es\/es"},{"@type":"ListItem","position":2,"name":"Rutas de senderismo desde Urbil"}]},{"@type":"WebSite","@id":"https:\/\/dev.urbil.es\/es\/#website","url":"https:\/\/dev.urbil.es\/es\/","name":"Centro Comercial en Donostia San Sebasti\u00e1n | Urbil","description":"M\u00e1s de 35.000m2 de superficie con una completa oferta comercial en San Sebasti\u00e1n: Hipemercado, Cines, Restaurantes, Ocio, Moda, Belleza, Servicios y Complementos.","publisher":{"@id":"https:\/\/dev.urbil.es\/es\/#organization"},"potentialAction":[{"@type":"SearchAction","target":{"@type":"EntryPoint","urlTemplate":"https:\/\/dev.urbil.es\/es\/?s={search_term_string}"},"query-input":{"@type":"PropertyValueSpecification","valueRequired":true,"valueName":"search_term_string"}}],"inLanguage":"es"},{"@type":"Organization","@id":"https:\/\/dev.urbil.es\/es\/#organization","name":"Centro Comercial en Donostia San Sebasti\u00e1n | Urbil","url":"https:\/\/dev.urbil.es\/es\/","logo":{"@type":"ImageObject","inLanguage":"es","@id":"https:\/\/dev.urbil.es\/es\/#\/schema\/logo\/image\/","url":"https:\/\/dev.urbil.es\/wp-content\/uploads\/2023\/05\/logo_urb.png","contentUrl":"https:\/\/dev.urbil.es\/wp-content\/uploads\/2023\/05\/logo_urb.png","width":842,"height":596,"caption":"Centro Comercial en Donostia San Sebasti\u00e1n | Urbil"},"image":{"@id":"https:\/\/dev.urbil.es\/es\/#\/schema\/logo\/image\/"}}]}},"_links":{"self":[{"href":"https:\/\/dev.urbil.es\/es\/wp-json\/wp\/v2\/pages\/427","targetHints":{"allow":["GET"]}}],"collection":[{"href":"https:\/\/dev.urbil.es\/es\/wp-json\/wp\/v2\/pages"}],"about":[{"href":"https:\/\/dev.urbil.es\/es\/wp-json\/wp\/v2\/types\/page"}],"author":[{"embeddable":true,"href":"https:\/\/dev.urbil.es\/es\/wp-json\/wp\/v2\/users\/1"}],"replies":[{"embeddable":true,"href":"https:\/\/dev.urbil.es\/es\/wp-json\/wp\/v2\/comments?post=427"}],"version-history":[{"count":16,"href":"https:\/\/dev.urbil.es\/es\/wp-json\/wp\/v2\/pages\/427\/revisions"}],"predecessor-version":[{"id":15569,"href":"https:\/\/dev.urbil.es\/es\/wp-json\/wp\/v2\/pages\/427\/revisions\/15569"}],"wp:featuredmedia":[{"embeddable":true,"href":"https:\/\/dev.urbil.es\/es\/wp-json\/wp\/v2\/media\/425"}],"wp:attachment":[{"href":"https:\/\/dev.urbil.es\/es\/wp-json\/wp\/v2\/media?parent=427"}],"curies":[{"name":"wp","href":"https:\/\/api.w.org\/{rel}","templated":true}]}}