{"id":416,"date":"2020-09-29T08:15:09","date_gmt":"2020-09-29T08:15:09","guid":{"rendered":"https:\/\/dev.urbil.es\/urbilovers-2\/"},"modified":"2025-01-23T11:27:55","modified_gmt":"2025-01-23T11:27:55","slug":"urbilklub","status":"publish","type":"page","link":"https:\/\/dev.urbil.es\/es\/urbilklub","title":{"rendered":"Hacerse de URBIL KLUB tiene sus ventajas"},"content":{"rendered":"\t\t<div data-elementor-type=\"wp-page\" data-elementor-id=\"416\" class=\"elementor elementor-416\">\n\t\t\t\t\t\t<section class=\"elementor-section elementor-top-section elementor-element elementor-element-601d5c51 elementor-section-boxed elementor-section-height-default elementor-section-height-default wpr-particle-no wpr-jarallax-no wpr-parallax-no wpr-sticky-section-no wpr-equal-height-no\" data-id=\"601d5c51\" data-element_type=\"section\" data-e-type=\"section\">\n\t\t\t\t\t\t<div class=\"elementor-container elementor-column-gap-default\">\n\t\t\t\t\t<div class=\"elementor-column elementor-col-100 elementor-top-column elementor-element elementor-element-6624ca7e\" data-id=\"6624ca7e\" data-element_type=\"column\" data-e-type=\"column\">\n\t\t\t<div class=\"elementor-widget-wrap elementor-element-populated\">\n\t\t\t\t\t\t<div class=\"elementor-element elementor-element-7fad39d elementor-widget elementor-widget-heading\" data-id=\"7fad39d\" data-element_type=\"widget\" data-e-type=\"widget\" data-widget_type=\"heading.default\">\n\t\t\t\t<div class=\"elementor-widget-container\">\n\t\t\t\t\t<h1 class=\"elementor-heading-title elementor-size-default\">Hacerse de URBIL KLUB tiene sus ventajas<\/h1>\t\t\t\t<\/div>\n\t\t\t\t<\/div>\n\t\t\t\t<div class=\"elementor-element elementor-element-c388afb elementor-widget elementor-widget-text-editor\" data-id=\"c388afb\" data-element_type=\"widget\" data-e-type=\"widget\" data-widget_type=\"text-editor.default\">\n\t\t\t\t<div class=\"elementor-widget-container\">\n\t\t\t\t\t\t\t\t\t<p>\u00danete a Urbil Klub\u00a0<strong>descarg\u00e1ndote\u00a0la App gratuita de Urbil\u00a0<\/strong>y disfruta\u00a0de todos\u00a0los beneficios exclusivos para los\u00a0miembros de nuestro club de fidelizaci\u00f3n:<strong>\u00a0cupones descuento en nuestros locales, regalos, planes de ocio con descuento, apuntarte a nuestros sorteos, acceso a servicios exclusivos como el recinto infantil,\u00a0disfrutar de nuestros eventos, participar en nuestras promociones y mucho m\u00e1s.<\/strong><\/p><h2>La App de Urbil<\/h2><p>La App de Urbil est\u00e1 disponible\u00a0para iOS (en App Store) y para Android (en Google Play Store):\u00a0<strong>desc\u00e1rgatela en tu m\u00f3vil y\u00a0reg\u00edstrate gratuitamente\u00a0<\/strong>para formar parte de nuestro club y empezar a disfrutar de todas las ventajas que ofrecemos en la App.<\/p><p>En las distintas secciones de la App de Urbil descubrir\u00e1s todas las ventajas que tienes por ser miembro de Urbil Klub. Adem\u00e1s, dentro de la App,<strong>\u00a0tendr\u00e1s\u00a0tu Identificador QR\u00a0(un c\u00f3digo QR personal)<\/strong>\u00a0que te permitir\u00e1 disfrutar de todas estas ventajas. \u00a1No te pierdas nada!<\/p>\t\t\t\t\t\t\t\t<\/div>\n\t\t\t\t<\/div>\n\t\t\t\t<div class=\"elementor-element elementor-element-6513a45 elementor-widget elementor-widget-button\" data-id=\"6513a45\" data-element_type=\"widget\" data-e-type=\"widget\" data-widget_type=\"button.default\">\n\t\t\t\t<div class=\"elementor-widget-container\">\n\t\t\t\t\t\t\t\t\t<div class=\"elementor-button-wrapper\">\n\t\t\t\t\t<a class=\"elementor-button elementor-button-link elementor-size-sm\" href=\"https:\/\/member.placewise.com\/urbil\/open-app\" target=\"_blank\">\n\t\t\t\t\t\t<span class=\"elementor-button-content-wrapper\">\n\t\t\t\t\t\t\t\t\t<span class=\"elementor-button-text\">Descargar la APP de Urbil<\/span>\n\t\t\t\t\t<\/span>\n\t\t\t\t\t<\/a>\n\t\t\t\t<\/div>\n\t\t\t\t\t\t\t\t<\/div>\n\t\t\t\t<\/div>\n\t\t\t\t<div class=\"elementor-element elementor-element-47f40cc7 elementor-widget elementor-widget-text-editor\" data-id=\"47f40cc7\" data-element_type=\"widget\" data-e-type=\"widget\" data-widget_type=\"text-editor.default\">\n\t\t\t\t<div class=\"elementor-widget-container\">\n\t\t\t\t\t\t\t\t\t<p><a id=\"\" title=\"\" href=\"https:\/\/apps.apple.com\/es\/app\/urbil\/id1533423953\" target=\"_blank\" rel=\"noopener\"><img decoding=\"async\" class=\"alignnone wp-image-414 size-full\" src=\"https:\/\/dev.urbil.es\/wp-content\/uploads\/2020\/09\/appStore.png\" alt=\"Descarga Urbiloveres en App Store\" width=\"160\" height=\"56\" data-entity-type=\"file\" data-entity-uuid=\"2141dc55-4904-4a5f-aa6f-b111f6c448fc\" \/><\/a>\u00a0\u00a0 \u00a0<a id=\"\" title=\"\" href=\"https:\/\/play.google.com\/store\/apps\/details?id=com.placewise.loyaltyapp.urbil\" target=\"_blank\" rel=\"noopener\"><img decoding=\"async\" class=\"alignnone wp-image-415 size-full\" src=\"https:\/\/dev.urbil.es\/wp-content\/uploads\/2020\/09\/googlePlay.png\" alt=\"Descarga Urbilovers en Google Play\" width=\"169\" height=\"56\" data-entity-type=\"file\" data-entity-uuid=\"a9a0ac49-b8f1-427c-b69c-3ec90b895df2\" \/><\/a><\/p>\t\t\t\t\t\t\t\t<\/div>\n\t\t\t\t<\/div>\n\t\t\t\t<div class=\"elementor-element elementor-element-298c87d elementor-widget elementor-widget-text-editor\" data-id=\"298c87d\" data-element_type=\"widget\" data-e-type=\"widget\" data-widget_type=\"text-editor.default\">\n\t\t\t\t<div class=\"elementor-widget-container\">\n\t\t\t\t\t\t\t\t\t<p><strong>Si por cualquier motivo tu m\u00f3vil no es compatible con nuestra aplicaci\u00f3n, no te preocupes.\u00a0Puedes darte\u00a0de alta en Urbil Klub registr\u00e1ndote gratuitamente en el siguiente bot\u00f3n.<\/strong>\u00a0De esta manera, tendr\u00e1s acceso a todos los beneficios del club. Por lo tanto, si este es tu caso, haz click en el siguiente bot\u00f3n y rellena\u00a0el formulario para formar parte de Urbil Klub y disfrutar de todas sus ventajas.<\/p>\t\t\t\t\t\t\t\t<\/div>\n\t\t\t\t<\/div>\n\t\t\t\t<div class=\"elementor-element elementor-element-40226af elementor-widget elementor-widget-button\" data-id=\"40226af\" data-element_type=\"widget\" data-e-type=\"widget\" data-widget_type=\"button.default\">\n\t\t\t\t<div class=\"elementor-widget-container\">\n\t\t\t\t\t\t\t\t\t<div class=\"elementor-button-wrapper\">\n\t\t\t\t\t<a class=\"elementor-button elementor-button-link elementor-size-sm\" href=\"https:\/\/member.placewise.com\/urbil;source=website\" target=\"_blank\">\n\t\t\t\t\t\t<span class=\"elementor-button-content-wrapper\">\n\t\t\t\t\t\t\t\t\t<span class=\"elementor-button-text\">Reg\u00edstrate ahora<\/span>\n\t\t\t\t\t<\/span>\n\t\t\t\t\t<\/a>\n\t\t\t\t<\/div>\n\t\t\t\t\t\t\t\t<\/div>\n\t\t\t\t<\/div>\n\t\t\t\t<div class=\"elementor-element elementor-element-669c3ad elementor-widget elementor-widget-text-editor\" data-id=\"669c3ad\" data-element_type=\"widget\" data-e-type=\"widget\" data-widget_type=\"text-editor.default\">\n\t\t\t\t<div class=\"elementor-widget-container\">\n\t\t\t\t\t\t\t\t\t<p><strong>Pincha en los cuadros inferiores para descubrir todos los beneficios de la App.<\/strong><\/p>\t\t\t\t\t\t\t\t<\/div>\n\t\t\t\t<\/div>\n\t\t\t\t<div class=\"elementor-element elementor-element-72020b0 elementor-widget elementor-widget-shortcode\" data-id=\"72020b0\" data-element_type=\"widget\" data-e-type=\"widget\" data-widget_type=\"shortcode.default\">\n\t\t\t\t<div class=\"elementor-widget-container\">\n\t\t\t\t\t\t\t<div class=\"elementor-shortcode\"><div class=\"container\"><div class=\"row\" style=\"max-width:800px;margin-bottom: 60px;\"><div class=\"col-md-3 col-3 \">\t<div class=\"contenedor servicios s_active\" data-id=\"10825\">\t\t<div class=\"contenedor_img_servicio\"><div class=\"img_context\"><img decoding=\"async\" class=\"img_servicio\" src=\"https:\/\/dev.urbil.es\/wp-content\/uploads\/2023\/06\/ul-sorteos-promociones.png\"><\/div><\/div>\t\t<h2 class=\"titulo_servicio\">Acceso a promociones y sorteos<\/h2>\t<\/div><\/div><div class=\"col-md-3 col-3 \">\t<div class=\"contenedor servicios \" data-id=\"10701\">\t\t<div class=\"contenedor_img_servicio\"><div class=\"img_context\"><img decoding=\"async\" class=\"img_servicio\" src=\"https:\/\/dev.urbil.es\/wp-content\/uploads\/2023\/06\/ul-cupones.png\"><\/div><\/div>\t\t<h2 class=\"titulo_servicio\">Cupones descuento<\/h2>\t<\/div><\/div><div class=\"col-md-3 col-3 \">\t<div class=\"contenedor servicios \" data-id=\"10826\">\t\t<div class=\"contenedor_img_servicio\"><div class=\"img_context\"><img decoding=\"async\" class=\"img_servicio\" src=\"https:\/\/dev.urbil.es\/wp-content\/uploads\/2023\/06\/ul-eventos.png\"><\/div><\/div>\t\t<h2 class=\"titulo_servicio\">Eventos<\/h2>\t<\/div><\/div><div class=\"col-md-3 col-3 \">\t<div class=\"contenedor servicios \" data-id=\"10841\">\t\t<div class=\"contenedor_img_servicio\"><div class=\"img_context\"><img decoding=\"async\" class=\"img_servicio\" src=\"https:\/\/dev.urbil.es\/wp-content\/uploads\/2023\/06\/iconos_kids_negros-10.png\"><\/div><\/div>\t\t<h2 class=\"titulo_servicio\">Recinto gratuito supervisado<\/h2>\t<\/div><\/div><div class=\"col-md-3 col-3 \">\t<div class=\"contenedor servicios \" data-id=\"10827\">\t\t<div class=\"contenedor_img_servicio\"><div class=\"img_context\"><img decoding=\"async\" class=\"img_servicio\" src=\"https:\/\/dev.urbil.es\/wp-content\/uploads\/2023\/06\/ul-servicios.png\"><\/div><\/div>\t\t<h2 class=\"titulo_servicio\">Servicios Exclusivos<\/h2>\t<\/div><\/div><div class=\"col-md-3 col-3 \">\t<div class=\"contenedor servicios \" data-id=\"10823\">\t\t<div class=\"contenedor_img_servicio\"><div class=\"img_context\"><img decoding=\"async\" class=\"img_servicio\" src=\"https:\/\/dev.urbil.es\/wp-content\/uploads\/2023\/06\/ul-planes.png\"><\/div><\/div>\t\t<h2 class=\"titulo_servicio\">Urbilbox<\/h2>\t<\/div><\/div><\/div><\/div><div class=\"container\"><div class=\"row\"><div class=\"col-md-12 \" id=\"subservicios\">\n\t\t<script>\n\t\tjQuery(document).ready(function(){\n\t\t\tprimera_carga_servicios();\t\n\t\t});\n\t\t<\/script>\n\t\t<\/div><\/div><\/div><\/div>\n\t\t\t\t\t\t<\/div>\n\t\t\t\t<\/div>\n\t\t\t\t\t<\/div>\n\t\t<\/div>\n\t\t\t\t\t<\/div>\n\t\t<\/section>\n\t\t\t\t<\/div>\n\t\t","protected":false},"excerpt":{"rendered":"<p>Hacerse de URBIL KLUB tiene sus ventajas \u00danete a Urbil<\/p>\n","protected":false},"author":1,"featured_media":14637,"parent":0,"menu_order":0,"comment_status":"closed","ping_status":"closed","template":"","meta":{"_acf_changed":false,"footnotes":""},"class_list":["post-416","page","type-page","status-publish","has-post-thumbnail","hentry"],"acf":[],"yoast_head":"<!-- This site is optimized with the Yoast SEO plugin v27.5 - https:\/\/yoast.com\/product\/yoast-seo-wordpress\/ -->\n<title>Hacerse de URBIL KLUB tiene sus ventajas - Centro Comercial en Donostia San Sebasti\u00e1n | Urbil<\/title>\n<meta name=\"description\" content=\"\u00danete a Urbil Klub\u00a0descarg\u00e1ndote\u00a0la App gratuita de Urbil\u00a0y disfruta\u00a0de cupones descuento, regalos, sorteos y promociones, servicios exclusivos como el recinto infantil,\u00a0eventos, y mucho m\u00e1s.\" \/>\n<meta name=\"robots\" content=\"noindex, follow, max-snippet:-1, max-image-preview:large, max-video-preview:-1\" \/>\n<meta property=\"og:locale\" content=\"es_ES\" \/>\n<meta property=\"og:type\" content=\"article\" \/>\n<meta property=\"og:title\" content=\"Hacerse de URBIL KLUB tiene sus ventajas - Centro Comercial en Donostia San Sebasti\u00e1n | Urbil\" \/>\n<meta property=\"og:description\" content=\"\u00danete a Urbil Klub\u00a0descarg\u00e1ndote\u00a0la App gratuita de Urbil\u00a0y disfruta\u00a0de cupones descuento, regalos, sorteos y promociones, servicios exclusivos como el recinto infantil,\u00a0eventos, y mucho m\u00e1s.\" \/>\n<meta property=\"og:url\" content=\"https:\/\/dev.urbil.es\/es\/urbilklub\" \/>\n<meta property=\"og:site_name\" content=\"Centro Comercial en Donostia San Sebasti\u00e1n | Urbil\" \/>\n<meta property=\"article:modified_time\" content=\"2025-01-23T11:27:55+00:00\" \/>\n<meta property=\"og:image\" content=\"https:\/\/dev.urbil.es\/wp-content\/uploads\/2025\/01\/PIEZA-CUADRADA-APP-URBIL.png\" \/>\n\t<meta property=\"og:image:width\" content=\"400\" \/>\n\t<meta property=\"og:image:height\" content=\"400\" \/>\n\t<meta property=\"og:image:type\" content=\"image\/png\" \/>\n<meta name=\"twitter:card\" content=\"summary_large_image\" \/>\n<meta name=\"twitter:label1\" content=\"Tiempo de lectura\" \/>\n\t<meta name=\"twitter:data1\" content=\"2 minutos\" \/>\n<script type=\"application\/ld+json\" class=\"yoast-schema-graph\">{\"@context\":\"https:\\\/\\\/schema.org\",\"@graph\":[{\"@type\":\"WebPage\",\"@id\":\"https:\\\/\\\/dev.urbil.es\\\/es\\\/urbilklub\",\"url\":\"https:\\\/\\\/dev.urbil.es\\\/es\\\/urbilklub\",\"name\":\"Hacerse de URBIL KLUB tiene sus ventajas - Centro Comercial en Donostia San Sebasti\u00e1n | Urbil\",\"isPartOf\":{\"@id\":\"https:\\\/\\\/dev.urbil.es\\\/es\\\/#website\"},\"primaryImageOfPage\":{\"@id\":\"https:\\\/\\\/dev.urbil.es\\\/es\\\/urbilklub#primaryimage\"},\"image\":{\"@id\":\"https:\\\/\\\/dev.urbil.es\\\/es\\\/urbilklub#primaryimage\"},\"thumbnailUrl\":\"https:\\\/\\\/dev.urbil.es\\\/wp-content\\\/uploads\\\/2025\\\/01\\\/PIEZA-CUADRADA-APP-URBIL.png\",\"datePublished\":\"2020-09-29T08:15:09+00:00\",\"dateModified\":\"2025-01-23T11:27:55+00:00\",\"description\":\"\u00danete a Urbil Klub\u00a0descarg\u00e1ndote\u00a0la App gratuita de Urbil\u00a0y disfruta\u00a0de cupones descuento, regalos, sorteos y promociones, servicios exclusivos como el recinto infantil,\u00a0eventos, y mucho m\u00e1s.\",\"breadcrumb\":{\"@id\":\"https:\\\/\\\/dev.urbil.es\\\/es\\\/urbilklub#breadcrumb\"},\"inLanguage\":\"es\",\"potentialAction\":[{\"@type\":\"ReadAction\",\"target\":[\"https:\\\/\\\/dev.urbil.es\\\/es\\\/urbilklub\"]}]},{\"@type\":\"ImageObject\",\"inLanguage\":\"es\",\"@id\":\"https:\\\/\\\/dev.urbil.es\\\/es\\\/urbilklub#primaryimage\",\"url\":\"https:\\\/\\\/dev.urbil.es\\\/wp-content\\\/uploads\\\/2025\\\/01\\\/PIEZA-CUADRADA-APP-URBIL.png\",\"contentUrl\":\"https:\\\/\\\/dev.urbil.es\\\/wp-content\\\/uploads\\\/2025\\\/01\\\/PIEZA-CUADRADA-APP-URBIL.png\",\"width\":400,\"height\":400},{\"@type\":\"BreadcrumbList\",\"@id\":\"https:\\\/\\\/dev.urbil.es\\\/es\\\/urbilklub#breadcrumb\",\"itemListElement\":[{\"@type\":\"ListItem\",\"position\":1,\"name\":\"Portada\",\"item\":\"https:\\\/\\\/dev.urbil.es\\\/es\"},{\"@type\":\"ListItem\",\"position\":2,\"name\":\"Hacerse de URBIL KLUB tiene sus ventajas\"}]},{\"@type\":\"WebSite\",\"@id\":\"https:\\\/\\\/dev.urbil.es\\\/es\\\/#website\",\"url\":\"https:\\\/\\\/dev.urbil.es\\\/es\\\/\",\"name\":\"Centro Comercial en Donostia San Sebasti\u00e1n | Urbil\",\"description\":\"M\u00e1s de 35.000m2 de superficie con una completa oferta comercial en San Sebasti\u00e1n: Hipemercado, Cines, Restaurantes, Ocio, Moda, Belleza, Servicios y Complementos.\",\"publisher\":{\"@id\":\"https:\\\/\\\/dev.urbil.es\\\/es\\\/#organization\"},\"potentialAction\":[{\"@type\":\"SearchAction\",\"target\":{\"@type\":\"EntryPoint\",\"urlTemplate\":\"https:\\\/\\\/dev.urbil.es\\\/es\\\/?s={search_term_string}\"},\"query-input\":{\"@type\":\"PropertyValueSpecification\",\"valueRequired\":true,\"valueName\":\"search_term_string\"}}],\"inLanguage\":\"es\"},{\"@type\":\"Organization\",\"@id\":\"https:\\\/\\\/dev.urbil.es\\\/es\\\/#organization\",\"name\":\"Centro Comercial en Donostia San Sebasti\u00e1n | Urbil\",\"url\":\"https:\\\/\\\/dev.urbil.es\\\/es\\\/\",\"logo\":{\"@type\":\"ImageObject\",\"inLanguage\":\"es\",\"@id\":\"https:\\\/\\\/dev.urbil.es\\\/es\\\/#\\\/schema\\\/logo\\\/image\\\/\",\"url\":\"https:\\\/\\\/dev.urbil.es\\\/wp-content\\\/uploads\\\/2023\\\/05\\\/logo_urb.png\",\"contentUrl\":\"https:\\\/\\\/dev.urbil.es\\\/wp-content\\\/uploads\\\/2023\\\/05\\\/logo_urb.png\",\"width\":842,\"height\":596,\"caption\":\"Centro Comercial en Donostia San Sebasti\u00e1n | Urbil\"},\"image\":{\"@id\":\"https:\\\/\\\/dev.urbil.es\\\/es\\\/#\\\/schema\\\/logo\\\/image\\\/\"}}]}<\/script>\n<!-- \/ Yoast SEO plugin. -->","yoast_head_json":{"title":"Hacerse de URBIL KLUB tiene sus ventajas - Centro Comercial en Donostia San Sebasti\u00e1n | Urbil","description":"\u00danete a Urbil Klub\u00a0descarg\u00e1ndote\u00a0la App gratuita de Urbil\u00a0y disfruta\u00a0de cupones descuento, regalos, sorteos y promociones, servicios exclusivos como el recinto infantil,\u00a0eventos, y mucho m\u00e1s.","robots":{"index":"noindex","follow":"follow","max-snippet":"max-snippet:-1","max-image-preview":"max-image-preview:large","max-video-preview":"max-video-preview:-1"},"og_locale":"es_ES","og_type":"article","og_title":"Hacerse de URBIL KLUB tiene sus ventajas - Centro Comercial en Donostia San Sebasti\u00e1n | Urbil","og_description":"\u00danete a Urbil Klub\u00a0descarg\u00e1ndote\u00a0la App gratuita de Urbil\u00a0y disfruta\u00a0de cupones descuento, regalos, sorteos y promociones, servicios exclusivos como el recinto infantil,\u00a0eventos, y mucho m\u00e1s.","og_url":"https:\/\/dev.urbil.es\/es\/urbilklub","og_site_name":"Centro Comercial en Donostia San Sebasti\u00e1n | Urbil","article_modified_time":"2025-01-23T11:27:55+00:00","og_image":[{"width":400,"height":400,"url":"https:\/\/dev.urbil.es\/wp-content\/uploads\/2025\/01\/PIEZA-CUADRADA-APP-URBIL.png","type":"image\/png"}],"twitter_card":"summary_large_image","twitter_misc":{"Tiempo de lectura":"2 minutos"},"schema":{"@context":"https:\/\/schema.org","@graph":[{"@type":"WebPage","@id":"https:\/\/dev.urbil.es\/es\/urbilklub","url":"https:\/\/dev.urbil.es\/es\/urbilklub","name":"Hacerse de URBIL KLUB tiene sus ventajas - Centro Comercial en Donostia San Sebasti\u00e1n | Urbil","isPartOf":{"@id":"https:\/\/dev.urbil.es\/es\/#website"},"primaryImageOfPage":{"@id":"https:\/\/dev.urbil.es\/es\/urbilklub#primaryimage"},"image":{"@id":"https:\/\/dev.urbil.es\/es\/urbilklub#primaryimage"},"thumbnailUrl":"https:\/\/dev.urbil.es\/wp-content\/uploads\/2025\/01\/PIEZA-CUADRADA-APP-URBIL.png","datePublished":"2020-09-29T08:15:09+00:00","dateModified":"2025-01-23T11:27:55+00:00","description":"\u00danete a Urbil Klub\u00a0descarg\u00e1ndote\u00a0la App gratuita de Urbil\u00a0y disfruta\u00a0de cupones descuento, regalos, sorteos y promociones, servicios exclusivos como el recinto infantil,\u00a0eventos, y mucho m\u00e1s.","breadcrumb":{"@id":"https:\/\/dev.urbil.es\/es\/urbilklub#breadcrumb"},"inLanguage":"es","potentialAction":[{"@type":"ReadAction","target":["https:\/\/dev.urbil.es\/es\/urbilklub"]}]},{"@type":"ImageObject","inLanguage":"es","@id":"https:\/\/dev.urbil.es\/es\/urbilklub#primaryimage","url":"https:\/\/dev.urbil.es\/wp-content\/uploads\/2025\/01\/PIEZA-CUADRADA-APP-URBIL.png","contentUrl":"https:\/\/dev.urbil.es\/wp-content\/uploads\/2025\/01\/PIEZA-CUADRADA-APP-URBIL.png","width":400,"height":400},{"@type":"BreadcrumbList","@id":"https:\/\/dev.urbil.es\/es\/urbilklub#breadcrumb","itemListElement":[{"@type":"ListItem","position":1,"name":"Portada","item":"https:\/\/dev.urbil.es\/es"},{"@type":"ListItem","position":2,"name":"Hacerse de URBIL KLUB tiene sus ventajas"}]},{"@type":"WebSite","@id":"https:\/\/dev.urbil.es\/es\/#website","url":"https:\/\/dev.urbil.es\/es\/","name":"Centro Comercial en Donostia San Sebasti\u00e1n | Urbil","description":"M\u00e1s de 35.000m2 de superficie con una completa oferta comercial en San Sebasti\u00e1n: Hipemercado, Cines, Restaurantes, Ocio, Moda, Belleza, Servicios y Complementos.","publisher":{"@id":"https:\/\/dev.urbil.es\/es\/#organization"},"potentialAction":[{"@type":"SearchAction","target":{"@type":"EntryPoint","urlTemplate":"https:\/\/dev.urbil.es\/es\/?s={search_term_string}"},"query-input":{"@type":"PropertyValueSpecification","valueRequired":true,"valueName":"search_term_string"}}],"inLanguage":"es"},{"@type":"Organization","@id":"https:\/\/dev.urbil.es\/es\/#organization","name":"Centro Comercial en Donostia San Sebasti\u00e1n | Urbil","url":"https:\/\/dev.urbil.es\/es\/","logo":{"@type":"ImageObject","inLanguage":"es","@id":"https:\/\/dev.urbil.es\/es\/#\/schema\/logo\/image\/","url":"https:\/\/dev.urbil.es\/wp-content\/uploads\/2023\/05\/logo_urb.png","contentUrl":"https:\/\/dev.urbil.es\/wp-content\/uploads\/2023\/05\/logo_urb.png","width":842,"height":596,"caption":"Centro Comercial en Donostia San Sebasti\u00e1n | Urbil"},"image":{"@id":"https:\/\/dev.urbil.es\/es\/#\/schema\/logo\/image\/"}}]}},"_links":{"self":[{"href":"https:\/\/dev.urbil.es\/es\/wp-json\/wp\/v2\/pages\/416","targetHints":{"allow":["GET"]}}],"collection":[{"href":"https:\/\/dev.urbil.es\/es\/wp-json\/wp\/v2\/pages"}],"about":[{"href":"https:\/\/dev.urbil.es\/es\/wp-json\/wp\/v2\/types\/page"}],"author":[{"embeddable":true,"href":"https:\/\/dev.urbil.es\/es\/wp-json\/wp\/v2\/users\/1"}],"replies":[{"embeddable":true,"href":"https:\/\/dev.urbil.es\/es\/wp-json\/wp\/v2\/comments?post=416"}],"version-history":[{"count":45,"href":"https:\/\/dev.urbil.es\/es\/wp-json\/wp\/v2\/pages\/416\/revisions"}],"predecessor-version":[{"id":14949,"href":"https:\/\/dev.urbil.es\/es\/wp-json\/wp\/v2\/pages\/416\/revisions\/14949"}],"wp:featuredmedia":[{"embeddable":true,"href":"https:\/\/dev.urbil.es\/es\/wp-json\/wp\/v2\/media\/14637"}],"wp:attachment":[{"href":"https:\/\/dev.urbil.es\/es\/wp-json\/wp\/v2\/media?parent=416"}],"curies":[{"name":"wp","href":"https:\/\/api.w.org\/{rel}","templated":true}]}}