{"id":388,"date":"2020-03-20T11:29:44","date_gmt":"2020-03-20T11:29:44","guid":{"rendered":"https:\/\/dev.urbil.es\/aviso-legal-y-privacidad\/"},"modified":"2026-01-28T10:55:41","modified_gmt":"2026-01-28T10:55:41","slug":"aviso-legal-y-privacidad","status":"publish","type":"page","link":"https:\/\/dev.urbil.es\/es\/aviso-legal-y-privacidad","title":{"rendered":"Aviso Legal y Privacidad"},"content":{"rendered":"<h2><strong>AVISO LEGAL<\/strong><\/h2>\n<p>En virtud de la legislaci\u00f3n vigente en Espa\u00f1a, le informamos de nuestros datos mercantiles y fiscales:<\/p>\n<p>C.P. CENTRO COMERCIAL URBIL con domicilio en Pol\u00edgono Asteasuain, 7, 20170, Usurbil, Gipuzkoa, y\u00a0con C.I.F.: H-20707238.<\/p>\n<p><strong>Condiciones generales<\/strong><\/p>\n<p>La utilizaci\u00f3n de la web supone la aceptaci\u00f3n plena por el Usuario de estas condiciones, por lo que si no est\u00e1 de acuerdo con el contenido de las mismas deber\u00e1 abstenerse de hacer uso de la web, as\u00ed como de los servicios ofrecidos en ella. C.P. CENTRO COMERCIAL URBIL se reserva el derecho a efectuar las modificaciones que estime oportunas, pudiendo modificar, suprimir o incluir, sin previo aviso, nuevos contenidos y\/o servicios, as\u00ed como la forma en que \u00e9stos aparezcan presentados y localizados y las condiciones de uso de la web.<\/p>\n<p><strong>Condiciones de acceso<\/strong><\/p>\n<p>El Usuario acepta que el acceso y uso de la web y de los contenidos incluidos en la misma tiene lugar libre y conscientemente, bajo su exclusiva responsabilidad, y en consecuencia se compromete a:<\/p>\n<ul>\n<li>No utilizar la web para la realizaci\u00f3n de actividades contrarias a la ley, a la moral, al orden p\u00fablico, en general, y hacer un uso l\u00edcito y honrado conforme a las presentes Condiciones Generales, as\u00ed como abstenerse de realizar cualquier acto que pudiera da\u00f1ar, inutilizar, sobrecargar o deteriorar la web y\/o impedir el normal uso y utilizaci\u00f3n por parte del resto de Usuarios.<\/li>\n<li>No manipular o alterar cualquier contenido de la web sin el consentimiento expreso y por escrito de su titular. Cualquier alteraci\u00f3n, modificaci\u00f3n o manipulaci\u00f3n sin el consentimiento de su titular, exime a su \u00e9ste de responsabilidad alguna.<\/li>\n<li>No reproducir, copiar, distribuir, comunicar p\u00fablicamente, transformar o modificar los contenidos, a menos que se cuente con la preceptiva autorizaci\u00f3n del titular de los correspondientes derechos o ello resulte legalmente permitido; as\u00ed como suprimir, eludir o manipular el Copyright y dem\u00e1s datos identificativos de los derechos de sus titulares incorporados a los contenidos, as\u00ed como los dispositivos t\u00e9cnicos de protecci\u00f3n, o cualesquiera mecanismos de informaci\u00f3n que pudieren contener los rese\u00f1ados contenidos.<\/li>\n<li>No introducir o difundir en la web, programas de datos (virus o cualquier tipo de software de car\u00e1cter nocivo) susceptibles de provocar da\u00f1os en la web.<\/li>\n<\/ul>\n<p>C.P. CENTRO COMERCIAL URBIL no garantiza la disponibilidad y continuidad de la web ni se hace responsable de cualesquiera da\u00f1os y perjuicios puedan producirse, ni de los defectos t\u00e9cnicos, incluidos virus u otros elementos lesivos, cualquiera que sea la naturaleza, derivados del uso de la informaci\u00f3n y de las materias contenidas en la web.<\/p>\n<p><strong>Responsabilidades<\/strong><\/p>\n<p>El Usuario responder\u00e1 de los da\u00f1os y perjuicios de toda naturaleza que C.P. CENTRO COMERCIAL URBIL, o cualquier tercero pueda sufrir como consecuencia del incumplimiento de cualquiera de las obligaciones a las que queda sometido por las presentes Condiciones Generales.<\/p>\n<p>C.P. CENTRO COMERCIAL URBIL no asume ninguna responsabilidad ni realiza ning\u00fan control sobre los posibles hiperv\u00ednculos que contenga la web a contenidos externos a la misma; no obstante, retirar\u00e1 aquellos enlaces que incluyan contenidos il\u00edcitos tan pronto como pueda conocerlo.<\/p>\n<p><strong>Propiedad Intelectual e Industrial<\/strong><\/p>\n<p>El Usuario reconoce que todos los contenidos de la web y, en concreto, de toda la informaci\u00f3n y materiales, la estructura, selecci\u00f3n, ordenaci\u00f3n y prestaci\u00f3n de sus contenidos, programas y desarrollo de aplicaciones utilizados en relaci\u00f3n con ellos, est\u00e1n protegidos por derechos de propiedad intelectual e industrial propiedad del titular de la web o, en su caso, de terceros.<\/p>\n<p>En ning\u00fan caso el acceso a los mismos o su utilizaci\u00f3n por parte del Usuario implicar\u00e1 ning\u00fan tipo de renuncia, transmisi\u00f3n o cesi\u00f3n total ni parcial de dichos derechos, ni confiere ning\u00fan derecho de utilizaci\u00f3n, alteraci\u00f3n, explotaci\u00f3n, reproducci\u00f3n, distribuci\u00f3n o comunicaci\u00f3n p\u00fablica sobre dichos contenidos sin la previa y expresa autorizaci\u00f3n espec\u00edficamente otorgada a tal efecto por parte de C.P. CENTRO COMERCIAL URBIL o del tercero titular de los derechos afectados.<\/p>\n<p>C.P. CENTRO COMERCIAL URBIL es titular de los elementos que integran el dise\u00f1o gr\u00e1fico de la web, los men\u00fas, botones de navegaci\u00f3n, el c\u00f3digo, los textos, im\u00e1genes, texturas, gr\u00e1ficos y cualquier otro contenido de la p\u00e1gina web o, en otros casos, dispone de la correspondiente autorizaci\u00f3n para la utilizaci\u00f3n de dichos elementos.<\/p>\n<p>En el caso de que cualquier Usuario o un tercero consideren que cualquiera de los contenidos ha sido introducido en la web con violaci\u00f3n de sus derechos de Propiedad Intelectual o Industrial deber\u00e1 enviar una notificaci\u00f3n a C.P. CENTRO COMERCIAL URBIL identific\u00e1ndose a s\u00ed mismo y al titular de los derechos de propiedad intelectual o industrial supuestamente infringidos, aportando t\u00edtulo o acreditaci\u00f3n de la representaci\u00f3n de los mencionados derechos.<\/p>\n<p><strong>Confidencialidad<\/strong><\/p>\n<p>Toda informaci\u00f3n que cualquiera de las partes comunique o facilite a la otra o a la que tengan acceso cualquiera de ellas, ser\u00e1 considerada confidencial y no podr\u00e1 ser divulgada, mostrada, reproducida, copiada, discutida con terceros, ni empleada por ninguna de las partes para fines ajenos a los que motivaron su comunicaci\u00f3n.<\/p>\n<p><strong>Legislaci\u00f3n aplicable y jurisdicci\u00f3n<\/strong><\/p>\n<p>Las presentes Condiciones Generales se regir\u00e1n por lo dispuesto en la legislaci\u00f3n espa\u00f1ola. Para cuantas cuestiones pudieran suscitarse entre las partes en relaci\u00f3n con la interpretaci\u00f3n y ejecuci\u00f3n del presente documento, ambas partes acuerdan de forma expresa y con renuncia de cualquier otro fuero que pudiera corresponderles, a la jurisdicci\u00f3n de los Juzgados y Tribunales que correspondan.<\/p>\n<p>&nbsp;<\/p>\n<h2>POL\u00cdTICA DE PRIVACIDAD<\/h2>\n<p>A los efectos previstos en el Reglamento General de Protecci\u00f3n de Datos (Reglamento (UE) 2016\/679) y de la Ley Org\u00e1nica 3\/2018, de Protecci\u00f3n de Datos Personales y garant\u00eda de los derechos digitales, se le informa que los datos personales proporcionados se incorporar\u00e1n (o actualizar\u00e1n) a los tratamientos de C.P. CENTRO COMERCIAL URBIL con domicilio en Pol\u00edgono Asteasuain, 7, 20170, UsurbilL, Gipuzkoa.<\/p>\n<p><strong>Responsable del tratamiento<\/strong><\/p>\n<p>El tratamiento que contendr\u00e1 la informaci\u00f3n recogida a trav\u00e9s de la presente web es titularidad de C.P.\u00a0CENTRO COMERCIAL URBIL. Para cualquier informaci\u00f3n adicional puede realizar cualquier consulta a trav\u00e9s de los siguientes medios:<\/p>\n<p>&#8211; Tel\u00e9fono: 943 36 41 87<\/p>\n<p>&#8211; Correo electr\u00f3nico:\u00a0<a href=\"mailto:lopd@urbil.es\">lopd@urbil.es<\/a><\/p>\n<p><strong>Finalidad<\/strong><\/p>\n<p>En la C.P.\u00a0CENTRO COMERCIAL URBIL tratamos\u00a0la informaci\u00f3n que nos facilitan las personas interesadas con los siguientes fines:<\/p>\n<p>&#8211; Resolver las dudas o consultas planteadas a trav\u00e9s de nuestro apartado de contacto.<\/p>\n<p>&#8211; Llevar a cabo el registro en nuestra p\u00e1gina web.<\/p>\n<p>&#8211; Llevar a cabo compras online.<\/p>\n<p>&#8211; Llevar a cabo el env\u00edo de newsletter o boletines informativos.<\/p>\n<p>&#8211; Publicar fotos y v\u00eddeos de los participantes en las actividades y eventos promovidos por la entidad.<\/p>\n<p>&#8211; Llevar a cabo los sorteos y promociones promovidos por la entidad.<\/p>\n<p>Igualmente, la C.P. CENTRO COMERCIAL URBIL podr\u00e1 llevar a cabo tratamientos de datos con otras finalidades que se especificar\u00e1n debidamente en las cl\u00e1usulas informativas que se adjuntar\u00e1n a los formularios de recogida de datos.<\/p>\n<p>No se tomar\u00e1n decisiones automatizadas. La finalidad principal de este tratamiento no est\u00e1 supeditada al consentimiento de los datos que no sean necesarios para dicha finalidad principal.<\/p>\n<p><strong>Legitimaci\u00f3n<\/strong><\/p>\n<p>La legitimaci\u00f3n del tratamiento de sus datos personales puede encontrar su fundamento, en funci\u00f3n de cada caso, en el consentimiento del interesado, en la ejecuci\u00f3n de un contrato o de medidas precontractuales, en el cumplimiento de una obligaci\u00f3n legal, en la protecci\u00f3n de derechos vitales, en el cumplimiento de una misi\u00f3n en inter\u00e9s p\u00fablico o en el inter\u00e9s leg\u00edtimo del responsable. La base de legitimaci\u00f3n aplicable a cada supuesto concreto ser\u00e1 especificada debidamente en la cl\u00e1usula informativa anexa al formulario de recogida de datos correspondiente. Los datos personales solicitados son de car\u00e1cter obligatorio, por lo que su no cumplimentaci\u00f3n supone la imposibilidad de su inclusi\u00f3n en los tratamientos anteriormente descritos y el cumplimiento de las finalidades definidas en el p\u00e1rrafo anterior.<\/p>\n<p><strong>Conservaci\u00f3n<\/strong><\/p>\n<p>Los datos personales proporcionados se conservar\u00e1n durante el tiempo necesario para cumplir con la finalidad para la que se recabaron, mientras dure la relaci\u00f3n comercial o mientras no se solicite su supresi\u00f3n por el interesado y, en este \u00faltimo caso, siempre y cuando no lo proh\u00edba expresamente la normativa vigente en materia de protecci\u00f3n de datos, con el fin de determinar las posibles responsabilidades que se pudieran derivar de dicha finalidad y del tratamiento de los datos.<\/p>\n<p><strong>Destinatarios<\/strong><\/p>\n<p>El destinatario de sus datos personales recogidos mediante la presente p\u00e1gina web es la C.P. CENTRO COMERCIAL URBIL. No se prev\u00e9n cesiones a terceros, salvo obligaci\u00f3n legal. No se prev\u00e9n transferencias internacionales de datos.<\/p>\n<p><strong>Derechos<\/strong><\/p>\n<p>Cualquier persona tiene derecho a obtener confirmaci\u00f3n sobre si\u00a0en la C.P. CENTRO COMERCIAL URBIL estamos tratando datos personales que les conciernan o no.<\/p>\n<p>Las personas interesadas tienen derecho a acceder a sus datos personales, as\u00ed como a solicitar la rectificaci\u00f3n de los datos inexactos o, en su caso, solicitar su supresi\u00f3n cuando, entre otros motivos, los datos ya no sean necesarios para el cumplimiento de los fines para los que fueron recogidos y en cumplimiento de la legislaci\u00f3n vigente.<\/p>\n<p>En determinadas circunstancias, los interesados podr\u00e1n solicitar la limitaci\u00f3n del tratamiento de sus datos, en cuyo caso, \u00fanicamente, se conservar\u00e1n para el ejercicio de los derechos previstos anteriormente.<\/p>\n<p>En determinadas circunstancias y por motivos relacionados con su situaci\u00f3n particular, los interesados podr\u00e1n oponerse al tratamiento de sus datos.<\/p>\n<p>La C.P.\u00a0CENTRO COMERCIAL URBIL dejar\u00e1 de tratar los datos, salvo por motivos leg\u00edtimos imperiosos o en el ejercicio de los derechos anteriormente previstos.<\/p>\n<p>Asimismo, el interesado tiene derecho a recibir los datos personales que ha facilitado a la C.P. CENTRO COMERCIAL URBIL en un formato estructurado, de uso com\u00fan y legible por m\u00e1quina. Este \u00faltimo derecho quedar\u00e1 limitado por las siguientes excepciones: que los datos sobre los que recae este derecho, hayan sido facilitados por la persona interesada; que sus datos sean tratados por la C.P. CENTRO\u00a0COMERCIAL URBIL de manera automatizada (medios inform\u00e1ticos).<\/p>\n<p>Asimismo, el interesado tendr\u00e1 derecho a interponer una reclamaci\u00f3n a la autoridad de control.<\/p>\n<p><strong>Uso de cookies<\/strong><\/p>\n<p>Este sitio web utiliza cookies de navegaci\u00f3n en los t\u00e9rminos descritos en nuestra\u00a0<a href=\"https:\/\/www.urbil.es\/es\/politica-de-cookies\" target=\"_blank\" rel=\"noopener\"><strong><u>Pol\u00edtica de cookies<\/u><\/strong><\/a>.<\/p>\n","protected":false},"excerpt":{"rendered":"<p>AVISO LEGAL En virtud de la legislaci\u00f3n vigente en Espa\u00f1a,<\/p>\n","protected":false},"author":1,"featured_media":0,"parent":0,"menu_order":0,"comment_status":"closed","ping_status":"closed","template":"","meta":{"_acf_changed":false,"footnotes":""},"class_list":["post-388","page","type-page","status-publish","hentry"],"acf":[],"yoast_head":"<!-- This site is optimized with the Yoast SEO plugin v27.5 - https:\/\/yoast.com\/product\/yoast-seo-wordpress\/ -->\n<title>Aviso Legal y Privacidad - Centro Comercial en Donostia San Sebasti\u00e1n | Urbil<\/title>\n<meta name=\"description\" content=\"En virtud de la legislaci\u00f3n vigente en Espa\u00f1a, le informamos de nuestros datos mercantiles y fiscales: COMUNIDAD DE PROPIETARIOS DEL CENTRO COMERCIAL URBIL con domicilio en POL\u00cdGONO ASTEASUAIN, 7, 20170, USURBIL, GIPUZKOA, y\u00a0con C.I.F.: H-20707238, inscrita en el Registro Mercantil de Gipuzkoa.\" \/>\n<meta name=\"robots\" content=\"noindex, follow, max-snippet:-1, max-image-preview:large, max-video-preview:-1\" \/>\n<meta property=\"og:locale\" content=\"es_ES\" \/>\n<meta property=\"og:type\" content=\"article\" \/>\n<meta property=\"og:title\" content=\"Aviso Legal y Privacidad - Centro Comercial en Donostia San Sebasti\u00e1n | Urbil\" \/>\n<meta property=\"og:description\" content=\"En virtud de la legislaci\u00f3n vigente en Espa\u00f1a, le informamos de nuestros datos mercantiles y fiscales: COMUNIDAD DE PROPIETARIOS DEL CENTRO COMERCIAL URBIL con domicilio en POL\u00cdGONO ASTEASUAIN, 7, 20170, USURBIL, GIPUZKOA, y\u00a0con C.I.F.: H-20707238, inscrita en el Registro Mercantil de Gipuzkoa.\" \/>\n<meta property=\"og:url\" content=\"https:\/\/dev.urbil.es\/es\/aviso-legal-y-privacidad\" \/>\n<meta property=\"og:site_name\" content=\"Centro Comercial en Donostia San Sebasti\u00e1n | Urbil\" \/>\n<meta property=\"article:modified_time\" content=\"2026-01-28T10:55:41+00:00\" \/>\n<meta name=\"twitter:card\" content=\"summary_large_image\" \/>\n<meta name=\"twitter:label1\" content=\"Tiempo de lectura\" \/>\n\t<meta name=\"twitter:data1\" content=\"8 minutos\" \/>\n<script type=\"application\/ld+json\" class=\"yoast-schema-graph\">{\"@context\":\"https:\\\/\\\/schema.org\",\"@graph\":[{\"@type\":\"WebPage\",\"@id\":\"https:\\\/\\\/dev.urbil.es\\\/es\\\/aviso-legal-y-privacidad\",\"url\":\"https:\\\/\\\/dev.urbil.es\\\/es\\\/aviso-legal-y-privacidad\",\"name\":\"Aviso Legal y Privacidad - Centro Comercial en Donostia San Sebasti\u00e1n | Urbil\",\"isPartOf\":{\"@id\":\"https:\\\/\\\/dev.urbil.es\\\/es\\\/#website\"},\"datePublished\":\"2020-03-20T11:29:44+00:00\",\"dateModified\":\"2026-01-28T10:55:41+00:00\",\"description\":\"En virtud de la legislaci\u00f3n vigente en Espa\u00f1a, le informamos de nuestros datos mercantiles y fiscales: COMUNIDAD DE PROPIETARIOS DEL CENTRO COMERCIAL URBIL con domicilio en POL\u00cdGONO ASTEASUAIN, 7, 20170, USURBIL, GIPUZKOA, y\u00a0con C.I.F.: H-20707238, inscrita en el Registro Mercantil de Gipuzkoa.\",\"breadcrumb\":{\"@id\":\"https:\\\/\\\/dev.urbil.es\\\/es\\\/aviso-legal-y-privacidad#breadcrumb\"},\"inLanguage\":\"es\",\"potentialAction\":[{\"@type\":\"ReadAction\",\"target\":[\"https:\\\/\\\/dev.urbil.es\\\/es\\\/aviso-legal-y-privacidad\"]}]},{\"@type\":\"BreadcrumbList\",\"@id\":\"https:\\\/\\\/dev.urbil.es\\\/es\\\/aviso-legal-y-privacidad#breadcrumb\",\"itemListElement\":[{\"@type\":\"ListItem\",\"position\":1,\"name\":\"Portada\",\"item\":\"https:\\\/\\\/dev.urbil.es\\\/es\"},{\"@type\":\"ListItem\",\"position\":2,\"name\":\"Aviso Legal y Privacidad\"}]},{\"@type\":\"WebSite\",\"@id\":\"https:\\\/\\\/dev.urbil.es\\\/es\\\/#website\",\"url\":\"https:\\\/\\\/dev.urbil.es\\\/es\\\/\",\"name\":\"Centro Comercial en Donostia San Sebasti\u00e1n | Urbil\",\"description\":\"M\u00e1s de 35.000m2 de superficie con una completa oferta comercial en San Sebasti\u00e1n: Hipemercado, Cines, Restaurantes, Ocio, Moda, Belleza, Servicios y Complementos.\",\"publisher\":{\"@id\":\"https:\\\/\\\/dev.urbil.es\\\/es\\\/#organization\"},\"potentialAction\":[{\"@type\":\"SearchAction\",\"target\":{\"@type\":\"EntryPoint\",\"urlTemplate\":\"https:\\\/\\\/dev.urbil.es\\\/es\\\/?s={search_term_string}\"},\"query-input\":{\"@type\":\"PropertyValueSpecification\",\"valueRequired\":true,\"valueName\":\"search_term_string\"}}],\"inLanguage\":\"es\"},{\"@type\":\"Organization\",\"@id\":\"https:\\\/\\\/dev.urbil.es\\\/es\\\/#organization\",\"name\":\"Centro Comercial en Donostia San Sebasti\u00e1n | Urbil\",\"url\":\"https:\\\/\\\/dev.urbil.es\\\/es\\\/\",\"logo\":{\"@type\":\"ImageObject\",\"inLanguage\":\"es\",\"@id\":\"https:\\\/\\\/dev.urbil.es\\\/es\\\/#\\\/schema\\\/logo\\\/image\\\/\",\"url\":\"https:\\\/\\\/dev.urbil.es\\\/wp-content\\\/uploads\\\/2023\\\/05\\\/logo_urb.png\",\"contentUrl\":\"https:\\\/\\\/dev.urbil.es\\\/wp-content\\\/uploads\\\/2023\\\/05\\\/logo_urb.png\",\"width\":842,\"height\":596,\"caption\":\"Centro Comercial en Donostia San Sebasti\u00e1n | Urbil\"},\"image\":{\"@id\":\"https:\\\/\\\/dev.urbil.es\\\/es\\\/#\\\/schema\\\/logo\\\/image\\\/\"}}]}<\/script>\n<!-- \/ Yoast SEO plugin. -->","yoast_head_json":{"title":"Aviso Legal y Privacidad - Centro Comercial en Donostia San Sebasti\u00e1n | Urbil","description":"En virtud de la legislaci\u00f3n vigente en Espa\u00f1a, le informamos de nuestros datos mercantiles y fiscales: COMUNIDAD DE PROPIETARIOS DEL CENTRO COMERCIAL URBIL con domicilio en POL\u00cdGONO ASTEASUAIN, 7, 20170, USURBIL, GIPUZKOA, y\u00a0con C.I.F.: H-20707238, inscrita en el Registro Mercantil de Gipuzkoa.","robots":{"index":"noindex","follow":"follow","max-snippet":"max-snippet:-1","max-image-preview":"max-image-preview:large","max-video-preview":"max-video-preview:-1"},"og_locale":"es_ES","og_type":"article","og_title":"Aviso Legal y Privacidad - Centro Comercial en Donostia San Sebasti\u00e1n | Urbil","og_description":"En virtud de la legislaci\u00f3n vigente en Espa\u00f1a, le informamos de nuestros datos mercantiles y fiscales: COMUNIDAD DE PROPIETARIOS DEL CENTRO COMERCIAL URBIL con domicilio en POL\u00cdGONO ASTEASUAIN, 7, 20170, USURBIL, GIPUZKOA, y\u00a0con C.I.F.: H-20707238, inscrita en el Registro Mercantil de Gipuzkoa.","og_url":"https:\/\/dev.urbil.es\/es\/aviso-legal-y-privacidad","og_site_name":"Centro Comercial en Donostia San Sebasti\u00e1n | Urbil","article_modified_time":"2026-01-28T10:55:41+00:00","twitter_card":"summary_large_image","twitter_misc":{"Tiempo de lectura":"8 minutos"},"schema":{"@context":"https:\/\/schema.org","@graph":[{"@type":"WebPage","@id":"https:\/\/dev.urbil.es\/es\/aviso-legal-y-privacidad","url":"https:\/\/dev.urbil.es\/es\/aviso-legal-y-privacidad","name":"Aviso Legal y Privacidad - Centro Comercial en Donostia San Sebasti\u00e1n | Urbil","isPartOf":{"@id":"https:\/\/dev.urbil.es\/es\/#website"},"datePublished":"2020-03-20T11:29:44+00:00","dateModified":"2026-01-28T10:55:41+00:00","description":"En virtud de la legislaci\u00f3n vigente en Espa\u00f1a, le informamos de nuestros datos mercantiles y fiscales: COMUNIDAD DE PROPIETARIOS DEL CENTRO COMERCIAL URBIL con domicilio en POL\u00cdGONO ASTEASUAIN, 7, 20170, USURBIL, GIPUZKOA, y\u00a0con C.I.F.: H-20707238, inscrita en el Registro Mercantil de Gipuzkoa.","breadcrumb":{"@id":"https:\/\/dev.urbil.es\/es\/aviso-legal-y-privacidad#breadcrumb"},"inLanguage":"es","potentialAction":[{"@type":"ReadAction","target":["https:\/\/dev.urbil.es\/es\/aviso-legal-y-privacidad"]}]},{"@type":"BreadcrumbList","@id":"https:\/\/dev.urbil.es\/es\/aviso-legal-y-privacidad#breadcrumb","itemListElement":[{"@type":"ListItem","position":1,"name":"Portada","item":"https:\/\/dev.urbil.es\/es"},{"@type":"ListItem","position":2,"name":"Aviso Legal y Privacidad"}]},{"@type":"WebSite","@id":"https:\/\/dev.urbil.es\/es\/#website","url":"https:\/\/dev.urbil.es\/es\/","name":"Centro Comercial en Donostia San Sebasti\u00e1n | Urbil","description":"M\u00e1s de 35.000m2 de superficie con una completa oferta comercial en San Sebasti\u00e1n: Hipemercado, Cines, Restaurantes, Ocio, Moda, Belleza, Servicios y Complementos.","publisher":{"@id":"https:\/\/dev.urbil.es\/es\/#organization"},"potentialAction":[{"@type":"SearchAction","target":{"@type":"EntryPoint","urlTemplate":"https:\/\/dev.urbil.es\/es\/?s={search_term_string}"},"query-input":{"@type":"PropertyValueSpecification","valueRequired":true,"valueName":"search_term_string"}}],"inLanguage":"es"},{"@type":"Organization","@id":"https:\/\/dev.urbil.es\/es\/#organization","name":"Centro Comercial en Donostia San Sebasti\u00e1n | Urbil","url":"https:\/\/dev.urbil.es\/es\/","logo":{"@type":"ImageObject","inLanguage":"es","@id":"https:\/\/dev.urbil.es\/es\/#\/schema\/logo\/image\/","url":"https:\/\/dev.urbil.es\/wp-content\/uploads\/2023\/05\/logo_urb.png","contentUrl":"https:\/\/dev.urbil.es\/wp-content\/uploads\/2023\/05\/logo_urb.png","width":842,"height":596,"caption":"Centro Comercial en Donostia San Sebasti\u00e1n | Urbil"},"image":{"@id":"https:\/\/dev.urbil.es\/es\/#\/schema\/logo\/image\/"}}]}},"_links":{"self":[{"href":"https:\/\/dev.urbil.es\/es\/wp-json\/wp\/v2\/pages\/388","targetHints":{"allow":["GET"]}}],"collection":[{"href":"https:\/\/dev.urbil.es\/es\/wp-json\/wp\/v2\/pages"}],"about":[{"href":"https:\/\/dev.urbil.es\/es\/wp-json\/wp\/v2\/types\/page"}],"author":[{"embeddable":true,"href":"https:\/\/dev.urbil.es\/es\/wp-json\/wp\/v2\/users\/1"}],"replies":[{"embeddable":true,"href":"https:\/\/dev.urbil.es\/es\/wp-json\/wp\/v2\/comments?post=388"}],"version-history":[{"count":2,"href":"https:\/\/dev.urbil.es\/es\/wp-json\/wp\/v2\/pages\/388\/revisions"}],"predecessor-version":[{"id":15784,"href":"https:\/\/dev.urbil.es\/es\/wp-json\/wp\/v2\/pages\/388\/revisions\/15784"}],"wp:attachment":[{"href":"https:\/\/dev.urbil.es\/es\/wp-json\/wp\/v2\/media?parent=388"}],"curies":[{"name":"wp","href":"https:\/\/api.w.org\/{rel}","templated":true}]}}