{"id":372,"date":"2020-03-06T10:24:03","date_gmt":"2020-03-06T10:24:03","guid":{"rendered":"https:\/\/dev.urbil.es\/horarios-y-festivos-centro-comercial-urbil-2\/"},"modified":"2026-01-09T11:14:18","modified_gmt":"2026-01-09T11:14:18","slug":"horarios-y-festivos-centro-comercial-urbil","status":"publish","type":"page","link":"https:\/\/dev.urbil.es\/es\/horarios-y-festivos-centro-comercial-urbil","title":{"rendered":"Horarios y Festivos Centro Comercial Urbil"},"content":{"rendered":"\t\t<div data-elementor-type=\"wp-page\" data-elementor-id=\"372\" class=\"elementor elementor-372\">\n\t\t\t\t\t\t<section class=\"elementor-section elementor-top-section elementor-element elementor-element-26d32a2d elementor-section-boxed elementor-section-height-default elementor-section-height-default wpr-particle-no wpr-jarallax-no wpr-parallax-no wpr-sticky-section-no wpr-equal-height-no\" data-id=\"26d32a2d\" data-element_type=\"section\" data-e-type=\"section\">\n\t\t\t\t\t\t<div class=\"elementor-container elementor-column-gap-default\">\n\t\t\t\t\t<div class=\"elementor-column elementor-col-100 elementor-top-column elementor-element elementor-element-5385928d\" data-id=\"5385928d\" data-element_type=\"column\" data-e-type=\"column\">\n\t\t\t<div class=\"elementor-widget-wrap elementor-element-populated\">\n\t\t\t\t\t\t<div class=\"elementor-element elementor-element-8566d9a hfe-nav-menu__breakpoint-none hfe-nav-menu__align-left hfe-submenu-icon-arrow hfe-submenu-animation-none hfe-link-redirect-child elementor-widget elementor-widget-navigation-menu\" data-id=\"8566d9a\" data-element_type=\"widget\" data-e-type=\"widget\" data-settings=\"{&quot;padding_horizontal_menu_item&quot;:{&quot;unit&quot;:&quot;px&quot;,&quot;size&quot;:15,&quot;sizes&quot;:[]},&quot;padding_horizontal_menu_item_tablet&quot;:{&quot;unit&quot;:&quot;px&quot;,&quot;size&quot;:&quot;&quot;,&quot;sizes&quot;:[]},&quot;padding_horizontal_menu_item_mobile&quot;:{&quot;unit&quot;:&quot;px&quot;,&quot;size&quot;:&quot;&quot;,&quot;sizes&quot;:[]},&quot;padding_vertical_menu_item&quot;:{&quot;unit&quot;:&quot;px&quot;,&quot;size&quot;:15,&quot;sizes&quot;:[]},&quot;padding_vertical_menu_item_tablet&quot;:{&quot;unit&quot;:&quot;px&quot;,&quot;size&quot;:&quot;&quot;,&quot;sizes&quot;:[]},&quot;padding_vertical_menu_item_mobile&quot;:{&quot;unit&quot;:&quot;px&quot;,&quot;size&quot;:&quot;&quot;,&quot;sizes&quot;:[]},&quot;menu_space_between&quot;:{&quot;unit&quot;:&quot;px&quot;,&quot;size&quot;:&quot;&quot;,&quot;sizes&quot;:[]},&quot;menu_space_between_tablet&quot;:{&quot;unit&quot;:&quot;px&quot;,&quot;size&quot;:&quot;&quot;,&quot;sizes&quot;:[]},&quot;menu_space_between_mobile&quot;:{&quot;unit&quot;:&quot;px&quot;,&quot;size&quot;:&quot;&quot;,&quot;sizes&quot;:[]},&quot;menu_row_space&quot;:{&quot;unit&quot;:&quot;px&quot;,&quot;size&quot;:&quot;&quot;,&quot;sizes&quot;:[]},&quot;menu_row_space_tablet&quot;:{&quot;unit&quot;:&quot;px&quot;,&quot;size&quot;:&quot;&quot;,&quot;sizes&quot;:[]},&quot;menu_row_space_mobile&quot;:{&quot;unit&quot;:&quot;px&quot;,&quot;size&quot;:&quot;&quot;,&quot;sizes&quot;:[]},&quot;dropdown_border_radius&quot;:{&quot;unit&quot;:&quot;px&quot;,&quot;top&quot;:&quot;&quot;,&quot;right&quot;:&quot;&quot;,&quot;bottom&quot;:&quot;&quot;,&quot;left&quot;:&quot;&quot;,&quot;isLinked&quot;:true},&quot;dropdown_border_radius_tablet&quot;:{&quot;unit&quot;:&quot;px&quot;,&quot;top&quot;:&quot;&quot;,&quot;right&quot;:&quot;&quot;,&quot;bottom&quot;:&quot;&quot;,&quot;left&quot;:&quot;&quot;,&quot;isLinked&quot;:true},&quot;dropdown_border_radius_mobile&quot;:{&quot;unit&quot;:&quot;px&quot;,&quot;top&quot;:&quot;&quot;,&quot;right&quot;:&quot;&quot;,&quot;bottom&quot;:&quot;&quot;,&quot;left&quot;:&quot;&quot;,&quot;isLinked&quot;:true},&quot;width_dropdown_item&quot;:{&quot;unit&quot;:&quot;px&quot;,&quot;size&quot;:&quot;220&quot;,&quot;sizes&quot;:[]},&quot;width_dropdown_item_tablet&quot;:{&quot;unit&quot;:&quot;px&quot;,&quot;size&quot;:&quot;&quot;,&quot;sizes&quot;:[]},&quot;width_dropdown_item_mobile&quot;:{&quot;unit&quot;:&quot;px&quot;,&quot;size&quot;:&quot;&quot;,&quot;sizes&quot;:[]},&quot;padding_horizontal_dropdown_item&quot;:{&quot;unit&quot;:&quot;px&quot;,&quot;size&quot;:&quot;&quot;,&quot;sizes&quot;:[]},&quot;padding_horizontal_dropdown_item_tablet&quot;:{&quot;unit&quot;:&quot;px&quot;,&quot;size&quot;:&quot;&quot;,&quot;sizes&quot;:[]},&quot;padding_horizontal_dropdown_item_mobile&quot;:{&quot;unit&quot;:&quot;px&quot;,&quot;size&quot;:&quot;&quot;,&quot;sizes&quot;:[]},&quot;padding_vertical_dropdown_item&quot;:{&quot;unit&quot;:&quot;px&quot;,&quot;size&quot;:15,&quot;sizes&quot;:[]},&quot;padding_vertical_dropdown_item_tablet&quot;:{&quot;unit&quot;:&quot;px&quot;,&quot;size&quot;:&quot;&quot;,&quot;sizes&quot;:[]},&quot;padding_vertical_dropdown_item_mobile&quot;:{&quot;unit&quot;:&quot;px&quot;,&quot;size&quot;:&quot;&quot;,&quot;sizes&quot;:[]},&quot;distance_from_menu&quot;:{&quot;unit&quot;:&quot;px&quot;,&quot;size&quot;:&quot;&quot;,&quot;sizes&quot;:[]},&quot;distance_from_menu_tablet&quot;:{&quot;unit&quot;:&quot;px&quot;,&quot;size&quot;:&quot;&quot;,&quot;sizes&quot;:[]},&quot;distance_from_menu_mobile&quot;:{&quot;unit&quot;:&quot;px&quot;,&quot;size&quot;:&quot;&quot;,&quot;sizes&quot;:[]},&quot;toggle_size&quot;:{&quot;unit&quot;:&quot;px&quot;,&quot;size&quot;:&quot;&quot;,&quot;sizes&quot;:[]},&quot;toggle_size_tablet&quot;:{&quot;unit&quot;:&quot;px&quot;,&quot;size&quot;:&quot;&quot;,&quot;sizes&quot;:[]},&quot;toggle_size_mobile&quot;:{&quot;unit&quot;:&quot;px&quot;,&quot;size&quot;:&quot;&quot;,&quot;sizes&quot;:[]},&quot;toggle_border_width&quot;:{&quot;unit&quot;:&quot;px&quot;,&quot;size&quot;:&quot;&quot;,&quot;sizes&quot;:[]},&quot;toggle_border_width_tablet&quot;:{&quot;unit&quot;:&quot;px&quot;,&quot;size&quot;:&quot;&quot;,&quot;sizes&quot;:[]},&quot;toggle_border_width_mobile&quot;:{&quot;unit&quot;:&quot;px&quot;,&quot;size&quot;:&quot;&quot;,&quot;sizes&quot;:[]},&quot;toggle_border_radius&quot;:{&quot;unit&quot;:&quot;px&quot;,&quot;size&quot;:&quot;&quot;,&quot;sizes&quot;:[]},&quot;toggle_border_radius_tablet&quot;:{&quot;unit&quot;:&quot;px&quot;,&quot;size&quot;:&quot;&quot;,&quot;sizes&quot;:[]},&quot;toggle_border_radius_mobile&quot;:{&quot;unit&quot;:&quot;px&quot;,&quot;size&quot;:&quot;&quot;,&quot;sizes&quot;:[]}}\" data-widget_type=\"navigation-menu.default\">\n\t\t\t\t<div class=\"elementor-widget-container\">\n\t\t\t\t\t\t\t\t<div class=\"hfe-nav-menu hfe-layout-horizontal hfe-nav-menu-layout horizontal hfe-pointer__none\" data-layout=\"horizontal\">\n\t\t\t\t<div role=\"button\" class=\"hfe-nav-menu__toggle elementor-clickable\" tabindex=\"0\" aria-label=\"Alternar men\u00fa\">\n\t\t\t\t\t<span class=\"screen-reader-text\">Men\u00fa<\/span>\n\t\t\t\t\t<div class=\"hfe-nav-menu-icon\">\n\t\t\t\t\t\t\t\t\t\t\t<\/div>\n\t\t\t\t<\/div>\n\t\t\t\t<nav class=\"hfe-nav-menu__layout-horizontal hfe-nav-menu__submenu-arrow\" data-toggle-icon=\"\" data-close-icon=\"\" data-full-width=\"\">\n\t\t\t\t\t<ul id=\"menu-1-8566d9a\" class=\"hfe-nav-menu\"><li id=\"menu-item-8615\" class=\"menu-item menu-item-type-post_type menu-item-object-page parent hfe-creative-menu\"><a href=\"https:\/\/dev.urbil.es\/es\/nosotros\" class = \"hfe-menu-item\">Nosotros<\/a><\/li>\n<li id=\"menu-item-8617\" class=\"menu-item menu-item-type-post_type menu-item-object-page parent hfe-creative-menu\"><a href=\"https:\/\/dev.urbil.es\/es\/como-llegar-centro-comercial-urbil\" class = \"hfe-menu-item\">C\u00f3mo llegar<\/a><\/li>\n<li id=\"menu-item-8616\" class=\"menu-item menu-item-type-post_type menu-item-object-page parent hfe-creative-menu\"><a href=\"https:\/\/dev.urbil.es\/es\/rutas-desde-urbil\" class = \"hfe-menu-item\">Rutas<\/a><\/li>\n<li id=\"menu-item-8618\" class=\"menu-item menu-item-type-post_type menu-item-object-page parent hfe-creative-menu\"><a href=\"https:\/\/dev.urbil.es\/es\/horarios-y-festivos-centro-comercial-urbil\" class = \"hfe-menu-item\">Horarios<\/a><\/li>\n<li id=\"menu-item-8619\" class=\"menu-item menu-item-type-post_type menu-item-object-page parent hfe-creative-menu\"><a href=\"https:\/\/dev.urbil.es\/es\/tu-negocio-en-urbil\" class = \"hfe-menu-item\">Tu negocio en Urbil<\/a><\/li>\n<\/ul> \n\t\t\t\t<\/nav>\n\t\t\t<\/div>\n\t\t\t\t\t\t\t<\/div>\n\t\t\t\t<\/div>\n\t\t\t\t<div class=\"elementor-element elementor-element-b9e0420 elementor-widget elementor-widget-heading\" data-id=\"b9e0420\" data-element_type=\"widget\" data-e-type=\"widget\" data-widget_type=\"heading.default\">\n\t\t\t\t<div class=\"elementor-widget-container\">\n\t\t\t\t\t<h1 class=\"elementor-heading-title elementor-size-default\">Horarios y Festivos Centro Comercial Urbil<\/h1>\t\t\t\t<\/div>\n\t\t\t\t<\/div>\n\t\t\t\t<div class=\"elementor-element elementor-element-2abc1052 elementor-widget elementor-widget-text-editor\" data-id=\"2abc1052\" data-element_type=\"widget\" data-e-type=\"widget\" data-widget_type=\"text-editor.default\">\n\t\t\t\t<div class=\"elementor-widget-container\">\n\t\t\t\t\t\t\t\t\t<h2><span style=\"font-weight: bolder; font-family: Brown; font-size: 1.7rem;\">Horarios<\/span><\/h2><p style=\"color: rgb(33, 37, 41); font-family: Brown;\"><span style=\"font-weight: bolder;\"><u>Locales comerciales<\/u>:&nbsp;<\/span>de lunes a s\u00e1bado de 10:00h&nbsp;a 22:00h&nbsp;(excepto festivos).<\/p><p style=\"color: rgb(33, 37, 41); font-family: Brown;\"><span style=\"font-weight: bolder;\"><u>Hipermercado Eroski<\/u>:&nbsp;<\/span>de lunes a s\u00e1bado de 09:30h&nbsp;a 22:00h&nbsp;(excepto festivos).<\/p><p style=\"color: rgb(33, 37, 41); font-family: Brown;\"><span style=\"font-weight: bolder;\"><u>Restauraci\u00f3n<\/u>:&nbsp;<\/span><\/p><ul style=\"color: rgb(33, 37, 41); font-family: Brown; font-size: 14px; background-color: rgb(255, 255, 255);\"><li>De lunes a jueves de 10:00h a 24:00h.<\/li><li>Viernes, s\u00e1bado y v\u00edsperas de festivos de 10:00h a 01:00h.<\/li><li>Domingo y festivos de 12:00h a 24:00h.<\/li><\/ul><p style=\"color: rgb(33, 37, 41); font-family: Brown;\">Estos horarios son orientativos dependiendo del restaurante.<\/p><p style=\"color: rgb(33, 37, 41); font-family: Brown;\">Abierto 365 d\u00edas al a\u00f1o (incluso festivos), el 25 de diciembre, y el 1 y 6 de enero.<\/p><p style=\"color: rgb(33, 37, 41); font-family: Brown;\"><u><span style=\"font-weight: bolder;\">* Horario especial del centro en fechas se\u00f1aladas de Navidad:<\/span><\/u><\/p><p style=\"color: rgb(33, 37, 41); font-family: Brown;\">El horario del centro el 24 y 31 de diciembre ser\u00e1 de 09:30h a 20:00h.&nbsp;De todas maneras, al tratarse de fechas especiales, el horario de cierre de cada local est\u00e1 sujeto a su pol\u00edtica de empresa,&nbsp;siendo entre las 18h y las 20h (consultar antes).<\/p><p style=\"color: rgb(33, 37, 41); font-family: Brown;\"><span style=\"font-weight: bolder;\">Horario especial de restauraci\u00f3n en Navidad:<\/span><\/p><ul style=\"color: rgb(33, 37, 41); font-family: Brown; font-size: 14px; background-color: rgb(255, 255, 255);\"><li>24 y 31 de diciembre de 12:00h a 18:00h-20:00h.<\/li><li>25 de diciembre y 1 de enero de 2026 apertura a las 16:00h.<\/li><li>6 de enero de 2026 de 12:00h a 01:30h.<\/li><\/ul><p style=\"color: rgb(33, 37, 41); font-family: Brown;\"><span style=\"font-weight: bolder;\">Horario especial de locales comerciales en Navidad:<\/span><\/p><ul style=\"color: rgb(33, 37, 41); font-family: Brown; font-size: 14px; background-color: rgb(255, 255, 255);\"><li>24 y 31 de diciembre de 10:00h a 18:00-20:00h. El hipermercado Eroski cerrar\u00e1 a las 18.00h.<\/li><li>25 de diciembre, y 1 y 6 de enero de 2026 cerrados.<\/li><li>El resto de los d\u00edas, horario habitual.<\/li><\/ul><p style=\"color: rgb(33, 37, 41); font-family: Brown;\"><span style=\"font-weight: bolder;\">Los horarios pueden sufrir modificaciones seg\u00fan los locales.<\/span><\/p><p style=\"color: rgb(33, 37, 41); font-family: Brown;\">&nbsp;<\/p><h2 style=\"font-size: 1.7rem; font-family: Brown;\"><span style=\"font-weight: bolder;\">Festivos<\/span><\/h2><p style=\"color: rgb(33, 37, 41); font-family: Brown;\"><span style=\"font-weight: bolder;\">1 de enero<\/span>, A\u00f1o Nuevo.&nbsp;<span style=\"font-weight: bolder;\">6 de enero<\/span>, Epifan\u00eda del Se\u00f1or, d\u00eda de Reyes.<span style=\"font-weight: bolder;\">&nbsp;19 de marzo,&nbsp;<\/span>San Jos\u00e9.&nbsp;<span style=\"font-weight: bolder;\">2&nbsp;de abril<\/span>, Jueves Santo.<span style=\"font-weight: bolder;\">&nbsp;3&nbsp;de abril<\/span>, Viernes Santo.&nbsp;<span style=\"font-weight: bolder;\">6&nbsp;de abril<\/span>, Lunes de Pascua de Resurrecci\u00f3n.&nbsp;<span style=\"font-weight: bolder;\">1 de mayo,&nbsp;<\/span>Fiesta del Trabajo.<span style=\"font-weight: bolder;\">&nbsp;2 de julio<\/span>, Santa Isabel,&nbsp;patrona de Usurbil.&nbsp;<span style=\"font-weight: bolder;\">25&nbsp;de julio<\/span>, Santiago Ap\u00f3stol.&nbsp;<span style=\"font-weight: bolder;\">31 de julio,&nbsp;<\/span>San Ignacio de Loyola.<span style=\"font-weight: bolder;\">&nbsp;<\/span><span style=\"font-weight: bolder;\">15 de agosto,&nbsp;<\/span>Asunci\u00f3n de la Virgen.&nbsp;<span style=\"font-weight: bolder;\">12 de octubre,&nbsp;<\/span>Fiesta Nacional.&nbsp;<span style=\"font-weight: bolder;\">8 de diciembre,<\/span>&nbsp;Inmaculada Concepci\u00f3n.&nbsp;<span style=\"font-weight: bolder;\">25 de diciembre,&nbsp;<\/span>Natividad del Se\u00f1or.<\/p>\t\t\t\t\t\t\t\t<\/div>\n\t\t\t\t<\/div>\n\t\t\t\t\t<\/div>\n\t\t<\/div>\n\t\t\t\t\t<\/div>\n\t\t<\/section>\n\t\t\t\t<\/div>\n\t\t","protected":false},"excerpt":{"rendered":"<p>Men\u00fa Nosotros C\u00f3mo llegar Rutas Horarios Tu negocio en Urbil<\/p>\n","protected":false},"author":1,"featured_media":0,"parent":0,"menu_order":0,"comment_status":"closed","ping_status":"closed","template":"","meta":{"_acf_changed":false,"footnotes":""},"class_list":["post-372","page","type-page","status-publish","hentry"],"acf":[],"yoast_head":"<!-- This site is optimized with the Yoast SEO plugin v27.5 - https:\/\/yoast.com\/product\/yoast-seo-wordpress\/ -->\n<title>Horarios y Festivos Centro Comercial Urbil - Centro Comercial en Donostia San Sebasti\u00e1n | Urbil<\/title>\n<meta name=\"description\" content=\"Inf\u00f3rmate del Horario y Festivos de apertura en el Centro Comercial Urbil en Donostia San Sebasti\u00e1n. Descubre el horario de las tiendas, restaurantes y zonas de ocio.\" \/>\n<meta name=\"robots\" content=\"noindex, follow, max-snippet:-1, max-image-preview:large, max-video-preview:-1\" \/>\n<meta property=\"og:locale\" content=\"es_ES\" \/>\n<meta property=\"og:type\" content=\"article\" \/>\n<meta property=\"og:title\" content=\"Horarios y Festivos Centro Comercial Urbil - Centro Comercial en Donostia San Sebasti\u00e1n | Urbil\" \/>\n<meta property=\"og:description\" content=\"Inf\u00f3rmate del Horario y Festivos de apertura en el Centro Comercial Urbil en Donostia San Sebasti\u00e1n. Descubre el horario de las tiendas, restaurantes y zonas de ocio.\" \/>\n<meta property=\"og:url\" content=\"https:\/\/dev.urbil.es\/es\/horarios-y-festivos-centro-comercial-urbil\" \/>\n<meta property=\"og:site_name\" content=\"Centro Comercial en Donostia San Sebasti\u00e1n | Urbil\" \/>\n<meta property=\"article:modified_time\" content=\"2026-01-09T11:14:18+00:00\" \/>\n<meta name=\"twitter:card\" content=\"summary_large_image\" \/>\n<meta name=\"twitter:label1\" content=\"Tiempo de lectura\" \/>\n\t<meta name=\"twitter:data1\" content=\"2 minutos\" \/>\n<script type=\"application\/ld+json\" class=\"yoast-schema-graph\">{\"@context\":\"https:\\\/\\\/schema.org\",\"@graph\":[{\"@type\":\"WebPage\",\"@id\":\"https:\\\/\\\/dev.urbil.es\\\/es\\\/horarios-y-festivos-centro-comercial-urbil\",\"url\":\"https:\\\/\\\/dev.urbil.es\\\/es\\\/horarios-y-festivos-centro-comercial-urbil\",\"name\":\"Horarios y Festivos Centro Comercial Urbil - Centro Comercial en Donostia San Sebasti\u00e1n | Urbil\",\"isPartOf\":{\"@id\":\"https:\\\/\\\/dev.urbil.es\\\/es\\\/#website\"},\"datePublished\":\"2020-03-06T10:24:03+00:00\",\"dateModified\":\"2026-01-09T11:14:18+00:00\",\"description\":\"Inf\u00f3rmate del Horario y Festivos de apertura en el Centro Comercial Urbil en Donostia San Sebasti\u00e1n. Descubre el horario de las tiendas, restaurantes y zonas de ocio.\",\"breadcrumb\":{\"@id\":\"https:\\\/\\\/dev.urbil.es\\\/es\\\/horarios-y-festivos-centro-comercial-urbil#breadcrumb\"},\"inLanguage\":\"es\",\"potentialAction\":[{\"@type\":\"ReadAction\",\"target\":[\"https:\\\/\\\/dev.urbil.es\\\/es\\\/horarios-y-festivos-centro-comercial-urbil\"]}]},{\"@type\":\"BreadcrumbList\",\"@id\":\"https:\\\/\\\/dev.urbil.es\\\/es\\\/horarios-y-festivos-centro-comercial-urbil#breadcrumb\",\"itemListElement\":[{\"@type\":\"ListItem\",\"position\":1,\"name\":\"Portada\",\"item\":\"https:\\\/\\\/dev.urbil.es\\\/es\"},{\"@type\":\"ListItem\",\"position\":2,\"name\":\"Horarios y Festivos Centro Comercial Urbil\"}]},{\"@type\":\"WebSite\",\"@id\":\"https:\\\/\\\/dev.urbil.es\\\/es\\\/#website\",\"url\":\"https:\\\/\\\/dev.urbil.es\\\/es\\\/\",\"name\":\"Centro Comercial en Donostia San Sebasti\u00e1n | Urbil\",\"description\":\"M\u00e1s de 35.000m2 de superficie con una completa oferta comercial en San Sebasti\u00e1n: Hipemercado, Cines, Restaurantes, Ocio, Moda, Belleza, Servicios y Complementos.\",\"publisher\":{\"@id\":\"https:\\\/\\\/dev.urbil.es\\\/es\\\/#organization\"},\"potentialAction\":[{\"@type\":\"SearchAction\",\"target\":{\"@type\":\"EntryPoint\",\"urlTemplate\":\"https:\\\/\\\/dev.urbil.es\\\/es\\\/?s={search_term_string}\"},\"query-input\":{\"@type\":\"PropertyValueSpecification\",\"valueRequired\":true,\"valueName\":\"search_term_string\"}}],\"inLanguage\":\"es\"},{\"@type\":\"Organization\",\"@id\":\"https:\\\/\\\/dev.urbil.es\\\/es\\\/#organization\",\"name\":\"Centro Comercial en Donostia San Sebasti\u00e1n | Urbil\",\"url\":\"https:\\\/\\\/dev.urbil.es\\\/es\\\/\",\"logo\":{\"@type\":\"ImageObject\",\"inLanguage\":\"es\",\"@id\":\"https:\\\/\\\/dev.urbil.es\\\/es\\\/#\\\/schema\\\/logo\\\/image\\\/\",\"url\":\"https:\\\/\\\/dev.urbil.es\\\/wp-content\\\/uploads\\\/2023\\\/05\\\/logo_urb.png\",\"contentUrl\":\"https:\\\/\\\/dev.urbil.es\\\/wp-content\\\/uploads\\\/2023\\\/05\\\/logo_urb.png\",\"width\":842,\"height\":596,\"caption\":\"Centro Comercial en Donostia San Sebasti\u00e1n | Urbil\"},\"image\":{\"@id\":\"https:\\\/\\\/dev.urbil.es\\\/es\\\/#\\\/schema\\\/logo\\\/image\\\/\"}}]}<\/script>\n<!-- \/ Yoast SEO plugin. -->","yoast_head_json":{"title":"Horarios y Festivos Centro Comercial Urbil - Centro Comercial en Donostia San Sebasti\u00e1n | Urbil","description":"Inf\u00f3rmate del Horario y Festivos de apertura en el Centro Comercial Urbil en Donostia San Sebasti\u00e1n. Descubre el horario de las tiendas, restaurantes y zonas de ocio.","robots":{"index":"noindex","follow":"follow","max-snippet":"max-snippet:-1","max-image-preview":"max-image-preview:large","max-video-preview":"max-video-preview:-1"},"og_locale":"es_ES","og_type":"article","og_title":"Horarios y Festivos Centro Comercial Urbil - Centro Comercial en Donostia San Sebasti\u00e1n | Urbil","og_description":"Inf\u00f3rmate del Horario y Festivos de apertura en el Centro Comercial Urbil en Donostia San Sebasti\u00e1n. Descubre el horario de las tiendas, restaurantes y zonas de ocio.","og_url":"https:\/\/dev.urbil.es\/es\/horarios-y-festivos-centro-comercial-urbil","og_site_name":"Centro Comercial en Donostia San Sebasti\u00e1n | Urbil","article_modified_time":"2026-01-09T11:14:18+00:00","twitter_card":"summary_large_image","twitter_misc":{"Tiempo de lectura":"2 minutos"},"schema":{"@context":"https:\/\/schema.org","@graph":[{"@type":"WebPage","@id":"https:\/\/dev.urbil.es\/es\/horarios-y-festivos-centro-comercial-urbil","url":"https:\/\/dev.urbil.es\/es\/horarios-y-festivos-centro-comercial-urbil","name":"Horarios y Festivos Centro Comercial Urbil - Centro Comercial en Donostia San Sebasti\u00e1n | Urbil","isPartOf":{"@id":"https:\/\/dev.urbil.es\/es\/#website"},"datePublished":"2020-03-06T10:24:03+00:00","dateModified":"2026-01-09T11:14:18+00:00","description":"Inf\u00f3rmate del Horario y Festivos de apertura en el Centro Comercial Urbil en Donostia San Sebasti\u00e1n. Descubre el horario de las tiendas, restaurantes y zonas de ocio.","breadcrumb":{"@id":"https:\/\/dev.urbil.es\/es\/horarios-y-festivos-centro-comercial-urbil#breadcrumb"},"inLanguage":"es","potentialAction":[{"@type":"ReadAction","target":["https:\/\/dev.urbil.es\/es\/horarios-y-festivos-centro-comercial-urbil"]}]},{"@type":"BreadcrumbList","@id":"https:\/\/dev.urbil.es\/es\/horarios-y-festivos-centro-comercial-urbil#breadcrumb","itemListElement":[{"@type":"ListItem","position":1,"name":"Portada","item":"https:\/\/dev.urbil.es\/es"},{"@type":"ListItem","position":2,"name":"Horarios y Festivos Centro Comercial Urbil"}]},{"@type":"WebSite","@id":"https:\/\/dev.urbil.es\/es\/#website","url":"https:\/\/dev.urbil.es\/es\/","name":"Centro Comercial en Donostia San Sebasti\u00e1n | Urbil","description":"M\u00e1s de 35.000m2 de superficie con una completa oferta comercial en San Sebasti\u00e1n: Hipemercado, Cines, Restaurantes, Ocio, Moda, Belleza, Servicios y Complementos.","publisher":{"@id":"https:\/\/dev.urbil.es\/es\/#organization"},"potentialAction":[{"@type":"SearchAction","target":{"@type":"EntryPoint","urlTemplate":"https:\/\/dev.urbil.es\/es\/?s={search_term_string}"},"query-input":{"@type":"PropertyValueSpecification","valueRequired":true,"valueName":"search_term_string"}}],"inLanguage":"es"},{"@type":"Organization","@id":"https:\/\/dev.urbil.es\/es\/#organization","name":"Centro Comercial en Donostia San Sebasti\u00e1n | Urbil","url":"https:\/\/dev.urbil.es\/es\/","logo":{"@type":"ImageObject","inLanguage":"es","@id":"https:\/\/dev.urbil.es\/es\/#\/schema\/logo\/image\/","url":"https:\/\/dev.urbil.es\/wp-content\/uploads\/2023\/05\/logo_urb.png","contentUrl":"https:\/\/dev.urbil.es\/wp-content\/uploads\/2023\/05\/logo_urb.png","width":842,"height":596,"caption":"Centro Comercial en Donostia San Sebasti\u00e1n | Urbil"},"image":{"@id":"https:\/\/dev.urbil.es\/es\/#\/schema\/logo\/image\/"}}]}},"_links":{"self":[{"href":"https:\/\/dev.urbil.es\/es\/wp-json\/wp\/v2\/pages\/372","targetHints":{"allow":["GET"]}}],"collection":[{"href":"https:\/\/dev.urbil.es\/es\/wp-json\/wp\/v2\/pages"}],"about":[{"href":"https:\/\/dev.urbil.es\/es\/wp-json\/wp\/v2\/types\/page"}],"author":[{"embeddable":true,"href":"https:\/\/dev.urbil.es\/es\/wp-json\/wp\/v2\/users\/1"}],"replies":[{"embeddable":true,"href":"https:\/\/dev.urbil.es\/es\/wp-json\/wp\/v2\/comments?post=372"}],"version-history":[{"count":24,"href":"https:\/\/dev.urbil.es\/es\/wp-json\/wp\/v2\/pages\/372\/revisions"}],"predecessor-version":[{"id":15685,"href":"https:\/\/dev.urbil.es\/es\/wp-json\/wp\/v2\/pages\/372\/revisions\/15685"}],"wp:attachment":[{"href":"https:\/\/dev.urbil.es\/es\/wp-json\/wp\/v2\/media?parent=372"}],"curies":[{"name":"wp","href":"https:\/\/api.w.org\/{rel}","templated":true}]}}