{"id":365,"date":"2020-03-06T10:20:22","date_gmt":"2020-03-06T10:20:22","guid":{"rendered":"https:\/\/dev.urbil.es\/nosotros-2\/"},"modified":"2026-04-27T10:18:44","modified_gmt":"2026-04-27T10:18:44","slug":"nosotros","status":"publish","type":"page","link":"https:\/\/dev.urbil.es\/es\/nosotros","title":{"rendered":"Nosotros"},"content":{"rendered":"\t\t<div data-elementor-type=\"wp-page\" data-elementor-id=\"365\" class=\"elementor elementor-365\">\n\t\t\t\t\t\t<section class=\"elementor-section elementor-top-section elementor-element elementor-element-3783fd5 elementor-section-boxed elementor-section-height-default elementor-section-height-default wpr-particle-no wpr-jarallax-no wpr-parallax-no wpr-sticky-section-no wpr-equal-height-no\" data-id=\"3783fd5\" data-element_type=\"section\" data-e-type=\"section\">\n\t\t\t\t\t\t<div class=\"elementor-container elementor-column-gap-default\">\n\t\t\t\t\t<div class=\"elementor-column elementor-col-100 elementor-top-column elementor-element elementor-element-210327e\" data-id=\"210327e\" data-element_type=\"column\" data-e-type=\"column\">\n\t\t\t<div class=\"elementor-widget-wrap elementor-element-populated\">\n\t\t\t\t\t\t<div class=\"elementor-element elementor-element-79fd7bb hfe-nav-menu__breakpoint-none hfe-nav-menu__align-left hfe-submenu-icon-arrow hfe-submenu-animation-none hfe-link-redirect-child elementor-widget elementor-widget-navigation-menu\" data-id=\"79fd7bb\" data-element_type=\"widget\" data-e-type=\"widget\" data-settings=\"{&quot;padding_horizontal_menu_item&quot;:{&quot;unit&quot;:&quot;px&quot;,&quot;size&quot;:15,&quot;sizes&quot;:[]},&quot;padding_horizontal_menu_item_tablet&quot;:{&quot;unit&quot;:&quot;px&quot;,&quot;size&quot;:&quot;&quot;,&quot;sizes&quot;:[]},&quot;padding_horizontal_menu_item_mobile&quot;:{&quot;unit&quot;:&quot;px&quot;,&quot;size&quot;:&quot;&quot;,&quot;sizes&quot;:[]},&quot;padding_vertical_menu_item&quot;:{&quot;unit&quot;:&quot;px&quot;,&quot;size&quot;:15,&quot;sizes&quot;:[]},&quot;padding_vertical_menu_item_tablet&quot;:{&quot;unit&quot;:&quot;px&quot;,&quot;size&quot;:&quot;&quot;,&quot;sizes&quot;:[]},&quot;padding_vertical_menu_item_mobile&quot;:{&quot;unit&quot;:&quot;px&quot;,&quot;size&quot;:&quot;&quot;,&quot;sizes&quot;:[]},&quot;menu_space_between&quot;:{&quot;unit&quot;:&quot;px&quot;,&quot;size&quot;:&quot;&quot;,&quot;sizes&quot;:[]},&quot;menu_space_between_tablet&quot;:{&quot;unit&quot;:&quot;px&quot;,&quot;size&quot;:&quot;&quot;,&quot;sizes&quot;:[]},&quot;menu_space_between_mobile&quot;:{&quot;unit&quot;:&quot;px&quot;,&quot;size&quot;:&quot;&quot;,&quot;sizes&quot;:[]},&quot;menu_row_space&quot;:{&quot;unit&quot;:&quot;px&quot;,&quot;size&quot;:&quot;&quot;,&quot;sizes&quot;:[]},&quot;menu_row_space_tablet&quot;:{&quot;unit&quot;:&quot;px&quot;,&quot;size&quot;:&quot;&quot;,&quot;sizes&quot;:[]},&quot;menu_row_space_mobile&quot;:{&quot;unit&quot;:&quot;px&quot;,&quot;size&quot;:&quot;&quot;,&quot;sizes&quot;:[]},&quot;dropdown_border_radius&quot;:{&quot;unit&quot;:&quot;px&quot;,&quot;top&quot;:&quot;&quot;,&quot;right&quot;:&quot;&quot;,&quot;bottom&quot;:&quot;&quot;,&quot;left&quot;:&quot;&quot;,&quot;isLinked&quot;:true},&quot;dropdown_border_radius_tablet&quot;:{&quot;unit&quot;:&quot;px&quot;,&quot;top&quot;:&quot;&quot;,&quot;right&quot;:&quot;&quot;,&quot;bottom&quot;:&quot;&quot;,&quot;left&quot;:&quot;&quot;,&quot;isLinked&quot;:true},&quot;dropdown_border_radius_mobile&quot;:{&quot;unit&quot;:&quot;px&quot;,&quot;top&quot;:&quot;&quot;,&quot;right&quot;:&quot;&quot;,&quot;bottom&quot;:&quot;&quot;,&quot;left&quot;:&quot;&quot;,&quot;isLinked&quot;:true},&quot;width_dropdown_item&quot;:{&quot;unit&quot;:&quot;px&quot;,&quot;size&quot;:&quot;220&quot;,&quot;sizes&quot;:[]},&quot;width_dropdown_item_tablet&quot;:{&quot;unit&quot;:&quot;px&quot;,&quot;size&quot;:&quot;&quot;,&quot;sizes&quot;:[]},&quot;width_dropdown_item_mobile&quot;:{&quot;unit&quot;:&quot;px&quot;,&quot;size&quot;:&quot;&quot;,&quot;sizes&quot;:[]},&quot;padding_horizontal_dropdown_item&quot;:{&quot;unit&quot;:&quot;px&quot;,&quot;size&quot;:&quot;&quot;,&quot;sizes&quot;:[]},&quot;padding_horizontal_dropdown_item_tablet&quot;:{&quot;unit&quot;:&quot;px&quot;,&quot;size&quot;:&quot;&quot;,&quot;sizes&quot;:[]},&quot;padding_horizontal_dropdown_item_mobile&quot;:{&quot;unit&quot;:&quot;px&quot;,&quot;size&quot;:&quot;&quot;,&quot;sizes&quot;:[]},&quot;padding_vertical_dropdown_item&quot;:{&quot;unit&quot;:&quot;px&quot;,&quot;size&quot;:15,&quot;sizes&quot;:[]},&quot;padding_vertical_dropdown_item_tablet&quot;:{&quot;unit&quot;:&quot;px&quot;,&quot;size&quot;:&quot;&quot;,&quot;sizes&quot;:[]},&quot;padding_vertical_dropdown_item_mobile&quot;:{&quot;unit&quot;:&quot;px&quot;,&quot;size&quot;:&quot;&quot;,&quot;sizes&quot;:[]},&quot;distance_from_menu&quot;:{&quot;unit&quot;:&quot;px&quot;,&quot;size&quot;:&quot;&quot;,&quot;sizes&quot;:[]},&quot;distance_from_menu_tablet&quot;:{&quot;unit&quot;:&quot;px&quot;,&quot;size&quot;:&quot;&quot;,&quot;sizes&quot;:[]},&quot;distance_from_menu_mobile&quot;:{&quot;unit&quot;:&quot;px&quot;,&quot;size&quot;:&quot;&quot;,&quot;sizes&quot;:[]},&quot;toggle_size&quot;:{&quot;unit&quot;:&quot;px&quot;,&quot;size&quot;:&quot;&quot;,&quot;sizes&quot;:[]},&quot;toggle_size_tablet&quot;:{&quot;unit&quot;:&quot;px&quot;,&quot;size&quot;:&quot;&quot;,&quot;sizes&quot;:[]},&quot;toggle_size_mobile&quot;:{&quot;unit&quot;:&quot;px&quot;,&quot;size&quot;:&quot;&quot;,&quot;sizes&quot;:[]},&quot;toggle_border_width&quot;:{&quot;unit&quot;:&quot;px&quot;,&quot;size&quot;:&quot;&quot;,&quot;sizes&quot;:[]},&quot;toggle_border_width_tablet&quot;:{&quot;unit&quot;:&quot;px&quot;,&quot;size&quot;:&quot;&quot;,&quot;sizes&quot;:[]},&quot;toggle_border_width_mobile&quot;:{&quot;unit&quot;:&quot;px&quot;,&quot;size&quot;:&quot;&quot;,&quot;sizes&quot;:[]},&quot;toggle_border_radius&quot;:{&quot;unit&quot;:&quot;px&quot;,&quot;size&quot;:&quot;&quot;,&quot;sizes&quot;:[]},&quot;toggle_border_radius_tablet&quot;:{&quot;unit&quot;:&quot;px&quot;,&quot;size&quot;:&quot;&quot;,&quot;sizes&quot;:[]},&quot;toggle_border_radius_mobile&quot;:{&quot;unit&quot;:&quot;px&quot;,&quot;size&quot;:&quot;&quot;,&quot;sizes&quot;:[]}}\" data-widget_type=\"navigation-menu.default\">\n\t\t\t\t<div class=\"elementor-widget-container\">\n\t\t\t\t\t\t\t\t<div class=\"hfe-nav-menu hfe-layout-horizontal hfe-nav-menu-layout horizontal hfe-pointer__none\" data-layout=\"horizontal\">\n\t\t\t\t<div role=\"button\" class=\"hfe-nav-menu__toggle elementor-clickable\" tabindex=\"0\" aria-label=\"Alternar men\u00fa\">\n\t\t\t\t\t<span class=\"screen-reader-text\">Men\u00fa<\/span>\n\t\t\t\t\t<div class=\"hfe-nav-menu-icon\">\n\t\t\t\t\t\t\t\t\t\t\t<\/div>\n\t\t\t\t<\/div>\n\t\t\t\t<nav class=\"hfe-nav-menu__layout-horizontal hfe-nav-menu__submenu-arrow\" data-toggle-icon=\"\" data-close-icon=\"\" data-full-width=\"\">\n\t\t\t\t\t<ul id=\"menu-1-79fd7bb\" class=\"hfe-nav-menu\"><li id=\"menu-item-8615\" class=\"menu-item menu-item-type-post_type menu-item-object-page parent hfe-creative-menu\"><a href=\"https:\/\/dev.urbil.es\/es\/nosotros\" class = \"hfe-menu-item\">Nosotros<\/a><\/li>\n<li id=\"menu-item-8617\" class=\"menu-item menu-item-type-post_type menu-item-object-page parent hfe-creative-menu\"><a href=\"https:\/\/dev.urbil.es\/es\/como-llegar-centro-comercial-urbil\" class = \"hfe-menu-item\">C\u00f3mo llegar<\/a><\/li>\n<li id=\"menu-item-8616\" class=\"menu-item menu-item-type-post_type menu-item-object-page parent hfe-creative-menu\"><a href=\"https:\/\/dev.urbil.es\/es\/rutas-desde-urbil\" class = \"hfe-menu-item\">Rutas<\/a><\/li>\n<li id=\"menu-item-8618\" class=\"menu-item menu-item-type-post_type menu-item-object-page parent hfe-creative-menu\"><a href=\"https:\/\/dev.urbil.es\/es\/horarios-y-festivos-centro-comercial-urbil\" class = \"hfe-menu-item\">Horarios<\/a><\/li>\n<li id=\"menu-item-8619\" class=\"menu-item menu-item-type-post_type menu-item-object-page parent hfe-creative-menu\"><a href=\"https:\/\/dev.urbil.es\/es\/tu-negocio-en-urbil\" class = \"hfe-menu-item\">Tu negocio en Urbil<\/a><\/li>\n<\/ul> \n\t\t\t\t<\/nav>\n\t\t\t<\/div>\n\t\t\t\t\t\t\t<\/div>\n\t\t\t\t<\/div>\n\t\t\t\t<div class=\"elementor-element elementor-element-896e6a5 elementor-widget elementor-widget-heading\" data-id=\"896e6a5\" data-element_type=\"widget\" data-e-type=\"widget\" data-widget_type=\"heading.default\">\n\t\t\t\t<div class=\"elementor-widget-container\">\n\t\t\t\t\t<h1 class=\"elementor-heading-title elementor-size-default\">Nosotros<\/h1>\t\t\t\t<\/div>\n\t\t\t\t<\/div>\n\t\t\t\t\t<\/div>\n\t\t<\/div>\n\t\t\t\t\t<\/div>\n\t\t<\/section>\n\t\t\t\t<section class=\"elementor-section elementor-top-section elementor-element elementor-element-78dc923e elementor-section-boxed elementor-section-height-default elementor-section-height-default wpr-particle-no wpr-jarallax-no wpr-parallax-no wpr-sticky-section-no wpr-equal-height-no\" data-id=\"78dc923e\" data-element_type=\"section\" data-e-type=\"section\">\n\t\t\t\t\t\t<div class=\"elementor-container elementor-column-gap-default\">\n\t\t\t\t\t<div class=\"elementor-column elementor-col-50 elementor-top-column elementor-element elementor-element-2b042dd9\" data-id=\"2b042dd9\" data-element_type=\"column\" data-e-type=\"column\">\n\t\t\t<div class=\"elementor-widget-wrap elementor-element-populated\">\n\t\t\t\t\t\t<div class=\"elementor-element elementor-element-7bf77e0 elementor-widget elementor-widget-text-editor\" data-id=\"7bf77e0\" data-element_type=\"widget\" data-e-type=\"widget\" data-widget_type=\"text-editor.default\">\n\t\t\t\t<div class=\"elementor-widget-container\">\n\t\t\t\t\t\t\t\t\t<p>El Centro Comercial Urbil abri\u00f3 sus puertas el 16 de mayo del a\u00f1o 2000. Se ha ido consolidando hasta convertirse en un referente entre los centros comerciales en Guip\u00fazcoa tanto por:<\/p><ul><li>Su amplia oferta en moda.<\/li><li>El entretenimiento que ofrece y su planta de ocio y restauraci\u00f3n diferenciada.<\/li><li>As\u00ed como la comodidad a\u00f1adida para los clientes (parking cubierto, plazas de aparcamiento especiales&#8230;).<\/li><\/ul><p>La luz solar, irrumpe a trav\u00e9s de las grandes zonas acristaladas que hacen de Urbil un centro comercial con ambiente c\u00e1lido y acogedor. Modernas estructuras de hormig\u00f3n y madera, con acabados en materiales tradicionales de alta calidad, como el m\u00e1rmol, el aluminio y el granito.<\/p><p>Desde su inauguraci\u00f3n, Urbil ha buscado acercarse a todos los guipuzcoanos a trav\u00e9s de los valores de cercan\u00eda, dinamismo y compromiso con el Medio Ambiente y la cultura vasca.<\/p><p>El centro pone a disposici\u00f3n de todos los p\u00fablicos las \u00faltimas tendencias a los mejores precios, m\u00e1s de 20 r\u00f3tulos de moda, complementos y perfumer\u00eda, l\u00edderes en el sector y especialistas en su categor\u00eda, adem\u00e1s del hipermercado Eroski. Tambi\u00e9n destaca Fitness Park,\u00a0un gimnasio que cuenta con 1.700 m2 de superficie y que est\u00e1 abierto ininterrumpidamente los 365 d\u00edas del a\u00f1o, 7 d\u00edas a la semana, de 06:00h a 01:00h. Adem\u00e1s, el centro es l\u00edder en oferta de ocio en Gipuzkoa, con 8 salas de cine y m\u00e1s de 2.600 m2 de espacio de ocio con 12 pistas de bolos, mini golf, parque infantil y un amplio espacio de recreativas para todos los p\u00fablicos.<\/p><p>Por otra parte,\u00a0los servicios con los que cuenta el centro hacen que la jornada de compras resulte de lo m\u00e1s agradable: parking cubierto, cargadores el\u00e9ctricos, taquillas digitales, \u00e1reas de descanso, sala de lactancia, zona de ocio y restauraci\u00f3n diferenciada, parque infantil para los m\u00e1s peque\u00f1os&#8230; Adem\u00e1s, el centro dispone de varios lockers (Amazon, Pudo e InPost) para recoger y devolver pedidos de una forma c\u00f3moda y con total autonom\u00eda dentro del horario de apertura del centro.<\/p><p>En definitiva, el Centro Comercial Urbil pone a disposici\u00f3n de todos los p\u00fablicos todo lo que pueden necesitar en su jornada de compras. Y despu\u00e9s de realizar todos los recados\u00a0en Urbil y disfrutar de las actividades gratuitas que se organizan mensualmente, nada como relajarse en una de las terrazas de la Planta Alta en la que se garantiza al cliente una oferta de restaurantes variada y de calidad.<\/p><p><img decoding=\"async\" style=\"margin: 1rem auto; color: #212529; font-family: Brown;\" src=\"https:\/\/www.urbil.es\/sites\/default\/files\/inline-images\/DSCF3032_0.JPG\" alt=\"Exterior de Urbil\" data-entity-type=\"file\" data-entity-uuid=\"e4cad0a8-a028-42ec-979b-52ecdabff964\" \/><img decoding=\"async\" style=\"margin: 1rem auto; color: #212529; font-family: Brown;\" src=\"https:\/\/www.urbil.es\/sites\/default\/files\/inline-images\/DSC02246_.jpg\" alt=\"1\" data-entity-type=\"file\" data-entity-uuid=\"06cf377e-c1f2-4928-8849-cc3c8bc52e10\" \/><img decoding=\"async\" style=\"margin: 1rem auto; color: #212529; font-family: Brown;\" src=\"https:\/\/www.urbil.es\/sites\/default\/files\/inline-images\/DSC02282_.jpg\" alt=\"Urbil\" data-entity-type=\"file\" data-entity-uuid=\"bca9e9ff-c611-4b62-8f66-806d01aa9841\" \/><img decoding=\"async\" style=\"margin: 1rem auto; color: #212529; font-family: Brown;\" src=\"https:\/\/www.urbil.es\/sites\/default\/files\/inline-images\/DSC02415-.jpg\" alt=\"Planta alta\" data-entity-type=\"file\" data-entity-uuid=\"2bce8f2d-dec1-4a05-9228-669551acfba6\" \/><img decoding=\"async\" style=\"margin: 1rem auto; color: #212529; font-family: Brown;\" src=\"https:\/\/www.urbil.es\/sites\/default\/files\/inline-images\/DSCF3386.JPG\" alt=\"Urbil\" data-entity-type=\"file\" data-entity-uuid=\"d88d720c-af20-4d39-b39e-354db006c0a5\" \/><\/p>\t\t\t\t\t\t\t\t<\/div>\n\t\t\t\t<\/div>\n\t\t\t\t\t<\/div>\n\t\t<\/div>\n\t\t\t\t<div class=\"elementor-column elementor-col-50 elementor-top-column elementor-element elementor-element-ce3ad50\" data-id=\"ce3ad50\" data-element_type=\"column\" data-e-type=\"column\">\n\t\t\t<div class=\"elementor-widget-wrap elementor-element-populated\">\n\t\t\t\t\t\t<div class=\"elementor-element elementor-element-4e6629e elementor-widget elementor-widget-heading\" data-id=\"4e6629e\" data-element_type=\"widget\" data-e-type=\"widget\" data-widget_type=\"heading.default\">\n\t\t\t\t<div class=\"elementor-widget-container\">\n\t\t\t\t\t<p class=\"elementor-heading-title elementor-size-default\">Urbil en cifras<\/p>\t\t\t\t<\/div>\n\t\t\t\t<\/div>\n\t\t\t\t<div class=\"elementor-element elementor-element-7073f87 elementor-widget elementor-widget-text-editor\" data-id=\"7073f87\" data-element_type=\"widget\" data-e-type=\"widget\" data-widget_type=\"text-editor.default\">\n\t\t\t\t<div class=\"elementor-widget-container\">\n\t\t\t\t\t\t\t\t\t<ul><li>Inaugurado el 16 de mayo de 2000<\/li><li>A 5,5 Km. de San Sebasti\u00e1n<\/li><li>35.538,20 m2<\/li><li>1.237 plazas de aparcamiento cubiertas<\/li><li>1.102 plazas de aparcamiento en superficie<\/li><li>45 locales<\/li><li>8 restaurantes<\/li><li>8 salas de cine con 1.522 butacas<\/li><\/ul>\t\t\t\t\t\t\t\t<\/div>\n\t\t\t\t<\/div>\n\t\t\t\t\t<\/div>\n\t\t<\/div>\n\t\t\t\t\t<\/div>\n\t\t<\/section>\n\t\t\t\t<section class=\"elementor-section elementor-top-section elementor-element elementor-element-6b64cc0 elementor-section-boxed elementor-section-height-default elementor-section-height-default wpr-particle-no wpr-jarallax-no wpr-parallax-no wpr-sticky-section-no wpr-equal-height-no\" data-id=\"6b64cc0\" data-element_type=\"section\" data-e-type=\"section\">\n\t\t\t\t\t\t<div class=\"elementor-container elementor-column-gap-default\">\n\t\t\t\t\t<div class=\"elementor-column elementor-col-100 elementor-top-column elementor-element elementor-element-ea9bbd3\" data-id=\"ea9bbd3\" data-element_type=\"column\" data-e-type=\"column\">\n\t\t\t<div class=\"elementor-widget-wrap elementor-element-populated\">\n\t\t\t\t\t\t\t<\/div>\n\t\t<\/div>\n\t\t\t\t\t<\/div>\n\t\t<\/section>\n\t\t\t\t<\/div>\n\t\t","protected":false},"excerpt":{"rendered":"<p>Men\u00fa Nosotros C\u00f3mo llegar Rutas Horarios Tu negocio en Urbil<\/p>\n","protected":false},"author":1,"featured_media":362,"parent":0,"menu_order":0,"comment_status":"closed","ping_status":"closed","template":"","meta":{"_acf_changed":false,"footnotes":""},"class_list":["post-365","page","type-page","status-publish","has-post-thumbnail","hentry"],"acf":[],"yoast_head":"<!-- This site is optimized with the Yoast SEO plugin v27.5 - https:\/\/yoast.com\/product\/yoast-seo-wordpress\/ -->\n<title>Nosotros - Centro Comercial en Donostia San Sebasti\u00e1n | Urbil<\/title>\n<meta name=\"description\" content=\"Conoce lo que diferencia al centro comercial Urbil en Donostia San Sebasti\u00e1n. Toda la informaci\u00f3n sobre nosotros, nuestra filosof\u00eda y nuestras tiendas y servicios.\" \/>\n<meta name=\"robots\" content=\"noindex, follow, max-snippet:-1, max-image-preview:large, max-video-preview:-1\" \/>\n<meta property=\"og:locale\" content=\"es_ES\" \/>\n<meta property=\"og:type\" content=\"article\" \/>\n<meta property=\"og:title\" content=\"Nosotros - Centro Comercial en Donostia San Sebasti\u00e1n | Urbil\" \/>\n<meta property=\"og:description\" content=\"Conoce lo que diferencia al centro comercial Urbil en Donostia San Sebasti\u00e1n. Toda la informaci\u00f3n sobre nosotros, nuestra filosof\u00eda y nuestras tiendas y servicios.\" \/>\n<meta property=\"og:url\" content=\"https:\/\/dev.urbil.es\/eu\/aurkezpena\" \/>\n<meta property=\"og:site_name\" content=\"Centro Comercial en Donostia San Sebasti\u00e1n | Urbil\" \/>\n<meta property=\"article:modified_time\" content=\"2026-04-27T10:18:44+00:00\" \/>\n<meta property=\"og:image\" content=\"https:\/\/dev.urbil.es\/wp-content\/uploads\/2020\/03\/Urbil_Interior-36_0.jpg\" \/>\n\t<meta property=\"og:image:width\" content=\"1200\" \/>\n\t<meta property=\"og:image:height\" content=\"800\" \/>\n\t<meta property=\"og:image:type\" content=\"image\/jpeg\" \/>\n<meta name=\"twitter:card\" content=\"summary_large_image\" \/>\n<meta name=\"twitter:label1\" content=\"Tiempo de lectura\" \/>\n\t<meta name=\"twitter:data1\" content=\"4 minutos\" \/>\n<script type=\"application\/ld+json\" class=\"yoast-schema-graph\">{\"@context\":\"https:\\\/\\\/schema.org\",\"@graph\":[{\"@type\":\"WebPage\",\"@id\":\"https:\\\/\\\/dev.urbil.es\\\/eu\\\/aurkezpena\",\"url\":\"https:\\\/\\\/dev.urbil.es\\\/eu\\\/aurkezpena\",\"name\":\"Nosotros - Centro Comercial en Donostia San Sebasti\u00e1n | Urbil\",\"isPartOf\":{\"@id\":\"https:\\\/\\\/dev.urbil.es\\\/es\\\/#website\"},\"primaryImageOfPage\":{\"@id\":\"https:\\\/\\\/dev.urbil.es\\\/eu\\\/aurkezpena#primaryimage\"},\"image\":{\"@id\":\"https:\\\/\\\/dev.urbil.es\\\/eu\\\/aurkezpena#primaryimage\"},\"thumbnailUrl\":\"https:\\\/\\\/dev.urbil.es\\\/wp-content\\\/uploads\\\/2020\\\/03\\\/Urbil_Interior-36_0.jpg\",\"datePublished\":\"2020-03-06T10:20:22+00:00\",\"dateModified\":\"2026-04-27T10:18:44+00:00\",\"description\":\"Conoce lo que diferencia al centro comercial Urbil en Donostia San Sebasti\u00e1n. Toda la informaci\u00f3n sobre nosotros, nuestra filosof\u00eda y nuestras tiendas y servicios.\",\"breadcrumb\":{\"@id\":\"https:\\\/\\\/dev.urbil.es\\\/eu\\\/aurkezpena#breadcrumb\"},\"inLanguage\":\"es\",\"potentialAction\":[{\"@type\":\"ReadAction\",\"target\":[\"https:\\\/\\\/dev.urbil.es\\\/eu\\\/aurkezpena\"]}]},{\"@type\":\"ImageObject\",\"inLanguage\":\"es\",\"@id\":\"https:\\\/\\\/dev.urbil.es\\\/eu\\\/aurkezpena#primaryimage\",\"url\":\"https:\\\/\\\/dev.urbil.es\\\/wp-content\\\/uploads\\\/2020\\\/03\\\/Urbil_Interior-36_0.jpg\",\"contentUrl\":\"https:\\\/\\\/dev.urbil.es\\\/wp-content\\\/uploads\\\/2020\\\/03\\\/Urbil_Interior-36_0.jpg\",\"width\":1200,\"height\":800,\"caption\":\"1\"},{\"@type\":\"BreadcrumbList\",\"@id\":\"https:\\\/\\\/dev.urbil.es\\\/eu\\\/aurkezpena#breadcrumb\",\"itemListElement\":[{\"@type\":\"ListItem\",\"position\":1,\"name\":\"Portada\",\"item\":\"https:\\\/\\\/dev.urbil.es\\\/es\"},{\"@type\":\"ListItem\",\"position\":2,\"name\":\"Nosotros\"}]},{\"@type\":\"WebSite\",\"@id\":\"https:\\\/\\\/dev.urbil.es\\\/es\\\/#website\",\"url\":\"https:\\\/\\\/dev.urbil.es\\\/es\\\/\",\"name\":\"Centro Comercial en Donostia San Sebasti\u00e1n | Urbil\",\"description\":\"M\u00e1s de 35.000m2 de superficie con una completa oferta comercial en San Sebasti\u00e1n: Hipemercado, Cines, Restaurantes, Ocio, Moda, Belleza, Servicios y Complementos.\",\"publisher\":{\"@id\":\"https:\\\/\\\/dev.urbil.es\\\/es\\\/#organization\"},\"potentialAction\":[{\"@type\":\"SearchAction\",\"target\":{\"@type\":\"EntryPoint\",\"urlTemplate\":\"https:\\\/\\\/dev.urbil.es\\\/es\\\/?s={search_term_string}\"},\"query-input\":{\"@type\":\"PropertyValueSpecification\",\"valueRequired\":true,\"valueName\":\"search_term_string\"}}],\"inLanguage\":\"es\"},{\"@type\":\"Organization\",\"@id\":\"https:\\\/\\\/dev.urbil.es\\\/es\\\/#organization\",\"name\":\"Centro Comercial en Donostia San Sebasti\u00e1n | Urbil\",\"url\":\"https:\\\/\\\/dev.urbil.es\\\/es\\\/\",\"logo\":{\"@type\":\"ImageObject\",\"inLanguage\":\"es\",\"@id\":\"https:\\\/\\\/dev.urbil.es\\\/es\\\/#\\\/schema\\\/logo\\\/image\\\/\",\"url\":\"https:\\\/\\\/dev.urbil.es\\\/wp-content\\\/uploads\\\/2023\\\/05\\\/logo_urb.png\",\"contentUrl\":\"https:\\\/\\\/dev.urbil.es\\\/wp-content\\\/uploads\\\/2023\\\/05\\\/logo_urb.png\",\"width\":842,\"height\":596,\"caption\":\"Centro Comercial en Donostia San Sebasti\u00e1n | Urbil\"},\"image\":{\"@id\":\"https:\\\/\\\/dev.urbil.es\\\/es\\\/#\\\/schema\\\/logo\\\/image\\\/\"}}]}<\/script>\n<!-- \/ Yoast SEO plugin. -->","yoast_head_json":{"title":"Nosotros - Centro Comercial en Donostia San Sebasti\u00e1n | Urbil","description":"Conoce lo que diferencia al centro comercial Urbil en Donostia San Sebasti\u00e1n. Toda la informaci\u00f3n sobre nosotros, nuestra filosof\u00eda y nuestras tiendas y servicios.","robots":{"index":"noindex","follow":"follow","max-snippet":"max-snippet:-1","max-image-preview":"max-image-preview:large","max-video-preview":"max-video-preview:-1"},"og_locale":"es_ES","og_type":"article","og_title":"Nosotros - Centro Comercial en Donostia San Sebasti\u00e1n | Urbil","og_description":"Conoce lo que diferencia al centro comercial Urbil en Donostia San Sebasti\u00e1n. Toda la informaci\u00f3n sobre nosotros, nuestra filosof\u00eda y nuestras tiendas y servicios.","og_url":"https:\/\/dev.urbil.es\/eu\/aurkezpena","og_site_name":"Centro Comercial en Donostia San Sebasti\u00e1n | Urbil","article_modified_time":"2026-04-27T10:18:44+00:00","og_image":[{"width":1200,"height":800,"url":"https:\/\/dev.urbil.es\/wp-content\/uploads\/2020\/03\/Urbil_Interior-36_0.jpg","type":"image\/jpeg"}],"twitter_card":"summary_large_image","twitter_misc":{"Tiempo de lectura":"4 minutos"},"schema":{"@context":"https:\/\/schema.org","@graph":[{"@type":"WebPage","@id":"https:\/\/dev.urbil.es\/eu\/aurkezpena","url":"https:\/\/dev.urbil.es\/eu\/aurkezpena","name":"Nosotros - Centro Comercial en Donostia San Sebasti\u00e1n | Urbil","isPartOf":{"@id":"https:\/\/dev.urbil.es\/es\/#website"},"primaryImageOfPage":{"@id":"https:\/\/dev.urbil.es\/eu\/aurkezpena#primaryimage"},"image":{"@id":"https:\/\/dev.urbil.es\/eu\/aurkezpena#primaryimage"},"thumbnailUrl":"https:\/\/dev.urbil.es\/wp-content\/uploads\/2020\/03\/Urbil_Interior-36_0.jpg","datePublished":"2020-03-06T10:20:22+00:00","dateModified":"2026-04-27T10:18:44+00:00","description":"Conoce lo que diferencia al centro comercial Urbil en Donostia San Sebasti\u00e1n. Toda la informaci\u00f3n sobre nosotros, nuestra filosof\u00eda y nuestras tiendas y servicios.","breadcrumb":{"@id":"https:\/\/dev.urbil.es\/eu\/aurkezpena#breadcrumb"},"inLanguage":"es","potentialAction":[{"@type":"ReadAction","target":["https:\/\/dev.urbil.es\/eu\/aurkezpena"]}]},{"@type":"ImageObject","inLanguage":"es","@id":"https:\/\/dev.urbil.es\/eu\/aurkezpena#primaryimage","url":"https:\/\/dev.urbil.es\/wp-content\/uploads\/2020\/03\/Urbil_Interior-36_0.jpg","contentUrl":"https:\/\/dev.urbil.es\/wp-content\/uploads\/2020\/03\/Urbil_Interior-36_0.jpg","width":1200,"height":800,"caption":"1"},{"@type":"BreadcrumbList","@id":"https:\/\/dev.urbil.es\/eu\/aurkezpena#breadcrumb","itemListElement":[{"@type":"ListItem","position":1,"name":"Portada","item":"https:\/\/dev.urbil.es\/es"},{"@type":"ListItem","position":2,"name":"Nosotros"}]},{"@type":"WebSite","@id":"https:\/\/dev.urbil.es\/es\/#website","url":"https:\/\/dev.urbil.es\/es\/","name":"Centro Comercial en Donostia San Sebasti\u00e1n | Urbil","description":"M\u00e1s de 35.000m2 de superficie con una completa oferta comercial en San Sebasti\u00e1n: Hipemercado, Cines, Restaurantes, Ocio, Moda, Belleza, Servicios y Complementos.","publisher":{"@id":"https:\/\/dev.urbil.es\/es\/#organization"},"potentialAction":[{"@type":"SearchAction","target":{"@type":"EntryPoint","urlTemplate":"https:\/\/dev.urbil.es\/es\/?s={search_term_string}"},"query-input":{"@type":"PropertyValueSpecification","valueRequired":true,"valueName":"search_term_string"}}],"inLanguage":"es"},{"@type":"Organization","@id":"https:\/\/dev.urbil.es\/es\/#organization","name":"Centro Comercial en Donostia San Sebasti\u00e1n | Urbil","url":"https:\/\/dev.urbil.es\/es\/","logo":{"@type":"ImageObject","inLanguage":"es","@id":"https:\/\/dev.urbil.es\/es\/#\/schema\/logo\/image\/","url":"https:\/\/dev.urbil.es\/wp-content\/uploads\/2023\/05\/logo_urb.png","contentUrl":"https:\/\/dev.urbil.es\/wp-content\/uploads\/2023\/05\/logo_urb.png","width":842,"height":596,"caption":"Centro Comercial en Donostia San Sebasti\u00e1n | Urbil"},"image":{"@id":"https:\/\/dev.urbil.es\/es\/#\/schema\/logo\/image\/"}}]}},"_links":{"self":[{"href":"https:\/\/dev.urbil.es\/es\/wp-json\/wp\/v2\/pages\/365","targetHints":{"allow":["GET"]}}],"collection":[{"href":"https:\/\/dev.urbil.es\/es\/wp-json\/wp\/v2\/pages"}],"about":[{"href":"https:\/\/dev.urbil.es\/es\/wp-json\/wp\/v2\/types\/page"}],"author":[{"embeddable":true,"href":"https:\/\/dev.urbil.es\/es\/wp-json\/wp\/v2\/users\/1"}],"replies":[{"embeddable":true,"href":"https:\/\/dev.urbil.es\/es\/wp-json\/wp\/v2\/comments?post=365"}],"version-history":[{"count":61,"href":"https:\/\/dev.urbil.es\/es\/wp-json\/wp\/v2\/pages\/365\/revisions"}],"predecessor-version":[{"id":15972,"href":"https:\/\/dev.urbil.es\/es\/wp-json\/wp\/v2\/pages\/365\/revisions\/15972"}],"wp:featuredmedia":[{"embeddable":true,"href":"https:\/\/dev.urbil.es\/es\/wp-json\/wp\/v2\/media\/362"}],"wp:attachment":[{"href":"https:\/\/dev.urbil.es\/es\/wp-json\/wp\/v2\/media?parent=365"}],"curies":[{"name":"wp","href":"https:\/\/api.w.org\/{rel}","templated":true}]}}