{"id":356,"date":"2020-01-27T11:51:33","date_gmt":"2020-01-27T11:51:33","guid":{"rendered":"https:\/\/dev.urbil.es\/locales-2\/"},"modified":"2025-01-21T11:47:50","modified_gmt":"2025-01-21T11:47:50","slug":"locales","status":"publish","type":"page","link":"https:\/\/dev.urbil.es\/es\/locales","title":{"rendered":"Tiendas y restaurantes"},"content":{"rendered":"\t\t<div data-elementor-type=\"wp-page\" data-elementor-id=\"356\" class=\"elementor elementor-356\">\n\t\t\t\t\t\t<section class=\"elementor-section elementor-top-section elementor-element elementor-element-813e126 elementor-section-boxed elementor-section-height-default elementor-section-height-default wpr-particle-no wpr-jarallax-no wpr-parallax-no wpr-sticky-section-no wpr-equal-height-no\" data-id=\"813e126\" data-element_type=\"section\" data-e-type=\"section\">\n\t\t\t\t\t\t<div class=\"elementor-container elementor-column-gap-default\">\n\t\t\t\t\t<div class=\"elementor-column elementor-col-100 elementor-top-column elementor-element elementor-element-4c89b4e\" data-id=\"4c89b4e\" data-element_type=\"column\" data-e-type=\"column\">\n\t\t\t<div class=\"elementor-widget-wrap elementor-element-populated\">\n\t\t\t\t\t\t<div class=\"elementor-element elementor-element-a07484d elementor-widget elementor-widget-heading\" data-id=\"a07484d\" data-element_type=\"widget\" data-e-type=\"widget\" data-widget_type=\"heading.default\">\n\t\t\t\t<div class=\"elementor-widget-container\">\n\t\t\t\t\t<h1 class=\"elementor-heading-title elementor-size-default\">Tiendas y restaurantes<\/h1>\t\t\t\t<\/div>\n\t\t\t\t<\/div>\n\t\t\t\t\t<\/div>\n\t\t<\/div>\n\t\t\t\t\t<\/div>\n\t\t<\/section>\n\t\t\t\t<section class=\"elementor-section elementor-top-section elementor-element elementor-element-37338c9 elementor-section-boxed elementor-section-height-default elementor-section-height-default wpr-particle-no wpr-jarallax-no wpr-parallax-no wpr-sticky-section-no wpr-equal-height-no\" data-id=\"37338c9\" data-element_type=\"section\" data-e-type=\"section\">\n\t\t\t\t\t\t<div class=\"elementor-container elementor-column-gap-default\">\n\t\t\t\t\t<div class=\"elementor-column elementor-col-50 elementor-top-column elementor-element elementor-element-3f5c49e\" data-id=\"3f5c49e\" data-element_type=\"column\" data-e-type=\"column\">\n\t\t\t<div class=\"elementor-widget-wrap elementor-element-populated\">\n\t\t\t\t\t\t<div class=\"elementor-element elementor-element-f1a901f elementor-widget elementor-widget-shortcode\" data-id=\"f1a901f\" data-element_type=\"widget\" data-e-type=\"widget\" data-widget_type=\"shortcode.default\">\n\t\t\t\t<div class=\"elementor-widget-container\">\n\t\t\t\t\t\t\t<div class=\"elementor-shortcode\"><a href=\"https:\/\/dev.urbil.es\/es\/tipo_de_local\/gimnasio\"><div class=\"contenedor_categoria\"><div class=\"titulo_cat\">Gimnasio<\/div><\/a><\/div><a href=\"https:\/\/dev.urbil.es\/es\/tipo_de_local\/jugueteria\"><div class=\"contenedor_categoria\"><div class=\"titulo_cat\">Jugueter\u00eda<\/div><\/a><\/div><a href=\"https:\/\/dev.urbil.es\/es\/tipo_de_local\/ocio\"><div class=\"contenedor_categoria\"><div class=\"titulo_cat\">Ocio<\/div><\/a><\/div><a href=\"https:\/\/dev.urbil.es\/es\/tipo_de_local\/perfumeria\"><div class=\"contenedor_categoria\"><div class=\"titulo_cat\">Perfumer\u00eda<\/div><\/a><\/div><a href=\"https:\/\/dev.urbil.es\/es\/tipo_de_local\/restaurantes\"><div class=\"contenedor_categoria\"><div class=\"titulo_cat\">Restaurantes<\/div><\/a><\/div><a href=\"https:\/\/dev.urbil.es\/es\/tipo_de_local\/servicios\"><div class=\"contenedor_categoria\"><div class=\"titulo_cat\">Servicios<\/div><\/a><\/div><a href=\"https:\/\/dev.urbil.es\/es\/tipo_de_local\/tiendas-de-alimentacion\"><div class=\"contenedor_categoria\"><div class=\"titulo_cat\">Tiendas de alimentaci\u00f3n<\/div><\/a><\/div><a href=\"https:\/\/dev.urbil.es\/es\/tipo_de_local\/tiendas-de-animales\"><div class=\"contenedor_categoria\"><div class=\"titulo_cat\">Tiendas de animales<\/div><\/a><\/div><a href=\"https:\/\/dev.urbil.es\/es\/tipo_de_local\/tiendas-de-complementos\"><div class=\"contenedor_categoria\"><div class=\"titulo_cat\">Tiendas de complementos<\/div><\/a><\/div><a href=\"https:\/\/dev.urbil.es\/es\/tipo_de_local\/tiendas-de-decoracion\"><div class=\"contenedor_categoria\"><div class=\"titulo_cat\">Tiendas de decoraci\u00f3n<\/div><\/a><\/div><a href=\"https:\/\/dev.urbil.es\/es\/tipo_de_local\/tiendas-de-deporte\"><div class=\"contenedor_categoria\"><div class=\"titulo_cat\">Tiendas de deporte<\/div><\/a><\/div><a href=\"https:\/\/dev.urbil.es\/es\/tipo_de_local\/tiendas-de-lenceria\"><div class=\"contenedor_categoria\"><div class=\"titulo_cat\">Tiendas de lencer\u00eda<\/div><\/a><\/div><a href=\"https:\/\/dev.urbil.es\/es\/tipo_de_local\/tiendas-de-moda\"><div class=\"contenedor_categoria\"><div class=\"titulo_cat\">Tiendas de moda<\/div><\/a><\/div><a href=\"https:\/\/dev.urbil.es\/es\/tipo_de_local\/tiendas-de-telefonia\"><div class=\"contenedor_categoria\"><div class=\"titulo_cat\">Tiendas de telefon\u00eda<\/div><\/a><\/div><a href=\"https:\/\/dev.urbil.es\/es\/tipo_de_local\/tiendas-infantiles\"><div class=\"contenedor_categoria\"><div class=\"titulo_cat\">Tiendas infantiles<\/div><\/a><\/div><a href=\"https:\/\/dev.urbil.es\/es\/tipo_de_local\/zapaterias\"><div class=\"contenedor_categoria\"><div class=\"titulo_cat\">Zapater\u00edas<\/div><\/a><\/div><\/div>\n\t\t\t\t\t\t<\/div>\n\t\t\t\t<\/div>\n\t\t\t\t\t<\/div>\n\t\t<\/div>\n\t\t\t\t<div class=\"elementor-column elementor-col-50 elementor-top-column elementor-element elementor-element-d207dc3\" data-id=\"d207dc3\" data-element_type=\"column\" data-e-type=\"column\">\n\t\t\t<div class=\"elementor-widget-wrap elementor-element-populated\">\n\t\t\t\t\t\t<div class=\"elementor-element elementor-element-af5ea47 elementor-widget elementor-widget-shortcode\" data-id=\"af5ea47\" data-element_type=\"widget\" data-e-type=\"widget\" data-widget_type=\"shortcode.default\">\n\t\t\t\t<div class=\"elementor-widget-container\">\n\t\t\t\t\t\t\t<div class=\"elementor-shortcode\"><mapplic-map id=\"mapplic-14510\" data-json=\"{&quot;settings&quot;:{&quot;mapWidth&quot;:1000,&quot;mapHeight&quot;:800,&quot;zoom&quot;:true,&quot;hoverTooltip&quot;:true,&quot;maxZoom&quot;:3,&quot;layer&quot;:&quot;layer1&quot;,&quot;layerSwitcher&quot;:&quot;top-right&quot;,&quot;resetButton&quot;:&quot;bottom-right&quot;,&quot;zoomButtons&quot;:&quot;bottom-right&quot;,&quot;geo&quot;:false},&quot;locations&quot;:[{&quot;id&quot;:&quot;L44&quot;,&quot;title&quot;:&quot;Fitness Park&quot;,&quot;desc&quot;:&quot;&lt;p&gt;&lt;\/p&gt;&quot;,&quot;coord&quot;:[0.3373,0.8033],&quot;layer&quot;:&quot;layer1&quot;,&quot;link&quot;:&quot;https:\/\/www.urbil.es\/es\/locales\/fitness-park&quot;,&quot;action&quot;:&quot;link&quot;,&quot;type&quot;:&quot;dot&quot;}],&quot;layers&quot;:[{&quot;id&quot;:&quot;layer1&quot;,&quot;name&quot;:&quot;Layer 1&quot;,&quot;file&quot;:&quot;https:\/\/dev.urbil.es\/wp-content\/uploads\/2025\/01\/mapa.svg&quot;}],&quot;breakpoints&quot;:[{&quot;name&quot;:&quot;all-screens&quot;,&quot;below&quot;:9000,&quot;container&quot;:600},{&quot;name&quot;:&quot;mobile&quot;,&quot;below&quot;:480,&quot;container&quot;:400,&quot;portrait&quot;:true}],&quot;samples&quot;:[{&quot;id&quot;:&quot;def&quot;,&quot;title&quot;:&quot;Default&quot;,&quot;group&quot;:[]}],&quot;groups&quot;:[],&quot;styles&quot;:[],&quot;filters&quot;:[],&quot;routes&quot;:[]}\" data-path=\"https:\/\/dev.urbil.es\/wp-content\/plugins\/mapplic-wp\/\/core\/\"><\/mapplic-map><\/div>\n\t\t\t\t\t\t<\/div>\n\t\t\t\t<\/div>\n\t\t\t\t\t<\/div>\n\t\t<\/div>\n\t\t\t\t\t<\/div>\n\t\t<\/section>\n\t\t\t\t<\/div>\n\t\t","protected":false},"excerpt":{"rendered":"<p>Tiendas y restaurantes<\/p>\n","protected":false},"author":1,"featured_media":0,"parent":0,"menu_order":0,"comment_status":"closed","ping_status":"closed","template":"","meta":{"_acf_changed":false,"footnotes":""},"class_list":["post-356","page","type-page","status-publish","hentry"],"acf":[],"yoast_head":"<!-- This site is optimized with the Yoast SEO plugin v27.5 - https:\/\/yoast.com\/product\/yoast-seo-wordpress\/ -->\n<title>Tiendas y restaurantes - Centro Comercial en Donostia San Sebasti\u00e1n | Urbil<\/title>\n<meta name=\"description\" content=\"Descubre la gran variedad de Tiendas y Restaurantes del Centro Comercial Urbil en Donostia San Sebasti\u00e1n. Restaurantes, Tiendas de Ropa, Hipermercados o Cines de San Sebasti\u00e1n.\" \/>\n<meta name=\"robots\" content=\"noindex, follow, max-snippet:-1, max-image-preview:large, max-video-preview:-1\" \/>\n<meta property=\"og:locale\" content=\"es_ES\" \/>\n<meta property=\"og:type\" content=\"article\" \/>\n<meta property=\"og:title\" content=\"Tiendas y restaurantes - Centro Comercial en Donostia San Sebasti\u00e1n | Urbil\" \/>\n<meta property=\"og:description\" content=\"Descubre la gran variedad de Tiendas y Restaurantes del Centro Comercial Urbil en Donostia San Sebasti\u00e1n. Restaurantes, Tiendas de Ropa, Hipermercados o Cines de San Sebasti\u00e1n.\" \/>\n<meta property=\"og:url\" content=\"https:\/\/dev.urbil.es\/eu\/lokalak\" \/>\n<meta property=\"og:site_name\" content=\"Centro Comercial en Donostia San Sebasti\u00e1n | Urbil\" \/>\n<meta property=\"article:modified_time\" content=\"2025-01-21T11:47:50+00:00\" \/>\n<meta name=\"twitter:card\" content=\"summary_large_image\" \/>\n<meta name=\"twitter:label1\" content=\"Tiempo de lectura\" \/>\n\t<meta name=\"twitter:data1\" content=\"1 minuto\" \/>\n<script type=\"application\/ld+json\" class=\"yoast-schema-graph\">{\"@context\":\"https:\\\/\\\/schema.org\",\"@graph\":[{\"@type\":\"WebPage\",\"@id\":\"https:\\\/\\\/dev.urbil.es\\\/eu\\\/lokalak\",\"url\":\"https:\\\/\\\/dev.urbil.es\\\/eu\\\/lokalak\",\"name\":\"Tiendas y restaurantes - Centro Comercial en Donostia San Sebasti\u00e1n | Urbil\",\"isPartOf\":{\"@id\":\"https:\\\/\\\/dev.urbil.es\\\/es\\\/#website\"},\"datePublished\":\"2020-01-27T11:51:33+00:00\",\"dateModified\":\"2025-01-21T11:47:50+00:00\",\"description\":\"Descubre la gran variedad de Tiendas y Restaurantes del Centro Comercial Urbil en Donostia San Sebasti\u00e1n. Restaurantes, Tiendas de Ropa, Hipermercados o Cines de San Sebasti\u00e1n.\",\"breadcrumb\":{\"@id\":\"https:\\\/\\\/dev.urbil.es\\\/eu\\\/lokalak#breadcrumb\"},\"inLanguage\":\"es\",\"potentialAction\":[{\"@type\":\"ReadAction\",\"target\":[\"https:\\\/\\\/dev.urbil.es\\\/eu\\\/lokalak\"]}]},{\"@type\":\"BreadcrumbList\",\"@id\":\"https:\\\/\\\/dev.urbil.es\\\/eu\\\/lokalak#breadcrumb\",\"itemListElement\":[{\"@type\":\"ListItem\",\"position\":1,\"name\":\"Portada\",\"item\":\"https:\\\/\\\/dev.urbil.es\\\/es\"},{\"@type\":\"ListItem\",\"position\":2,\"name\":\"Tiendas y restaurantes\"}]},{\"@type\":\"WebSite\",\"@id\":\"https:\\\/\\\/dev.urbil.es\\\/es\\\/#website\",\"url\":\"https:\\\/\\\/dev.urbil.es\\\/es\\\/\",\"name\":\"Centro Comercial en Donostia San Sebasti\u00e1n | Urbil\",\"description\":\"M\u00e1s de 35.000m2 de superficie con una completa oferta comercial en San Sebasti\u00e1n: Hipemercado, Cines, Restaurantes, Ocio, Moda, Belleza, Servicios y Complementos.\",\"publisher\":{\"@id\":\"https:\\\/\\\/dev.urbil.es\\\/es\\\/#organization\"},\"potentialAction\":[{\"@type\":\"SearchAction\",\"target\":{\"@type\":\"EntryPoint\",\"urlTemplate\":\"https:\\\/\\\/dev.urbil.es\\\/es\\\/?s={search_term_string}\"},\"query-input\":{\"@type\":\"PropertyValueSpecification\",\"valueRequired\":true,\"valueName\":\"search_term_string\"}}],\"inLanguage\":\"es\"},{\"@type\":\"Organization\",\"@id\":\"https:\\\/\\\/dev.urbil.es\\\/es\\\/#organization\",\"name\":\"Centro Comercial en Donostia San Sebasti\u00e1n | Urbil\",\"url\":\"https:\\\/\\\/dev.urbil.es\\\/es\\\/\",\"logo\":{\"@type\":\"ImageObject\",\"inLanguage\":\"es\",\"@id\":\"https:\\\/\\\/dev.urbil.es\\\/es\\\/#\\\/schema\\\/logo\\\/image\\\/\",\"url\":\"https:\\\/\\\/dev.urbil.es\\\/wp-content\\\/uploads\\\/2023\\\/05\\\/logo_urb.png\",\"contentUrl\":\"https:\\\/\\\/dev.urbil.es\\\/wp-content\\\/uploads\\\/2023\\\/05\\\/logo_urb.png\",\"width\":842,\"height\":596,\"caption\":\"Centro Comercial en Donostia San Sebasti\u00e1n | Urbil\"},\"image\":{\"@id\":\"https:\\\/\\\/dev.urbil.es\\\/es\\\/#\\\/schema\\\/logo\\\/image\\\/\"}}]}<\/script>\n<!-- \/ Yoast SEO plugin. -->","yoast_head_json":{"title":"Tiendas y restaurantes - Centro Comercial en Donostia San Sebasti\u00e1n | Urbil","description":"Descubre la gran variedad de Tiendas y Restaurantes del Centro Comercial Urbil en Donostia San Sebasti\u00e1n. Restaurantes, Tiendas de Ropa, Hipermercados o Cines de San Sebasti\u00e1n.","robots":{"index":"noindex","follow":"follow","max-snippet":"max-snippet:-1","max-image-preview":"max-image-preview:large","max-video-preview":"max-video-preview:-1"},"og_locale":"es_ES","og_type":"article","og_title":"Tiendas y restaurantes - Centro Comercial en Donostia San Sebasti\u00e1n | Urbil","og_description":"Descubre la gran variedad de Tiendas y Restaurantes del Centro Comercial Urbil en Donostia San Sebasti\u00e1n. Restaurantes, Tiendas de Ropa, Hipermercados o Cines de San Sebasti\u00e1n.","og_url":"https:\/\/dev.urbil.es\/eu\/lokalak","og_site_name":"Centro Comercial en Donostia San Sebasti\u00e1n | Urbil","article_modified_time":"2025-01-21T11:47:50+00:00","twitter_card":"summary_large_image","twitter_misc":{"Tiempo de lectura":"1 minuto"},"schema":{"@context":"https:\/\/schema.org","@graph":[{"@type":"WebPage","@id":"https:\/\/dev.urbil.es\/eu\/lokalak","url":"https:\/\/dev.urbil.es\/eu\/lokalak","name":"Tiendas y restaurantes - Centro Comercial en Donostia San Sebasti\u00e1n | Urbil","isPartOf":{"@id":"https:\/\/dev.urbil.es\/es\/#website"},"datePublished":"2020-01-27T11:51:33+00:00","dateModified":"2025-01-21T11:47:50+00:00","description":"Descubre la gran variedad de Tiendas y Restaurantes del Centro Comercial Urbil en Donostia San Sebasti\u00e1n. Restaurantes, Tiendas de Ropa, Hipermercados o Cines de San Sebasti\u00e1n.","breadcrumb":{"@id":"https:\/\/dev.urbil.es\/eu\/lokalak#breadcrumb"},"inLanguage":"es","potentialAction":[{"@type":"ReadAction","target":["https:\/\/dev.urbil.es\/eu\/lokalak"]}]},{"@type":"BreadcrumbList","@id":"https:\/\/dev.urbil.es\/eu\/lokalak#breadcrumb","itemListElement":[{"@type":"ListItem","position":1,"name":"Portada","item":"https:\/\/dev.urbil.es\/es"},{"@type":"ListItem","position":2,"name":"Tiendas y restaurantes"}]},{"@type":"WebSite","@id":"https:\/\/dev.urbil.es\/es\/#website","url":"https:\/\/dev.urbil.es\/es\/","name":"Centro Comercial en Donostia San Sebasti\u00e1n | Urbil","description":"M\u00e1s de 35.000m2 de superficie con una completa oferta comercial en San Sebasti\u00e1n: Hipemercado, Cines, Restaurantes, Ocio, Moda, Belleza, Servicios y Complementos.","publisher":{"@id":"https:\/\/dev.urbil.es\/es\/#organization"},"potentialAction":[{"@type":"SearchAction","target":{"@type":"EntryPoint","urlTemplate":"https:\/\/dev.urbil.es\/es\/?s={search_term_string}"},"query-input":{"@type":"PropertyValueSpecification","valueRequired":true,"valueName":"search_term_string"}}],"inLanguage":"es"},{"@type":"Organization","@id":"https:\/\/dev.urbil.es\/es\/#organization","name":"Centro Comercial en Donostia San Sebasti\u00e1n | Urbil","url":"https:\/\/dev.urbil.es\/es\/","logo":{"@type":"ImageObject","inLanguage":"es","@id":"https:\/\/dev.urbil.es\/es\/#\/schema\/logo\/image\/","url":"https:\/\/dev.urbil.es\/wp-content\/uploads\/2023\/05\/logo_urb.png","contentUrl":"https:\/\/dev.urbil.es\/wp-content\/uploads\/2023\/05\/logo_urb.png","width":842,"height":596,"caption":"Centro Comercial en Donostia San Sebasti\u00e1n | Urbil"},"image":{"@id":"https:\/\/dev.urbil.es\/es\/#\/schema\/logo\/image\/"}}]}},"_links":{"self":[{"href":"https:\/\/dev.urbil.es\/es\/wp-json\/wp\/v2\/pages\/356","targetHints":{"allow":["GET"]}}],"collection":[{"href":"https:\/\/dev.urbil.es\/es\/wp-json\/wp\/v2\/pages"}],"about":[{"href":"https:\/\/dev.urbil.es\/es\/wp-json\/wp\/v2\/types\/page"}],"author":[{"embeddable":true,"href":"https:\/\/dev.urbil.es\/es\/wp-json\/wp\/v2\/users\/1"}],"replies":[{"embeddable":true,"href":"https:\/\/dev.urbil.es\/es\/wp-json\/wp\/v2\/comments?post=356"}],"version-history":[{"count":16,"href":"https:\/\/dev.urbil.es\/es\/wp-json\/wp\/v2\/pages\/356\/revisions"}],"predecessor-version":[{"id":14515,"href":"https:\/\/dev.urbil.es\/es\/wp-json\/wp\/v2\/pages\/356\/revisions\/14515"}],"wp:attachment":[{"href":"https:\/\/dev.urbil.es\/es\/wp-json\/wp\/v2\/media?parent=356"}],"curies":[{"name":"wp","href":"https:\/\/api.w.org\/{rel}","templated":true}]}}